{"id":11252,"date":"2020-05-18T22:37:54","date_gmt":"2020-05-18T20:37:54","guid":{"rendered":"https:\/\/realmedservices.com\/FR\/?page_id=11252"},"modified":"2020-05-18T22:37:54","modified_gmt":"2020-05-18T20:37:54","slug":"votre-conciergerie-2-2","status":"publish","type":"page","link":"https:\/\/realmedservices.com\/fr\/votre-conciergerie-2-2\/","title":{"rendered":"Votre aide \u00e0 la gestion"},"content":{"rendered":"\t\t<div data-elementor-type=\"wp-page\" data-elementor-id=\"11252\" class=\"elementor elementor-11252\">\n\t\t\t\t\t\t<section class=\"elementor-section elementor-top-section elementor-element elementor-element-b98aa98 elementor-section-boxed elementor-section-height-default elementor-section-height-default none\" data-id=\"b98aa98\" data-element_type=\"section\">\n\t\t\t\t\t\t<div class=\"elementor-container elementor-column-gap-default\">\n\t\t\t\t\t<div class=\"elementor-column elementor-col-100 elementor-top-column elementor-element elementor-element-ff3d7a0 none\" data-id=\"ff3d7a0\" data-element_type=\"column\">\n\t\t\t<div class=\"elementor-widget-wrap elementor-element-populated\">\n\t\t\t\t\t\t<div class=\"elementor-element elementor-element-7272a26 none elementor-widget elementor-widget-text-editor\" data-id=\"7272a26\" data-element_type=\"widget\" data-widget_type=\"text-editor.default\">\n\t\t\t\t<div class=\"elementor-widget-container\">\n\t\t\t\t\t\t\t<p>La gestion d&rsquo;une entreprise est toute aussi d\u00e9cisive que la qualit\u00e9 de ce qu&rsquo;elle accomplit. Elle permet d&rsquo;assurer sa p\u00e9rennit\u00e9 mais aussi de maintenir une exigence pour ceux qui acqui\u00e8rent ses services. La m\u00e9decine n&rsquo;\u00e9chappe pas \u00e0 cette r\u00e8gle mais le praticien est seul face \u00e0 aux enjeux de gestion sans disposer d&rsquo;une formation ad\u00e9quate en la mati\u00e8re. Avec Real Med Services, la charge administrative est partag\u00e9e avec des professionnels qui vous apportent un gain de temps, de confort et de rentabilit\u00e9. Ce temps qui repr\u00e9sente un co\u00fbt cach\u00e9 de votre cabinet devient d\u00e9ductible et vous pouvez&nbsp; prendre soin de vos patients en toute s\u00e9r\u00e9nit\u00e9. Nous nous occupons du reste.&nbsp;<\/p>\t\t\t\t\t\t<\/div>\n\t\t\t\t<\/div>\n\t\t\t\t\t<\/div>\n\t\t<\/div>\n\t\t\t\t\t<\/div>\n\t\t<\/section>\n\t\t\t\t<section class=\"elementor-section elementor-top-section elementor-element elementor-element-398a90a elementor-section-boxed elementor-section-height-default elementor-section-height-default none\" data-id=\"398a90a\" data-element_type=\"section\">\n\t\t\t\t\t\t<div class=\"elementor-container elementor-column-gap-default\">\n\t\t\t\t\t<div class=\"elementor-column elementor-col-100 elementor-top-column elementor-element elementor-element-a3aa885 none\" data-id=\"a3aa885\" data-element_type=\"column\">\n\t\t\t<div class=\"elementor-widget-wrap\">\n\t\t\t\t\t\t\t<\/div>\n\t\t<\/div>\n\t\t\t\t\t<\/div>\n\t\t<\/section>\n\t\t\t\t<\/div>\n\t\t","protected":false},"excerpt":{"rendered":"<p>La gestion d&rsquo;une entreprise est toute aussi d\u00e9cisive que la qualit\u00e9 de ce qu&rsquo;elle accomplit. Elle permet d&rsquo;assurer sa p\u00e9rennit\u00e9 mais aussi de maintenir une exigence pour ceux qui acqui\u00e8rent ses services. La m\u00e9decine n&rsquo;\u00e9chappe pas \u00e0 cette r\u00e8gle mais le praticien est seul face \u00e0 aux enjeux de gestion sans disposer d&rsquo;une formation ad\u00e9quate [&hellip;]<\/p>\n","protected":false},"author":1,"featured_media":0,"parent":0,"menu_order":0,"comment_status":"closed","ping_status":"closed","template":"","meta":{"footnotes":""},"class_list":["post-11252","page","type-page","status-publish","hentry"],"yoast_head":"<!-- This site is optimized with the Yoast SEO plugin v23.4 - https:\/\/yoast.com\/wordpress\/plugins\/seo\/ -->\n<title>Votre aide \u00e0 la gestion - Real Med Services<\/title>\n<meta name=\"robots\" content=\"index, follow, max-snippet:-1, max-image-preview:large, max-video-preview:-1\" \/>\n<link rel=\"canonical\" href=\"https:\/\/realmedservices.com\/fr\/votre-conciergerie-2-2\/\" \/>\n<meta property=\"og:locale\" content=\"fr_FR\" \/>\n<meta property=\"og:type\" content=\"article\" \/>\n<meta property=\"og:title\" content=\"Votre aide \u00e0 la gestion - Real Med Services\" \/>\n<meta property=\"og:description\" content=\"La gestion d&rsquo;une entreprise est toute aussi d\u00e9cisive que la qualit\u00e9 de ce qu&rsquo;elle accomplit. Elle permet d&rsquo;assurer sa p\u00e9rennit\u00e9 mais aussi de maintenir une exigence pour ceux qui acqui\u00e8rent ses services. La m\u00e9decine n&rsquo;\u00e9chappe pas \u00e0 cette r\u00e8gle mais le praticien est seul face \u00e0 aux enjeux de gestion sans disposer d&rsquo;une formation ad\u00e9quate [&hellip;]\" \/>\n<meta property=\"og:url\" content=\"https:\/\/realmedservices.com\/fr\/votre-conciergerie-2-2\/\" \/>\n<meta property=\"og:site_name\" content=\"Real Med Services\" \/>\n<meta property=\"article:publisher\" content=\"https:\/\/www.facebook.com\/rmsfrance\" \/>\n<meta property=\"og:image\" content=\"https:\/\/realmedservices.com\/FR\/wp-content\/uploads\/2015\/11\/course-4-400x300.jpg\" \/>\n<meta name=\"twitter:card\" content=\"summary_large_image\" \/>\n<meta name=\"twitter:site\" content=\"@Realmedservices\" \/>\n<meta name=\"twitter:label1\" content=\"Dur\u00e9e de lecture estim\u00e9e\" \/>\n\t<meta name=\"twitter:data1\" content=\"1 minute\" \/>\n<script type=\"application\/ld+json\" class=\"yoast-schema-graph\">{\"@context\":\"https:\/\/schema.org\",\"@graph\":[{\"@type\":\"WebPage\",\"@id\":\"https:\/\/realmedservices.com\/fr\/votre-conciergerie-2-2\/\",\"url\":\"https:\/\/realmedservices.com\/fr\/votre-conciergerie-2-2\/\",\"name\":\"Votre aide \u00e0 la gestion - Real Med Services\",\"isPartOf\":{\"@id\":\"https:\/\/realmedservices.com\/fr\/#website\"},\"primaryImageOfPage\":{\"@id\":\"https:\/\/realmedservices.com\/fr\/votre-conciergerie-2-2\/#primaryimage\"},\"image\":{\"@id\":\"https:\/\/realmedservices.com\/fr\/votre-conciergerie-2-2\/#primaryimage\"},\"thumbnailUrl\":\"https:\/\/realmedservices.com\/FR\/wp-content\/uploads\/2015\/11\/course-4-400x300.jpg\",\"datePublished\":\"2020-05-18T20:37:54+00:00\",\"dateModified\":\"2020-05-18T20:37:54+00:00\",\"breadcrumb\":{\"@id\":\"https:\/\/realmedservices.com\/fr\/votre-conciergerie-2-2\/#breadcrumb\"},\"inLanguage\":\"fr-FR\",\"potentialAction\":[{\"@type\":\"ReadAction\",\"target\":[\"https:\/\/realmedservices.com\/fr\/votre-conciergerie-2-2\/\"]}]},{\"@type\":\"ImageObject\",\"inLanguage\":\"fr-FR\",\"@id\":\"https:\/\/realmedservices.com\/fr\/votre-conciergerie-2-2\/#primaryimage\",\"url\":\"https:\/\/realmedservices.com\/FR\/wp-content\/uploads\/2015\/11\/course-4-400x300.jpg\",\"contentUrl\":\"https:\/\/realmedservices.com\/FR\/wp-content\/uploads\/2015\/11\/course-4-400x300.jpg\"},{\"@type\":\"BreadcrumbList\",\"@id\":\"https:\/\/realmedservices.com\/fr\/votre-conciergerie-2-2\/#breadcrumb\",\"itemListElement\":[{\"@type\":\"ListItem\",\"position\":1,\"name\":\"Accueil\",\"item\":\"https:\/\/realmedservices.com\/fr\/\"},{\"@type\":\"ListItem\",\"position\":2,\"name\":\"Votre aide \u00e0 la gestion\"}]},{\"@type\":\"WebSite\",\"@id\":\"https:\/\/realmedservices.com\/fr\/#website\",\"url\":\"https:\/\/realmedservices.com\/fr\/\",\"name\":\"Real Med Services\",\"description\":\"La libert\u00e9 et le confort des m\u00e9decins\",\"publisher\":{\"@id\":\"https:\/\/realmedservices.com\/fr\/#organization\"},\"potentialAction\":[{\"@type\":\"SearchAction\",\"target\":{\"@type\":\"EntryPoint\",\"urlTemplate\":\"https:\/\/realmedservices.com\/fr\/?s={search_term_string}\"},\"query-input\":{\"@type\":\"PropertyValueSpecification\",\"valueRequired\":true,\"valueName\":\"search_term_string\"}}],\"inLanguage\":\"fr-FR\"},{\"@type\":\"Organization\",\"@id\":\"https:\/\/realmedservices.com\/fr\/#organization\",\"name\":\"Real Med Services\",\"url\":\"https:\/\/realmedservices.com\/fr\/\",\"logo\":{\"@type\":\"ImageObject\",\"inLanguage\":\"fr-FR\",\"@id\":\"https:\/\/realmedservices.com\/fr\/#\/schema\/logo\/image\/\",\"url\":\"https:\/\/realmedservices.com\/fr\/wp-content\/uploads\/2020\/06\/Real-med-services-Logo-1-e1592769264302.png\",\"contentUrl\":\"https:\/\/realmedservices.com\/fr\/wp-content\/uploads\/2020\/06\/Real-med-services-Logo-1-e1592769264302.png\",\"width\":89,\"height\":50,\"caption\":\"Real Med Services\"},\"image\":{\"@id\":\"https:\/\/realmedservices.com\/fr\/#\/schema\/logo\/image\/\"},\"sameAs\":[\"https:\/\/www.facebook.com\/rmsfrance\",\"https:\/\/x.com\/Realmedservices\",\"https:\/\/www.instagram.com\/realmedservices\/\",\"https:\/\/fr.linkedin.com\/company\/realmedservices\"]}]}<\/script>\n<!-- \/ Yoast SEO plugin. -->","yoast_head_json":{"title":"Votre aide \u00e0 la gestion - Real Med Services","robots":{"index":"index","follow":"follow","max-snippet":"max-snippet:-1","max-image-preview":"max-image-preview:large","max-video-preview":"max-video-preview:-1"},"canonical":"https:\/\/realmedservices.com\/fr\/votre-conciergerie-2-2\/","og_locale":"fr_FR","og_type":"article","og_title":"Votre aide \u00e0 la gestion - Real Med Services","og_description":"La gestion d&rsquo;une entreprise est toute aussi d\u00e9cisive que la qualit\u00e9 de ce qu&rsquo;elle accomplit. Elle permet d&rsquo;assurer sa p\u00e9rennit\u00e9 mais aussi de maintenir une exigence pour ceux qui acqui\u00e8rent ses services. La m\u00e9decine n&rsquo;\u00e9chappe pas \u00e0 cette r\u00e8gle mais le praticien est seul face \u00e0 aux enjeux de gestion sans disposer d&rsquo;une formation ad\u00e9quate [&hellip;]","og_url":"https:\/\/realmedservices.com\/fr\/votre-conciergerie-2-2\/","og_site_name":"Real Med Services","article_publisher":"https:\/\/www.facebook.com\/rmsfrance","og_image":[{"url":"https:\/\/realmedservices.com\/FR\/wp-content\/uploads\/2015\/11\/course-4-400x300.jpg"}],"twitter_card":"summary_large_image","twitter_site":"@Realmedservices","twitter_misc":{"Dur\u00e9e de lecture estim\u00e9e":"1 minute"},"schema":{"@context":"https:\/\/schema.org","@graph":[{"@type":"WebPage","@id":"https:\/\/realmedservices.com\/fr\/votre-conciergerie-2-2\/","url":"https:\/\/realmedservices.com\/fr\/votre-conciergerie-2-2\/","name":"Votre aide \u00e0 la gestion - Real Med Services","isPartOf":{"@id":"https:\/\/realmedservices.com\/fr\/#website"},"primaryImageOfPage":{"@id":"https:\/\/realmedservices.com\/fr\/votre-conciergerie-2-2\/#primaryimage"},"image":{"@id":"https:\/\/realmedservices.com\/fr\/votre-conciergerie-2-2\/#primaryimage"},"thumbnailUrl":"https:\/\/realmedservices.com\/FR\/wp-content\/uploads\/2015\/11\/course-4-400x300.jpg","datePublished":"2020-05-18T20:37:54+00:00","dateModified":"2020-05-18T20:37:54+00:00","breadcrumb":{"@id":"https:\/\/realmedservices.com\/fr\/votre-conciergerie-2-2\/#breadcrumb"},"inLanguage":"fr-FR","potentialAction":[{"@type":"ReadAction","target":["https:\/\/realmedservices.com\/fr\/votre-conciergerie-2-2\/"]}]},{"@type":"ImageObject","inLanguage":"fr-FR","@id":"https:\/\/realmedservices.com\/fr\/votre-conciergerie-2-2\/#primaryimage","url":"https:\/\/realmedservices.com\/FR\/wp-content\/uploads\/2015\/11\/course-4-400x300.jpg","contentUrl":"https:\/\/realmedservices.com\/FR\/wp-content\/uploads\/2015\/11\/course-4-400x300.jpg"},{"@type":"BreadcrumbList","@id":"https:\/\/realmedservices.com\/fr\/votre-conciergerie-2-2\/#breadcrumb","itemListElement":[{"@type":"ListItem","position":1,"name":"Accueil","item":"https:\/\/realmedservices.com\/fr\/"},{"@type":"ListItem","position":2,"name":"Votre aide \u00e0 la gestion"}]},{"@type":"WebSite","@id":"https:\/\/realmedservices.com\/fr\/#website","url":"https:\/\/realmedservices.com\/fr\/","name":"Real Med Services","description":"La libert\u00e9 et le confort des m\u00e9decins","publisher":{"@id":"https:\/\/realmedservices.com\/fr\/#organization"},"potentialAction":[{"@type":"SearchAction","target":{"@type":"EntryPoint","urlTemplate":"https:\/\/realmedservices.com\/fr\/?s={search_term_string}"},"query-input":{"@type":"PropertyValueSpecification","valueRequired":true,"valueName":"search_term_string"}}],"inLanguage":"fr-FR"},{"@type":"Organization","@id":"https:\/\/realmedservices.com\/fr\/#organization","name":"Real Med Services","url":"https:\/\/realmedservices.com\/fr\/","logo":{"@type":"ImageObject","inLanguage":"fr-FR","@id":"https:\/\/realmedservices.com\/fr\/#\/schema\/logo\/image\/","url":"https:\/\/realmedservices.com\/fr\/wp-content\/uploads\/2020\/06\/Real-med-services-Logo-1-e1592769264302.png","contentUrl":"https:\/\/realmedservices.com\/fr\/wp-content\/uploads\/2020\/06\/Real-med-services-Logo-1-e1592769264302.png","width":89,"height":50,"caption":"Real Med Services"},"image":{"@id":"https:\/\/realmedservices.com\/fr\/#\/schema\/logo\/image\/"},"sameAs":["https:\/\/www.facebook.com\/rmsfrance","https:\/\/x.com\/Realmedservices","https:\/\/www.instagram.com\/realmedservices\/","https:\/\/fr.linkedin.com\/company\/realmedservices"]}]}},"_links":{"self":[{"href":"https:\/\/realmedservices.com\/fr\/wp-json\/wp\/v2\/pages\/11252"}],"collection":[{"href":"https:\/\/realmedservices.com\/fr\/wp-json\/wp\/v2\/pages"}],"about":[{"href":"https:\/\/realmedservices.com\/fr\/wp-json\/wp\/v2\/types\/page"}],"author":[{"embeddable":true,"href":"https:\/\/realmedservices.com\/fr\/wp-json\/wp\/v2\/users\/1"}],"replies":[{"embeddable":true,"href":"https:\/\/realmedservices.com\/fr\/wp-json\/wp\/v2\/comments?post=11252"}],"version-history":[{"count":0,"href":"https:\/\/realmedservices.com\/fr\/wp-json\/wp\/v2\/pages\/11252\/revisions"}],"wp:attachment":[{"href":"https:\/\/realmedservices.com\/fr\/wp-json\/wp\/v2\/media?parent=11252"}],"curies":[{"name":"wp","href":"https:\/\/api.w.org\/{rel}","templated":true}]}}