{"id":11257,"date":"2020-05-18T22:44:28","date_gmt":"2020-05-18T22:44:28","guid":{"rendered":"https:\/\/realmedservices.com\/FR\/?page_id=11257"},"modified":"2020-06-22T13:50:32","modified_gmt":"2020-06-22T13:50:32","slug":"votre-confort","status":"publish","type":"page","link":"https:\/\/realmedservices.com\/fr\/votre-confort\/","title":{"rendered":"Votre confort"},"content":{"rendered":"\t\t<div data-elementor-type=\"wp-page\" data-elementor-id=\"11257\" class=\"elementor elementor-11257\">\n\t\t\t\t\t\t<section class=\"elementor-section elementor-top-section elementor-element elementor-element-48a5d63 elementor-section-boxed elementor-section-height-default elementor-section-height-default none\" data-id=\"48a5d63\" data-element_type=\"section\">\n\t\t\t\t\t\t<div class=\"elementor-container elementor-column-gap-default\">\n\t\t\t\t\t<div class=\"elementor-column elementor-col-100 elementor-top-column elementor-element elementor-element-a484361 none\" data-id=\"a484361\" data-element_type=\"column\">\n\t\t\t<div class=\"elementor-widget-wrap elementor-element-populated\">\n\t\t\t\t\t\t<div class=\"elementor-element elementor-element-0556c3f none elementor-widget elementor-widget-image\" data-id=\"0556c3f\" data-element_type=\"widget\" data-widget_type=\"image.default\">\n\t\t\t\t<div class=\"elementor-widget-container\">\n\t\t\t\t\t\t\t\t\t\t\t\t\t<img decoding=\"async\" src=\"https:\/\/realmedservices.com\/fr\/wp-content\/uploads\/elementor\/thumbs\/AdobeStock_137788611-scaled-orvn7vyqgm0uwlx3ltwnkcc6ht5mo10cjs3o7rk688.jpeg\" title=\"Data management and privacy\" alt=\"Corporate data management system (DMS) and document management system with privacy theme concept. Businessman or programmer with tablet and scheme with protected document connected with users, access rights symbolized by key.\" loading=\"lazy\" \/>\t\t\t\t\t\t\t\t\t\t\t\t\t<\/div>\n\t\t\t\t<\/div>\n\t\t\t\t\t<\/div>\n\t\t<\/div>\n\t\t\t\t\t<\/div>\n\t\t<\/section>\n\t\t\t\t<section class=\"elementor-section elementor-top-section elementor-element elementor-element-beefd5b elementor-section-boxed elementor-section-height-default elementor-section-height-default none\" data-id=\"beefd5b\" data-element_type=\"section\">\n\t\t\t\t\t\t<div class=\"elementor-container elementor-column-gap-default\">\n\t\t\t\t\t<div class=\"elementor-column elementor-col-100 elementor-top-column elementor-element elementor-element-0308339 none\" data-id=\"0308339\" data-element_type=\"column\">\n\t\t\t<div class=\"elementor-widget-wrap elementor-element-populated\">\n\t\t\t\t\t\t<div class=\"elementor-element elementor-element-5eee13c none elementor-widget elementor-widget-heading\" data-id=\"5eee13c\" data-element_type=\"widget\" data-widget_type=\"heading.default\">\n\t\t\t\t<div class=\"elementor-widget-container\">\n\t\t\t<h2 class=\"elementor-heading-title elementor-size-default\"><br>La vie de votre cabinet enfin facilit\u00e9e.<\/h2>\t\t<\/div>\n\t\t\t\t<\/div>\n\t\t\t\t\t<\/div>\n\t\t<\/div>\n\t\t\t\t\t<\/div>\n\t\t<\/section>\n\t\t\t\t<section class=\"elementor-section elementor-top-section elementor-element elementor-element-70b3522 elementor-section-boxed elementor-section-height-default elementor-section-height-default none\" data-id=\"70b3522\" data-element_type=\"section\">\n\t\t\t\t\t\t<div class=\"elementor-container elementor-column-gap-default\">\n\t\t\t\t\t<div class=\"elementor-column elementor-col-100 elementor-top-column elementor-element elementor-element-229280d none\" data-id=\"229280d\" data-element_type=\"column\">\n\t\t\t<div class=\"elementor-widget-wrap elementor-element-populated\">\n\t\t\t\t\t\t<div class=\"elementor-element elementor-element-ab2057f none elementor-widget elementor-widget-text-editor\" data-id=\"ab2057f\" data-element_type=\"widget\" data-widget_type=\"text-editor.default\">\n\t\t\t\t<div class=\"elementor-widget-container\">\n\t\t\t\t\t\t\t<p>Obtenez le confort quotidien que vous m\u00e9ritez \u00e0 un prix abordable. Gagnez du temps et du confort pour travailler pour vous et vos patients.<\/p>\t\t\t\t\t\t<\/div>\n\t\t\t\t<\/div>\n\t\t\t\t\t<\/div>\n\t\t<\/div>\n\t\t\t\t\t<\/div>\n\t\t<\/section>\n\t\t\t\t<section class=\"elementor-section elementor-top-section elementor-element elementor-element-c13e060 elementor-section-boxed elementor-section-height-default elementor-section-height-default none\" data-id=\"c13e060\" data-element_type=\"section\">\n\t\t\t\t\t\t<div class=\"elementor-container elementor-column-gap-default\">\n\t\t\t\t\t<div class=\"elementor-column elementor-col-100 elementor-top-column elementor-element elementor-element-26c1457 none\" data-id=\"26c1457\" data-element_type=\"column\">\n\t\t\t<div class=\"elementor-widget-wrap elementor-element-populated\">\n\t\t\t\t\t\t<div class=\"elementor-element elementor-element-ed0acff none elementor-widget elementor-widget-spacer\" data-id=\"ed0acff\" data-element_type=\"widget\" data-widget_type=\"spacer.default\">\n\t\t\t\t<div class=\"elementor-widget-container\">\n\t\t\t\t\t<div class=\"elementor-spacer\">\n\t\t\t<div class=\"elementor-spacer-inner\"><\/div>\n\t\t<\/div>\n\t\t\t\t<\/div>\n\t\t\t\t<\/div>\n\t\t\t\t\t<\/div>\n\t\t<\/div>\n\t\t\t\t\t<\/div>\n\t\t<\/section>\n\t\t\t\t<section class=\"elementor-section elementor-top-section elementor-element elementor-element-c4238da elementor-section-boxed elementor-section-height-default elementor-section-height-default none\" data-id=\"c4238da\" data-element_type=\"section\">\n\t\t\t\t\t\t<div class=\"elementor-container elementor-column-gap-default\">\n\t\t\t\t\t<div class=\"elementor-column elementor-col-100 elementor-top-column elementor-element elementor-element-5d6a3b3 none\" data-id=\"5d6a3b3\" data-element_type=\"column\">\n\t\t\t<div class=\"elementor-widget-wrap elementor-element-populated\">\n\t\t\t\t\t\t<section class=\"elementor-section elementor-inner-section elementor-element elementor-element-f9ee6cc elementor-section-boxed elementor-section-height-default elementor-section-height-default none\" data-id=\"f9ee6cc\" data-element_type=\"section\">\n\t\t\t\t\t\t<div class=\"elementor-container elementor-column-gap-default\">\n\t\t\t\t\t<div class=\"elementor-column elementor-col-50 elementor-inner-column elementor-element elementor-element-1b6aab7 none\" data-id=\"1b6aab7\" data-element_type=\"column\">\n\t\t\t<div class=\"elementor-widget-wrap elementor-element-populated\">\n\t\t\t\t\t\t<div class=\"elementor-element elementor-element-61c8e50 elementor-position-top none elementor-widget elementor-widget-image-box\" data-id=\"61c8e50\" data-element_type=\"widget\" data-widget_type=\"image-box.default\">\n\t\t\t\t<div class=\"elementor-widget-container\">\n\t\t\t<div class=\"elementor-image-box-wrapper\"><figure class=\"elementor-image-box-img\"><a href=\"http:\/\/realmedservices.com\/fr\/votre-aide-informatique\/\" tabindex=\"-1\"><img decoding=\"async\" src=\"https:\/\/realmedservices.com\/fr\/wp-content\/uploads\/elementor\/thumbs\/AdobeStock_311664409-scaled-orvn7xu9oc285ghqp2hnnh19qvkgtytew8nv8loat4.jpeg\" title=\"Medical global networking and healthcare global network connection on tablet, Medical technology.\" alt=\"Medical global networking and healthcare global network connection on tablet, Medical technology.\" loading=\"lazy\" \/><\/a><\/figure><div class=\"elementor-image-box-content\"><h3 class=\"elementor-image-box-title\"><a href=\"http:\/\/realmedservices.com\/fr\/votre-aide-informatique\/\">D\u00e9couvrez votre support informatique<\/a><\/h3><\/div><\/div>\t\t<\/div>\n\t\t\t\t<\/div>\n\t\t\t\t\t<\/div>\n\t\t<\/div>\n\t\t\t\t<div class=\"elementor-column elementor-col-50 elementor-inner-column elementor-element elementor-element-35489e9 none\" data-id=\"35489e9\" data-element_type=\"column\">\n\t\t\t<div class=\"elementor-widget-wrap elementor-element-populated\">\n\t\t\t\t\t\t<div class=\"elementor-element elementor-element-6372c75 elementor-position-top none elementor-widget elementor-widget-image-box\" data-id=\"6372c75\" data-element_type=\"widget\" data-widget_type=\"image-box.default\">\n\t\t\t\t<div class=\"elementor-widget-container\">\n\t\t\t<div class=\"elementor-image-box-wrapper\"><figure class=\"elementor-image-box-img\"><a href=\"http:\/\/realmedservices.com\/fr\/votre-aide-informatique\/\" tabindex=\"-1\"><img decoding=\"async\" src=\"https:\/\/realmedservices.com\/fr\/wp-content\/uploads\/elementor\/thumbs\/AdobeStock_337614799-1-scaled-orvn8a2656iycdzzpprt1vy9gvw8m15x9x56h766k8.jpeg\" title=\"A shiny silver metal bell at the hotel reception. A table in the hotel at the concierge with a bell and a door key. Key and bell in a hotel.\" alt=\"A shiny silver metal bell at hotel reception. A table in the hotel at the concierge with a bell and a door key. Key and bell in a hotel.\" loading=\"lazy\" \/><\/a><\/figure><div class=\"elementor-image-box-content\"><h3 class=\"elementor-image-box-title\"><a href=\"http:\/\/realmedservices.com\/fr\/votre-aide-informatique\/\">D\u00e9couvrez votre conciergerie<\/a><\/h3><\/div><\/div>\t\t<\/div>\n\t\t\t\t<\/div>\n\t\t\t\t\t<\/div>\n\t\t<\/div>\n\t\t\t\t\t<\/div>\n\t\t<\/section>\n\t\t\t\t\t<\/div>\n\t\t<\/div>\n\t\t\t\t\t<\/div>\n\t\t<\/section>\n\t\t\t\t<\/div>\n\t\t","protected":false},"excerpt":{"rendered":"<p>La vie de votre cabinet enfin facilit\u00e9e. Obtenez le confort quotidien que vous m\u00e9ritez \u00e0 un prix abordable. Gagnez du temps et du confort pour travailler pour vous et vos patients. D\u00e9couvrez votre support informatique D\u00e9couvrez votre conciergerie<\/p>\n","protected":false},"author":1,"featured_media":0,"parent":0,"menu_order":0,"comment_status":"closed","ping_status":"closed","template":"","meta":{"footnotes":""},"class_list":["post-11257","page","type-page","status-publish","hentry"],"yoast_head":"<!-- This site is optimized with the Yoast SEO plugin v23.4 - https:\/\/yoast.com\/wordpress\/plugins\/seo\/ -->\n<title>Votre confort - Real Med Services<\/title>\n<meta name=\"robots\" content=\"index, follow, max-snippet:-1, max-image-preview:large, max-video-preview:-1\" \/>\n<link rel=\"canonical\" href=\"https:\/\/realmedservices.com\/fr\/votre-confort\/\" \/>\n<meta property=\"og:locale\" content=\"fr_FR\" \/>\n<meta property=\"og:type\" content=\"article\" \/>\n<meta property=\"og:title\" content=\"Votre confort - Real Med Services\" \/>\n<meta property=\"og:description\" content=\"La vie de votre cabinet enfin facilit\u00e9e. Obtenez le confort quotidien que vous m\u00e9ritez \u00e0 un prix abordable. Gagnez du temps et du confort pour travailler pour vous et vos patients. D\u00e9couvrez votre support informatique D\u00e9couvrez votre conciergerie\" \/>\n<meta property=\"og:url\" content=\"https:\/\/realmedservices.com\/fr\/votre-confort\/\" \/>\n<meta property=\"og:site_name\" content=\"Real Med Services\" \/>\n<meta property=\"article:publisher\" content=\"https:\/\/www.facebook.com\/rmsfrance\" \/>\n<meta property=\"article:modified_time\" content=\"2020-06-22T13:50:32+00:00\" \/>\n<meta property=\"og:image\" content=\"http:\/\/realmedservices.com\/fr\/wp-content\/uploads\/elementor\/thumbs\/AdobeStock_137788611-scaled-ordz44sdkhzhit3a3aa9z0kvyv4t1mkisimdih96rs.jpeg\" \/>\n<meta name=\"twitter:card\" content=\"summary_large_image\" \/>\n<meta name=\"twitter:site\" content=\"@Realmedservices\" \/>\n<script type=\"application\/ld+json\" class=\"yoast-schema-graph\">{\"@context\":\"https:\/\/schema.org\",\"@graph\":[{\"@type\":\"WebPage\",\"@id\":\"https:\/\/realmedservices.com\/fr\/votre-confort\/\",\"url\":\"https:\/\/realmedservices.com\/fr\/votre-confort\/\",\"name\":\"Votre confort - Real Med Services\",\"isPartOf\":{\"@id\":\"https:\/\/realmedservices.com\/fr\/#website\"},\"primaryImageOfPage\":{\"@id\":\"https:\/\/realmedservices.com\/fr\/votre-confort\/#primaryimage\"},\"image\":{\"@id\":\"https:\/\/realmedservices.com\/fr\/votre-confort\/#primaryimage\"},\"thumbnailUrl\":\"http:\/\/realmedservices.com\/fr\/wp-content\/uploads\/elementor\/thumbs\/AdobeStock_137788611-scaled-ordz44sdkhzhit3a3aa9z0kvyv4t1mkisimdih96rs.jpeg\",\"datePublished\":\"2020-05-18T22:44:28+00:00\",\"dateModified\":\"2020-06-22T13:50:32+00:00\",\"breadcrumb\":{\"@id\":\"https:\/\/realmedservices.com\/fr\/votre-confort\/#breadcrumb\"},\"inLanguage\":\"fr-FR\",\"potentialAction\":[{\"@type\":\"ReadAction\",\"target\":[\"https:\/\/realmedservices.com\/fr\/votre-confort\/\"]}]},{\"@type\":\"ImageObject\",\"inLanguage\":\"fr-FR\",\"@id\":\"https:\/\/realmedservices.com\/fr\/votre-confort\/#primaryimage\",\"url\":\"http:\/\/realmedservices.com\/fr\/wp-content\/uploads\/elementor\/thumbs\/AdobeStock_137788611-scaled-ordz44sdkhzhit3a3aa9z0kvyv4t1mkisimdih96rs.jpeg\",\"contentUrl\":\"http:\/\/realmedservices.com\/fr\/wp-content\/uploads\/elementor\/thumbs\/AdobeStock_137788611-scaled-ordz44sdkhzhit3a3aa9z0kvyv4t1mkisimdih96rs.jpeg\"},{\"@type\":\"BreadcrumbList\",\"@id\":\"https:\/\/realmedservices.com\/fr\/votre-confort\/#breadcrumb\",\"itemListElement\":[{\"@type\":\"ListItem\",\"position\":1,\"name\":\"Accueil\",\"item\":\"https:\/\/realmedservices.com\/fr\/\"},{\"@type\":\"ListItem\",\"position\":2,\"name\":\"Votre confort\"}]},{\"@type\":\"WebSite\",\"@id\":\"https:\/\/realmedservices.com\/fr\/#website\",\"url\":\"https:\/\/realmedservices.com\/fr\/\",\"name\":\"Real Med Services\",\"description\":\"La libert\u00e9 et le confort des m\u00e9decins\",\"publisher\":{\"@id\":\"https:\/\/realmedservices.com\/fr\/#organization\"},\"potentialAction\":[{\"@type\":\"SearchAction\",\"target\":{\"@type\":\"EntryPoint\",\"urlTemplate\":\"https:\/\/realmedservices.com\/fr\/?s={search_term_string}\"},\"query-input\":{\"@type\":\"PropertyValueSpecification\",\"valueRequired\":true,\"valueName\":\"search_term_string\"}}],\"inLanguage\":\"fr-FR\"},{\"@type\":\"Organization\",\"@id\":\"https:\/\/realmedservices.com\/fr\/#organization\",\"name\":\"Real Med Services\",\"url\":\"https:\/\/realmedservices.com\/fr\/\",\"logo\":{\"@type\":\"ImageObject\",\"inLanguage\":\"fr-FR\",\"@id\":\"https:\/\/realmedservices.com\/fr\/#\/schema\/logo\/image\/\",\"url\":\"https:\/\/realmedservices.com\/fr\/wp-content\/uploads\/2020\/06\/Real-med-services-Logo-1-e1592769264302.png\",\"contentUrl\":\"https:\/\/realmedservices.com\/fr\/wp-content\/uploads\/2020\/06\/Real-med-services-Logo-1-e1592769264302.png\",\"width\":89,\"height\":50,\"caption\":\"Real Med Services\"},\"image\":{\"@id\":\"https:\/\/realmedservices.com\/fr\/#\/schema\/logo\/image\/\"},\"sameAs\":[\"https:\/\/www.facebook.com\/rmsfrance\",\"https:\/\/x.com\/Realmedservices\",\"https:\/\/www.instagram.com\/realmedservices\/\",\"https:\/\/fr.linkedin.com\/company\/realmedservices\"]}]}<\/script>\n<!-- \/ Yoast SEO plugin. -->","yoast_head_json":{"title":"Votre confort - Real Med Services","robots":{"index":"index","follow":"follow","max-snippet":"max-snippet:-1","max-image-preview":"max-image-preview:large","max-video-preview":"max-video-preview:-1"},"canonical":"https:\/\/realmedservices.com\/fr\/votre-confort\/","og_locale":"fr_FR","og_type":"article","og_title":"Votre confort - Real Med Services","og_description":"La vie de votre cabinet enfin facilit\u00e9e. Obtenez le confort quotidien que vous m\u00e9ritez \u00e0 un prix abordable. Gagnez du temps et du confort pour travailler pour vous et vos patients. D\u00e9couvrez votre support informatique D\u00e9couvrez votre conciergerie","og_url":"https:\/\/realmedservices.com\/fr\/votre-confort\/","og_site_name":"Real Med Services","article_publisher":"https:\/\/www.facebook.com\/rmsfrance","article_modified_time":"2020-06-22T13:50:32+00:00","og_image":[{"url":"http:\/\/realmedservices.com\/fr\/wp-content\/uploads\/elementor\/thumbs\/AdobeStock_137788611-scaled-ordz44sdkhzhit3a3aa9z0kvyv4t1mkisimdih96rs.jpeg"}],"twitter_card":"summary_large_image","twitter_site":"@Realmedservices","schema":{"@context":"https:\/\/schema.org","@graph":[{"@type":"WebPage","@id":"https:\/\/realmedservices.com\/fr\/votre-confort\/","url":"https:\/\/realmedservices.com\/fr\/votre-confort\/","name":"Votre confort - Real Med Services","isPartOf":{"@id":"https:\/\/realmedservices.com\/fr\/#website"},"primaryImageOfPage":{"@id":"https:\/\/realmedservices.com\/fr\/votre-confort\/#primaryimage"},"image":{"@id":"https:\/\/realmedservices.com\/fr\/votre-confort\/#primaryimage"},"thumbnailUrl":"http:\/\/realmedservices.com\/fr\/wp-content\/uploads\/elementor\/thumbs\/AdobeStock_137788611-scaled-ordz44sdkhzhit3a3aa9z0kvyv4t1mkisimdih96rs.jpeg","datePublished":"2020-05-18T22:44:28+00:00","dateModified":"2020-06-22T13:50:32+00:00","breadcrumb":{"@id":"https:\/\/realmedservices.com\/fr\/votre-confort\/#breadcrumb"},"inLanguage":"fr-FR","potentialAction":[{"@type":"ReadAction","target":["https:\/\/realmedservices.com\/fr\/votre-confort\/"]}]},{"@type":"ImageObject","inLanguage":"fr-FR","@id":"https:\/\/realmedservices.com\/fr\/votre-confort\/#primaryimage","url":"http:\/\/realmedservices.com\/fr\/wp-content\/uploads\/elementor\/thumbs\/AdobeStock_137788611-scaled-ordz44sdkhzhit3a3aa9z0kvyv4t1mkisimdih96rs.jpeg","contentUrl":"http:\/\/realmedservices.com\/fr\/wp-content\/uploads\/elementor\/thumbs\/AdobeStock_137788611-scaled-ordz44sdkhzhit3a3aa9z0kvyv4t1mkisimdih96rs.jpeg"},{"@type":"BreadcrumbList","@id":"https:\/\/realmedservices.com\/fr\/votre-confort\/#breadcrumb","itemListElement":[{"@type":"ListItem","position":1,"name":"Accueil","item":"https:\/\/realmedservices.com\/fr\/"},{"@type":"ListItem","position":2,"name":"Votre confort"}]},{"@type":"WebSite","@id":"https:\/\/realmedservices.com\/fr\/#website","url":"https:\/\/realmedservices.com\/fr\/","name":"Real Med Services","description":"La libert\u00e9 et le confort des m\u00e9decins","publisher":{"@id":"https:\/\/realmedservices.com\/fr\/#organization"},"potentialAction":[{"@type":"SearchAction","target":{"@type":"EntryPoint","urlTemplate":"https:\/\/realmedservices.com\/fr\/?s={search_term_string}"},"query-input":{"@type":"PropertyValueSpecification","valueRequired":true,"valueName":"search_term_string"}}],"inLanguage":"fr-FR"},{"@type":"Organization","@id":"https:\/\/realmedservices.com\/fr\/#organization","name":"Real Med Services","url":"https:\/\/realmedservices.com\/fr\/","logo":{"@type":"ImageObject","inLanguage":"fr-FR","@id":"https:\/\/realmedservices.com\/fr\/#\/schema\/logo\/image\/","url":"https:\/\/realmedservices.com\/fr\/wp-content\/uploads\/2020\/06\/Real-med-services-Logo-1-e1592769264302.png","contentUrl":"https:\/\/realmedservices.com\/fr\/wp-content\/uploads\/2020\/06\/Real-med-services-Logo-1-e1592769264302.png","width":89,"height":50,"caption":"Real Med Services"},"image":{"@id":"https:\/\/realmedservices.com\/fr\/#\/schema\/logo\/image\/"},"sameAs":["https:\/\/www.facebook.com\/rmsfrance","https:\/\/x.com\/Realmedservices","https:\/\/www.instagram.com\/realmedservices\/","https:\/\/fr.linkedin.com\/company\/realmedservices"]}]}},"_links":{"self":[{"href":"https:\/\/realmedservices.com\/fr\/wp-json\/wp\/v2\/pages\/11257"}],"collection":[{"href":"https:\/\/realmedservices.com\/fr\/wp-json\/wp\/v2\/pages"}],"about":[{"href":"https:\/\/realmedservices.com\/fr\/wp-json\/wp\/v2\/types\/page"}],"author":[{"embeddable":true,"href":"https:\/\/realmedservices.com\/fr\/wp-json\/wp\/v2\/users\/1"}],"replies":[{"embeddable":true,"href":"https:\/\/realmedservices.com\/fr\/wp-json\/wp\/v2\/comments?post=11257"}],"version-history":[{"count":0,"href":"https:\/\/realmedservices.com\/fr\/wp-json\/wp\/v2\/pages\/11257\/revisions"}],"wp:attachment":[{"href":"https:\/\/realmedservices.com\/fr\/wp-json\/wp\/v2\/media?parent=11257"}],"curies":[{"name":"wp","href":"https:\/\/api.w.org\/{rel}","templated":true}]}}