{"id":11259,"date":"2020-05-18T22:44:58","date_gmt":"2020-05-18T20:44:58","guid":{"rendered":"https:\/\/realmedservices.com\/FR\/?page_id=11259"},"modified":"2020-06-22T13:50:56","modified_gmt":"2020-06-22T13:50:56","slug":"votre-gestion","status":"publish","type":"page","link":"https:\/\/realmedservices.com\/fr\/votre-gestion\/","title":{"rendered":"Votre gestion"},"content":{"rendered":"\t\t<div data-elementor-type=\"wp-page\" data-elementor-id=\"11259\" class=\"elementor elementor-11259\">\n\t\t\t\t\t\t<section class=\"elementor-section elementor-top-section elementor-element elementor-element-fa281a5 elementor-section-boxed elementor-section-height-default elementor-section-height-default none\" data-id=\"fa281a5\" data-element_type=\"section\">\n\t\t\t\t\t\t<div class=\"elementor-container elementor-column-gap-default\">\n\t\t\t\t\t<div class=\"elementor-column elementor-col-100 elementor-top-column elementor-element elementor-element-b18ae0a none\" data-id=\"b18ae0a\" data-element_type=\"column\">\n\t\t\t<div class=\"elementor-widget-wrap elementor-element-populated\">\n\t\t\t\t\t\t<div class=\"elementor-element elementor-element-b2ad848 none elementor-widget elementor-widget-image\" data-id=\"b2ad848\" data-element_type=\"widget\" data-widget_type=\"image.default\">\n\t\t\t\t<div class=\"elementor-widget-container\">\n\t\t\t\t\t\t\t\t\t\t\t\t\t<img decoding=\"async\" src=\"https:\/\/realmedservices.com\/fr\/wp-content\/uploads\/elementor\/thumbs\/AdobeStock_267991900-scaled-orvn7t57w3wzxs172aoruv1spnjj0xp5je57rxocqw.jpeg\" title=\"Project management Time Planning business concept on screen.\" alt=\"Gestion de projet et icones\" loading=\"lazy\" \/>\t\t\t\t\t\t\t\t\t\t\t\t\t<\/div>\n\t\t\t\t<\/div>\n\t\t\t\t\t<\/div>\n\t\t<\/div>\n\t\t\t\t\t<\/div>\n\t\t<\/section>\n\t\t\t\t<section class=\"elementor-section elementor-top-section elementor-element elementor-element-9d82866 elementor-section-boxed elementor-section-height-default elementor-section-height-default none\" data-id=\"9d82866\" data-element_type=\"section\">\n\t\t\t\t\t\t<div class=\"elementor-container elementor-column-gap-default\">\n\t\t\t\t\t<div class=\"elementor-column elementor-col-100 elementor-top-column elementor-element elementor-element-034702e none\" data-id=\"034702e\" data-element_type=\"column\">\n\t\t\t<div class=\"elementor-widget-wrap elementor-element-populated\">\n\t\t\t\t\t\t<div class=\"elementor-element elementor-element-01e04ec none elementor-widget elementor-widget-spacer\" data-id=\"01e04ec\" data-element_type=\"widget\" data-widget_type=\"spacer.default\">\n\t\t\t\t<div class=\"elementor-widget-container\">\n\t\t\t\t\t<div class=\"elementor-spacer\">\n\t\t\t<div class=\"elementor-spacer-inner\"><\/div>\n\t\t<\/div>\n\t\t\t\t<\/div>\n\t\t\t\t<\/div>\n\t\t\t\t\t<\/div>\n\t\t<\/div>\n\t\t\t\t\t<\/div>\n\t\t<\/section>\n\t\t\t\t<section class=\"elementor-section elementor-top-section elementor-element elementor-element-fb530bd elementor-section-boxed elementor-section-height-default elementor-section-height-default none\" data-id=\"fb530bd\" data-element_type=\"section\">\n\t\t\t\t\t\t<div class=\"elementor-container elementor-column-gap-default\">\n\t\t\t\t\t<div class=\"elementor-column elementor-col-100 elementor-top-column elementor-element elementor-element-b7202a3 none\" data-id=\"b7202a3\" data-element_type=\"column\">\n\t\t\t<div class=\"elementor-widget-wrap elementor-element-populated\">\n\t\t\t\t\t\t<div class=\"elementor-element elementor-element-abc4e3c none elementor-widget elementor-widget-heading\" data-id=\"abc4e3c\" data-element_type=\"widget\" data-widget_type=\"heading.default\">\n\t\t\t\t<div class=\"elementor-widget-container\">\n\t\t\t<h2 class=\"elementor-heading-title elementor-size-default\">La gestion de votre cabinet enfin facilit\u00e9e.<\/h2>\t\t<\/div>\n\t\t\t\t<\/div>\n\t\t\t\t\t<\/div>\n\t\t<\/div>\n\t\t\t\t\t<\/div>\n\t\t<\/section>\n\t\t\t\t<section class=\"elementor-section elementor-top-section elementor-element elementor-element-13be0857 elementor-section-boxed elementor-section-height-default elementor-section-height-default none\" data-id=\"13be0857\" data-element_type=\"section\">\n\t\t\t\t\t\t<div class=\"elementor-container elementor-column-gap-default\">\n\t\t\t\t\t<div class=\"elementor-column elementor-col-100 elementor-top-column elementor-element elementor-element-732b2feb none\" data-id=\"732b2feb\" data-element_type=\"column\">\n\t\t\t<div class=\"elementor-widget-wrap elementor-element-populated\">\n\t\t\t\t\t\t<div class=\"elementor-element elementor-element-19478110 none elementor-widget elementor-widget-text-editor\" data-id=\"19478110\" data-element_type=\"widget\" data-widget_type=\"text-editor.default\">\n\t\t\t\t<div class=\"elementor-widget-container\">\n\t\t\t\t\t\t\t<p><!-- wp:paragraph --><\/p>\n<p>D\u00e9couvrez les services qui vous permettront de profiter d&rsquo;un management professionnel tout en pr\u00e9servant votre ind\u00e9pendance.<\/p>\n<p><!-- \/wp:paragraph --><\/p>\t\t\t\t\t\t<\/div>\n\t\t\t\t<\/div>\n\t\t\t\t\t<\/div>\n\t\t<\/div>\n\t\t\t\t\t<\/div>\n\t\t<\/section>\n\t\t\t\t<section class=\"elementor-section elementor-top-section elementor-element elementor-element-6600aeb elementor-section-boxed elementor-section-height-default elementor-section-height-default none\" data-id=\"6600aeb\" data-element_type=\"section\">\n\t\t\t\t\t\t<div class=\"elementor-container elementor-column-gap-default\">\n\t\t\t\t\t<div class=\"elementor-column elementor-col-100 elementor-top-column elementor-element elementor-element-cc8321f none\" data-id=\"cc8321f\" data-element_type=\"column\">\n\t\t\t<div class=\"elementor-widget-wrap elementor-element-populated\">\n\t\t\t\t\t\t<section class=\"elementor-section elementor-inner-section elementor-element elementor-element-676d1df elementor-section-boxed elementor-section-height-default elementor-section-height-default none\" data-id=\"676d1df\" data-element_type=\"section\">\n\t\t\t\t\t\t<div class=\"elementor-container elementor-column-gap-default\">\n\t\t\t\t\t<div class=\"elementor-column elementor-col-50 elementor-inner-column elementor-element elementor-element-0fc97b0 none\" data-id=\"0fc97b0\" data-element_type=\"column\">\n\t\t\t<div class=\"elementor-widget-wrap elementor-element-populated\">\n\t\t\t\t\t\t<div class=\"elementor-element elementor-element-57fd3e7 elementor-position-top none elementor-widget elementor-widget-image-box\" data-id=\"57fd3e7\" data-element_type=\"widget\" data-widget_type=\"image-box.default\">\n\t\t\t\t<div class=\"elementor-widget-container\">\n\t\t\t<div class=\"elementor-image-box-wrapper\"><figure class=\"elementor-image-box-img\"><a href=\"http:\/\/realmedservices.com\/fr\/votre-aide-a-la-gestion\/\" tabindex=\"-1\"><img decoding=\"async\" src=\"https:\/\/realmedservices.com\/fr\/wp-content\/uploads\/elementor\/thumbs\/AdobeStock_195160233-scaled-orvn878nkof3dk4366jxcenvoqa4yxuq9j6q1dad2w.jpeg\" title=\"Medicine doctor with stethoscope touching medical icons network connection\" alt=\"Medicine doctor and stethoscope touching icon medical network connection with modern interface on digital tablet in hospital background. Medical technology network concept\" loading=\"lazy\" \/><\/a><\/figure><div class=\"elementor-image-box-content\"><h3 class=\"elementor-image-box-title\"><a href=\"http:\/\/realmedservices.com\/fr\/votre-aide-a-la-gestion\/\">D\u00e9couvrez votre aide \u00e0 la gestion<\/a><\/h3><\/div><\/div>\t\t<\/div>\n\t\t\t\t<\/div>\n\t\t\t\t\t<\/div>\n\t\t<\/div>\n\t\t\t\t<div class=\"elementor-column elementor-col-50 elementor-inner-column elementor-element elementor-element-6197361 none\" data-id=\"6197361\" data-element_type=\"column\">\n\t\t\t<div class=\"elementor-widget-wrap elementor-element-populated\">\n\t\t\t\t\t\t<div class=\"elementor-element elementor-element-41e75fd elementor-position-top none elementor-widget elementor-widget-image-box\" data-id=\"41e75fd\" data-element_type=\"widget\" data-widget_type=\"image-box.default\">\n\t\t\t\t<div class=\"elementor-widget-container\">\n\t\t\t<div class=\"elementor-image-box-wrapper\"><figure class=\"elementor-image-box-img\"><a href=\"http:\/\/realmedservices.com\/fr\/vos-achats-de-materiel\/\" tabindex=\"-1\"><img decoding=\"async\" src=\"https:\/\/realmedservices.com\/fr\/wp-content\/uploads\/elementor\/thumbs\/Fotolia_65522508_M-orvnc56a8nte2odx5dwlawuhdwuk98i751p1i5fwzc.jpg\" title=\"stethoscope\" alt=\"closeup of a medical stethoscope\" loading=\"lazy\" \/><\/a><\/figure><div class=\"elementor-image-box-content\"><h3 class=\"elementor-image-box-title\"><a href=\"http:\/\/realmedservices.com\/fr\/vos-achats-de-materiel\/\">D\u00e9couvrez notre solutions d'\u00e9quipement<\/a><\/h3><\/div><\/div>\t\t<\/div>\n\t\t\t\t<\/div>\n\t\t\t\t\t<\/div>\n\t\t<\/div>\n\t\t\t\t\t<\/div>\n\t\t<\/section>\n\t\t\t\t\t<\/div>\n\t\t<\/div>\n\t\t\t\t\t<\/div>\n\t\t<\/section>\n\t\t\t\t<\/div>\n\t\t","protected":false},"excerpt":{"rendered":"<p>La gestion de votre cabinet enfin facilit\u00e9e. D\u00e9couvrez les services qui vous permettront de profiter d&rsquo;un management professionnel tout en pr\u00e9servant votre ind\u00e9pendance. D\u00e9couvrez votre aide \u00e0 la gestion D\u00e9couvrez notre solutions d&rsquo;\u00e9quipement<\/p>\n","protected":false},"author":1,"featured_media":0,"parent":0,"menu_order":0,"comment_status":"closed","ping_status":"closed","template":"","meta":{"footnotes":""},"class_list":["post-11259","page","type-page","status-publish","hentry"],"yoast_head":"<!-- This site is optimized with the Yoast SEO plugin v23.4 - https:\/\/yoast.com\/wordpress\/plugins\/seo\/ -->\n<title>Votre gestion - Real Med Services<\/title>\n<meta name=\"robots\" content=\"index, follow, max-snippet:-1, max-image-preview:large, max-video-preview:-1\" \/>\n<link rel=\"canonical\" href=\"https:\/\/realmedservices.com\/fr\/votre-gestion\/\" \/>\n<meta property=\"og:locale\" content=\"fr_FR\" \/>\n<meta property=\"og:type\" content=\"article\" \/>\n<meta property=\"og:title\" content=\"Votre gestion - Real Med Services\" \/>\n<meta property=\"og:description\" content=\"La gestion de votre cabinet enfin facilit\u00e9e. D\u00e9couvrez les services qui vous permettront de profiter d&rsquo;un management professionnel tout en pr\u00e9servant votre ind\u00e9pendance. D\u00e9couvrez votre aide \u00e0 la gestion D\u00e9couvrez notre solutions d&rsquo;\u00e9quipement\" \/>\n<meta property=\"og:url\" content=\"https:\/\/realmedservices.com\/fr\/votre-gestion\/\" \/>\n<meta property=\"og:site_name\" content=\"Real Med Services\" \/>\n<meta property=\"article:publisher\" content=\"https:\/\/www.facebook.com\/rmsfrance\" \/>\n<meta property=\"article:modified_time\" content=\"2020-06-22T13:50:56+00:00\" \/>\n<meta property=\"og:image\" content=\"http:\/\/realmedservices.com\/fr\/wp-content\/uploads\/elementor\/thumbs\/AdobeStock_267991900-scaled-ordz4lpgzimnbsepchlk7wb6nstew6fouud45gk3ns.jpeg\" \/>\n<meta name=\"twitter:card\" content=\"summary_large_image\" \/>\n<meta name=\"twitter:site\" content=\"@Realmedservices\" \/>\n<script type=\"application\/ld+json\" class=\"yoast-schema-graph\">{\"@context\":\"https:\/\/schema.org\",\"@graph\":[{\"@type\":\"WebPage\",\"@id\":\"https:\/\/realmedservices.com\/fr\/votre-gestion\/\",\"url\":\"https:\/\/realmedservices.com\/fr\/votre-gestion\/\",\"name\":\"Votre gestion - Real Med Services\",\"isPartOf\":{\"@id\":\"https:\/\/realmedservices.com\/fr\/#website\"},\"primaryImageOfPage\":{\"@id\":\"https:\/\/realmedservices.com\/fr\/votre-gestion\/#primaryimage\"},\"image\":{\"@id\":\"https:\/\/realmedservices.com\/fr\/votre-gestion\/#primaryimage\"},\"thumbnailUrl\":\"http:\/\/realmedservices.com\/fr\/wp-content\/uploads\/elementor\/thumbs\/AdobeStock_267991900-scaled-ordz4lpgzimnbsepchlk7wb6nstew6fouud45gk3ns.jpeg\",\"datePublished\":\"2020-05-18T20:44:58+00:00\",\"dateModified\":\"2020-06-22T13:50:56+00:00\",\"breadcrumb\":{\"@id\":\"https:\/\/realmedservices.com\/fr\/votre-gestion\/#breadcrumb\"},\"inLanguage\":\"fr-FR\",\"potentialAction\":[{\"@type\":\"ReadAction\",\"target\":[\"https:\/\/realmedservices.com\/fr\/votre-gestion\/\"]}]},{\"@type\":\"ImageObject\",\"inLanguage\":\"fr-FR\",\"@id\":\"https:\/\/realmedservices.com\/fr\/votre-gestion\/#primaryimage\",\"url\":\"http:\/\/realmedservices.com\/fr\/wp-content\/uploads\/elementor\/thumbs\/AdobeStock_267991900-scaled-ordz4lpgzimnbsepchlk7wb6nstew6fouud45gk3ns.jpeg\",\"contentUrl\":\"http:\/\/realmedservices.com\/fr\/wp-content\/uploads\/elementor\/thumbs\/AdobeStock_267991900-scaled-ordz4lpgzimnbsepchlk7wb6nstew6fouud45gk3ns.jpeg\"},{\"@type\":\"BreadcrumbList\",\"@id\":\"https:\/\/realmedservices.com\/fr\/votre-gestion\/#breadcrumb\",\"itemListElement\":[{\"@type\":\"ListItem\",\"position\":1,\"name\":\"Accueil\",\"item\":\"https:\/\/realmedservices.com\/fr\/\"},{\"@type\":\"ListItem\",\"position\":2,\"name\":\"Votre gestion\"}]},{\"@type\":\"WebSite\",\"@id\":\"https:\/\/realmedservices.com\/fr\/#website\",\"url\":\"https:\/\/realmedservices.com\/fr\/\",\"name\":\"Real Med Services\",\"description\":\"La libert\u00e9 et le confort des m\u00e9decins\",\"publisher\":{\"@id\":\"https:\/\/realmedservices.com\/fr\/#organization\"},\"potentialAction\":[{\"@type\":\"SearchAction\",\"target\":{\"@type\":\"EntryPoint\",\"urlTemplate\":\"https:\/\/realmedservices.com\/fr\/?s={search_term_string}\"},\"query-input\":{\"@type\":\"PropertyValueSpecification\",\"valueRequired\":true,\"valueName\":\"search_term_string\"}}],\"inLanguage\":\"fr-FR\"},{\"@type\":\"Organization\",\"@id\":\"https:\/\/realmedservices.com\/fr\/#organization\",\"name\":\"Real Med Services\",\"url\":\"https:\/\/realmedservices.com\/fr\/\",\"logo\":{\"@type\":\"ImageObject\",\"inLanguage\":\"fr-FR\",\"@id\":\"https:\/\/realmedservices.com\/fr\/#\/schema\/logo\/image\/\",\"url\":\"https:\/\/realmedservices.com\/fr\/wp-content\/uploads\/2020\/06\/Real-med-services-Logo-1-e1592769264302.png\",\"contentUrl\":\"https:\/\/realmedservices.com\/fr\/wp-content\/uploads\/2020\/06\/Real-med-services-Logo-1-e1592769264302.png\",\"width\":89,\"height\":50,\"caption\":\"Real Med Services\"},\"image\":{\"@id\":\"https:\/\/realmedservices.com\/fr\/#\/schema\/logo\/image\/\"},\"sameAs\":[\"https:\/\/www.facebook.com\/rmsfrance\",\"https:\/\/x.com\/Realmedservices\",\"https:\/\/www.instagram.com\/realmedservices\/\",\"https:\/\/fr.linkedin.com\/company\/realmedservices\"]}]}<\/script>\n<!-- \/ Yoast SEO plugin. -->","yoast_head_json":{"title":"Votre gestion - Real Med Services","robots":{"index":"index","follow":"follow","max-snippet":"max-snippet:-1","max-image-preview":"max-image-preview:large","max-video-preview":"max-video-preview:-1"},"canonical":"https:\/\/realmedservices.com\/fr\/votre-gestion\/","og_locale":"fr_FR","og_type":"article","og_title":"Votre gestion - Real Med Services","og_description":"La gestion de votre cabinet enfin facilit\u00e9e. D\u00e9couvrez les services qui vous permettront de profiter d&rsquo;un management professionnel tout en pr\u00e9servant votre ind\u00e9pendance. D\u00e9couvrez votre aide \u00e0 la gestion D\u00e9couvrez notre solutions d&rsquo;\u00e9quipement","og_url":"https:\/\/realmedservices.com\/fr\/votre-gestion\/","og_site_name":"Real Med Services","article_publisher":"https:\/\/www.facebook.com\/rmsfrance","article_modified_time":"2020-06-22T13:50:56+00:00","og_image":[{"url":"http:\/\/realmedservices.com\/fr\/wp-content\/uploads\/elementor\/thumbs\/AdobeStock_267991900-scaled-ordz4lpgzimnbsepchlk7wb6nstew6fouud45gk3ns.jpeg"}],"twitter_card":"summary_large_image","twitter_site":"@Realmedservices","schema":{"@context":"https:\/\/schema.org","@graph":[{"@type":"WebPage","@id":"https:\/\/realmedservices.com\/fr\/votre-gestion\/","url":"https:\/\/realmedservices.com\/fr\/votre-gestion\/","name":"Votre gestion - Real Med Services","isPartOf":{"@id":"https:\/\/realmedservices.com\/fr\/#website"},"primaryImageOfPage":{"@id":"https:\/\/realmedservices.com\/fr\/votre-gestion\/#primaryimage"},"image":{"@id":"https:\/\/realmedservices.com\/fr\/votre-gestion\/#primaryimage"},"thumbnailUrl":"http:\/\/realmedservices.com\/fr\/wp-content\/uploads\/elementor\/thumbs\/AdobeStock_267991900-scaled-ordz4lpgzimnbsepchlk7wb6nstew6fouud45gk3ns.jpeg","datePublished":"2020-05-18T20:44:58+00:00","dateModified":"2020-06-22T13:50:56+00:00","breadcrumb":{"@id":"https:\/\/realmedservices.com\/fr\/votre-gestion\/#breadcrumb"},"inLanguage":"fr-FR","potentialAction":[{"@type":"ReadAction","target":["https:\/\/realmedservices.com\/fr\/votre-gestion\/"]}]},{"@type":"ImageObject","inLanguage":"fr-FR","@id":"https:\/\/realmedservices.com\/fr\/votre-gestion\/#primaryimage","url":"http:\/\/realmedservices.com\/fr\/wp-content\/uploads\/elementor\/thumbs\/AdobeStock_267991900-scaled-ordz4lpgzimnbsepchlk7wb6nstew6fouud45gk3ns.jpeg","contentUrl":"http:\/\/realmedservices.com\/fr\/wp-content\/uploads\/elementor\/thumbs\/AdobeStock_267991900-scaled-ordz4lpgzimnbsepchlk7wb6nstew6fouud45gk3ns.jpeg"},{"@type":"BreadcrumbList","@id":"https:\/\/realmedservices.com\/fr\/votre-gestion\/#breadcrumb","itemListElement":[{"@type":"ListItem","position":1,"name":"Accueil","item":"https:\/\/realmedservices.com\/fr\/"},{"@type":"ListItem","position":2,"name":"Votre gestion"}]},{"@type":"WebSite","@id":"https:\/\/realmedservices.com\/fr\/#website","url":"https:\/\/realmedservices.com\/fr\/","name":"Real Med Services","description":"La libert\u00e9 et le confort des m\u00e9decins","publisher":{"@id":"https:\/\/realmedservices.com\/fr\/#organization"},"potentialAction":[{"@type":"SearchAction","target":{"@type":"EntryPoint","urlTemplate":"https:\/\/realmedservices.com\/fr\/?s={search_term_string}"},"query-input":{"@type":"PropertyValueSpecification","valueRequired":true,"valueName":"search_term_string"}}],"inLanguage":"fr-FR"},{"@type":"Organization","@id":"https:\/\/realmedservices.com\/fr\/#organization","name":"Real Med Services","url":"https:\/\/realmedservices.com\/fr\/","logo":{"@type":"ImageObject","inLanguage":"fr-FR","@id":"https:\/\/realmedservices.com\/fr\/#\/schema\/logo\/image\/","url":"https:\/\/realmedservices.com\/fr\/wp-content\/uploads\/2020\/06\/Real-med-services-Logo-1-e1592769264302.png","contentUrl":"https:\/\/realmedservices.com\/fr\/wp-content\/uploads\/2020\/06\/Real-med-services-Logo-1-e1592769264302.png","width":89,"height":50,"caption":"Real Med Services"},"image":{"@id":"https:\/\/realmedservices.com\/fr\/#\/schema\/logo\/image\/"},"sameAs":["https:\/\/www.facebook.com\/rmsfrance","https:\/\/x.com\/Realmedservices","https:\/\/www.instagram.com\/realmedservices\/","https:\/\/fr.linkedin.com\/company\/realmedservices"]}]}},"_links":{"self":[{"href":"https:\/\/realmedservices.com\/fr\/wp-json\/wp\/v2\/pages\/11259"}],"collection":[{"href":"https:\/\/realmedservices.com\/fr\/wp-json\/wp\/v2\/pages"}],"about":[{"href":"https:\/\/realmedservices.com\/fr\/wp-json\/wp\/v2\/types\/page"}],"author":[{"embeddable":true,"href":"https:\/\/realmedservices.com\/fr\/wp-json\/wp\/v2\/users\/1"}],"replies":[{"embeddable":true,"href":"https:\/\/realmedservices.com\/fr\/wp-json\/wp\/v2\/comments?post=11259"}],"version-history":[{"count":0,"href":"https:\/\/realmedservices.com\/fr\/wp-json\/wp\/v2\/pages\/11259\/revisions"}],"wp:attachment":[{"href":"https:\/\/realmedservices.com\/fr\/wp-json\/wp\/v2\/media?parent=11259"}],"curies":[{"name":"wp","href":"https:\/\/api.w.org\/{rel}","templated":true}]}}