{"id":11278,"date":"2020-05-18T22:52:55","date_gmt":"2020-05-18T20:52:55","guid":{"rendered":"https:\/\/realmedservices.com\/FR\/?page_id=11269"},"modified":"2020-07-07T11:33:44","modified_gmt":"2020-07-07T11:33:44","slug":"notre-philosophie","status":"publish","type":"page","link":"https:\/\/realmedservices.com\/fr\/notre-philosophie\/","title":{"rendered":"Notre philosophie"},"content":{"rendered":"\t\t<div data-elementor-type=\"wp-page\" data-elementor-id=\"11278\" class=\"elementor elementor-11278\">\n\t\t\t\t\t\t<section class=\"elementor-section elementor-top-section elementor-element elementor-element-8d4059a elementor-section-boxed elementor-section-height-default elementor-section-height-default none\" data-id=\"8d4059a\" data-element_type=\"section\">\n\t\t\t\t\t\t<div class=\"elementor-container elementor-column-gap-default\">\n\t\t\t\t\t<div class=\"elementor-column elementor-col-100 elementor-top-column elementor-element elementor-element-31177ee none\" data-id=\"31177ee\" data-element_type=\"column\">\n\t\t\t<div class=\"elementor-widget-wrap elementor-element-populated\">\n\t\t\t\t\t\t<div class=\"elementor-element elementor-element-9159be4 none elementor-widget elementor-widget-heading\" data-id=\"9159be4\" data-element_type=\"widget\" data-widget_type=\"heading.default\">\n\t\t\t\t<div class=\"elementor-widget-container\">\n\t\t\t<h2 class=\"elementor-heading-title elementor-size-default\">Une philosophie au service d'une \u00e9thique<\/h2>\t\t<\/div>\n\t\t\t\t<\/div>\n\t\t\t\t\t<\/div>\n\t\t<\/div>\n\t\t\t\t\t<\/div>\n\t\t<\/section>\n\t\t\t\t<section class=\"elementor-section elementor-top-section elementor-element elementor-element-da652a7 elementor-section-boxed elementor-section-height-default elementor-section-height-default none\" data-id=\"da652a7\" data-element_type=\"section\">\n\t\t\t\t\t\t<div class=\"elementor-container elementor-column-gap-default\">\n\t\t\t\t\t<div class=\"elementor-column elementor-col-100 elementor-top-column elementor-element elementor-element-82a257d none\" data-id=\"82a257d\" data-element_type=\"column\">\n\t\t\t<div class=\"elementor-widget-wrap elementor-element-populated\">\n\t\t\t\t\t\t<div class=\"elementor-element elementor-element-aace6c1 none elementor-widget elementor-widget-spacer\" data-id=\"aace6c1\" data-element_type=\"widget\" data-widget_type=\"spacer.default\">\n\t\t\t\t<div class=\"elementor-widget-container\">\n\t\t\t\t\t<div class=\"elementor-spacer\">\n\t\t\t<div class=\"elementor-spacer-inner\"><\/div>\n\t\t<\/div>\n\t\t\t\t<\/div>\n\t\t\t\t<\/div>\n\t\t\t\t\t<\/div>\n\t\t<\/div>\n\t\t\t\t\t<\/div>\n\t\t<\/section>\n\t\t\t\t<section class=\"elementor-section elementor-top-section elementor-element elementor-element-57879f8 elementor-section-boxed elementor-section-height-default elementor-section-height-default none\" data-id=\"57879f8\" data-element_type=\"section\">\n\t\t\t\t\t\t<div class=\"elementor-container elementor-column-gap-default\">\n\t\t\t\t\t<div class=\"elementor-column elementor-col-100 elementor-top-column elementor-element elementor-element-248e1c3 none\" data-id=\"248e1c3\" data-element_type=\"column\">\n\t\t\t<div class=\"elementor-widget-wrap elementor-element-populated\">\n\t\t\t\t\t\t<div class=\"elementor-element elementor-element-c57f129 none elementor-widget elementor-widget-image\" data-id=\"c57f129\" data-element_type=\"widget\" data-widget_type=\"image.default\">\n\t\t\t\t<div class=\"elementor-widget-container\">\n\t\t\t\t\t\t\t\t\t\t\t\t\t<img fetchpriority=\"high\" decoding=\"async\" width=\"1024\" height=\"134\" src=\"https:\/\/realmedservices.com\/fr\/wp-content\/uploads\/2020\/06\/AdobeStock_298511775-1024x134.jpeg\" class=\"attachment-large size-large wp-image-11320 wp-post-image\" alt=\"Equipe m\u00e9dicale\" srcset=\"https:\/\/realmedservices.com\/fr\/wp-content\/uploads\/2020\/06\/AdobeStock_298511775-1024x134.jpeg 1024w, https:\/\/realmedservices.com\/fr\/wp-content\/uploads\/2020\/06\/AdobeStock_298511775-300x39.jpeg 300w, https:\/\/realmedservices.com\/fr\/wp-content\/uploads\/2020\/06\/AdobeStock_298511775-768x101.jpeg 768w, https:\/\/realmedservices.com\/fr\/wp-content\/uploads\/2020\/06\/AdobeStock_298511775-1536x201.jpeg 1536w, https:\/\/realmedservices.com\/fr\/wp-content\/uploads\/2020\/06\/AdobeStock_298511775-2048x268.jpeg 2048w, https:\/\/realmedservices.com\/fr\/wp-content\/uploads\/2020\/06\/AdobeStock_298511775-600x79.jpeg 600w, https:\/\/realmedservices.com\/fr\/wp-content\/uploads\/2020\/06\/AdobeStock_298511775-64x8.jpeg 64w\" sizes=\"(max-width: 1024px) 100vw, 1024px\" \/>\t\t\t\t\t\t\t\t\t\t\t\t\t<\/div>\n\t\t\t\t<\/div>\n\t\t\t\t\t<\/div>\n\t\t<\/div>\n\t\t\t\t\t<\/div>\n\t\t<\/section>\n\t\t\t\t<section class=\"elementor-section elementor-top-section elementor-element elementor-element-24534e78 elementor-section-boxed elementor-section-height-default elementor-section-height-default none\" data-id=\"24534e78\" data-element_type=\"section\">\n\t\t\t\t\t\t<div class=\"elementor-container elementor-column-gap-default\">\n\t\t\t\t\t<div class=\"elementor-column elementor-col-100 elementor-top-column elementor-element elementor-element-534be338 none\" data-id=\"534be338\" data-element_type=\"column\">\n\t\t\t<div class=\"elementor-widget-wrap elementor-element-populated\">\n\t\t\t\t\t\t<div class=\"elementor-element elementor-element-7f7cb554 elementor-drop-cap-yes elementor-drop-cap-view-default none elementor-widget elementor-widget-text-editor\" data-id=\"7f7cb554\" data-element_type=\"widget\" data-settings=\"{&quot;drop_cap&quot;:&quot;yes&quot;}\" data-widget_type=\"text-editor.default\">\n\t\t\t\t<div class=\"elementor-widget-container\">\n\t\t\t\t\t\t\t<p><!-- wp:paragraph --><\/p>\n<p>Notre philosophie consiste \u00e0 mettre en \u0153uvre tous les savoir-faire disponibles pour servir la relation patient-m\u00e9decin. Ainsi, notre exp\u00e9rience de manager qualifi\u00e9s permet d\u2019\u00e9conomiser le temps du m\u00e9decin en le soulageant des contraintes pesant sur son quotidien professionnel et personnel.<\/p>\n<p>Comment ce confort est il financi\u00e8rement abordable pour un m\u00e9decin ind\u00e9pendant&nbsp;?<\/p>\n<p>Notre repose sur lebesoin d\u2019une intervention et d\u2019une comp\u00e9tence de gestion, sp\u00e9cifique et ponctuelle proportionn\u00e9e \u00e0 son chiffre d\u2019affaires et \u00e0 la taille de sa structure. En fait, ces interventions cr\u00e9ent une valeur ajout\u00e9e important mais n\u2019impliquent pas la cr\u00e9ation d\u2019un poste \u00e0 temps plein qui appara\u00eetrait trop lourd en termes d\u2019horaires comme de co\u00fbt. Real Med Services applique d\u00e8s lors les recettes de l\u2019\u00e9conomie collaborative aux cabinets m\u00e9dicaux. Nous r\u00e9partissons le manager entre diff\u00e9rents m\u00e9decins ce qui permet \u00e0 chacun d\u2019avoir une intervention proportionn\u00e9e pour son cabinet. Il s\u2019agit en quelques sortes d\u2019une centrale d\u2019achat de comp\u00e9tences qui permet comme pour le mat\u00e9riel de disposer des meilleurs tarifs et surtout de fractionner l\u2019usage entre tous.<\/p>\n<p>En outre, Real Med Services convertit votre charge de travail \u00abinvisible&nbsp;\u00bb en une charge d\u00e9ductible. Le temps que vous d\u00e9di\u00e9s \u00e0 un certain nombre de t\u00e2ches est un co\u00fbt non d\u00e9ductible de vos frais professionnels. En externalisant ce co\u00fbt, vous pouvez le d\u00e9duire ce qui en r\u00e9duit l\u2019impact financier tant sur votre chiffre d\u2019affaires que sur vos frais de gestion perceptibles ou non. Avec une structure de gestion optimis\u00e9e, vous lib\u00e9rez des revenus et du temps que vous consacrez \u00e0 vous et \u00e0 vos patients.<\/p>\n<p>Avec Real Med Services, la gestion du cabinet m\u00e9dical b\u00e9n\u00e9ficie d\u2019un soutien ponctuel ou continu. Parmi nos offres, il y en a n\u00e9cessairement une qui vous permet de b\u00e9n\u00e9ficier du confort Real Med Services. Enfin, notre syst\u00e8me sur mesure, vous permet de faire cr\u00e9er une offre pour n\u2019importe quel probl\u00e8me que vous auriez \u00e0 g\u00e9rer et qui ne figurerait pas dans notre palette actuelle. Notre r\u00e9seau de partenaires et d\u2019experts a forc\u00e9ment la solution&nbsp;!<\/p>\n<p>Nous sommes impatients de prendre soin de vous comme vous prenez soin de vos patients&nbsp;!<\/p>\n<p><b>L\u2019\u00e9quipe Real Med Services<\/b><\/p>\n<p><!-- \/wp:paragraph --><!-- wp:quote --><\/p>\n<p><\/p>\n<p><!-- \/wp:paragraph --><\/p>\t\t\t\t\t\t<\/div>\n\t\t\t\t<\/div>\n\t\t\t\t\t<\/div>\n\t\t<\/div>\n\t\t\t\t\t<\/div>\n\t\t<\/section>\n\t\t\t\t<\/div>\n\t\t","protected":false},"excerpt":{"rendered":"<p>Une philosophie au service d&rsquo;une \u00e9thique Notre philosophie consiste \u00e0 mettre en \u0153uvre tous les savoir-faire disponibles pour servir la relation patient-m\u00e9decin. Ainsi, notre exp\u00e9rience de manager qualifi\u00e9s permet d\u2019\u00e9conomiser le temps du m\u00e9decin en le soulageant des contraintes pesant sur son quotidien professionnel et personnel. Comment ce confort est il financi\u00e8rement abordable pour un [&hellip;]<\/p>\n","protected":false},"author":1,"featured_media":0,"parent":0,"menu_order":0,"comment_status":"closed","ping_status":"closed","template":"","meta":{"footnotes":""},"class_list":["post-11278","page","type-page","status-publish","hentry"],"yoast_head":"<!-- This site is optimized with the Yoast SEO plugin v23.4 - https:\/\/yoast.com\/wordpress\/plugins\/seo\/ -->\n<title>Notre philosophie de travail- D\u00e9couvrez Real Med Services<\/title>\n<meta name=\"description\" content=\"Notre philosophie de travail repose sur une conception fond\u00e9e sur la libert\u00e9 du praticien et le fait de le soulager de ce qui n&#039;est pas m\u00e9dical\" \/>\n<meta name=\"robots\" content=\"index, follow, max-snippet:-1, max-image-preview:large, max-video-preview:-1\" \/>\n<link rel=\"canonical\" href=\"https:\/\/realmedservices.com\/fr\/notre-philosophie\/\" \/>\n<meta property=\"og:locale\" content=\"fr_FR\" \/>\n<meta property=\"og:type\" content=\"article\" \/>\n<meta property=\"og:title\" content=\"Notre philosophie de travail- D\u00e9couvrez Real Med Services\" \/>\n<meta property=\"og:description\" content=\"Notre philosophie de travail repose sur une conception fond\u00e9e sur la libert\u00e9 du praticien et le fait de le soulager de ce qui n&#039;est pas m\u00e9dical\" \/>\n<meta property=\"og:url\" content=\"https:\/\/realmedservices.com\/fr\/notre-philosophie\/\" \/>\n<meta property=\"og:site_name\" content=\"Real Med Services\" \/>\n<meta property=\"article:publisher\" content=\"https:\/\/www.facebook.com\/rmsfrance\" \/>\n<meta property=\"article:modified_time\" content=\"2020-07-07T11:33:44+00:00\" \/>\n<meta property=\"og:image\" content=\"https:\/\/realmedservices.com\/fr\/wp-content\/uploads\/2020\/06\/AdobeStock_298511775-1024x134.jpeg\" \/>\n<meta name=\"twitter:card\" content=\"summary_large_image\" \/>\n<meta name=\"twitter:site\" content=\"@Realmedservices\" \/>\n<meta name=\"twitter:label1\" content=\"Dur\u00e9e de lecture estim\u00e9e\" \/>\n\t<meta name=\"twitter:data1\" content=\"2 minutes\" \/>\n<script type=\"application\/ld+json\" class=\"yoast-schema-graph\">{\"@context\":\"https:\/\/schema.org\",\"@graph\":[{\"@type\":\"WebPage\",\"@id\":\"https:\/\/realmedservices.com\/fr\/notre-philosophie\/\",\"url\":\"https:\/\/realmedservices.com\/fr\/notre-philosophie\/\",\"name\":\"Notre philosophie de travail- D\u00e9couvrez Real Med Services\",\"isPartOf\":{\"@id\":\"https:\/\/realmedservices.com\/fr\/#website\"},\"primaryImageOfPage\":{\"@id\":\"https:\/\/realmedservices.com\/fr\/notre-philosophie\/#primaryimage\"},\"image\":{\"@id\":\"https:\/\/realmedservices.com\/fr\/notre-philosophie\/#primaryimage\"},\"thumbnailUrl\":\"https:\/\/realmedservices.com\/fr\/wp-content\/uploads\/2020\/06\/AdobeStock_298511775-1024x134.jpeg\",\"datePublished\":\"2020-05-18T20:52:55+00:00\",\"dateModified\":\"2020-07-07T11:33:44+00:00\",\"description\":\"Notre philosophie de travail repose sur une conception fond\u00e9e sur la libert\u00e9 du praticien et le fait de le soulager de ce qui n'est pas m\u00e9dical\",\"breadcrumb\":{\"@id\":\"https:\/\/realmedservices.com\/fr\/notre-philosophie\/#breadcrumb\"},\"inLanguage\":\"fr-FR\",\"potentialAction\":[{\"@type\":\"ReadAction\",\"target\":[\"https:\/\/realmedservices.com\/fr\/notre-philosophie\/\"]}]},{\"@type\":\"ImageObject\",\"inLanguage\":\"fr-FR\",\"@id\":\"https:\/\/realmedservices.com\/fr\/notre-philosophie\/#primaryimage\",\"url\":\"https:\/\/realmedservices.com\/fr\/wp-content\/uploads\/2020\/06\/AdobeStock_298511775-1024x134.jpeg\",\"contentUrl\":\"https:\/\/realmedservices.com\/fr\/wp-content\/uploads\/2020\/06\/AdobeStock_298511775-1024x134.jpeg\"},{\"@type\":\"BreadcrumbList\",\"@id\":\"https:\/\/realmedservices.com\/fr\/notre-philosophie\/#breadcrumb\",\"itemListElement\":[{\"@type\":\"ListItem\",\"position\":1,\"name\":\"Accueil\",\"item\":\"https:\/\/realmedservices.com\/fr\/\"},{\"@type\":\"ListItem\",\"position\":2,\"name\":\"Notre philosophie\"}]},{\"@type\":\"WebSite\",\"@id\":\"https:\/\/realmedservices.com\/fr\/#website\",\"url\":\"https:\/\/realmedservices.com\/fr\/\",\"name\":\"Real Med Services\",\"description\":\"La libert\u00e9 et le confort des m\u00e9decins\",\"publisher\":{\"@id\":\"https:\/\/realmedservices.com\/fr\/#organization\"},\"potentialAction\":[{\"@type\":\"SearchAction\",\"target\":{\"@type\":\"EntryPoint\",\"urlTemplate\":\"https:\/\/realmedservices.com\/fr\/?s={search_term_string}\"},\"query-input\":{\"@type\":\"PropertyValueSpecification\",\"valueRequired\":true,\"valueName\":\"search_term_string\"}}],\"inLanguage\":\"fr-FR\"},{\"@type\":\"Organization\",\"@id\":\"https:\/\/realmedservices.com\/fr\/#organization\",\"name\":\"Real Med Services\",\"url\":\"https:\/\/realmedservices.com\/fr\/\",\"logo\":{\"@type\":\"ImageObject\",\"inLanguage\":\"fr-FR\",\"@id\":\"https:\/\/realmedservices.com\/fr\/#\/schema\/logo\/image\/\",\"url\":\"https:\/\/realmedservices.com\/fr\/wp-content\/uploads\/2020\/06\/Real-med-services-Logo-1-e1592769264302.png\",\"contentUrl\":\"https:\/\/realmedservices.com\/fr\/wp-content\/uploads\/2020\/06\/Real-med-services-Logo-1-e1592769264302.png\",\"width\":89,\"height\":50,\"caption\":\"Real Med Services\"},\"image\":{\"@id\":\"https:\/\/realmedservices.com\/fr\/#\/schema\/logo\/image\/\"},\"sameAs\":[\"https:\/\/www.facebook.com\/rmsfrance\",\"https:\/\/x.com\/Realmedservices\",\"https:\/\/www.instagram.com\/realmedservices\/\",\"https:\/\/fr.linkedin.com\/company\/realmedservices\"]}]}<\/script>\n<!-- \/ Yoast SEO plugin. -->","yoast_head_json":{"title":"Notre philosophie de travail- D\u00e9couvrez Real Med Services","description":"Notre philosophie de travail repose sur une conception fond\u00e9e sur la libert\u00e9 du praticien et le fait de le soulager de ce qui n'est pas m\u00e9dical","robots":{"index":"index","follow":"follow","max-snippet":"max-snippet:-1","max-image-preview":"max-image-preview:large","max-video-preview":"max-video-preview:-1"},"canonical":"https:\/\/realmedservices.com\/fr\/notre-philosophie\/","og_locale":"fr_FR","og_type":"article","og_title":"Notre philosophie de travail- D\u00e9couvrez Real Med Services","og_description":"Notre philosophie de travail repose sur une conception fond\u00e9e sur la libert\u00e9 du praticien et le fait de le soulager de ce qui n'est pas m\u00e9dical","og_url":"https:\/\/realmedservices.com\/fr\/notre-philosophie\/","og_site_name":"Real Med Services","article_publisher":"https:\/\/www.facebook.com\/rmsfrance","article_modified_time":"2020-07-07T11:33:44+00:00","og_image":[{"url":"https:\/\/realmedservices.com\/fr\/wp-content\/uploads\/2020\/06\/AdobeStock_298511775-1024x134.jpeg"}],"twitter_card":"summary_large_image","twitter_site":"@Realmedservices","twitter_misc":{"Dur\u00e9e de lecture estim\u00e9e":"2 minutes"},"schema":{"@context":"https:\/\/schema.org","@graph":[{"@type":"WebPage","@id":"https:\/\/realmedservices.com\/fr\/notre-philosophie\/","url":"https:\/\/realmedservices.com\/fr\/notre-philosophie\/","name":"Notre philosophie de travail- D\u00e9couvrez Real Med Services","isPartOf":{"@id":"https:\/\/realmedservices.com\/fr\/#website"},"primaryImageOfPage":{"@id":"https:\/\/realmedservices.com\/fr\/notre-philosophie\/#primaryimage"},"image":{"@id":"https:\/\/realmedservices.com\/fr\/notre-philosophie\/#primaryimage"},"thumbnailUrl":"https:\/\/realmedservices.com\/fr\/wp-content\/uploads\/2020\/06\/AdobeStock_298511775-1024x134.jpeg","datePublished":"2020-05-18T20:52:55+00:00","dateModified":"2020-07-07T11:33:44+00:00","description":"Notre philosophie de travail repose sur une conception fond\u00e9e sur la libert\u00e9 du praticien et le fait de le soulager de ce qui n'est pas m\u00e9dical","breadcrumb":{"@id":"https:\/\/realmedservices.com\/fr\/notre-philosophie\/#breadcrumb"},"inLanguage":"fr-FR","potentialAction":[{"@type":"ReadAction","target":["https:\/\/realmedservices.com\/fr\/notre-philosophie\/"]}]},{"@type":"ImageObject","inLanguage":"fr-FR","@id":"https:\/\/realmedservices.com\/fr\/notre-philosophie\/#primaryimage","url":"https:\/\/realmedservices.com\/fr\/wp-content\/uploads\/2020\/06\/AdobeStock_298511775-1024x134.jpeg","contentUrl":"https:\/\/realmedservices.com\/fr\/wp-content\/uploads\/2020\/06\/AdobeStock_298511775-1024x134.jpeg"},{"@type":"BreadcrumbList","@id":"https:\/\/realmedservices.com\/fr\/notre-philosophie\/#breadcrumb","itemListElement":[{"@type":"ListItem","position":1,"name":"Accueil","item":"https:\/\/realmedservices.com\/fr\/"},{"@type":"ListItem","position":2,"name":"Notre philosophie"}]},{"@type":"WebSite","@id":"https:\/\/realmedservices.com\/fr\/#website","url":"https:\/\/realmedservices.com\/fr\/","name":"Real Med Services","description":"La libert\u00e9 et le confort des m\u00e9decins","publisher":{"@id":"https:\/\/realmedservices.com\/fr\/#organization"},"potentialAction":[{"@type":"SearchAction","target":{"@type":"EntryPoint","urlTemplate":"https:\/\/realmedservices.com\/fr\/?s={search_term_string}"},"query-input":{"@type":"PropertyValueSpecification","valueRequired":true,"valueName":"search_term_string"}}],"inLanguage":"fr-FR"},{"@type":"Organization","@id":"https:\/\/realmedservices.com\/fr\/#organization","name":"Real Med Services","url":"https:\/\/realmedservices.com\/fr\/","logo":{"@type":"ImageObject","inLanguage":"fr-FR","@id":"https:\/\/realmedservices.com\/fr\/#\/schema\/logo\/image\/","url":"https:\/\/realmedservices.com\/fr\/wp-content\/uploads\/2020\/06\/Real-med-services-Logo-1-e1592769264302.png","contentUrl":"https:\/\/realmedservices.com\/fr\/wp-content\/uploads\/2020\/06\/Real-med-services-Logo-1-e1592769264302.png","width":89,"height":50,"caption":"Real Med Services"},"image":{"@id":"https:\/\/realmedservices.com\/fr\/#\/schema\/logo\/image\/"},"sameAs":["https:\/\/www.facebook.com\/rmsfrance","https:\/\/x.com\/Realmedservices","https:\/\/www.instagram.com\/realmedservices\/","https:\/\/fr.linkedin.com\/company\/realmedservices"]}]}},"_links":{"self":[{"href":"https:\/\/realmedservices.com\/fr\/wp-json\/wp\/v2\/pages\/11278"}],"collection":[{"href":"https:\/\/realmedservices.com\/fr\/wp-json\/wp\/v2\/pages"}],"about":[{"href":"https:\/\/realmedservices.com\/fr\/wp-json\/wp\/v2\/types\/page"}],"author":[{"embeddable":true,"href":"https:\/\/realmedservices.com\/fr\/wp-json\/wp\/v2\/users\/1"}],"replies":[{"embeddable":true,"href":"https:\/\/realmedservices.com\/fr\/wp-json\/wp\/v2\/comments?post=11278"}],"version-history":[{"count":4,"href":"https:\/\/realmedservices.com\/fr\/wp-json\/wp\/v2\/pages\/11278\/revisions"}],"predecessor-version":[{"id":11736,"href":"https:\/\/realmedservices.com\/fr\/wp-json\/wp\/v2\/pages\/11278\/revisions\/11736"}],"wp:attachment":[{"href":"https:\/\/realmedservices.com\/fr\/wp-json\/wp\/v2\/media?parent=11278"}],"curies":[{"name":"wp","href":"https:\/\/api.w.org\/{rel}","templated":true}]}}