{"id":11576,"date":"2020-06-22T14:23:53","date_gmt":"2020-06-22T14:23:53","guid":{"rendered":"https:\/\/realmedservices.com\/fr\/?page_id=11576"},"modified":"2020-06-24T11:22:43","modified_gmt":"2020-06-24T11:22:43","slug":"vous-installer-2","status":"publish","type":"page","link":"https:\/\/realmedservices.com\/fr\/vous-installer-2\/","title":{"rendered":"Vous installer"},"content":{"rendered":"\t\t<div data-elementor-type=\"wp-page\" data-elementor-id=\"11576\" class=\"elementor elementor-11576\">\n\t\t\t\t\t\t<section class=\"elementor-section elementor-top-section elementor-element elementor-element-a607a02 elementor-section-boxed elementor-section-height-default elementor-section-height-default none\" data-id=\"a607a02\" data-element_type=\"section\">\n\t\t\t\t\t\t<div class=\"elementor-container elementor-column-gap-default\">\n\t\t\t\t\t<div class=\"elementor-column elementor-col-100 elementor-top-column elementor-element elementor-element-1d96434 none\" data-id=\"1d96434\" data-element_type=\"column\">\n\t\t\t<div class=\"elementor-widget-wrap\">\n\t\t\t\t\t\t\t<\/div>\n\t\t<\/div>\n\t\t\t\t\t<\/div>\n\t\t<\/section>\n\t\t\t\t<section class=\"elementor-section elementor-top-section elementor-element elementor-element-1d89c41 elementor-section-boxed elementor-section-height-default elementor-section-height-default none\" data-id=\"1d89c41\" data-element_type=\"section\">\n\t\t\t\t\t\t<div class=\"elementor-container elementor-column-gap-default\">\n\t\t\t\t\t<div class=\"elementor-column elementor-col-100 elementor-top-column elementor-element elementor-element-24060db none\" data-id=\"24060db\" data-element_type=\"column\">\n\t\t\t<div class=\"elementor-widget-wrap elementor-element-populated\">\n\t\t\t\t\t\t<div class=\"elementor-element elementor-element-e7db1fd none elementor-widget elementor-widget-image\" data-id=\"e7db1fd\" data-element_type=\"widget\" data-widget_type=\"image.default\">\n\t\t\t\t<div class=\"elementor-widget-container\">\n\t\t\t\t\t\t\t\t\t\t\t\t\t<img decoding=\"async\" src=\"https:\/\/realmedservices.com\/fr\/wp-content\/uploads\/elementor\/thumbs\/AdobeStock_97049445-scaled-e1592836156279-orvn6265dy3g66jnac3yucsf5kju4lt7qd6wikgvzk.jpeg\" title=\"Equipment in a doctors office\" alt=\"Int\u00e9rieur d&#039;une salle de consultation\" loading=\"lazy\" \/>\t\t\t\t\t\t\t\t\t\t\t\t\t<\/div>\n\t\t\t\t<\/div>\n\t\t\t\t<div class=\"elementor-element elementor-element-1c65e1a none elementor-widget elementor-widget-text-editor\" data-id=\"1c65e1a\" data-element_type=\"widget\" data-widget_type=\"text-editor.default\">\n\t\t\t\t<div class=\"elementor-widget-container\">\n\t\t\t\t\t\t\t<h3>\u00a0<\/h3><h3 class=\"widget-title\">S&rsquo;installer redevient simple et sur<\/h3><section class=\"elementor-element elementor-element-b98aa98 elementor-section-boxed elementor-section-height-default elementor-section-height-default none elementor-section elementor-top-section\" data-id=\"b98aa98\" data-element_type=\"section\"><div class=\"elementor-container elementor-column-gap-default\"><div class=\"elementor-row\"><div class=\"elementor-element elementor-element-ff3d7a0 none elementor-column elementor-col-100 elementor-top-column\" data-id=\"ff3d7a0\" data-element_type=\"column\"><div class=\"elementor-column-wrap elementor-element-populated\"><div class=\"elementor-widget-wrap\"><div class=\"elementor-element elementor-element-7272a26 none elementor-widget elementor-widget-text-editor\" data-id=\"7272a26\" data-element_type=\"widget\" data-widget_type=\"text-editor.default\"><div class=\"elementor-widget-container\"><div class=\"elementor-text-editor elementor-clearfix\"><section class=\"elementor-element elementor-element-8c7bb98 elementor-section-boxed elementor-section-height-default elementor-section-height-default elementor-section elementor-top-section\" data-id=\"8c7bb98\" data-element_type=\"section\"><div class=\"elementor-container elementor-column-gap-default\"><div class=\"elementor-row\"><div class=\"elementor-element elementor-element-48f7b5f elementor-column elementor-col-100 elementor-top-column\" data-id=\"48f7b5f\" data-element_type=\"column\"><div class=\"elementor-column-wrap elementor-element-populated\"><div class=\"elementor-widget-wrap\"><div class=\"elementor-element elementor-element-7b61cba elementor-widget elementor-widget-text-editor\" data-id=\"7b61cba\" data-element_type=\"widget\" data-widget_type=\"text-editor.default\"><div class=\"elementor-widget-container\"><div class=\"elementor-text-editor elementor-clearfix\"><p>Avec Real Med Services, l&rsquo;installation pr\u00e9serve votre libert\u00e9 et votre confort, d\u00e9couvrez comment<\/p><\/div><\/div><\/div><\/div><\/div><\/div><\/div><\/div><\/section><\/div><\/div><\/div><\/div><\/div><\/div><\/div><\/div><\/section>\t\t\t\t\t\t<\/div>\n\t\t\t\t<\/div>\n\t\t\t\t\t<\/div>\n\t\t<\/div>\n\t\t\t\t\t<\/div>\n\t\t<\/section>\n\t\t\t\t<section class=\"elementor-section elementor-top-section elementor-element elementor-element-c66ecf9 elementor-section-boxed elementor-section-height-default elementor-section-height-default none\" data-id=\"c66ecf9\" data-element_type=\"section\">\n\t\t\t\t\t\t<div class=\"elementor-container elementor-column-gap-default\">\n\t\t\t\t\t<div class=\"elementor-column elementor-col-100 elementor-top-column elementor-element elementor-element-497e2ef none\" data-id=\"497e2ef\" data-element_type=\"column\">\n\t\t\t<div class=\"elementor-widget-wrap elementor-element-populated\">\n\t\t\t\t\t\t<div class=\"elementor-element elementor-element-98c473e none elementor-widget elementor-widget-spacer\" data-id=\"98c473e\" data-element_type=\"widget\" data-widget_type=\"spacer.default\">\n\t\t\t\t<div class=\"elementor-widget-container\">\n\t\t\t\t\t<div class=\"elementor-spacer\">\n\t\t\t<div class=\"elementor-spacer-inner\"><\/div>\n\t\t<\/div>\n\t\t\t\t<\/div>\n\t\t\t\t<\/div>\n\t\t\t\t\t<\/div>\n\t\t<\/div>\n\t\t\t\t\t<\/div>\n\t\t<\/section>\n\t\t\t\t<section class=\"elementor-section elementor-top-section elementor-element elementor-element-5cc6f28 elementor-section-boxed elementor-section-height-default elementor-section-height-default none\" data-id=\"5cc6f28\" data-element_type=\"section\">\n\t\t\t\t\t\t<div class=\"elementor-container elementor-column-gap-default\">\n\t\t\t\t\t<div class=\"elementor-column elementor-col-100 elementor-top-column elementor-element elementor-element-7544867 none\" data-id=\"7544867\" data-element_type=\"column\">\n\t\t\t<div class=\"elementor-widget-wrap elementor-element-populated\">\n\t\t\t\t\t\t<div class=\"elementor-element elementor-element-e8d17f6 none elementor-widget elementor-widget-wp-widget-custom_html\" data-id=\"e8d17f6\" data-element_type=\"widget\" data-widget_type=\"wp-widget-custom_html.default\">\n\t\t\t\t<div class=\"elementor-widget-container\">\n\t\t\t<div class=\"textwidget custom-html-widget\"><\/div>\t\t<\/div>\n\t\t\t\t<\/div>\n\t\t\t\t\t<\/div>\n\t\t<\/div>\n\t\t\t\t\t<\/div>\n\t\t<\/section>\n\t\t\t\t<section class=\"elementor-section elementor-top-section elementor-element elementor-element-7f437a0 elementor-section-height-min-height elementor-section-boxed elementor-section-height-default elementor-section-items-middle none\" data-id=\"7f437a0\" data-element_type=\"section\">\n\t\t\t\t\t\t<div class=\"elementor-container elementor-column-gap-default\">\n\t\t\t\t\t<div class=\"elementor-column elementor-col-100 elementor-top-column elementor-element elementor-element-fd48155 none\" data-id=\"fd48155\" data-element_type=\"column\">\n\t\t\t<div class=\"elementor-widget-wrap elementor-element-populated\">\n\t\t\t\t\t\t<div class=\"elementor-element elementor-element-6a9768f none elementor-widget elementor-widget-ovic_products\" data-id=\"6a9768f\" data-element_type=\"widget\" data-widget_type=\"ovic_products.default\">\n\t\t\t\t<div class=\"elementor-widget-container\">\n\t\t\t<div data-id=\"products_111\" class=\"ovic-products   style-01 products_111 infinite-products\"><div class=\"woocommerce columns-3 \"><ul class=\"products product_category equal-container better-height no-rating product-list-owl owl-slick rows-space-0\" data-limit=\"22\" data-next_page=\"2\" data-total_page=\"1\"  data-slick={&quot;slidesToShow&quot;:6,&quot;infinite&quot;:false,&quot;arrows&quot;:true,&quot;rows&quot;:4,&quot;slidesMargin&quot;:30,&quot;speed&quot;:500,&quot;dots&quot;:true,&quot;responsive&quot;:[{&quot;breakpoint&quot;:1500,&quot;settings&quot;:{&quot;slidesToShow&quot;:4,&quot;slidesMargin&quot;:30,&quot;rows&quot;:1,&quot;vertical&quot;:false}},{&quot;breakpoint&quot;:1200,&quot;settings&quot;:{&quot;slidesToShow&quot;:4,&quot;slidesMargin&quot;:30,&quot;rows&quot;:1,&quot;vertical&quot;:false}},{&quot;breakpoint&quot;:992,&quot;settings&quot;:{&quot;slidesToShow&quot;:3,&quot;slidesMargin&quot;:20,&quot;rows&quot;:1,&quot;vertical&quot;:false}},{&quot;breakpoint&quot;:768,&quot;settings&quot;:{&quot;slidesToShow&quot;:2,&quot;slidesMargin&quot;:20,&quot;rows&quot;:1,&quot;vertical&quot;:false}},{&quot;breakpoint&quot;:480,&quot;settings&quot;:{&quot;slidesToShow&quot;:2,&quot;slidesMargin&quot;:10,&quot;rows&quot;:1,&quot;vertical&quot;:false}}]} ><li data-product_id=\"11600\" class=\"product-item style-01 short-title product type-product post-11600 status-publish first instock product_cat-installation has-post-thumbnail virtual taxable purchasable product-type-simple\">\n\t    <div class=\"product-inner\">\n\t\t        <div class=\"product-thumb images\">\n\t\t\t        <div class=\"thumb-wrapper\">\n            <a class=\"thumb-link hover-change woocommerce-product-gallery__image\"\n               href=\"https:\/\/realmedservices.com\/fr\/product\/votre-entretien-pour-preparer-votre-installation\/\">\n                <figure class=\"primary-thumb\"><img fetchpriority=\"high\" decoding=\"async\" width=\"600\" height=\"600\" src=\"https:\/\/realmedservices.com\/fr\/wp-content\/uploads\/2020\/06\/AdobeStock_97049445-scaled-e1592836156279-600x600.jpeg\" class=\"attachment-600x600 size-600x600 wp-post-image\" alt=\"Int\u00e9rieur d&#039;une salle de consultation\" \/><\/figure>            <\/a>\n        <\/div>\n                <\/div>\n        <div class=\"product-info equal-elem\">\n\t\t\t<h2 class=\"product-title\"><a href=\"https:\/\/realmedservices.com\/fr\/product\/votre-entretien-pour-preparer-votre-installation\/\">Entretien d&rsquo;installation gratuit<\/a><\/h2>\n\t<span class=\"price\"><span class=\"woocommerce-Price-amount amount\"><bdi><span class=\"woocommerce-Price-currencySymbol\">&euro;<\/span>0.00<\/bdi><\/span><\/span>\n        <\/div>\n        <span class=\"add-to-cart\" data-title=\"Ajouter au panier\"><a href=\"https:\/\/realmedservices.com\/fr\/wp-json\/wp\/v2\/pages\/11576\/?add-to-cart=11600\" data-quantity=\"1\" class=\"button product_type_simple add_to_cart_button ajax_add_to_cart\" data-product_id=\"11600\" data-product_sku=\"\" aria-label=\"Ajouter au panier\u00a0: &ldquo;Entretien d&#039;installation gratuit&rdquo;\" rel=\"nofollow\" data-success_message=\"\u00ab\u00a0Entretien d&#039;installation gratuit\u00a0\u00bb a \u00e9t\u00e9 ajout\u00e9 \u00e0 votre panier\">Ajouter au panier<\/a><\/span><a href=\"#\" class=\"button yith-wcqv-button\" data-product_id=\"11600\">Vue Rapide<\/a><a href=\"https:\/\/realmedservices.com\/fr?action=yith-woocompare-add-product&id=11600\" class=\"compare button\" data-product_id=\"11600\" rel=\"nofollow\">Compare<\/a>                    <div class=\"group-button\">\n                <a href=\"#\" class=\"button yith-wcqv-button\" data-product_id=\"11600\">Vue Rapide<\/a>\n<div\n\tclass=\"yith-wcwl-add-to-wishlist add-to-wishlist-11600  wishlist-fragment on-first-load\"\n\tdata-fragment-ref=\"11600\"\n\tdata-fragment-options=\"{&quot;base_url&quot;:&quot;&quot;,&quot;in_default_wishlist&quot;:false,&quot;is_single&quot;:false,&quot;show_exists&quot;:false,&quot;product_id&quot;:11600,&quot;parent_product_id&quot;:11600,&quot;product_type&quot;:&quot;simple&quot;,&quot;show_view&quot;:false,&quot;browse_wishlist_text&quot;:&quot;Browse&quot;,&quot;already_in_wishslist_text&quot;:&quot;The product is already in your wishlist!&quot;,&quot;product_added_text&quot;:&quot;Added&quot;,&quot;heading_icon&quot;:&quot;main-icon-heart ovic-wl-icon&quot;,&quot;available_multi_wishlist&quot;:false,&quot;disable_wishlist&quot;:false,&quot;show_count&quot;:false,&quot;ajax_loading&quot;:false,&quot;loop_position&quot;:&quot;after_add_to_cart&quot;,&quot;item&quot;:&quot;add_to_wishlist&quot;}\"\n>\n\t\t\t\n\t\t\t<!-- ADD TO WISHLIST -->\n\t\t\t\n<div class=\"yith-wcwl-add-button\">\n\t\t<a\n\t\thref=\"?add_to_wishlist=11600&#038;_wpnonce=be6151e02c\"\n\t\tclass=\"add_to_wishlist single_add_to_wishlist\"\n\t\tdata-product-id=\"11600\"\n\t\tdata-product-type=\"simple\"\n\t\tdata-original-product-id=\"11600\"\n\t\tdata-title=\"Wishlist\"\n\t\trel=\"nofollow\"\n\t>\n\t\t<i class=\"yith-wcwl-icon fa main-icon-heart ovic-wl-icon\"><\/i>\t\t<span>Wishlist<\/span>\n\t<\/a>\n<\/div>\n\n\t\t\t<!-- COUNT TEXT -->\n\t\t\t\n\t\t\t<\/div>\n            <\/div>\n            <\/div>\n<\/li>\n<\/ul><script type='text\/javascript'>\n\/* <![CDATA[ *\/\nvar armania_shortcode_products_111 = {\"args\":{\"limit\":22,\"columns\":\"\",\"orderby\":\"title\",\"order\":\"ASC\",\"ids\":\"\",\"skus\":\"\",\"category\":\"installation\",\"attribute\":\"\",\"terms\":\"\",\"class\":\"\",\"page\":\"1\",\"paginate\":true},\"pagination\":\"infinite\",\"list_style\":\"owl\",\"target\":\"product_category\",\"class\":[],\"style\":\"style-01\",\"size_thumb\":[\"600\",\"600\"]}\n\/* ]]> *\/\n<\/script>\n<\/div><\/div>\t\t<\/div>\n\t\t\t\t<\/div>\n\t\t\t\t\t<\/div>\n\t\t<\/div>\n\t\t\t\t\t<\/div>\n\t\t<\/section>\n\t\t\t\t<\/div>\n\t\t","protected":false},"excerpt":{"rendered":"<p>\u00a0 S&rsquo;installer redevient simple et sur Avec Real Med Services, l&rsquo;installation pr\u00e9serve votre libert\u00e9 et votre confort, d\u00e9couvrez comment<\/p>\n","protected":false},"author":1,"featured_media":0,"parent":0,"menu_order":0,"comment_status":"closed","ping_status":"closed","template":"","meta":{"footnotes":""},"class_list":["post-11576","page","type-page","status-publish","hentry"],"yoast_head":"<!-- This site is optimized with the Yoast SEO plugin v23.4 - https:\/\/yoast.com\/wordpress\/plugins\/seo\/ -->\n<title>Vous installer - Real Med Services<\/title>\n<meta name=\"robots\" content=\"index, follow, max-snippet:-1, max-image-preview:large, max-video-preview:-1\" \/>\n<link rel=\"canonical\" href=\"https:\/\/realmedservices.com\/fr\/vous-installer-2\/\" \/>\n<meta property=\"og:locale\" content=\"fr_FR\" \/>\n<meta property=\"og:type\" content=\"article\" \/>\n<meta property=\"og:title\" content=\"Vous installer - Real Med Services\" \/>\n<meta property=\"og:description\" content=\"\u00a0 S&rsquo;installer redevient simple et sur Avec Real Med Services, l&rsquo;installation pr\u00e9serve votre libert\u00e9 et votre confort, d\u00e9couvrez comment\" \/>\n<meta property=\"og:url\" content=\"https:\/\/realmedservices.com\/fr\/vous-installer-2\/\" \/>\n<meta property=\"og:site_name\" content=\"Real Med Services\" \/>\n<meta property=\"article:publisher\" content=\"https:\/\/www.facebook.com\/rmsfrance\" \/>\n<meta property=\"article:modified_time\" content=\"2020-06-24T11:22:43+00:00\" \/>\n<meta property=\"og:image\" content=\"https:\/\/realmedservices.com\/fr\/wp-content\/uploads\/elementor\/thumbs\/AdobeStock_97049445-scaled-e1592836156279-orea9gxpunykja3ikk7x7shl59dn0kwqel212udxps.jpeg\" \/>\n<meta name=\"twitter:card\" content=\"summary_large_image\" \/>\n<meta name=\"twitter:site\" content=\"@Realmedservices\" \/>\n<script type=\"application\/ld+json\" class=\"yoast-schema-graph\">{\"@context\":\"https:\/\/schema.org\",\"@graph\":[{\"@type\":\"WebPage\",\"@id\":\"https:\/\/realmedservices.com\/fr\/vous-installer-2\/\",\"url\":\"https:\/\/realmedservices.com\/fr\/vous-installer-2\/\",\"name\":\"Vous installer - Real Med Services\",\"isPartOf\":{\"@id\":\"https:\/\/realmedservices.com\/fr\/#website\"},\"primaryImageOfPage\":{\"@id\":\"https:\/\/realmedservices.com\/fr\/vous-installer-2\/#primaryimage\"},\"image\":{\"@id\":\"https:\/\/realmedservices.com\/fr\/vous-installer-2\/#primaryimage\"},\"thumbnailUrl\":\"https:\/\/realmedservices.com\/fr\/wp-content\/uploads\/elementor\/thumbs\/AdobeStock_97049445-scaled-e1592836156279-orea9gxpunykja3ikk7x7shl59dn0kwqel212udxps.jpeg\",\"datePublished\":\"2020-06-22T14:23:53+00:00\",\"dateModified\":\"2020-06-24T11:22:43+00:00\",\"breadcrumb\":{\"@id\":\"https:\/\/realmedservices.com\/fr\/vous-installer-2\/#breadcrumb\"},\"inLanguage\":\"fr-FR\",\"potentialAction\":[{\"@type\":\"ReadAction\",\"target\":[\"https:\/\/realmedservices.com\/fr\/vous-installer-2\/\"]}]},{\"@type\":\"ImageObject\",\"inLanguage\":\"fr-FR\",\"@id\":\"https:\/\/realmedservices.com\/fr\/vous-installer-2\/#primaryimage\",\"url\":\"https:\/\/realmedservices.com\/fr\/wp-content\/uploads\/elementor\/thumbs\/AdobeStock_97049445-scaled-e1592836156279-orea9gxpunykja3ikk7x7shl59dn0kwqel212udxps.jpeg\",\"contentUrl\":\"https:\/\/realmedservices.com\/fr\/wp-content\/uploads\/elementor\/thumbs\/AdobeStock_97049445-scaled-e1592836156279-orea9gxpunykja3ikk7x7shl59dn0kwqel212udxps.jpeg\"},{\"@type\":\"BreadcrumbList\",\"@id\":\"https:\/\/realmedservices.com\/fr\/vous-installer-2\/#breadcrumb\",\"itemListElement\":[{\"@type\":\"ListItem\",\"position\":1,\"name\":\"Accueil\",\"item\":\"https:\/\/realmedservices.com\/fr\/\"},{\"@type\":\"ListItem\",\"position\":2,\"name\":\"Vous installer\"}]},{\"@type\":\"WebSite\",\"@id\":\"https:\/\/realmedservices.com\/fr\/#website\",\"url\":\"https:\/\/realmedservices.com\/fr\/\",\"name\":\"Real Med Services\",\"description\":\"La libert\u00e9 et le confort des m\u00e9decins\",\"publisher\":{\"@id\":\"https:\/\/realmedservices.com\/fr\/#organization\"},\"potentialAction\":[{\"@type\":\"SearchAction\",\"target\":{\"@type\":\"EntryPoint\",\"urlTemplate\":\"https:\/\/realmedservices.com\/fr\/?s={search_term_string}\"},\"query-input\":{\"@type\":\"PropertyValueSpecification\",\"valueRequired\":true,\"valueName\":\"search_term_string\"}}],\"inLanguage\":\"fr-FR\"},{\"@type\":\"Organization\",\"@id\":\"https:\/\/realmedservices.com\/fr\/#organization\",\"name\":\"Real Med Services\",\"url\":\"https:\/\/realmedservices.com\/fr\/\",\"logo\":{\"@type\":\"ImageObject\",\"inLanguage\":\"fr-FR\",\"@id\":\"https:\/\/realmedservices.com\/fr\/#\/schema\/logo\/image\/\",\"url\":\"https:\/\/realmedservices.com\/fr\/wp-content\/uploads\/2020\/06\/Real-med-services-Logo-1-e1592769264302.png\",\"contentUrl\":\"https:\/\/realmedservices.com\/fr\/wp-content\/uploads\/2020\/06\/Real-med-services-Logo-1-e1592769264302.png\",\"width\":89,\"height\":50,\"caption\":\"Real Med Services\"},\"image\":{\"@id\":\"https:\/\/realmedservices.com\/fr\/#\/schema\/logo\/image\/\"},\"sameAs\":[\"https:\/\/www.facebook.com\/rmsfrance\",\"https:\/\/x.com\/Realmedservices\",\"https:\/\/www.instagram.com\/realmedservices\/\",\"https:\/\/fr.linkedin.com\/company\/realmedservices\"]}]}<\/script>\n<!-- \/ Yoast SEO plugin. -->","yoast_head_json":{"title":"Vous installer - Real Med Services","robots":{"index":"index","follow":"follow","max-snippet":"max-snippet:-1","max-image-preview":"max-image-preview:large","max-video-preview":"max-video-preview:-1"},"canonical":"https:\/\/realmedservices.com\/fr\/vous-installer-2\/","og_locale":"fr_FR","og_type":"article","og_title":"Vous installer - Real Med Services","og_description":"\u00a0 S&rsquo;installer redevient simple et sur Avec Real Med Services, l&rsquo;installation pr\u00e9serve votre libert\u00e9 et votre confort, d\u00e9couvrez comment","og_url":"https:\/\/realmedservices.com\/fr\/vous-installer-2\/","og_site_name":"Real Med Services","article_publisher":"https:\/\/www.facebook.com\/rmsfrance","article_modified_time":"2020-06-24T11:22:43+00:00","og_image":[{"url":"https:\/\/realmedservices.com\/fr\/wp-content\/uploads\/elementor\/thumbs\/AdobeStock_97049445-scaled-e1592836156279-orea9gxpunykja3ikk7x7shl59dn0kwqel212udxps.jpeg"}],"twitter_card":"summary_large_image","twitter_site":"@Realmedservices","schema":{"@context":"https:\/\/schema.org","@graph":[{"@type":"WebPage","@id":"https:\/\/realmedservices.com\/fr\/vous-installer-2\/","url":"https:\/\/realmedservices.com\/fr\/vous-installer-2\/","name":"Vous installer - Real Med Services","isPartOf":{"@id":"https:\/\/realmedservices.com\/fr\/#website"},"primaryImageOfPage":{"@id":"https:\/\/realmedservices.com\/fr\/vous-installer-2\/#primaryimage"},"image":{"@id":"https:\/\/realmedservices.com\/fr\/vous-installer-2\/#primaryimage"},"thumbnailUrl":"https:\/\/realmedservices.com\/fr\/wp-content\/uploads\/elementor\/thumbs\/AdobeStock_97049445-scaled-e1592836156279-orea9gxpunykja3ikk7x7shl59dn0kwqel212udxps.jpeg","datePublished":"2020-06-22T14:23:53+00:00","dateModified":"2020-06-24T11:22:43+00:00","breadcrumb":{"@id":"https:\/\/realmedservices.com\/fr\/vous-installer-2\/#breadcrumb"},"inLanguage":"fr-FR","potentialAction":[{"@type":"ReadAction","target":["https:\/\/realmedservices.com\/fr\/vous-installer-2\/"]}]},{"@type":"ImageObject","inLanguage":"fr-FR","@id":"https:\/\/realmedservices.com\/fr\/vous-installer-2\/#primaryimage","url":"https:\/\/realmedservices.com\/fr\/wp-content\/uploads\/elementor\/thumbs\/AdobeStock_97049445-scaled-e1592836156279-orea9gxpunykja3ikk7x7shl59dn0kwqel212udxps.jpeg","contentUrl":"https:\/\/realmedservices.com\/fr\/wp-content\/uploads\/elementor\/thumbs\/AdobeStock_97049445-scaled-e1592836156279-orea9gxpunykja3ikk7x7shl59dn0kwqel212udxps.jpeg"},{"@type":"BreadcrumbList","@id":"https:\/\/realmedservices.com\/fr\/vous-installer-2\/#breadcrumb","itemListElement":[{"@type":"ListItem","position":1,"name":"Accueil","item":"https:\/\/realmedservices.com\/fr\/"},{"@type":"ListItem","position":2,"name":"Vous installer"}]},{"@type":"WebSite","@id":"https:\/\/realmedservices.com\/fr\/#website","url":"https:\/\/realmedservices.com\/fr\/","name":"Real Med Services","description":"La libert\u00e9 et le confort des m\u00e9decins","publisher":{"@id":"https:\/\/realmedservices.com\/fr\/#organization"},"potentialAction":[{"@type":"SearchAction","target":{"@type":"EntryPoint","urlTemplate":"https:\/\/realmedservices.com\/fr\/?s={search_term_string}"},"query-input":{"@type":"PropertyValueSpecification","valueRequired":true,"valueName":"search_term_string"}}],"inLanguage":"fr-FR"},{"@type":"Organization","@id":"https:\/\/realmedservices.com\/fr\/#organization","name":"Real Med Services","url":"https:\/\/realmedservices.com\/fr\/","logo":{"@type":"ImageObject","inLanguage":"fr-FR","@id":"https:\/\/realmedservices.com\/fr\/#\/schema\/logo\/image\/","url":"https:\/\/realmedservices.com\/fr\/wp-content\/uploads\/2020\/06\/Real-med-services-Logo-1-e1592769264302.png","contentUrl":"https:\/\/realmedservices.com\/fr\/wp-content\/uploads\/2020\/06\/Real-med-services-Logo-1-e1592769264302.png","width":89,"height":50,"caption":"Real Med Services"},"image":{"@id":"https:\/\/realmedservices.com\/fr\/#\/schema\/logo\/image\/"},"sameAs":["https:\/\/www.facebook.com\/rmsfrance","https:\/\/x.com\/Realmedservices","https:\/\/www.instagram.com\/realmedservices\/","https:\/\/fr.linkedin.com\/company\/realmedservices"]}]}},"_links":{"self":[{"href":"https:\/\/realmedservices.com\/fr\/wp-json\/wp\/v2\/pages\/11576"}],"collection":[{"href":"https:\/\/realmedservices.com\/fr\/wp-json\/wp\/v2\/pages"}],"about":[{"href":"https:\/\/realmedservices.com\/fr\/wp-json\/wp\/v2\/types\/page"}],"author":[{"embeddable":true,"href":"https:\/\/realmedservices.com\/fr\/wp-json\/wp\/v2\/users\/1"}],"replies":[{"embeddable":true,"href":"https:\/\/realmedservices.com\/fr\/wp-json\/wp\/v2\/comments?post=11576"}],"version-history":[{"count":0,"href":"https:\/\/realmedservices.com\/fr\/wp-json\/wp\/v2\/pages\/11576\/revisions"}],"wp:attachment":[{"href":"https:\/\/realmedservices.com\/fr\/wp-json\/wp\/v2\/media?parent=11576"}],"curies":[{"name":"wp","href":"https:\/\/api.w.org\/{rel}","templated":true}]}}