{"id":11600,"date":"2020-06-24T11:18:52","date_gmt":"2020-06-24T11:18:52","guid":{"rendered":"https:\/\/realmedservices.com\/fr\/?post_type=product&#038;p=11600"},"modified":"2022-06-24T05:37:22","modified_gmt":"2022-06-24T05:37:22","slug":"votre-entretien-pour-preparer-votre-installation","status":"publish","type":"product","link":"https:\/\/realmedservices.com\/fr\/product\/votre-entretien-pour-preparer-votre-installation\/","title":{"rendered":"Entretien d&rsquo;installation gratuit"},"content":{"rendered":"<h2>Parlons ensemble\u00a0 lors\u00a0 de votre entretien personnalis\u00e9 pour pr\u00e9parer votre installation<\/h2>\n<p>L&rsquo;installation d&rsquo;un cabinet m\u00e9dical est une affaire d&rsquo;anticipation. Lors de votre entretien pour pr\u00e9parer votre installation, nosu recherchons ensemble comment\u00a0 r\u00e9ussir votre projet pour mieux servir vos patients!<\/p>\n<p>Nous \u00e9tudierons ensemble les enjeux de localisation, de financement, de rentabilit\u00e9 et de confort essentiel au d\u00e9veloppement p\u00e9renne de votre cabinet. Seul ou en groupe, nous trouverons les meilleurs mode d&rsquo;exercice pour que votre cabinet r\u00e9ponde \u00e0 vos attentes et \u00e0 celles de vos patients. A l&rsquo;issue de cet entretien, nous d\u00e9finirons un profil et vous pourrez d\u00e9cider de nous confier la mise en place du projet tout en conservant votre libert\u00e9.<\/p>\n<p>Nous vous rencontrons avec vos \u00e9ventuels futurs confr\u00e8res et vous proposons les meilleurs modes d&rsquo;exercice en fonction de vos objectifs.<\/p>\n<p>Nos \u00e9quipes d&rsquo;experts sont \u00e0 votre disposition pour accompagner installation.<\/p>\n<p>&nbsp;<\/p>\n<p>&nbsp;<\/p>\n<p>&nbsp;<\/p>\n","protected":false},"excerpt":{"rendered":"<p>Parlons ensemble\u00a0 lors\u00a0 de votre entretien personnalis\u00e9 pour pr\u00e9parer votre installation L&rsquo;installation d&rsquo;un cabinet m\u00e9dical est une affaire d&rsquo;anticipation. Lors de votre entretien pour pr\u00e9parer votre installation, nosu recherchons ensemble comment\u00a0 r\u00e9ussir votre projet pour mieux servir vos patients! Nous \u00e9tudierons ensemble les enjeux de localisation, de financement, de rentabilit\u00e9 et de confort essentiel au [&hellip;]<\/p>\n","protected":false},"featured_media":11578,"comment_status":"open","ping_status":"closed","template":"","meta":[],"product_cat":[553],"product_tag":[],"class_list":{"0":"post-11600","1":"product","2":"type-product","3":"status-publish","4":"has-post-thumbnail","6":"product_cat-installation","8":"first","9":"instock","10":"virtual","11":"taxable","12":"purchasable","13":"product-type-simple"},"yoast_head":"<!-- This site is optimized with the Yoast SEO plugin v23.4 - https:\/\/yoast.com\/wordpress\/plugins\/seo\/ -->\n<title>Votre entretien personnalis\u00e9 pour pr\u00e9parer votre installation<\/title>\n<meta name=\"description\" content=\"Votre Entretien pour pr\u00e9parer votre installation pour cibler vos besoins et r\u00e9ussir la cr\u00e9ation de votre cabinet m\u00e9dical lib\u00e9ral. Rencontrons nous!\" \/>\n<meta name=\"robots\" content=\"index, follow, max-snippet:-1, max-image-preview:large, max-video-preview:-1\" \/>\n<link rel=\"canonical\" href=\"https:\/\/realmedservices.com\/fr\/product\/votre-entretien-pour-preparer-votre-installation\/\" \/>\n<meta property=\"og:locale\" content=\"fr_FR\" \/>\n<meta property=\"og:type\" content=\"article\" \/>\n<meta property=\"og:title\" content=\"Votre entretien personnalis\u00e9 pour pr\u00e9parer votre installation\" \/>\n<meta property=\"og:description\" content=\"Votre Entretien pour pr\u00e9parer votre installation pour cibler vos besoins et r\u00e9ussir la cr\u00e9ation de votre cabinet m\u00e9dical lib\u00e9ral. Rencontrons nous!\" \/>\n<meta property=\"og:url\" content=\"https:\/\/realmedservices.com\/fr\/product\/votre-entretien-pour-preparer-votre-installation\/\" \/>\n<meta property=\"og:site_name\" content=\"Real Med Services\" \/>\n<meta property=\"article:publisher\" content=\"https:\/\/www.facebook.com\/rmsfrance\" \/>\n<meta property=\"article:modified_time\" content=\"2022-06-24T05:37:22+00:00\" \/>\n<meta property=\"og:image\" content=\"https:\/\/realmedservices.com\/fr\/wp-content\/uploads\/2020\/06\/AdobeStock_97049445-scaled-e1592836156279.jpeg\" \/>\n\t<meta property=\"og:image:width\" content=\"1370\" \/>\n\t<meta property=\"og:image:height\" content=\"914\" \/>\n\t<meta property=\"og:image:type\" content=\"image\/jpeg\" \/>\n<meta name=\"twitter:card\" content=\"summary_large_image\" \/>\n<meta name=\"twitter:site\" content=\"@Realmedservices\" \/>\n<meta name=\"twitter:label1\" content=\"Dur\u00e9e de lecture estim\u00e9e\" \/>\n\t<meta name=\"twitter:data1\" content=\"1 minute\" \/>\n<script type=\"application\/ld+json\" class=\"yoast-schema-graph\">{\"@context\":\"https:\/\/schema.org\",\"@graph\":[{\"@type\":\"WebPage\",\"@id\":\"https:\/\/realmedservices.com\/fr\/product\/votre-entretien-pour-preparer-votre-installation\/\",\"url\":\"https:\/\/realmedservices.com\/fr\/product\/votre-entretien-pour-preparer-votre-installation\/\",\"name\":\"Votre entretien personnalis\u00e9 pour pr\u00e9parer votre installation\",\"isPartOf\":{\"@id\":\"https:\/\/realmedservices.com\/fr\/#website\"},\"primaryImageOfPage\":{\"@id\":\"https:\/\/realmedservices.com\/fr\/product\/votre-entretien-pour-preparer-votre-installation\/#primaryimage\"},\"image\":{\"@id\":\"https:\/\/realmedservices.com\/fr\/product\/votre-entretien-pour-preparer-votre-installation\/#primaryimage\"},\"thumbnailUrl\":\"https:\/\/realmedservices.com\/fr\/wp-content\/uploads\/2020\/06\/AdobeStock_97049445-scaled-e1592836156279.jpeg\",\"datePublished\":\"2020-06-24T11:18:52+00:00\",\"dateModified\":\"2022-06-24T05:37:22+00:00\",\"description\":\"Votre Entretien pour pr\u00e9parer votre installation pour cibler vos besoins et r\u00e9ussir la cr\u00e9ation de votre cabinet m\u00e9dical lib\u00e9ral. Rencontrons nous!\",\"breadcrumb\":{\"@id\":\"https:\/\/realmedservices.com\/fr\/product\/votre-entretien-pour-preparer-votre-installation\/#breadcrumb\"},\"inLanguage\":\"fr-FR\",\"potentialAction\":[{\"@type\":\"ReadAction\",\"target\":[\"https:\/\/realmedservices.com\/fr\/product\/votre-entretien-pour-preparer-votre-installation\/\"]}]},{\"@type\":\"ImageObject\",\"inLanguage\":\"fr-FR\",\"@id\":\"https:\/\/realmedservices.com\/fr\/product\/votre-entretien-pour-preparer-votre-installation\/#primaryimage\",\"url\":\"https:\/\/realmedservices.com\/fr\/wp-content\/uploads\/2020\/06\/AdobeStock_97049445-scaled-e1592836156279.jpeg\",\"contentUrl\":\"https:\/\/realmedservices.com\/fr\/wp-content\/uploads\/2020\/06\/AdobeStock_97049445-scaled-e1592836156279.jpeg\",\"width\":1370,\"height\":914,\"caption\":\"Equipment in a doctors office\"},{\"@type\":\"BreadcrumbList\",\"@id\":\"https:\/\/realmedservices.com\/fr\/product\/votre-entretien-pour-preparer-votre-installation\/#breadcrumb\",\"itemListElement\":[{\"@type\":\"ListItem\",\"position\":1,\"name\":\"Accueil\",\"item\":\"https:\/\/realmedservices.com\/fr\/\"},{\"@type\":\"ListItem\",\"position\":2,\"name\":\"Shop\",\"item\":\"https:\/\/realmedservices.com\/fr\/shop\/\"},{\"@type\":\"ListItem\",\"position\":3,\"name\":\"Entretien d&#8217;installation gratuit\"}]},{\"@type\":\"WebSite\",\"@id\":\"https:\/\/realmedservices.com\/fr\/#website\",\"url\":\"https:\/\/realmedservices.com\/fr\/\",\"name\":\"Real Med Services\",\"description\":\"La libert\u00e9 et le confort des m\u00e9decins\",\"publisher\":{\"@id\":\"https:\/\/realmedservices.com\/fr\/#organization\"},\"potentialAction\":[{\"@type\":\"SearchAction\",\"target\":{\"@type\":\"EntryPoint\",\"urlTemplate\":\"https:\/\/realmedservices.com\/fr\/?s={search_term_string}\"},\"query-input\":{\"@type\":\"PropertyValueSpecification\",\"valueRequired\":true,\"valueName\":\"search_term_string\"}}],\"inLanguage\":\"fr-FR\"},{\"@type\":\"Organization\",\"@id\":\"https:\/\/realmedservices.com\/fr\/#organization\",\"name\":\"Real Med Services\",\"url\":\"https:\/\/realmedservices.com\/fr\/\",\"logo\":{\"@type\":\"ImageObject\",\"inLanguage\":\"fr-FR\",\"@id\":\"https:\/\/realmedservices.com\/fr\/#\/schema\/logo\/image\/\",\"url\":\"https:\/\/realmedservices.com\/fr\/wp-content\/uploads\/2020\/06\/Real-med-services-Logo-1-e1592769264302.png\",\"contentUrl\":\"https:\/\/realmedservices.com\/fr\/wp-content\/uploads\/2020\/06\/Real-med-services-Logo-1-e1592769264302.png\",\"width\":89,\"height\":50,\"caption\":\"Real Med Services\"},\"image\":{\"@id\":\"https:\/\/realmedservices.com\/fr\/#\/schema\/logo\/image\/\"},\"sameAs\":[\"https:\/\/www.facebook.com\/rmsfrance\",\"https:\/\/x.com\/Realmedservices\",\"https:\/\/www.instagram.com\/realmedservices\/\",\"https:\/\/fr.linkedin.com\/company\/realmedservices\"]}]}<\/script>\n<!-- \/ Yoast SEO plugin. -->","yoast_head_json":{"title":"Votre entretien personnalis\u00e9 pour pr\u00e9parer votre installation","description":"Votre Entretien pour pr\u00e9parer votre installation pour cibler vos besoins et r\u00e9ussir la cr\u00e9ation de votre cabinet m\u00e9dical lib\u00e9ral. Rencontrons nous!","robots":{"index":"index","follow":"follow","max-snippet":"max-snippet:-1","max-image-preview":"max-image-preview:large","max-video-preview":"max-video-preview:-1"},"canonical":"https:\/\/realmedservices.com\/fr\/product\/votre-entretien-pour-preparer-votre-installation\/","og_locale":"fr_FR","og_type":"article","og_title":"Votre entretien personnalis\u00e9 pour pr\u00e9parer votre installation","og_description":"Votre Entretien pour pr\u00e9parer votre installation pour cibler vos besoins et r\u00e9ussir la cr\u00e9ation de votre cabinet m\u00e9dical lib\u00e9ral. Rencontrons nous!","og_url":"https:\/\/realmedservices.com\/fr\/product\/votre-entretien-pour-preparer-votre-installation\/","og_site_name":"Real Med Services","article_publisher":"https:\/\/www.facebook.com\/rmsfrance","article_modified_time":"2022-06-24T05:37:22+00:00","og_image":[{"width":1370,"height":914,"url":"https:\/\/realmedservices.com\/fr\/wp-content\/uploads\/2020\/06\/AdobeStock_97049445-scaled-e1592836156279.jpeg","type":"image\/jpeg"}],"twitter_card":"summary_large_image","twitter_site":"@Realmedservices","twitter_misc":{"Dur\u00e9e de lecture estim\u00e9e":"1 minute"},"schema":{"@context":"https:\/\/schema.org","@graph":[{"@type":"WebPage","@id":"https:\/\/realmedservices.com\/fr\/product\/votre-entretien-pour-preparer-votre-installation\/","url":"https:\/\/realmedservices.com\/fr\/product\/votre-entretien-pour-preparer-votre-installation\/","name":"Votre entretien personnalis\u00e9 pour pr\u00e9parer votre installation","isPartOf":{"@id":"https:\/\/realmedservices.com\/fr\/#website"},"primaryImageOfPage":{"@id":"https:\/\/realmedservices.com\/fr\/product\/votre-entretien-pour-preparer-votre-installation\/#primaryimage"},"image":{"@id":"https:\/\/realmedservices.com\/fr\/product\/votre-entretien-pour-preparer-votre-installation\/#primaryimage"},"thumbnailUrl":"https:\/\/realmedservices.com\/fr\/wp-content\/uploads\/2020\/06\/AdobeStock_97049445-scaled-e1592836156279.jpeg","datePublished":"2020-06-24T11:18:52+00:00","dateModified":"2022-06-24T05:37:22+00:00","description":"Votre Entretien pour pr\u00e9parer votre installation pour cibler vos besoins et r\u00e9ussir la cr\u00e9ation de votre cabinet m\u00e9dical lib\u00e9ral. Rencontrons nous!","breadcrumb":{"@id":"https:\/\/realmedservices.com\/fr\/product\/votre-entretien-pour-preparer-votre-installation\/#breadcrumb"},"inLanguage":"fr-FR","potentialAction":[{"@type":"ReadAction","target":["https:\/\/realmedservices.com\/fr\/product\/votre-entretien-pour-preparer-votre-installation\/"]}]},{"@type":"ImageObject","inLanguage":"fr-FR","@id":"https:\/\/realmedservices.com\/fr\/product\/votre-entretien-pour-preparer-votre-installation\/#primaryimage","url":"https:\/\/realmedservices.com\/fr\/wp-content\/uploads\/2020\/06\/AdobeStock_97049445-scaled-e1592836156279.jpeg","contentUrl":"https:\/\/realmedservices.com\/fr\/wp-content\/uploads\/2020\/06\/AdobeStock_97049445-scaled-e1592836156279.jpeg","width":1370,"height":914,"caption":"Equipment in a doctors office"},{"@type":"BreadcrumbList","@id":"https:\/\/realmedservices.com\/fr\/product\/votre-entretien-pour-preparer-votre-installation\/#breadcrumb","itemListElement":[{"@type":"ListItem","position":1,"name":"Accueil","item":"https:\/\/realmedservices.com\/fr\/"},{"@type":"ListItem","position":2,"name":"Shop","item":"https:\/\/realmedservices.com\/fr\/shop\/"},{"@type":"ListItem","position":3,"name":"Entretien d&#8217;installation gratuit"}]},{"@type":"WebSite","@id":"https:\/\/realmedservices.com\/fr\/#website","url":"https:\/\/realmedservices.com\/fr\/","name":"Real Med Services","description":"La libert\u00e9 et le confort des m\u00e9decins","publisher":{"@id":"https:\/\/realmedservices.com\/fr\/#organization"},"potentialAction":[{"@type":"SearchAction","target":{"@type":"EntryPoint","urlTemplate":"https:\/\/realmedservices.com\/fr\/?s={search_term_string}"},"query-input":{"@type":"PropertyValueSpecification","valueRequired":true,"valueName":"search_term_string"}}],"inLanguage":"fr-FR"},{"@type":"Organization","@id":"https:\/\/realmedservices.com\/fr\/#organization","name":"Real Med Services","url":"https:\/\/realmedservices.com\/fr\/","logo":{"@type":"ImageObject","inLanguage":"fr-FR","@id":"https:\/\/realmedservices.com\/fr\/#\/schema\/logo\/image\/","url":"https:\/\/realmedservices.com\/fr\/wp-content\/uploads\/2020\/06\/Real-med-services-Logo-1-e1592769264302.png","contentUrl":"https:\/\/realmedservices.com\/fr\/wp-content\/uploads\/2020\/06\/Real-med-services-Logo-1-e1592769264302.png","width":89,"height":50,"caption":"Real Med Services"},"image":{"@id":"https:\/\/realmedservices.com\/fr\/#\/schema\/logo\/image\/"},"sameAs":["https:\/\/www.facebook.com\/rmsfrance","https:\/\/x.com\/Realmedservices","https:\/\/www.instagram.com\/realmedservices\/","https:\/\/fr.linkedin.com\/company\/realmedservices"]}]}},"_links":{"self":[{"href":"https:\/\/realmedservices.com\/fr\/wp-json\/wp\/v2\/product\/11600"}],"collection":[{"href":"https:\/\/realmedservices.com\/fr\/wp-json\/wp\/v2\/product"}],"about":[{"href":"https:\/\/realmedservices.com\/fr\/wp-json\/wp\/v2\/types\/product"}],"replies":[{"embeddable":true,"href":"https:\/\/realmedservices.com\/fr\/wp-json\/wp\/v2\/comments?post=11600"}],"version-history":[{"count":0,"href":"https:\/\/realmedservices.com\/fr\/wp-json\/wp\/v2\/product\/11600\/revisions"}],"wp:featuredmedia":[{"embeddable":true,"href":"https:\/\/realmedservices.com\/fr\/wp-json\/wp\/v2\/media\/11578"}],"wp:attachment":[{"href":"https:\/\/realmedservices.com\/fr\/wp-json\/wp\/v2\/media?parent=11600"}],"wp:term":[{"taxonomy":"product_cat","embeddable":true,"href":"https:\/\/realmedservices.com\/fr\/wp-json\/wp\/v2\/product_cat?post=11600"},{"taxonomy":"product_tag","embeddable":true,"href":"https:\/\/realmedservices.com\/fr\/wp-json\/wp\/v2\/product_tag?post=11600"}],"curies":[{"name":"wp","href":"https:\/\/api.w.org\/{rel}","templated":true}]}}