{"id":7550,"date":"2020-06-21T08:33:26","date_gmt":"2020-06-21T08:33:26","guid":{"rendered":"http:\/\/realmedservices.com\/fr\/product\/pack-securite\/"},"modified":"2022-11-12T22:25:35","modified_gmt":"2022-11-12T22:25:35","slug":"pack-securite","status":"publish","type":"product","link":"https:\/\/realmedservices.com\/fr\/product\/pack-securite\/","title":{"rendered":"Pack S\u00e9curit\u00e9"},"content":{"rendered":"<p>Les m\u00e9decins sont subissent sans cess d&rsquo;incivilit\u00e9s et d&rsquo;actes violents souvent en raison de leur \u00e9thique et de leur d\u00e9ontologie qui leur interdisent d&rsquo;acc\u00e8der aux demandes de patients malveillants. Il est donc n\u00e9cessaire de structurer le cabinet autour de proc\u00e9dures et d&rsquo;infrastructures de protection adapt\u00e9es. Avec nos partenaires, nous s\u00e9lectionnons l&rsquo;offre de s\u00e9curit\u00e9 la plus adapt\u00e9e, soumettons les demandes administratives et de financementet et vous formons \u00e0 leur utilisation. En outre, nous concevons des protocoles pr\u00e9ventifs et des r\u00e9ponses \u00e0 un certain nombre de situation complexes et vous fournissons nos conseils pour g\u00e9rer des situations o\u00f9 une tension \u00e9merge une tension avec vos patients.<\/p>\n","protected":false},"excerpt":{"rendered":"<p>Les m\u00e9decins sont subissent sans cess d&rsquo;incivilit\u00e9s et d&rsquo;actes violents souvent en raison de leur \u00e9thique et de leur d\u00e9ontologie qui leur interdisent d&rsquo;acc\u00e8der aux demandes de patients malveillants. Il est donc n\u00e9cessaire de structurer le cabinet autour de proc\u00e9dures et d&rsquo;infrastructures de protection adapt\u00e9es. Avec nos partenaires, nous s\u00e9lectionnons l&rsquo;offre de s\u00e9curit\u00e9 la plus [&hellip;]<\/p>\n","protected":false},"featured_media":11564,"comment_status":"open","ping_status":"closed","template":"","meta":[],"product_cat":[535],"product_tag":[],"class_list":{"0":"post-7550","1":"product","2":"type-product","3":"status-publish","4":"has-post-thumbnail","6":"product_cat-votre-aide-a-la-gestion","8":"first","9":"instock","10":"virtual","11":"taxable","12":"purchasable","13":"product-type-simple"},"yoast_head":"<!-- This site is optimized with the Yoast SEO plugin v23.4 - https:\/\/yoast.com\/wordpress\/plugins\/seo\/ -->\n<title>Pack S\u00e9curit\u00e9 - Real Med Services<\/title>\n<meta name=\"robots\" content=\"index, follow, max-snippet:-1, max-image-preview:large, max-video-preview:-1\" \/>\n<link rel=\"canonical\" href=\"https:\/\/realmedservices.com\/fr\/product\/pack-securite\/\" \/>\n<meta property=\"og:locale\" content=\"fr_FR\" \/>\n<meta property=\"og:type\" content=\"article\" \/>\n<meta property=\"og:title\" content=\"Pack S\u00e9curit\u00e9 - Real Med Services\" \/>\n<meta property=\"og:description\" content=\"Les m\u00e9decins sont subissent sans cess d&rsquo;incivilit\u00e9s et d&rsquo;actes violents souvent en raison de leur \u00e9thique et de leur d\u00e9ontologie qui leur interdisent d&rsquo;acc\u00e8der aux demandes de patients malveillants. Il est donc n\u00e9cessaire de structurer le cabinet autour de proc\u00e9dures et d&rsquo;infrastructures de protection adapt\u00e9es. Avec nos partenaires, nous s\u00e9lectionnons l&rsquo;offre de s\u00e9curit\u00e9 la plus [&hellip;]\" \/>\n<meta property=\"og:url\" content=\"https:\/\/realmedservices.com\/fr\/product\/pack-securite\/\" \/>\n<meta property=\"og:site_name\" content=\"Real Med Services\" \/>\n<meta property=\"article:publisher\" content=\"https:\/\/www.facebook.com\/rmsfrance\" \/>\n<meta property=\"article:modified_time\" content=\"2022-11-12T22:25:35+00:00\" \/>\n<meta property=\"og:image\" content=\"https:\/\/realmedservices.com\/fr\/wp-content\/uploads\/2020\/06\/AdobeStock_283199859-scaled.jpeg\" \/>\n\t<meta property=\"og:image:width\" content=\"2560\" \/>\n\t<meta property=\"og:image:height\" content=\"1580\" \/>\n\t<meta property=\"og:image:type\" content=\"image\/jpeg\" \/>\n<meta name=\"twitter:card\" content=\"summary_large_image\" \/>\n<meta name=\"twitter:site\" content=\"@Realmedservices\" \/>\n<meta name=\"twitter:label1\" content=\"Dur\u00e9e de lecture estim\u00e9e\" \/>\n\t<meta name=\"twitter:data1\" content=\"1 minute\" \/>\n<script type=\"application\/ld+json\" class=\"yoast-schema-graph\">{\"@context\":\"https:\/\/schema.org\",\"@graph\":[{\"@type\":\"WebPage\",\"@id\":\"https:\/\/realmedservices.com\/fr\/product\/pack-securite\/\",\"url\":\"https:\/\/realmedservices.com\/fr\/product\/pack-securite\/\",\"name\":\"Pack S\u00e9curit\u00e9 - Real Med Services\",\"isPartOf\":{\"@id\":\"https:\/\/realmedservices.com\/fr\/#website\"},\"primaryImageOfPage\":{\"@id\":\"https:\/\/realmedservices.com\/fr\/product\/pack-securite\/#primaryimage\"},\"image\":{\"@id\":\"https:\/\/realmedservices.com\/fr\/product\/pack-securite\/#primaryimage\"},\"thumbnailUrl\":\"https:\/\/realmedservices.com\/fr\/wp-content\/uploads\/2020\/06\/AdobeStock_283199859-scaled.jpeg\",\"datePublished\":\"2020-06-21T08:33:26+00:00\",\"dateModified\":\"2022-11-12T22:25:35+00:00\",\"breadcrumb\":{\"@id\":\"https:\/\/realmedservices.com\/fr\/product\/pack-securite\/#breadcrumb\"},\"inLanguage\":\"fr-FR\",\"potentialAction\":[{\"@type\":\"ReadAction\",\"target\":[\"https:\/\/realmedservices.com\/fr\/product\/pack-securite\/\"]}]},{\"@type\":\"ImageObject\",\"inLanguage\":\"fr-FR\",\"@id\":\"https:\/\/realmedservices.com\/fr\/product\/pack-securite\/#primaryimage\",\"url\":\"https:\/\/realmedservices.com\/fr\/wp-content\/uploads\/2020\/06\/AdobeStock_283199859-scaled.jpeg\",\"contentUrl\":\"https:\/\/realmedservices.com\/fr\/wp-content\/uploads\/2020\/06\/AdobeStock_283199859-scaled.jpeg\",\"width\":2560,\"height\":1580,\"caption\":\"Street camera for surveillance and glowing network interface. Concept of monitoring and data. 3d rendering toned image double exposure\"},{\"@type\":\"BreadcrumbList\",\"@id\":\"https:\/\/realmedservices.com\/fr\/product\/pack-securite\/#breadcrumb\",\"itemListElement\":[{\"@type\":\"ListItem\",\"position\":1,\"name\":\"Accueil\",\"item\":\"https:\/\/realmedservices.com\/fr\/\"},{\"@type\":\"ListItem\",\"position\":2,\"name\":\"Shop\",\"item\":\"https:\/\/realmedservices.com\/fr\/shop\/\"},{\"@type\":\"ListItem\",\"position\":3,\"name\":\"Pack S\u00e9curit\u00e9\"}]},{\"@type\":\"WebSite\",\"@id\":\"https:\/\/realmedservices.com\/fr\/#website\",\"url\":\"https:\/\/realmedservices.com\/fr\/\",\"name\":\"Real Med Services\",\"description\":\"La libert\u00e9 et le confort des m\u00e9decins\",\"publisher\":{\"@id\":\"https:\/\/realmedservices.com\/fr\/#organization\"},\"potentialAction\":[{\"@type\":\"SearchAction\",\"target\":{\"@type\":\"EntryPoint\",\"urlTemplate\":\"https:\/\/realmedservices.com\/fr\/?s={search_term_string}\"},\"query-input\":{\"@type\":\"PropertyValueSpecification\",\"valueRequired\":true,\"valueName\":\"search_term_string\"}}],\"inLanguage\":\"fr-FR\"},{\"@type\":\"Organization\",\"@id\":\"https:\/\/realmedservices.com\/fr\/#organization\",\"name\":\"Real Med Services\",\"url\":\"https:\/\/realmedservices.com\/fr\/\",\"logo\":{\"@type\":\"ImageObject\",\"inLanguage\":\"fr-FR\",\"@id\":\"https:\/\/realmedservices.com\/fr\/#\/schema\/logo\/image\/\",\"url\":\"https:\/\/realmedservices.com\/fr\/wp-content\/uploads\/2020\/06\/Real-med-services-Logo-1-e1592769264302.png\",\"contentUrl\":\"https:\/\/realmedservices.com\/fr\/wp-content\/uploads\/2020\/06\/Real-med-services-Logo-1-e1592769264302.png\",\"width\":89,\"height\":50,\"caption\":\"Real Med Services\"},\"image\":{\"@id\":\"https:\/\/realmedservices.com\/fr\/#\/schema\/logo\/image\/\"},\"sameAs\":[\"https:\/\/www.facebook.com\/rmsfrance\",\"https:\/\/x.com\/Realmedservices\",\"https:\/\/www.instagram.com\/realmedservices\/\",\"https:\/\/fr.linkedin.com\/company\/realmedservices\"]}]}<\/script>\n<!-- \/ Yoast SEO plugin. -->","yoast_head_json":{"title":"Pack S\u00e9curit\u00e9 - Real Med Services","robots":{"index":"index","follow":"follow","max-snippet":"max-snippet:-1","max-image-preview":"max-image-preview:large","max-video-preview":"max-video-preview:-1"},"canonical":"https:\/\/realmedservices.com\/fr\/product\/pack-securite\/","og_locale":"fr_FR","og_type":"article","og_title":"Pack S\u00e9curit\u00e9 - Real Med Services","og_description":"Les m\u00e9decins sont subissent sans cess d&rsquo;incivilit\u00e9s et d&rsquo;actes violents souvent en raison de leur \u00e9thique et de leur d\u00e9ontologie qui leur interdisent d&rsquo;acc\u00e8der aux demandes de patients malveillants. Il est donc n\u00e9cessaire de structurer le cabinet autour de proc\u00e9dures et d&rsquo;infrastructures de protection adapt\u00e9es. Avec nos partenaires, nous s\u00e9lectionnons l&rsquo;offre de s\u00e9curit\u00e9 la plus [&hellip;]","og_url":"https:\/\/realmedservices.com\/fr\/product\/pack-securite\/","og_site_name":"Real Med Services","article_publisher":"https:\/\/www.facebook.com\/rmsfrance","article_modified_time":"2022-11-12T22:25:35+00:00","og_image":[{"width":2560,"height":1580,"url":"https:\/\/realmedservices.com\/fr\/wp-content\/uploads\/2020\/06\/AdobeStock_283199859-scaled.jpeg","type":"image\/jpeg"}],"twitter_card":"summary_large_image","twitter_site":"@Realmedservices","twitter_misc":{"Dur\u00e9e de lecture estim\u00e9e":"1 minute"},"schema":{"@context":"https:\/\/schema.org","@graph":[{"@type":"WebPage","@id":"https:\/\/realmedservices.com\/fr\/product\/pack-securite\/","url":"https:\/\/realmedservices.com\/fr\/product\/pack-securite\/","name":"Pack S\u00e9curit\u00e9 - Real Med Services","isPartOf":{"@id":"https:\/\/realmedservices.com\/fr\/#website"},"primaryImageOfPage":{"@id":"https:\/\/realmedservices.com\/fr\/product\/pack-securite\/#primaryimage"},"image":{"@id":"https:\/\/realmedservices.com\/fr\/product\/pack-securite\/#primaryimage"},"thumbnailUrl":"https:\/\/realmedservices.com\/fr\/wp-content\/uploads\/2020\/06\/AdobeStock_283199859-scaled.jpeg","datePublished":"2020-06-21T08:33:26+00:00","dateModified":"2022-11-12T22:25:35+00:00","breadcrumb":{"@id":"https:\/\/realmedservices.com\/fr\/product\/pack-securite\/#breadcrumb"},"inLanguage":"fr-FR","potentialAction":[{"@type":"ReadAction","target":["https:\/\/realmedservices.com\/fr\/product\/pack-securite\/"]}]},{"@type":"ImageObject","inLanguage":"fr-FR","@id":"https:\/\/realmedservices.com\/fr\/product\/pack-securite\/#primaryimage","url":"https:\/\/realmedservices.com\/fr\/wp-content\/uploads\/2020\/06\/AdobeStock_283199859-scaled.jpeg","contentUrl":"https:\/\/realmedservices.com\/fr\/wp-content\/uploads\/2020\/06\/AdobeStock_283199859-scaled.jpeg","width":2560,"height":1580,"caption":"Street camera for surveillance and glowing network interface. Concept of monitoring and data. 3d rendering toned image double exposure"},{"@type":"BreadcrumbList","@id":"https:\/\/realmedservices.com\/fr\/product\/pack-securite\/#breadcrumb","itemListElement":[{"@type":"ListItem","position":1,"name":"Accueil","item":"https:\/\/realmedservices.com\/fr\/"},{"@type":"ListItem","position":2,"name":"Shop","item":"https:\/\/realmedservices.com\/fr\/shop\/"},{"@type":"ListItem","position":3,"name":"Pack S\u00e9curit\u00e9"}]},{"@type":"WebSite","@id":"https:\/\/realmedservices.com\/fr\/#website","url":"https:\/\/realmedservices.com\/fr\/","name":"Real Med Services","description":"La libert\u00e9 et le confort des m\u00e9decins","publisher":{"@id":"https:\/\/realmedservices.com\/fr\/#organization"},"potentialAction":[{"@type":"SearchAction","target":{"@type":"EntryPoint","urlTemplate":"https:\/\/realmedservices.com\/fr\/?s={search_term_string}"},"query-input":{"@type":"PropertyValueSpecification","valueRequired":true,"valueName":"search_term_string"}}],"inLanguage":"fr-FR"},{"@type":"Organization","@id":"https:\/\/realmedservices.com\/fr\/#organization","name":"Real Med Services","url":"https:\/\/realmedservices.com\/fr\/","logo":{"@type":"ImageObject","inLanguage":"fr-FR","@id":"https:\/\/realmedservices.com\/fr\/#\/schema\/logo\/image\/","url":"https:\/\/realmedservices.com\/fr\/wp-content\/uploads\/2020\/06\/Real-med-services-Logo-1-e1592769264302.png","contentUrl":"https:\/\/realmedservices.com\/fr\/wp-content\/uploads\/2020\/06\/Real-med-services-Logo-1-e1592769264302.png","width":89,"height":50,"caption":"Real Med Services"},"image":{"@id":"https:\/\/realmedservices.com\/fr\/#\/schema\/logo\/image\/"},"sameAs":["https:\/\/www.facebook.com\/rmsfrance","https:\/\/x.com\/Realmedservices","https:\/\/www.instagram.com\/realmedservices\/","https:\/\/fr.linkedin.com\/company\/realmedservices"]}]}},"_links":{"self":[{"href":"https:\/\/realmedservices.com\/fr\/wp-json\/wp\/v2\/product\/7550"}],"collection":[{"href":"https:\/\/realmedservices.com\/fr\/wp-json\/wp\/v2\/product"}],"about":[{"href":"https:\/\/realmedservices.com\/fr\/wp-json\/wp\/v2\/types\/product"}],"replies":[{"embeddable":true,"href":"https:\/\/realmedservices.com\/fr\/wp-json\/wp\/v2\/comments?post=7550"}],"version-history":[{"count":1,"href":"https:\/\/realmedservices.com\/fr\/wp-json\/wp\/v2\/product\/7550\/revisions"}],"predecessor-version":[{"id":11699,"href":"https:\/\/realmedservices.com\/fr\/wp-json\/wp\/v2\/product\/7550\/revisions\/11699"}],"wp:featuredmedia":[{"embeddable":true,"href":"https:\/\/realmedservices.com\/fr\/wp-json\/wp\/v2\/media\/11564"}],"wp:attachment":[{"href":"https:\/\/realmedservices.com\/fr\/wp-json\/wp\/v2\/media?parent=7550"}],"wp:term":[{"taxonomy":"product_cat","embeddable":true,"href":"https:\/\/realmedservices.com\/fr\/wp-json\/wp\/v2\/product_cat?post=7550"},{"taxonomy":"product_tag","embeddable":true,"href":"https:\/\/realmedservices.com\/fr\/wp-json\/wp\/v2\/product_tag?post=7550"}],"curies":[{"name":"wp","href":"https:\/\/api.w.org\/{rel}","templated":true}]}}