{"id":7553,"date":"2020-06-21T08:33:26","date_gmt":"2020-06-21T08:33:26","guid":{"rendered":"http:\/\/realmedservices.com\/fr\/product\/recherche-de-formation-professionnelle-du-personnel\/"},"modified":"2020-07-06T11:41:49","modified_gmt":"2020-07-06T11:41:49","slug":"recherche-de-formation-professionnelle-du-personnel","status":"publish","type":"product","link":"https:\/\/realmedservices.com\/fr\/product\/recherche-de-formation-professionnelle-du-personnel\/","title":{"rendered":"Recherche de formation professionnelle du personnel"},"content":{"rendered":"<p>En tant qu&#8217;employeur, vous avez l&rsquo;obligation juirdique d&rsquo;offrir \u00e0 votre personnel une fomation continue pour qu&rsquo;il s&rsquo;adapte aux exigences professionnelles. Avec nos partenaires, nous recherchons les formations les plus adapt\u00e9es et effectuons les d\u00e9marches adminsitratives et de financements afin que le cabinet comme les patients b\u00e9n\u00e9ficient de ces nouvelles comp\u00e9tences et que le salari\u00e9 s&rsquo;\u00e9panouisse au quotidien.<\/p>\n","protected":false},"excerpt":{"rendered":"<p>En tant qu&#8217;employeur, vous avez l&rsquo;obligation juirdique d&rsquo;offrir \u00e0 votre personnel une fomation continue pour qu&rsquo;il s&rsquo;adapte aux exigences professionnelles. Avec nos partenaires, nous recherchons les formations les plus adapt\u00e9es et effectuons les d\u00e9marches adminsitratives et de financements afin que le cabinet comme les patients b\u00e9n\u00e9ficient de ces nouvelles comp\u00e9tences et que le salari\u00e9 s&rsquo;\u00e9panouisse [&hellip;]<\/p>\n","protected":false},"featured_media":11477,"comment_status":"open","ping_status":"closed","template":"","meta":[],"product_cat":[535],"product_tag":[],"class_list":{"0":"post-7553","1":"product","2":"type-product","3":"status-publish","4":"has-post-thumbnail","6":"product_cat-votre-aide-a-la-gestion","8":"first","9":"instock","10":"virtual","11":"taxable","12":"purchasable","13":"product-type-simple"},"yoast_head":"<!-- This site is optimized with the Yoast SEO plugin v23.4 - https:\/\/yoast.com\/wordpress\/plugins\/seo\/ -->\n<title>Recherche de formation professionnelle du personnel - Real Med Services<\/title>\n<meta name=\"robots\" content=\"index, follow, max-snippet:-1, max-image-preview:large, max-video-preview:-1\" \/>\n<link rel=\"canonical\" href=\"https:\/\/realmedservices.com\/fr\/product\/recherche-de-formation-professionnelle-du-personnel\/\" \/>\n<meta property=\"og:locale\" content=\"fr_FR\" \/>\n<meta property=\"og:type\" content=\"article\" \/>\n<meta property=\"og:title\" content=\"Recherche de formation professionnelle du personnel - Real Med Services\" \/>\n<meta property=\"og:description\" content=\"En tant qu&#8217;employeur, vous avez l&rsquo;obligation juirdique d&rsquo;offrir \u00e0 votre personnel une fomation continue pour qu&rsquo;il s&rsquo;adapte aux exigences professionnelles. Avec nos partenaires, nous recherchons les formations les plus adapt\u00e9es et effectuons les d\u00e9marches adminsitratives et de financements afin que le cabinet comme les patients b\u00e9n\u00e9ficient de ces nouvelles comp\u00e9tences et que le salari\u00e9 s&rsquo;\u00e9panouisse [&hellip;]\" \/>\n<meta property=\"og:url\" content=\"https:\/\/realmedservices.com\/fr\/product\/recherche-de-formation-professionnelle-du-personnel\/\" \/>\n<meta property=\"og:site_name\" content=\"Real Med Services\" \/>\n<meta property=\"article:publisher\" content=\"https:\/\/www.facebook.com\/rmsfrance\" \/>\n<meta property=\"article:modified_time\" content=\"2020-07-06T11:41:49+00:00\" \/>\n<meta property=\"og:image\" content=\"https:\/\/realmedservices.com\/fr\/wp-content\/uploads\/2020\/06\/AdobeStock_297905114-scaled.jpeg\" \/>\n\t<meta property=\"og:image:width\" content=\"2560\" \/>\n\t<meta property=\"og:image:height\" content=\"1440\" \/>\n\t<meta property=\"og:image:type\" content=\"image\/jpeg\" \/>\n<meta name=\"twitter:card\" content=\"summary_large_image\" \/>\n<meta name=\"twitter:site\" content=\"@Realmedservices\" \/>\n<script type=\"application\/ld+json\" class=\"yoast-schema-graph\">{\"@context\":\"https:\/\/schema.org\",\"@graph\":[{\"@type\":\"WebPage\",\"@id\":\"https:\/\/realmedservices.com\/fr\/product\/recherche-de-formation-professionnelle-du-personnel\/\",\"url\":\"https:\/\/realmedservices.com\/fr\/product\/recherche-de-formation-professionnelle-du-personnel\/\",\"name\":\"Recherche de formation professionnelle du personnel - Real Med Services\",\"isPartOf\":{\"@id\":\"https:\/\/realmedservices.com\/fr\/#website\"},\"primaryImageOfPage\":{\"@id\":\"https:\/\/realmedservices.com\/fr\/product\/recherche-de-formation-professionnelle-du-personnel\/#primaryimage\"},\"image\":{\"@id\":\"https:\/\/realmedservices.com\/fr\/product\/recherche-de-formation-professionnelle-du-personnel\/#primaryimage\"},\"thumbnailUrl\":\"https:\/\/realmedservices.com\/fr\/wp-content\/uploads\/2020\/06\/AdobeStock_297905114-scaled.jpeg\",\"datePublished\":\"2020-06-21T08:33:26+00:00\",\"dateModified\":\"2020-07-06T11:41:49+00:00\",\"breadcrumb\":{\"@id\":\"https:\/\/realmedservices.com\/fr\/product\/recherche-de-formation-professionnelle-du-personnel\/#breadcrumb\"},\"inLanguage\":\"fr-FR\",\"potentialAction\":[{\"@type\":\"ReadAction\",\"target\":[\"https:\/\/realmedservices.com\/fr\/product\/recherche-de-formation-professionnelle-du-personnel\/\"]}]},{\"@type\":\"ImageObject\",\"inLanguage\":\"fr-FR\",\"@id\":\"https:\/\/realmedservices.com\/fr\/product\/recherche-de-formation-professionnelle-du-personnel\/#primaryimage\",\"url\":\"https:\/\/realmedservices.com\/fr\/wp-content\/uploads\/2020\/06\/AdobeStock_297905114-scaled.jpeg\",\"contentUrl\":\"https:\/\/realmedservices.com\/fr\/wp-content\/uploads\/2020\/06\/AdobeStock_297905114-scaled.jpeg\",\"width\":2560,\"height\":1440,\"caption\":\"Female business coach speaker pointing on flip chart presenting work results graph at conference office meeting, businesswoman mentor presenter training staff group at corporate workshop presentation\"},{\"@type\":\"BreadcrumbList\",\"@id\":\"https:\/\/realmedservices.com\/fr\/product\/recherche-de-formation-professionnelle-du-personnel\/#breadcrumb\",\"itemListElement\":[{\"@type\":\"ListItem\",\"position\":1,\"name\":\"Accueil\",\"item\":\"https:\/\/realmedservices.com\/fr\/\"},{\"@type\":\"ListItem\",\"position\":2,\"name\":\"Shop\",\"item\":\"https:\/\/realmedservices.com\/fr\/shop\/\"},{\"@type\":\"ListItem\",\"position\":3,\"name\":\"Recherche de formation professionnelle du personnel\"}]},{\"@type\":\"WebSite\",\"@id\":\"https:\/\/realmedservices.com\/fr\/#website\",\"url\":\"https:\/\/realmedservices.com\/fr\/\",\"name\":\"Real Med Services\",\"description\":\"La libert\u00e9 et le confort des m\u00e9decins\",\"publisher\":{\"@id\":\"https:\/\/realmedservices.com\/fr\/#organization\"},\"potentialAction\":[{\"@type\":\"SearchAction\",\"target\":{\"@type\":\"EntryPoint\",\"urlTemplate\":\"https:\/\/realmedservices.com\/fr\/?s={search_term_string}\"},\"query-input\":{\"@type\":\"PropertyValueSpecification\",\"valueRequired\":true,\"valueName\":\"search_term_string\"}}],\"inLanguage\":\"fr-FR\"},{\"@type\":\"Organization\",\"@id\":\"https:\/\/realmedservices.com\/fr\/#organization\",\"name\":\"Real Med Services\",\"url\":\"https:\/\/realmedservices.com\/fr\/\",\"logo\":{\"@type\":\"ImageObject\",\"inLanguage\":\"fr-FR\",\"@id\":\"https:\/\/realmedservices.com\/fr\/#\/schema\/logo\/image\/\",\"url\":\"https:\/\/realmedservices.com\/fr\/wp-content\/uploads\/2020\/06\/Real-med-services-Logo-1-e1592769264302.png\",\"contentUrl\":\"https:\/\/realmedservices.com\/fr\/wp-content\/uploads\/2020\/06\/Real-med-services-Logo-1-e1592769264302.png\",\"width\":89,\"height\":50,\"caption\":\"Real Med Services\"},\"image\":{\"@id\":\"https:\/\/realmedservices.com\/fr\/#\/schema\/logo\/image\/\"},\"sameAs\":[\"https:\/\/www.facebook.com\/rmsfrance\",\"https:\/\/x.com\/Realmedservices\",\"https:\/\/www.instagram.com\/realmedservices\/\",\"https:\/\/fr.linkedin.com\/company\/realmedservices\"]}]}<\/script>\n<!-- \/ Yoast SEO plugin. -->","yoast_head_json":{"title":"Recherche de formation professionnelle du personnel - Real Med Services","robots":{"index":"index","follow":"follow","max-snippet":"max-snippet:-1","max-image-preview":"max-image-preview:large","max-video-preview":"max-video-preview:-1"},"canonical":"https:\/\/realmedservices.com\/fr\/product\/recherche-de-formation-professionnelle-du-personnel\/","og_locale":"fr_FR","og_type":"article","og_title":"Recherche de formation professionnelle du personnel - Real Med Services","og_description":"En tant qu&#8217;employeur, vous avez l&rsquo;obligation juirdique d&rsquo;offrir \u00e0 votre personnel une fomation continue pour qu&rsquo;il s&rsquo;adapte aux exigences professionnelles. Avec nos partenaires, nous recherchons les formations les plus adapt\u00e9es et effectuons les d\u00e9marches adminsitratives et de financements afin que le cabinet comme les patients b\u00e9n\u00e9ficient de ces nouvelles comp\u00e9tences et que le salari\u00e9 s&rsquo;\u00e9panouisse [&hellip;]","og_url":"https:\/\/realmedservices.com\/fr\/product\/recherche-de-formation-professionnelle-du-personnel\/","og_site_name":"Real Med Services","article_publisher":"https:\/\/www.facebook.com\/rmsfrance","article_modified_time":"2020-07-06T11:41:49+00:00","og_image":[{"width":2560,"height":1440,"url":"https:\/\/realmedservices.com\/fr\/wp-content\/uploads\/2020\/06\/AdobeStock_297905114-scaled.jpeg","type":"image\/jpeg"}],"twitter_card":"summary_large_image","twitter_site":"@Realmedservices","schema":{"@context":"https:\/\/schema.org","@graph":[{"@type":"WebPage","@id":"https:\/\/realmedservices.com\/fr\/product\/recherche-de-formation-professionnelle-du-personnel\/","url":"https:\/\/realmedservices.com\/fr\/product\/recherche-de-formation-professionnelle-du-personnel\/","name":"Recherche de formation professionnelle du personnel - Real Med Services","isPartOf":{"@id":"https:\/\/realmedservices.com\/fr\/#website"},"primaryImageOfPage":{"@id":"https:\/\/realmedservices.com\/fr\/product\/recherche-de-formation-professionnelle-du-personnel\/#primaryimage"},"image":{"@id":"https:\/\/realmedservices.com\/fr\/product\/recherche-de-formation-professionnelle-du-personnel\/#primaryimage"},"thumbnailUrl":"https:\/\/realmedservices.com\/fr\/wp-content\/uploads\/2020\/06\/AdobeStock_297905114-scaled.jpeg","datePublished":"2020-06-21T08:33:26+00:00","dateModified":"2020-07-06T11:41:49+00:00","breadcrumb":{"@id":"https:\/\/realmedservices.com\/fr\/product\/recherche-de-formation-professionnelle-du-personnel\/#breadcrumb"},"inLanguage":"fr-FR","potentialAction":[{"@type":"ReadAction","target":["https:\/\/realmedservices.com\/fr\/product\/recherche-de-formation-professionnelle-du-personnel\/"]}]},{"@type":"ImageObject","inLanguage":"fr-FR","@id":"https:\/\/realmedservices.com\/fr\/product\/recherche-de-formation-professionnelle-du-personnel\/#primaryimage","url":"https:\/\/realmedservices.com\/fr\/wp-content\/uploads\/2020\/06\/AdobeStock_297905114-scaled.jpeg","contentUrl":"https:\/\/realmedservices.com\/fr\/wp-content\/uploads\/2020\/06\/AdobeStock_297905114-scaled.jpeg","width":2560,"height":1440,"caption":"Female business coach speaker pointing on flip chart presenting work results graph at conference office meeting, businesswoman mentor presenter training staff group at corporate workshop presentation"},{"@type":"BreadcrumbList","@id":"https:\/\/realmedservices.com\/fr\/product\/recherche-de-formation-professionnelle-du-personnel\/#breadcrumb","itemListElement":[{"@type":"ListItem","position":1,"name":"Accueil","item":"https:\/\/realmedservices.com\/fr\/"},{"@type":"ListItem","position":2,"name":"Shop","item":"https:\/\/realmedservices.com\/fr\/shop\/"},{"@type":"ListItem","position":3,"name":"Recherche de formation professionnelle du personnel"}]},{"@type":"WebSite","@id":"https:\/\/realmedservices.com\/fr\/#website","url":"https:\/\/realmedservices.com\/fr\/","name":"Real Med Services","description":"La libert\u00e9 et le confort des m\u00e9decins","publisher":{"@id":"https:\/\/realmedservices.com\/fr\/#organization"},"potentialAction":[{"@type":"SearchAction","target":{"@type":"EntryPoint","urlTemplate":"https:\/\/realmedservices.com\/fr\/?s={search_term_string}"},"query-input":{"@type":"PropertyValueSpecification","valueRequired":true,"valueName":"search_term_string"}}],"inLanguage":"fr-FR"},{"@type":"Organization","@id":"https:\/\/realmedservices.com\/fr\/#organization","name":"Real Med Services","url":"https:\/\/realmedservices.com\/fr\/","logo":{"@type":"ImageObject","inLanguage":"fr-FR","@id":"https:\/\/realmedservices.com\/fr\/#\/schema\/logo\/image\/","url":"https:\/\/realmedservices.com\/fr\/wp-content\/uploads\/2020\/06\/Real-med-services-Logo-1-e1592769264302.png","contentUrl":"https:\/\/realmedservices.com\/fr\/wp-content\/uploads\/2020\/06\/Real-med-services-Logo-1-e1592769264302.png","width":89,"height":50,"caption":"Real Med Services"},"image":{"@id":"https:\/\/realmedservices.com\/fr\/#\/schema\/logo\/image\/"},"sameAs":["https:\/\/www.facebook.com\/rmsfrance","https:\/\/x.com\/Realmedservices","https:\/\/www.instagram.com\/realmedservices\/","https:\/\/fr.linkedin.com\/company\/realmedservices"]}]}},"_links":{"self":[{"href":"https:\/\/realmedservices.com\/fr\/wp-json\/wp\/v2\/product\/7553"}],"collection":[{"href":"https:\/\/realmedservices.com\/fr\/wp-json\/wp\/v2\/product"}],"about":[{"href":"https:\/\/realmedservices.com\/fr\/wp-json\/wp\/v2\/types\/product"}],"replies":[{"embeddable":true,"href":"https:\/\/realmedservices.com\/fr\/wp-json\/wp\/v2\/comments?post=7553"}],"version-history":[{"count":1,"href":"https:\/\/realmedservices.com\/fr\/wp-json\/wp\/v2\/product\/7553\/revisions"}],"predecessor-version":[{"id":11690,"href":"https:\/\/realmedservices.com\/fr\/wp-json\/wp\/v2\/product\/7553\/revisions\/11690"}],"wp:featuredmedia":[{"embeddable":true,"href":"https:\/\/realmedservices.com\/fr\/wp-json\/wp\/v2\/media\/11477"}],"wp:attachment":[{"href":"https:\/\/realmedservices.com\/fr\/wp-json\/wp\/v2\/media?parent=7553"}],"wp:term":[{"taxonomy":"product_cat","embeddable":true,"href":"https:\/\/realmedservices.com\/fr\/wp-json\/wp\/v2\/product_cat?post=7553"},{"taxonomy":"product_tag","embeddable":true,"href":"https:\/\/realmedservices.com\/fr\/wp-json\/wp\/v2\/product_tag?post=7553"}],"curies":[{"name":"wp","href":"https:\/\/api.w.org\/{rel}","templated":true}]}}