{"id":7559,"date":"2020-06-21T08:33:27","date_gmt":"2020-06-21T08:33:27","guid":{"rendered":"http:\/\/realmedservices.com\/fr\/product\/accessibilite-handicape\/"},"modified":"2022-10-23T12:06:50","modified_gmt":"2022-10-23T12:06:50","slug":"accessibilite-personnes-handicapees","status":"publish","type":"product","link":"https:\/\/realmedservices.com\/fr\/product\/accessibilite-personnes-handicapees\/","title":{"rendered":"Accessibilit\u00e9 handicap\u00e9"},"content":{"rendered":"<p>La France a depuis 15 ans mis en place un effort consid\u00e9rable pour l&rsquo;accessibilit\u00e9 des lieux publics au personnes handicap\u00e9es. Ceci passe par des efforts administratifs et techniques de transformation du cabinet parfois complexes ou fastidieux \u00e0 mettre en oeuvre pour se plier aux imp\u00e9ratifs l\u00e9gaux et r\u00e9glementaires. Avec Real Med Services, ces op\u00e9rations sont optimis\u00e9es et pilot\u00e9es et vous \u00e9vitez les nombreuses escroqueries dont peuvent \u00eatre victimes les m\u00e9decins sur ce sujet.<\/p>\n","protected":false},"excerpt":{"rendered":"<p>La France a depuis 15 ans mis en place un effort consid\u00e9rable pour l&rsquo;accessibilit\u00e9 des lieux publics au personnes handicap\u00e9es. Ceci passe par des efforts administratifs et techniques de transformation du cabinet parfois complexes ou fastidieux \u00e0 mettre en oeuvre pour se plier aux imp\u00e9ratifs l\u00e9gaux et r\u00e9glementaires. Avec Real Med Services, ces op\u00e9rations sont [&hellip;]<\/p>\n","protected":false},"featured_media":11414,"comment_status":"open","ping_status":"closed","template":"","meta":[],"product_cat":[535],"product_tag":[],"class_list":{"0":"post-7559","1":"product","2":"type-product","3":"status-publish","4":"has-post-thumbnail","6":"product_cat-votre-aide-a-la-gestion","8":"first","9":"instock","10":"virtual","11":"taxable","12":"purchasable","13":"product-type-simple"},"yoast_head":"<!-- This site is optimized with the Yoast SEO plugin v23.4 - https:\/\/yoast.com\/wordpress\/plugins\/seo\/ -->\n<title>Accessibilit\u00e9 des personnes handicap\u00e9es - avec Real Med Services<\/title>\n<meta name=\"description\" content=\"L&#039;accessibilit\u00e9 des personnes handicap\u00e9es est essentiel pour un lieu public. Real Med Services vous propose ses solutions raisonnables de mise en conformit\u00e9\" \/>\n<meta name=\"robots\" content=\"index, follow, max-snippet:-1, max-image-preview:large, max-video-preview:-1\" \/>\n<link rel=\"canonical\" href=\"https:\/\/realmedservices.com\/fr\/product\/accessibilite-personnes-handicapees\/\" \/>\n<meta property=\"og:locale\" content=\"fr_FR\" \/>\n<meta property=\"og:type\" content=\"article\" \/>\n<meta property=\"og:title\" content=\"Accessibilit\u00e9 des personnes handicap\u00e9es - avec Real Med Services\" \/>\n<meta property=\"og:description\" content=\"L&#039;accessibilit\u00e9 des personnes handicap\u00e9es est essentiel pour un lieu public. Real Med Services vous propose ses solutions raisonnables de mise en conformit\u00e9\" \/>\n<meta property=\"og:url\" content=\"https:\/\/realmedservices.com\/fr\/product\/accessibilite-personnes-handicapees\/\" \/>\n<meta property=\"og:site_name\" content=\"Real Med Services\" \/>\n<meta property=\"article:publisher\" content=\"https:\/\/www.facebook.com\/rmsfrance\" \/>\n<meta property=\"article:modified_time\" content=\"2022-10-23T12:06:50+00:00\" \/>\n<meta property=\"og:image\" content=\"https:\/\/realmedservices.com\/fr\/wp-content\/uploads\/2020\/06\/AdobeStock_221725593-scaled.jpeg\" \/>\n\t<meta property=\"og:image:width\" content=\"2560\" \/>\n\t<meta property=\"og:image:height\" content=\"1707\" \/>\n\t<meta property=\"og:image:type\" content=\"image\/jpeg\" \/>\n<meta name=\"twitter:card\" content=\"summary_large_image\" \/>\n<meta name=\"twitter:site\" content=\"@Realmedservices\" \/>\n<script type=\"application\/ld+json\" class=\"yoast-schema-graph\">{\"@context\":\"https:\/\/schema.org\",\"@graph\":[{\"@type\":\"WebPage\",\"@id\":\"https:\/\/realmedservices.com\/fr\/product\/accessibilite-personnes-handicapees\/\",\"url\":\"https:\/\/realmedservices.com\/fr\/product\/accessibilite-personnes-handicapees\/\",\"name\":\"Accessibilit\u00e9 des personnes handicap\u00e9es - avec Real Med Services\",\"isPartOf\":{\"@id\":\"https:\/\/realmedservices.com\/fr\/#website\"},\"primaryImageOfPage\":{\"@id\":\"https:\/\/realmedservices.com\/fr\/product\/accessibilite-personnes-handicapees\/#primaryimage\"},\"image\":{\"@id\":\"https:\/\/realmedservices.com\/fr\/product\/accessibilite-personnes-handicapees\/#primaryimage\"},\"thumbnailUrl\":\"https:\/\/realmedservices.com\/fr\/wp-content\/uploads\/2020\/06\/AdobeStock_221725593-scaled.jpeg\",\"datePublished\":\"2020-06-21T08:33:27+00:00\",\"dateModified\":\"2022-10-23T12:06:50+00:00\",\"description\":\"L'accessibilit\u00e9 des personnes handicap\u00e9es est essentiel pour un lieu public. Real Med Services vous propose ses solutions raisonnables de mise en conformit\u00e9\",\"breadcrumb\":{\"@id\":\"https:\/\/realmedservices.com\/fr\/product\/accessibilite-personnes-handicapees\/#breadcrumb\"},\"inLanguage\":\"fr-FR\",\"potentialAction\":[{\"@type\":\"ReadAction\",\"target\":[\"https:\/\/realmedservices.com\/fr\/product\/accessibilite-personnes-handicapees\/\"]}]},{\"@type\":\"ImageObject\",\"inLanguage\":\"fr-FR\",\"@id\":\"https:\/\/realmedservices.com\/fr\/product\/accessibilite-personnes-handicapees\/#primaryimage\",\"url\":\"https:\/\/realmedservices.com\/fr\/wp-content\/uploads\/2020\/06\/AdobeStock_221725593-scaled.jpeg\",\"contentUrl\":\"https:\/\/realmedservices.com\/fr\/wp-content\/uploads\/2020\/06\/AdobeStock_221725593-scaled.jpeg\",\"width\":2560,\"height\":1707,\"caption\":\"Concret ramp way with stainless steel handrail with disabled sign for support wheelchair disabled people.\"},{\"@type\":\"BreadcrumbList\",\"@id\":\"https:\/\/realmedservices.com\/fr\/product\/accessibilite-personnes-handicapees\/#breadcrumb\",\"itemListElement\":[{\"@type\":\"ListItem\",\"position\":1,\"name\":\"Accueil\",\"item\":\"https:\/\/realmedservices.com\/fr\/\"},{\"@type\":\"ListItem\",\"position\":2,\"name\":\"Shop\",\"item\":\"https:\/\/realmedservices.com\/fr\/shop\/\"},{\"@type\":\"ListItem\",\"position\":3,\"name\":\"Accessibilit\u00e9 handicap\u00e9\"}]},{\"@type\":\"WebSite\",\"@id\":\"https:\/\/realmedservices.com\/fr\/#website\",\"url\":\"https:\/\/realmedservices.com\/fr\/\",\"name\":\"Real Med Services\",\"description\":\"La libert\u00e9 et le confort des m\u00e9decins\",\"publisher\":{\"@id\":\"https:\/\/realmedservices.com\/fr\/#organization\"},\"potentialAction\":[{\"@type\":\"SearchAction\",\"target\":{\"@type\":\"EntryPoint\",\"urlTemplate\":\"https:\/\/realmedservices.com\/fr\/?s={search_term_string}\"},\"query-input\":{\"@type\":\"PropertyValueSpecification\",\"valueRequired\":true,\"valueName\":\"search_term_string\"}}],\"inLanguage\":\"fr-FR\"},{\"@type\":\"Organization\",\"@id\":\"https:\/\/realmedservices.com\/fr\/#organization\",\"name\":\"Real Med Services\",\"url\":\"https:\/\/realmedservices.com\/fr\/\",\"logo\":{\"@type\":\"ImageObject\",\"inLanguage\":\"fr-FR\",\"@id\":\"https:\/\/realmedservices.com\/fr\/#\/schema\/logo\/image\/\",\"url\":\"https:\/\/realmedservices.com\/fr\/wp-content\/uploads\/2020\/06\/Real-med-services-Logo-1-e1592769264302.png\",\"contentUrl\":\"https:\/\/realmedservices.com\/fr\/wp-content\/uploads\/2020\/06\/Real-med-services-Logo-1-e1592769264302.png\",\"width\":89,\"height\":50,\"caption\":\"Real Med Services\"},\"image\":{\"@id\":\"https:\/\/realmedservices.com\/fr\/#\/schema\/logo\/image\/\"},\"sameAs\":[\"https:\/\/www.facebook.com\/rmsfrance\",\"https:\/\/x.com\/Realmedservices\",\"https:\/\/www.instagram.com\/realmedservices\/\",\"https:\/\/fr.linkedin.com\/company\/realmedservices\"]}]}<\/script>\n<!-- \/ Yoast SEO plugin. -->","yoast_head_json":{"title":"Accessibilit\u00e9 des personnes handicap\u00e9es - avec Real Med Services","description":"L'accessibilit\u00e9 des personnes handicap\u00e9es est essentiel pour un lieu public. Real Med Services vous propose ses solutions raisonnables de mise en conformit\u00e9","robots":{"index":"index","follow":"follow","max-snippet":"max-snippet:-1","max-image-preview":"max-image-preview:large","max-video-preview":"max-video-preview:-1"},"canonical":"https:\/\/realmedservices.com\/fr\/product\/accessibilite-personnes-handicapees\/","og_locale":"fr_FR","og_type":"article","og_title":"Accessibilit\u00e9 des personnes handicap\u00e9es - avec Real Med Services","og_description":"L'accessibilit\u00e9 des personnes handicap\u00e9es est essentiel pour un lieu public. Real Med Services vous propose ses solutions raisonnables de mise en conformit\u00e9","og_url":"https:\/\/realmedservices.com\/fr\/product\/accessibilite-personnes-handicapees\/","og_site_name":"Real Med Services","article_publisher":"https:\/\/www.facebook.com\/rmsfrance","article_modified_time":"2022-10-23T12:06:50+00:00","og_image":[{"width":2560,"height":1707,"url":"https:\/\/realmedservices.com\/fr\/wp-content\/uploads\/2020\/06\/AdobeStock_221725593-scaled.jpeg","type":"image\/jpeg"}],"twitter_card":"summary_large_image","twitter_site":"@Realmedservices","schema":{"@context":"https:\/\/schema.org","@graph":[{"@type":"WebPage","@id":"https:\/\/realmedservices.com\/fr\/product\/accessibilite-personnes-handicapees\/","url":"https:\/\/realmedservices.com\/fr\/product\/accessibilite-personnes-handicapees\/","name":"Accessibilit\u00e9 des personnes handicap\u00e9es - avec Real Med Services","isPartOf":{"@id":"https:\/\/realmedservices.com\/fr\/#website"},"primaryImageOfPage":{"@id":"https:\/\/realmedservices.com\/fr\/product\/accessibilite-personnes-handicapees\/#primaryimage"},"image":{"@id":"https:\/\/realmedservices.com\/fr\/product\/accessibilite-personnes-handicapees\/#primaryimage"},"thumbnailUrl":"https:\/\/realmedservices.com\/fr\/wp-content\/uploads\/2020\/06\/AdobeStock_221725593-scaled.jpeg","datePublished":"2020-06-21T08:33:27+00:00","dateModified":"2022-10-23T12:06:50+00:00","description":"L'accessibilit\u00e9 des personnes handicap\u00e9es est essentiel pour un lieu public. Real Med Services vous propose ses solutions raisonnables de mise en conformit\u00e9","breadcrumb":{"@id":"https:\/\/realmedservices.com\/fr\/product\/accessibilite-personnes-handicapees\/#breadcrumb"},"inLanguage":"fr-FR","potentialAction":[{"@type":"ReadAction","target":["https:\/\/realmedservices.com\/fr\/product\/accessibilite-personnes-handicapees\/"]}]},{"@type":"ImageObject","inLanguage":"fr-FR","@id":"https:\/\/realmedservices.com\/fr\/product\/accessibilite-personnes-handicapees\/#primaryimage","url":"https:\/\/realmedservices.com\/fr\/wp-content\/uploads\/2020\/06\/AdobeStock_221725593-scaled.jpeg","contentUrl":"https:\/\/realmedservices.com\/fr\/wp-content\/uploads\/2020\/06\/AdobeStock_221725593-scaled.jpeg","width":2560,"height":1707,"caption":"Concret ramp way with stainless steel handrail with disabled sign for support wheelchair disabled people."},{"@type":"BreadcrumbList","@id":"https:\/\/realmedservices.com\/fr\/product\/accessibilite-personnes-handicapees\/#breadcrumb","itemListElement":[{"@type":"ListItem","position":1,"name":"Accueil","item":"https:\/\/realmedservices.com\/fr\/"},{"@type":"ListItem","position":2,"name":"Shop","item":"https:\/\/realmedservices.com\/fr\/shop\/"},{"@type":"ListItem","position":3,"name":"Accessibilit\u00e9 handicap\u00e9"}]},{"@type":"WebSite","@id":"https:\/\/realmedservices.com\/fr\/#website","url":"https:\/\/realmedservices.com\/fr\/","name":"Real Med Services","description":"La libert\u00e9 et le confort des m\u00e9decins","publisher":{"@id":"https:\/\/realmedservices.com\/fr\/#organization"},"potentialAction":[{"@type":"SearchAction","target":{"@type":"EntryPoint","urlTemplate":"https:\/\/realmedservices.com\/fr\/?s={search_term_string}"},"query-input":{"@type":"PropertyValueSpecification","valueRequired":true,"valueName":"search_term_string"}}],"inLanguage":"fr-FR"},{"@type":"Organization","@id":"https:\/\/realmedservices.com\/fr\/#organization","name":"Real Med Services","url":"https:\/\/realmedservices.com\/fr\/","logo":{"@type":"ImageObject","inLanguage":"fr-FR","@id":"https:\/\/realmedservices.com\/fr\/#\/schema\/logo\/image\/","url":"https:\/\/realmedservices.com\/fr\/wp-content\/uploads\/2020\/06\/Real-med-services-Logo-1-e1592769264302.png","contentUrl":"https:\/\/realmedservices.com\/fr\/wp-content\/uploads\/2020\/06\/Real-med-services-Logo-1-e1592769264302.png","width":89,"height":50,"caption":"Real Med Services"},"image":{"@id":"https:\/\/realmedservices.com\/fr\/#\/schema\/logo\/image\/"},"sameAs":["https:\/\/www.facebook.com\/rmsfrance","https:\/\/x.com\/Realmedservices","https:\/\/www.instagram.com\/realmedservices\/","https:\/\/fr.linkedin.com\/company\/realmedservices"]}]}},"_links":{"self":[{"href":"https:\/\/realmedservices.com\/fr\/wp-json\/wp\/v2\/product\/7559"}],"collection":[{"href":"https:\/\/realmedservices.com\/fr\/wp-json\/wp\/v2\/product"}],"about":[{"href":"https:\/\/realmedservices.com\/fr\/wp-json\/wp\/v2\/types\/product"}],"replies":[{"embeddable":true,"href":"https:\/\/realmedservices.com\/fr\/wp-json\/wp\/v2\/comments?post=7559"}],"version-history":[{"count":1,"href":"https:\/\/realmedservices.com\/fr\/wp-json\/wp\/v2\/product\/7559\/revisions"}],"predecessor-version":[{"id":11707,"href":"https:\/\/realmedservices.com\/fr\/wp-json\/wp\/v2\/product\/7559\/revisions\/11707"}],"wp:featuredmedia":[{"embeddable":true,"href":"https:\/\/realmedservices.com\/fr\/wp-json\/wp\/v2\/media\/11414"}],"wp:attachment":[{"href":"https:\/\/realmedservices.com\/fr\/wp-json\/wp\/v2\/media?parent=7559"}],"wp:term":[{"taxonomy":"product_cat","embeddable":true,"href":"https:\/\/realmedservices.com\/fr\/wp-json\/wp\/v2\/product_cat?post=7559"},{"taxonomy":"product_tag","embeddable":true,"href":"https:\/\/realmedservices.com\/fr\/wp-json\/wp\/v2\/product_tag?post=7559"}],"curies":[{"name":"wp","href":"https:\/\/api.w.org\/{rel}","templated":true}]}}