{"id":7561,"date":"2020-06-21T08:33:27","date_gmt":"2020-06-21T08:33:27","guid":{"rendered":"http:\/\/realmedservices.com\/fr\/product\/organisation-de-mini-seminaire-entre-conferes\/"},"modified":"2022-10-29T07:04:16","modified_gmt":"2022-10-29T07:04:16","slug":"organisation-de-mini-seminaire-entre-conferes","status":"publish","type":"product","link":"https:\/\/realmedservices.com\/fr\/product\/organisation-de-mini-seminaire-entre-conferes\/","title":{"rendered":"Organisation de mini-s\u00e9minaire entre conf\u00e8res"},"content":{"rendered":"<p>Les s\u00e9minaires ne correspondent pas toujours aux attentes et le programme est parfois alourdi de sessions portant sur des th\u00e8mes qui ne vous concernent pas directement. En outre, le format est parfois un peu dat\u00e9 et ne tient pas compte des m\u00e9thodes d&rsquo;animation qui sont celles de la formation moderne. Vous pouvez ainsi \u00e9changer vos \u00e9xp\u00e9riences entre confr\u00e8res et d\u00e9velopper des bonnes pratiques communes. Avec Real Med Services, vous montez votre s\u00e9minaire sur mesure avec ceux que vous souhaitez. Vous pouvez ainsi organiser votre s\u00e9ance avec votre r\u00e9seau de confr\u00e8res pour d\u00e9velopper votre communaut\u00e9 de pratique et parler des sujets vous permettant d&rsquo;am\u00e9liorer votre collaboration. Real Med Services apportera son exp\u00e9rience du management pour renforcer votre dialogue des meilleures outils de collaboration!<\/p>\n","protected":false},"excerpt":{"rendered":"<p>Les s\u00e9minaires ne correspondent pas toujours aux attentes et le programme est parfois alourdi de sessions portant sur des th\u00e8mes qui ne vous concernent pas directement. En outre, le format est parfois un peu dat\u00e9 et ne tient pas compte des m\u00e9thodes d&rsquo;animation qui sont celles de la formation moderne. Vous pouvez ainsi \u00e9changer vos [&hellip;]<\/p>\n","protected":false},"featured_media":11465,"comment_status":"open","ping_status":"closed","template":"","meta":[],"product_cat":[535],"product_tag":[],"class_list":{"0":"post-7561","1":"product","2":"type-product","3":"status-publish","4":"has-post-thumbnail","6":"product_cat-votre-aide-a-la-gestion","8":"first","9":"instock","10":"virtual","11":"taxable","12":"purchasable","13":"product-type-simple"},"yoast_head":"<!-- This site is optimized with the Yoast SEO plugin v23.4 - https:\/\/yoast.com\/wordpress\/plugins\/seo\/ -->\n<title>Organisation de mini-s\u00e9minaire entre conf\u00e8res - Real Med Services<\/title>\n<meta name=\"robots\" content=\"index, follow, max-snippet:-1, max-image-preview:large, max-video-preview:-1\" \/>\n<link rel=\"canonical\" href=\"https:\/\/realmedservices.com\/fr\/product\/organisation-de-mini-seminaire-entre-conferes\/\" \/>\n<meta property=\"og:locale\" content=\"fr_FR\" \/>\n<meta property=\"og:type\" content=\"article\" \/>\n<meta property=\"og:title\" content=\"Organisation de mini-s\u00e9minaire entre conf\u00e8res - Real Med Services\" \/>\n<meta property=\"og:description\" content=\"Les s\u00e9minaires ne correspondent pas toujours aux attentes et le programme est parfois alourdi de sessions portant sur des th\u00e8mes qui ne vous concernent pas directement. En outre, le format est parfois un peu dat\u00e9 et ne tient pas compte des m\u00e9thodes d&rsquo;animation qui sont celles de la formation moderne. Vous pouvez ainsi \u00e9changer vos [&hellip;]\" \/>\n<meta property=\"og:url\" content=\"https:\/\/realmedservices.com\/fr\/product\/organisation-de-mini-seminaire-entre-conferes\/\" \/>\n<meta property=\"og:site_name\" content=\"Real Med Services\" \/>\n<meta property=\"article:publisher\" content=\"https:\/\/www.facebook.com\/rmsfrance\" \/>\n<meta property=\"article:modified_time\" content=\"2022-10-29T07:04:16+00:00\" \/>\n<meta property=\"og:image\" content=\"https:\/\/realmedservices.com\/fr\/wp-content\/uploads\/2020\/06\/AdobeStock_103486389-scaled.jpeg\" \/>\n\t<meta property=\"og:image:width\" content=\"2560\" \/>\n\t<meta property=\"og:image:height\" content=\"1096\" \/>\n\t<meta property=\"og:image:type\" content=\"image\/jpeg\" \/>\n<meta name=\"twitter:card\" content=\"summary_large_image\" \/>\n<meta name=\"twitter:site\" content=\"@Realmedservices\" \/>\n<meta name=\"twitter:label1\" content=\"Dur\u00e9e de lecture estim\u00e9e\" \/>\n\t<meta name=\"twitter:data1\" content=\"1 minute\" \/>\n<script type=\"application\/ld+json\" class=\"yoast-schema-graph\">{\"@context\":\"https:\/\/schema.org\",\"@graph\":[{\"@type\":\"WebPage\",\"@id\":\"https:\/\/realmedservices.com\/fr\/product\/organisation-de-mini-seminaire-entre-conferes\/\",\"url\":\"https:\/\/realmedservices.com\/fr\/product\/organisation-de-mini-seminaire-entre-conferes\/\",\"name\":\"Organisation de mini-s\u00e9minaire entre conf\u00e8res - Real Med Services\",\"isPartOf\":{\"@id\":\"https:\/\/realmedservices.com\/fr\/#website\"},\"primaryImageOfPage\":{\"@id\":\"https:\/\/realmedservices.com\/fr\/product\/organisation-de-mini-seminaire-entre-conferes\/#primaryimage\"},\"image\":{\"@id\":\"https:\/\/realmedservices.com\/fr\/product\/organisation-de-mini-seminaire-entre-conferes\/#primaryimage\"},\"thumbnailUrl\":\"https:\/\/realmedservices.com\/fr\/wp-content\/uploads\/2020\/06\/AdobeStock_103486389-scaled.jpeg\",\"datePublished\":\"2020-06-21T08:33:27+00:00\",\"dateModified\":\"2022-10-29T07:04:16+00:00\",\"breadcrumb\":{\"@id\":\"https:\/\/realmedservices.com\/fr\/product\/organisation-de-mini-seminaire-entre-conferes\/#breadcrumb\"},\"inLanguage\":\"fr-FR\",\"potentialAction\":[{\"@type\":\"ReadAction\",\"target\":[\"https:\/\/realmedservices.com\/fr\/product\/organisation-de-mini-seminaire-entre-conferes\/\"]}]},{\"@type\":\"ImageObject\",\"inLanguage\":\"fr-FR\",\"@id\":\"https:\/\/realmedservices.com\/fr\/product\/organisation-de-mini-seminaire-entre-conferes\/#primaryimage\",\"url\":\"https:\/\/realmedservices.com\/fr\/wp-content\/uploads\/2020\/06\/AdobeStock_103486389-scaled.jpeg\",\"contentUrl\":\"https:\/\/realmedservices.com\/fr\/wp-content\/uploads\/2020\/06\/AdobeStock_103486389-scaled.jpeg\",\"width\":2560,\"height\":1096,\"caption\":\"Conference Training Planning Learning Coaching Business Concept\"},{\"@type\":\"BreadcrumbList\",\"@id\":\"https:\/\/realmedservices.com\/fr\/product\/organisation-de-mini-seminaire-entre-conferes\/#breadcrumb\",\"itemListElement\":[{\"@type\":\"ListItem\",\"position\":1,\"name\":\"Accueil\",\"item\":\"https:\/\/realmedservices.com\/fr\/\"},{\"@type\":\"ListItem\",\"position\":2,\"name\":\"Shop\",\"item\":\"https:\/\/realmedservices.com\/fr\/shop\/\"},{\"@type\":\"ListItem\",\"position\":3,\"name\":\"Organisation de mini-s\u00e9minaire entre conf\u00e8res\"}]},{\"@type\":\"WebSite\",\"@id\":\"https:\/\/realmedservices.com\/fr\/#website\",\"url\":\"https:\/\/realmedservices.com\/fr\/\",\"name\":\"Real Med Services\",\"description\":\"La libert\u00e9 et le confort des m\u00e9decins\",\"publisher\":{\"@id\":\"https:\/\/realmedservices.com\/fr\/#organization\"},\"potentialAction\":[{\"@type\":\"SearchAction\",\"target\":{\"@type\":\"EntryPoint\",\"urlTemplate\":\"https:\/\/realmedservices.com\/fr\/?s={search_term_string}\"},\"query-input\":{\"@type\":\"PropertyValueSpecification\",\"valueRequired\":true,\"valueName\":\"search_term_string\"}}],\"inLanguage\":\"fr-FR\"},{\"@type\":\"Organization\",\"@id\":\"https:\/\/realmedservices.com\/fr\/#organization\",\"name\":\"Real Med Services\",\"url\":\"https:\/\/realmedservices.com\/fr\/\",\"logo\":{\"@type\":\"ImageObject\",\"inLanguage\":\"fr-FR\",\"@id\":\"https:\/\/realmedservices.com\/fr\/#\/schema\/logo\/image\/\",\"url\":\"https:\/\/realmedservices.com\/fr\/wp-content\/uploads\/2020\/06\/Real-med-services-Logo-1-e1592769264302.png\",\"contentUrl\":\"https:\/\/realmedservices.com\/fr\/wp-content\/uploads\/2020\/06\/Real-med-services-Logo-1-e1592769264302.png\",\"width\":89,\"height\":50,\"caption\":\"Real Med Services\"},\"image\":{\"@id\":\"https:\/\/realmedservices.com\/fr\/#\/schema\/logo\/image\/\"},\"sameAs\":[\"https:\/\/www.facebook.com\/rmsfrance\",\"https:\/\/x.com\/Realmedservices\",\"https:\/\/www.instagram.com\/realmedservices\/\",\"https:\/\/fr.linkedin.com\/company\/realmedservices\"]}]}<\/script>\n<!-- \/ Yoast SEO plugin. -->","yoast_head_json":{"title":"Organisation de mini-s\u00e9minaire entre conf\u00e8res - Real Med Services","robots":{"index":"index","follow":"follow","max-snippet":"max-snippet:-1","max-image-preview":"max-image-preview:large","max-video-preview":"max-video-preview:-1"},"canonical":"https:\/\/realmedservices.com\/fr\/product\/organisation-de-mini-seminaire-entre-conferes\/","og_locale":"fr_FR","og_type":"article","og_title":"Organisation de mini-s\u00e9minaire entre conf\u00e8res - Real Med Services","og_description":"Les s\u00e9minaires ne correspondent pas toujours aux attentes et le programme est parfois alourdi de sessions portant sur des th\u00e8mes qui ne vous concernent pas directement. En outre, le format est parfois un peu dat\u00e9 et ne tient pas compte des m\u00e9thodes d&rsquo;animation qui sont celles de la formation moderne. Vous pouvez ainsi \u00e9changer vos [&hellip;]","og_url":"https:\/\/realmedservices.com\/fr\/product\/organisation-de-mini-seminaire-entre-conferes\/","og_site_name":"Real Med Services","article_publisher":"https:\/\/www.facebook.com\/rmsfrance","article_modified_time":"2022-10-29T07:04:16+00:00","og_image":[{"width":2560,"height":1096,"url":"https:\/\/realmedservices.com\/fr\/wp-content\/uploads\/2020\/06\/AdobeStock_103486389-scaled.jpeg","type":"image\/jpeg"}],"twitter_card":"summary_large_image","twitter_site":"@Realmedservices","twitter_misc":{"Dur\u00e9e de lecture estim\u00e9e":"1 minute"},"schema":{"@context":"https:\/\/schema.org","@graph":[{"@type":"WebPage","@id":"https:\/\/realmedservices.com\/fr\/product\/organisation-de-mini-seminaire-entre-conferes\/","url":"https:\/\/realmedservices.com\/fr\/product\/organisation-de-mini-seminaire-entre-conferes\/","name":"Organisation de mini-s\u00e9minaire entre conf\u00e8res - Real Med Services","isPartOf":{"@id":"https:\/\/realmedservices.com\/fr\/#website"},"primaryImageOfPage":{"@id":"https:\/\/realmedservices.com\/fr\/product\/organisation-de-mini-seminaire-entre-conferes\/#primaryimage"},"image":{"@id":"https:\/\/realmedservices.com\/fr\/product\/organisation-de-mini-seminaire-entre-conferes\/#primaryimage"},"thumbnailUrl":"https:\/\/realmedservices.com\/fr\/wp-content\/uploads\/2020\/06\/AdobeStock_103486389-scaled.jpeg","datePublished":"2020-06-21T08:33:27+00:00","dateModified":"2022-10-29T07:04:16+00:00","breadcrumb":{"@id":"https:\/\/realmedservices.com\/fr\/product\/organisation-de-mini-seminaire-entre-conferes\/#breadcrumb"},"inLanguage":"fr-FR","potentialAction":[{"@type":"ReadAction","target":["https:\/\/realmedservices.com\/fr\/product\/organisation-de-mini-seminaire-entre-conferes\/"]}]},{"@type":"ImageObject","inLanguage":"fr-FR","@id":"https:\/\/realmedservices.com\/fr\/product\/organisation-de-mini-seminaire-entre-conferes\/#primaryimage","url":"https:\/\/realmedservices.com\/fr\/wp-content\/uploads\/2020\/06\/AdobeStock_103486389-scaled.jpeg","contentUrl":"https:\/\/realmedservices.com\/fr\/wp-content\/uploads\/2020\/06\/AdobeStock_103486389-scaled.jpeg","width":2560,"height":1096,"caption":"Conference Training Planning Learning Coaching Business Concept"},{"@type":"BreadcrumbList","@id":"https:\/\/realmedservices.com\/fr\/product\/organisation-de-mini-seminaire-entre-conferes\/#breadcrumb","itemListElement":[{"@type":"ListItem","position":1,"name":"Accueil","item":"https:\/\/realmedservices.com\/fr\/"},{"@type":"ListItem","position":2,"name":"Shop","item":"https:\/\/realmedservices.com\/fr\/shop\/"},{"@type":"ListItem","position":3,"name":"Organisation de mini-s\u00e9minaire entre conf\u00e8res"}]},{"@type":"WebSite","@id":"https:\/\/realmedservices.com\/fr\/#website","url":"https:\/\/realmedservices.com\/fr\/","name":"Real Med Services","description":"La libert\u00e9 et le confort des m\u00e9decins","publisher":{"@id":"https:\/\/realmedservices.com\/fr\/#organization"},"potentialAction":[{"@type":"SearchAction","target":{"@type":"EntryPoint","urlTemplate":"https:\/\/realmedservices.com\/fr\/?s={search_term_string}"},"query-input":{"@type":"PropertyValueSpecification","valueRequired":true,"valueName":"search_term_string"}}],"inLanguage":"fr-FR"},{"@type":"Organization","@id":"https:\/\/realmedservices.com\/fr\/#organization","name":"Real Med Services","url":"https:\/\/realmedservices.com\/fr\/","logo":{"@type":"ImageObject","inLanguage":"fr-FR","@id":"https:\/\/realmedservices.com\/fr\/#\/schema\/logo\/image\/","url":"https:\/\/realmedservices.com\/fr\/wp-content\/uploads\/2020\/06\/Real-med-services-Logo-1-e1592769264302.png","contentUrl":"https:\/\/realmedservices.com\/fr\/wp-content\/uploads\/2020\/06\/Real-med-services-Logo-1-e1592769264302.png","width":89,"height":50,"caption":"Real Med Services"},"image":{"@id":"https:\/\/realmedservices.com\/fr\/#\/schema\/logo\/image\/"},"sameAs":["https:\/\/www.facebook.com\/rmsfrance","https:\/\/x.com\/Realmedservices","https:\/\/www.instagram.com\/realmedservices\/","https:\/\/fr.linkedin.com\/company\/realmedservices"]}]}},"_links":{"self":[{"href":"https:\/\/realmedservices.com\/fr\/wp-json\/wp\/v2\/product\/7561"}],"collection":[{"href":"https:\/\/realmedservices.com\/fr\/wp-json\/wp\/v2\/product"}],"about":[{"href":"https:\/\/realmedservices.com\/fr\/wp-json\/wp\/v2\/types\/product"}],"replies":[{"embeddable":true,"href":"https:\/\/realmedservices.com\/fr\/wp-json\/wp\/v2\/comments?post=7561"}],"version-history":[{"count":1,"href":"https:\/\/realmedservices.com\/fr\/wp-json\/wp\/v2\/product\/7561\/revisions"}],"predecessor-version":[{"id":11709,"href":"https:\/\/realmedservices.com\/fr\/wp-json\/wp\/v2\/product\/7561\/revisions\/11709"}],"wp:featuredmedia":[{"embeddable":true,"href":"https:\/\/realmedservices.com\/fr\/wp-json\/wp\/v2\/media\/11465"}],"wp:attachment":[{"href":"https:\/\/realmedservices.com\/fr\/wp-json\/wp\/v2\/media?parent=7561"}],"wp:term":[{"taxonomy":"product_cat","embeddable":true,"href":"https:\/\/realmedservices.com\/fr\/wp-json\/wp\/v2\/product_cat?post=7561"},{"taxonomy":"product_tag","embeddable":true,"href":"https:\/\/realmedservices.com\/fr\/wp-json\/wp\/v2\/product_tag?post=7561"}],"curies":[{"name":"wp","href":"https:\/\/api.w.org\/{rel}","templated":true}]}}