{"id":7564,"date":"2020-06-21T08:33:27","date_gmt":"2020-06-21T08:33:27","guid":{"rendered":"http:\/\/realmedservices.com\/fr\/product\/entretien-evolution-de-carriere-transfert-national-ou-international\/"},"modified":"2020-07-06T11:46:42","modified_gmt":"2020-07-06T11:46:42","slug":"entretien-evolution-de-carriere-transfert-national-ou-international","status":"publish","type":"product","link":"https:\/\/realmedservices.com\/fr\/product\/entretien-evolution-de-carriere-transfert-national-ou-international\/","title":{"rendered":"Entretien \u00e9volution de carri\u00e8re\/ Transfert national ou international"},"content":{"rendered":"<p>Tout comme un cadre, un m\u00e9decin peut souhaiter changer de carri\u00e8re pour des motifs personnels ou familiaux et ainsi changer de r\u00e9gion. Real Med Services recherche pour vous les opportunit\u00e9s correspondant \u00e0 votre souhait et organise la transition et la transmission depuis votre ancien cabinet. Nous oeuvrons \u00e0 faciliter votre int\u00e9gration dans votre nouvel environnement en oeuvrant avec m\u00e9thode et anticipation. Avec nous, la mobilit\u00e9 est une r\u00e9alit\u00e9 !<\/p>\n","protected":false},"excerpt":{"rendered":"<p>Tout comme un cadre, un m\u00e9decin peut souhaiter changer de carri\u00e8re pour des motifs personnels ou familiaux et ainsi changer de r\u00e9gion. Real Med Services recherche pour vous les opportunit\u00e9s correspondant \u00e0 votre souhait et organise la transition et la transmission depuis votre ancien cabinet. Nous oeuvrons \u00e0 faciliter votre int\u00e9gration dans votre nouvel environnement [&hellip;]<\/p>\n","protected":false},"featured_media":11566,"comment_status":"open","ping_status":"closed","template":"","meta":[],"product_cat":[535],"product_tag":[],"class_list":{"0":"post-7564","1":"product","2":"type-product","3":"status-publish","4":"has-post-thumbnail","6":"product_cat-votre-aide-a-la-gestion","8":"first","9":"instock","10":"virtual","11":"taxable","12":"purchasable","13":"product-type-simple"},"yoast_head":"<!-- This site is optimized with the Yoast SEO plugin v23.4 - https:\/\/yoast.com\/wordpress\/plugins\/seo\/ -->\n<title>Entretien \u00e9volution de carri\u00e8re\/ Transfert national ou international - Real Med Services<\/title>\n<meta name=\"robots\" content=\"index, follow, max-snippet:-1, max-image-preview:large, max-video-preview:-1\" \/>\n<link rel=\"canonical\" href=\"https:\/\/realmedservices.com\/fr\/product\/entretien-evolution-de-carriere-transfert-national-ou-international\/\" \/>\n<meta property=\"og:locale\" content=\"fr_FR\" \/>\n<meta property=\"og:type\" content=\"article\" \/>\n<meta property=\"og:title\" content=\"Entretien \u00e9volution de carri\u00e8re\/ Transfert national ou international - Real Med Services\" \/>\n<meta property=\"og:description\" content=\"Tout comme un cadre, un m\u00e9decin peut souhaiter changer de carri\u00e8re pour des motifs personnels ou familiaux et ainsi changer de r\u00e9gion. Real Med Services recherche pour vous les opportunit\u00e9s correspondant \u00e0 votre souhait et organise la transition et la transmission depuis votre ancien cabinet. Nous oeuvrons \u00e0 faciliter votre int\u00e9gration dans votre nouvel environnement [&hellip;]\" \/>\n<meta property=\"og:url\" content=\"https:\/\/realmedservices.com\/fr\/product\/entretien-evolution-de-carriere-transfert-national-ou-international\/\" \/>\n<meta property=\"og:site_name\" content=\"Real Med Services\" \/>\n<meta property=\"article:publisher\" content=\"https:\/\/www.facebook.com\/rmsfrance\" \/>\n<meta property=\"article:modified_time\" content=\"2020-07-06T11:46:42+00:00\" \/>\n<meta property=\"og:image\" content=\"https:\/\/realmedservices.com\/fr\/wp-content\/uploads\/2020\/06\/AdobeStock_132615501-scaled.jpeg\" \/>\n\t<meta property=\"og:image:width\" content=\"2560\" \/>\n\t<meta property=\"og:image:height\" content=\"1706\" \/>\n\t<meta property=\"og:image:type\" content=\"image\/jpeg\" \/>\n<meta name=\"twitter:card\" content=\"summary_large_image\" \/>\n<meta name=\"twitter:site\" content=\"@Realmedservices\" \/>\n<script type=\"application\/ld+json\" class=\"yoast-schema-graph\">{\"@context\":\"https:\/\/schema.org\",\"@graph\":[{\"@type\":\"WebPage\",\"@id\":\"https:\/\/realmedservices.com\/fr\/product\/entretien-evolution-de-carriere-transfert-national-ou-international\/\",\"url\":\"https:\/\/realmedservices.com\/fr\/product\/entretien-evolution-de-carriere-transfert-national-ou-international\/\",\"name\":\"Entretien \u00e9volution de carri\u00e8re\/ Transfert national ou international - Real Med Services\",\"isPartOf\":{\"@id\":\"https:\/\/realmedservices.com\/fr\/#website\"},\"primaryImageOfPage\":{\"@id\":\"https:\/\/realmedservices.com\/fr\/product\/entretien-evolution-de-carriere-transfert-national-ou-international\/#primaryimage\"},\"image\":{\"@id\":\"https:\/\/realmedservices.com\/fr\/product\/entretien-evolution-de-carriere-transfert-national-ou-international\/#primaryimage\"},\"thumbnailUrl\":\"https:\/\/realmedservices.com\/fr\/wp-content\/uploads\/2020\/06\/AdobeStock_132615501-scaled.jpeg\",\"datePublished\":\"2020-06-21T08:33:27+00:00\",\"dateModified\":\"2020-07-06T11:46:42+00:00\",\"breadcrumb\":{\"@id\":\"https:\/\/realmedservices.com\/fr\/product\/entretien-evolution-de-carriere-transfert-national-ou-international\/#breadcrumb\"},\"inLanguage\":\"fr-FR\",\"potentialAction\":[{\"@type\":\"ReadAction\",\"target\":[\"https:\/\/realmedservices.com\/fr\/product\/entretien-evolution-de-carriere-transfert-national-ou-international\/\"]}]},{\"@type\":\"ImageObject\",\"inLanguage\":\"fr-FR\",\"@id\":\"https:\/\/realmedservices.com\/fr\/product\/entretien-evolution-de-carriere-transfert-national-ou-international\/#primaryimage\",\"url\":\"https:\/\/realmedservices.com\/fr\/wp-content\/uploads\/2020\/06\/AdobeStock_132615501-scaled.jpeg\",\"contentUrl\":\"https:\/\/realmedservices.com\/fr\/wp-content\/uploads\/2020\/06\/AdobeStock_132615501-scaled.jpeg\",\"width\":2560,\"height\":1706,\"caption\":\"happy traveler waiting for the flight in airport, departure terminal, immigration concept\"},{\"@type\":\"BreadcrumbList\",\"@id\":\"https:\/\/realmedservices.com\/fr\/product\/entretien-evolution-de-carriere-transfert-national-ou-international\/#breadcrumb\",\"itemListElement\":[{\"@type\":\"ListItem\",\"position\":1,\"name\":\"Accueil\",\"item\":\"https:\/\/realmedservices.com\/fr\/\"},{\"@type\":\"ListItem\",\"position\":2,\"name\":\"Shop\",\"item\":\"https:\/\/realmedservices.com\/fr\/shop\/\"},{\"@type\":\"ListItem\",\"position\":3,\"name\":\"Entretien \u00e9volution de carri\u00e8re\/ Transfert national ou international\"}]},{\"@type\":\"WebSite\",\"@id\":\"https:\/\/realmedservices.com\/fr\/#website\",\"url\":\"https:\/\/realmedservices.com\/fr\/\",\"name\":\"Real Med Services\",\"description\":\"La libert\u00e9 et le confort des m\u00e9decins\",\"publisher\":{\"@id\":\"https:\/\/realmedservices.com\/fr\/#organization\"},\"potentialAction\":[{\"@type\":\"SearchAction\",\"target\":{\"@type\":\"EntryPoint\",\"urlTemplate\":\"https:\/\/realmedservices.com\/fr\/?s={search_term_string}\"},\"query-input\":{\"@type\":\"PropertyValueSpecification\",\"valueRequired\":true,\"valueName\":\"search_term_string\"}}],\"inLanguage\":\"fr-FR\"},{\"@type\":\"Organization\",\"@id\":\"https:\/\/realmedservices.com\/fr\/#organization\",\"name\":\"Real Med Services\",\"url\":\"https:\/\/realmedservices.com\/fr\/\",\"logo\":{\"@type\":\"ImageObject\",\"inLanguage\":\"fr-FR\",\"@id\":\"https:\/\/realmedservices.com\/fr\/#\/schema\/logo\/image\/\",\"url\":\"https:\/\/realmedservices.com\/fr\/wp-content\/uploads\/2020\/06\/Real-med-services-Logo-1-e1592769264302.png\",\"contentUrl\":\"https:\/\/realmedservices.com\/fr\/wp-content\/uploads\/2020\/06\/Real-med-services-Logo-1-e1592769264302.png\",\"width\":89,\"height\":50,\"caption\":\"Real Med Services\"},\"image\":{\"@id\":\"https:\/\/realmedservices.com\/fr\/#\/schema\/logo\/image\/\"},\"sameAs\":[\"https:\/\/www.facebook.com\/rmsfrance\",\"https:\/\/x.com\/Realmedservices\",\"https:\/\/www.instagram.com\/realmedservices\/\",\"https:\/\/fr.linkedin.com\/company\/realmedservices\"]}]}<\/script>\n<!-- \/ Yoast SEO plugin. -->","yoast_head_json":{"title":"Entretien \u00e9volution de carri\u00e8re\/ Transfert national ou international - Real Med Services","robots":{"index":"index","follow":"follow","max-snippet":"max-snippet:-1","max-image-preview":"max-image-preview:large","max-video-preview":"max-video-preview:-1"},"canonical":"https:\/\/realmedservices.com\/fr\/product\/entretien-evolution-de-carriere-transfert-national-ou-international\/","og_locale":"fr_FR","og_type":"article","og_title":"Entretien \u00e9volution de carri\u00e8re\/ Transfert national ou international - Real Med Services","og_description":"Tout comme un cadre, un m\u00e9decin peut souhaiter changer de carri\u00e8re pour des motifs personnels ou familiaux et ainsi changer de r\u00e9gion. Real Med Services recherche pour vous les opportunit\u00e9s correspondant \u00e0 votre souhait et organise la transition et la transmission depuis votre ancien cabinet. Nous oeuvrons \u00e0 faciliter votre int\u00e9gration dans votre nouvel environnement [&hellip;]","og_url":"https:\/\/realmedservices.com\/fr\/product\/entretien-evolution-de-carriere-transfert-national-ou-international\/","og_site_name":"Real Med Services","article_publisher":"https:\/\/www.facebook.com\/rmsfrance","article_modified_time":"2020-07-06T11:46:42+00:00","og_image":[{"width":2560,"height":1706,"url":"https:\/\/realmedservices.com\/fr\/wp-content\/uploads\/2020\/06\/AdobeStock_132615501-scaled.jpeg","type":"image\/jpeg"}],"twitter_card":"summary_large_image","twitter_site":"@Realmedservices","schema":{"@context":"https:\/\/schema.org","@graph":[{"@type":"WebPage","@id":"https:\/\/realmedservices.com\/fr\/product\/entretien-evolution-de-carriere-transfert-national-ou-international\/","url":"https:\/\/realmedservices.com\/fr\/product\/entretien-evolution-de-carriere-transfert-national-ou-international\/","name":"Entretien \u00e9volution de carri\u00e8re\/ Transfert national ou international - Real Med Services","isPartOf":{"@id":"https:\/\/realmedservices.com\/fr\/#website"},"primaryImageOfPage":{"@id":"https:\/\/realmedservices.com\/fr\/product\/entretien-evolution-de-carriere-transfert-national-ou-international\/#primaryimage"},"image":{"@id":"https:\/\/realmedservices.com\/fr\/product\/entretien-evolution-de-carriere-transfert-national-ou-international\/#primaryimage"},"thumbnailUrl":"https:\/\/realmedservices.com\/fr\/wp-content\/uploads\/2020\/06\/AdobeStock_132615501-scaled.jpeg","datePublished":"2020-06-21T08:33:27+00:00","dateModified":"2020-07-06T11:46:42+00:00","breadcrumb":{"@id":"https:\/\/realmedservices.com\/fr\/product\/entretien-evolution-de-carriere-transfert-national-ou-international\/#breadcrumb"},"inLanguage":"fr-FR","potentialAction":[{"@type":"ReadAction","target":["https:\/\/realmedservices.com\/fr\/product\/entretien-evolution-de-carriere-transfert-national-ou-international\/"]}]},{"@type":"ImageObject","inLanguage":"fr-FR","@id":"https:\/\/realmedservices.com\/fr\/product\/entretien-evolution-de-carriere-transfert-national-ou-international\/#primaryimage","url":"https:\/\/realmedservices.com\/fr\/wp-content\/uploads\/2020\/06\/AdobeStock_132615501-scaled.jpeg","contentUrl":"https:\/\/realmedservices.com\/fr\/wp-content\/uploads\/2020\/06\/AdobeStock_132615501-scaled.jpeg","width":2560,"height":1706,"caption":"happy traveler waiting for the flight in airport, departure terminal, immigration concept"},{"@type":"BreadcrumbList","@id":"https:\/\/realmedservices.com\/fr\/product\/entretien-evolution-de-carriere-transfert-national-ou-international\/#breadcrumb","itemListElement":[{"@type":"ListItem","position":1,"name":"Accueil","item":"https:\/\/realmedservices.com\/fr\/"},{"@type":"ListItem","position":2,"name":"Shop","item":"https:\/\/realmedservices.com\/fr\/shop\/"},{"@type":"ListItem","position":3,"name":"Entretien \u00e9volution de carri\u00e8re\/ Transfert national ou international"}]},{"@type":"WebSite","@id":"https:\/\/realmedservices.com\/fr\/#website","url":"https:\/\/realmedservices.com\/fr\/","name":"Real Med Services","description":"La libert\u00e9 et le confort des m\u00e9decins","publisher":{"@id":"https:\/\/realmedservices.com\/fr\/#organization"},"potentialAction":[{"@type":"SearchAction","target":{"@type":"EntryPoint","urlTemplate":"https:\/\/realmedservices.com\/fr\/?s={search_term_string}"},"query-input":{"@type":"PropertyValueSpecification","valueRequired":true,"valueName":"search_term_string"}}],"inLanguage":"fr-FR"},{"@type":"Organization","@id":"https:\/\/realmedservices.com\/fr\/#organization","name":"Real Med Services","url":"https:\/\/realmedservices.com\/fr\/","logo":{"@type":"ImageObject","inLanguage":"fr-FR","@id":"https:\/\/realmedservices.com\/fr\/#\/schema\/logo\/image\/","url":"https:\/\/realmedservices.com\/fr\/wp-content\/uploads\/2020\/06\/Real-med-services-Logo-1-e1592769264302.png","contentUrl":"https:\/\/realmedservices.com\/fr\/wp-content\/uploads\/2020\/06\/Real-med-services-Logo-1-e1592769264302.png","width":89,"height":50,"caption":"Real Med Services"},"image":{"@id":"https:\/\/realmedservices.com\/fr\/#\/schema\/logo\/image\/"},"sameAs":["https:\/\/www.facebook.com\/rmsfrance","https:\/\/x.com\/Realmedservices","https:\/\/www.instagram.com\/realmedservices\/","https:\/\/fr.linkedin.com\/company\/realmedservices"]}]}},"_links":{"self":[{"href":"https:\/\/realmedservices.com\/fr\/wp-json\/wp\/v2\/product\/7564"}],"collection":[{"href":"https:\/\/realmedservices.com\/fr\/wp-json\/wp\/v2\/product"}],"about":[{"href":"https:\/\/realmedservices.com\/fr\/wp-json\/wp\/v2\/types\/product"}],"replies":[{"embeddable":true,"href":"https:\/\/realmedservices.com\/fr\/wp-json\/wp\/v2\/comments?post=7564"}],"version-history":[{"count":1,"href":"https:\/\/realmedservices.com\/fr\/wp-json\/wp\/v2\/product\/7564\/revisions"}],"predecessor-version":[{"id":11694,"href":"https:\/\/realmedservices.com\/fr\/wp-json\/wp\/v2\/product\/7564\/revisions\/11694"}],"wp:featuredmedia":[{"embeddable":true,"href":"https:\/\/realmedservices.com\/fr\/wp-json\/wp\/v2\/media\/11566"}],"wp:attachment":[{"href":"https:\/\/realmedservices.com\/fr\/wp-json\/wp\/v2\/media?parent=7564"}],"wp:term":[{"taxonomy":"product_cat","embeddable":true,"href":"https:\/\/realmedservices.com\/fr\/wp-json\/wp\/v2\/product_cat?post=7564"},{"taxonomy":"product_tag","embeddable":true,"href":"https:\/\/realmedservices.com\/fr\/wp-json\/wp\/v2\/product_tag?post=7564"}],"curies":[{"name":"wp","href":"https:\/\/api.w.org\/{rel}","templated":true}]}}