{"id":7566,"date":"2020-06-21T08:33:27","date_gmt":"2020-06-21T08:33:27","guid":{"rendered":"http:\/\/realmedservices.com\/fr\/product\/pilotage-strategie-financiere-globale\/"},"modified":"2022-09-22T18:11:31","modified_gmt":"2022-09-22T18:11:31","slug":"pilotage-strategie-financiere-globale","status":"publish","type":"product","link":"https:\/\/realmedservices.com\/fr\/product\/pilotage-strategie-financiere-globale\/","title":{"rendered":"Pilotage strat\u00e9gie financi\u00e8re globale"},"content":{"rendered":"<p>Le d\u00e9veloppement d&rsquo;une entreprise n\u00e9cessite souvent un travail d&rsquo;accompagnement du chef d&rsquo;entreprise tant elle constitue la clef de son patrimoine. De nombreux experts vous d\u00e9marchent et vendent des montages incroyables parfois peu plausibles. Nous vous accompagnons lors du dialogue avec votre banque, avocats et experts comptables pour r\u00e9flechir aux meilleures solutions pour que votre strat\u00e9gie financi\u00e8re soit coh\u00e9rente et solide.<\/p>\n","protected":false},"excerpt":{"rendered":"<p>Le d\u00e9veloppement d&rsquo;une entreprise n\u00e9cessite souvent un travail d&rsquo;accompagnement du chef d&rsquo;entreprise tant elle constitue la clef de son patrimoine. De nombreux experts vous d\u00e9marchent et vendent des montages incroyables parfois peu plausibles. Nous vous accompagnons lors du dialogue avec votre banque, avocats et experts comptables pour r\u00e9flechir aux meilleures solutions pour que votre strat\u00e9gie [&hellip;]<\/p>\n","protected":false},"featured_media":11446,"comment_status":"open","ping_status":"closed","template":"","meta":[],"product_cat":[535],"product_tag":[],"class_list":{"0":"post-7566","1":"product","2":"type-product","3":"status-publish","4":"has-post-thumbnail","6":"product_cat-votre-aide-a-la-gestion","8":"first","9":"instock","10":"virtual","11":"taxable","12":"purchasable","13":"product-type-simple"},"yoast_head":"<!-- This site is optimized with the Yoast SEO plugin v23.4 - https:\/\/yoast.com\/wordpress\/plugins\/seo\/ -->\n<title>Pilotage strat\u00e9gie financi\u00e8re globale - Real Med Services<\/title>\n<meta name=\"robots\" content=\"index, follow, max-snippet:-1, max-image-preview:large, max-video-preview:-1\" \/>\n<link rel=\"canonical\" href=\"https:\/\/realmedservices.com\/fr\/product\/pilotage-strategie-financiere-globale\/\" \/>\n<meta property=\"og:locale\" content=\"fr_FR\" \/>\n<meta property=\"og:type\" content=\"article\" \/>\n<meta property=\"og:title\" content=\"Pilotage strat\u00e9gie financi\u00e8re globale - Real Med Services\" \/>\n<meta property=\"og:description\" content=\"Le d\u00e9veloppement d&rsquo;une entreprise n\u00e9cessite souvent un travail d&rsquo;accompagnement du chef d&rsquo;entreprise tant elle constitue la clef de son patrimoine. De nombreux experts vous d\u00e9marchent et vendent des montages incroyables parfois peu plausibles. Nous vous accompagnons lors du dialogue avec votre banque, avocats et experts comptables pour r\u00e9flechir aux meilleures solutions pour que votre strat\u00e9gie [&hellip;]\" \/>\n<meta property=\"og:url\" content=\"https:\/\/realmedservices.com\/fr\/product\/pilotage-strategie-financiere-globale\/\" \/>\n<meta property=\"og:site_name\" content=\"Real Med Services\" \/>\n<meta property=\"article:publisher\" content=\"https:\/\/www.facebook.com\/rmsfrance\" \/>\n<meta property=\"article:modified_time\" content=\"2022-09-22T18:11:31+00:00\" \/>\n<meta property=\"og:image\" content=\"https:\/\/realmedservices.com\/fr\/wp-content\/uploads\/2020\/06\/AdobeStock_300795834-scaled.jpeg\" \/>\n\t<meta property=\"og:image:width\" content=\"2560\" \/>\n\t<meta property=\"og:image:height\" content=\"1707\" \/>\n\t<meta property=\"og:image:type\" content=\"image\/jpeg\" \/>\n<meta name=\"twitter:card\" content=\"summary_large_image\" \/>\n<meta name=\"twitter:site\" content=\"@Realmedservices\" \/>\n<script type=\"application\/ld+json\" class=\"yoast-schema-graph\">{\"@context\":\"https:\/\/schema.org\",\"@graph\":[{\"@type\":\"WebPage\",\"@id\":\"https:\/\/realmedservices.com\/fr\/product\/pilotage-strategie-financiere-globale\/\",\"url\":\"https:\/\/realmedservices.com\/fr\/product\/pilotage-strategie-financiere-globale\/\",\"name\":\"Pilotage strat\u00e9gie financi\u00e8re globale - Real Med Services\",\"isPartOf\":{\"@id\":\"https:\/\/realmedservices.com\/fr\/#website\"},\"primaryImageOfPage\":{\"@id\":\"https:\/\/realmedservices.com\/fr\/product\/pilotage-strategie-financiere-globale\/#primaryimage\"},\"image\":{\"@id\":\"https:\/\/realmedservices.com\/fr\/product\/pilotage-strategie-financiere-globale\/#primaryimage\"},\"thumbnailUrl\":\"https:\/\/realmedservices.com\/fr\/wp-content\/uploads\/2020\/06\/AdobeStock_300795834-scaled.jpeg\",\"datePublished\":\"2020-06-21T08:33:27+00:00\",\"dateModified\":\"2022-09-22T18:11:31+00:00\",\"breadcrumb\":{\"@id\":\"https:\/\/realmedservices.com\/fr\/product\/pilotage-strategie-financiere-globale\/#breadcrumb\"},\"inLanguage\":\"fr-FR\",\"potentialAction\":[{\"@type\":\"ReadAction\",\"target\":[\"https:\/\/realmedservices.com\/fr\/product\/pilotage-strategie-financiere-globale\/\"]}]},{\"@type\":\"ImageObject\",\"inLanguage\":\"fr-FR\",\"@id\":\"https:\/\/realmedservices.com\/fr\/product\/pilotage-strategie-financiere-globale\/#primaryimage\",\"url\":\"https:\/\/realmedservices.com\/fr\/wp-content\/uploads\/2020\/06\/AdobeStock_300795834-scaled.jpeg\",\"contentUrl\":\"https:\/\/realmedservices.com\/fr\/wp-content\/uploads\/2020\/06\/AdobeStock_300795834-scaled.jpeg\",\"width\":2560,\"height\":1707,\"caption\":\"Stethoscope with Pen, Charts and Graphs, Finance, Account, Statistics, Investment, Analytic Research Data Economy Spreadsheet and Business Company Concept\"},{\"@type\":\"BreadcrumbList\",\"@id\":\"https:\/\/realmedservices.com\/fr\/product\/pilotage-strategie-financiere-globale\/#breadcrumb\",\"itemListElement\":[{\"@type\":\"ListItem\",\"position\":1,\"name\":\"Accueil\",\"item\":\"https:\/\/realmedservices.com\/fr\/\"},{\"@type\":\"ListItem\",\"position\":2,\"name\":\"Shop\",\"item\":\"https:\/\/realmedservices.com\/fr\/shop\/\"},{\"@type\":\"ListItem\",\"position\":3,\"name\":\"Pilotage strat\u00e9gie financi\u00e8re globale\"}]},{\"@type\":\"WebSite\",\"@id\":\"https:\/\/realmedservices.com\/fr\/#website\",\"url\":\"https:\/\/realmedservices.com\/fr\/\",\"name\":\"Real Med Services\",\"description\":\"La libert\u00e9 et le confort des m\u00e9decins\",\"publisher\":{\"@id\":\"https:\/\/realmedservices.com\/fr\/#organization\"},\"potentialAction\":[{\"@type\":\"SearchAction\",\"target\":{\"@type\":\"EntryPoint\",\"urlTemplate\":\"https:\/\/realmedservices.com\/fr\/?s={search_term_string}\"},\"query-input\":{\"@type\":\"PropertyValueSpecification\",\"valueRequired\":true,\"valueName\":\"search_term_string\"}}],\"inLanguage\":\"fr-FR\"},{\"@type\":\"Organization\",\"@id\":\"https:\/\/realmedservices.com\/fr\/#organization\",\"name\":\"Real Med Services\",\"url\":\"https:\/\/realmedservices.com\/fr\/\",\"logo\":{\"@type\":\"ImageObject\",\"inLanguage\":\"fr-FR\",\"@id\":\"https:\/\/realmedservices.com\/fr\/#\/schema\/logo\/image\/\",\"url\":\"https:\/\/realmedservices.com\/fr\/wp-content\/uploads\/2020\/06\/Real-med-services-Logo-1-e1592769264302.png\",\"contentUrl\":\"https:\/\/realmedservices.com\/fr\/wp-content\/uploads\/2020\/06\/Real-med-services-Logo-1-e1592769264302.png\",\"width\":89,\"height\":50,\"caption\":\"Real Med Services\"},\"image\":{\"@id\":\"https:\/\/realmedservices.com\/fr\/#\/schema\/logo\/image\/\"},\"sameAs\":[\"https:\/\/www.facebook.com\/rmsfrance\",\"https:\/\/x.com\/Realmedservices\",\"https:\/\/www.instagram.com\/realmedservices\/\",\"https:\/\/fr.linkedin.com\/company\/realmedservices\"]}]}<\/script>\n<!-- \/ Yoast SEO plugin. -->","yoast_head_json":{"title":"Pilotage strat\u00e9gie financi\u00e8re globale - Real Med Services","robots":{"index":"index","follow":"follow","max-snippet":"max-snippet:-1","max-image-preview":"max-image-preview:large","max-video-preview":"max-video-preview:-1"},"canonical":"https:\/\/realmedservices.com\/fr\/product\/pilotage-strategie-financiere-globale\/","og_locale":"fr_FR","og_type":"article","og_title":"Pilotage strat\u00e9gie financi\u00e8re globale - Real Med Services","og_description":"Le d\u00e9veloppement d&rsquo;une entreprise n\u00e9cessite souvent un travail d&rsquo;accompagnement du chef d&rsquo;entreprise tant elle constitue la clef de son patrimoine. De nombreux experts vous d\u00e9marchent et vendent des montages incroyables parfois peu plausibles. Nous vous accompagnons lors du dialogue avec votre banque, avocats et experts comptables pour r\u00e9flechir aux meilleures solutions pour que votre strat\u00e9gie [&hellip;]","og_url":"https:\/\/realmedservices.com\/fr\/product\/pilotage-strategie-financiere-globale\/","og_site_name":"Real Med Services","article_publisher":"https:\/\/www.facebook.com\/rmsfrance","article_modified_time":"2022-09-22T18:11:31+00:00","og_image":[{"width":2560,"height":1707,"url":"https:\/\/realmedservices.com\/fr\/wp-content\/uploads\/2020\/06\/AdobeStock_300795834-scaled.jpeg","type":"image\/jpeg"}],"twitter_card":"summary_large_image","twitter_site":"@Realmedservices","schema":{"@context":"https:\/\/schema.org","@graph":[{"@type":"WebPage","@id":"https:\/\/realmedservices.com\/fr\/product\/pilotage-strategie-financiere-globale\/","url":"https:\/\/realmedservices.com\/fr\/product\/pilotage-strategie-financiere-globale\/","name":"Pilotage strat\u00e9gie financi\u00e8re globale - Real Med Services","isPartOf":{"@id":"https:\/\/realmedservices.com\/fr\/#website"},"primaryImageOfPage":{"@id":"https:\/\/realmedservices.com\/fr\/product\/pilotage-strategie-financiere-globale\/#primaryimage"},"image":{"@id":"https:\/\/realmedservices.com\/fr\/product\/pilotage-strategie-financiere-globale\/#primaryimage"},"thumbnailUrl":"https:\/\/realmedservices.com\/fr\/wp-content\/uploads\/2020\/06\/AdobeStock_300795834-scaled.jpeg","datePublished":"2020-06-21T08:33:27+00:00","dateModified":"2022-09-22T18:11:31+00:00","breadcrumb":{"@id":"https:\/\/realmedservices.com\/fr\/product\/pilotage-strategie-financiere-globale\/#breadcrumb"},"inLanguage":"fr-FR","potentialAction":[{"@type":"ReadAction","target":["https:\/\/realmedservices.com\/fr\/product\/pilotage-strategie-financiere-globale\/"]}]},{"@type":"ImageObject","inLanguage":"fr-FR","@id":"https:\/\/realmedservices.com\/fr\/product\/pilotage-strategie-financiere-globale\/#primaryimage","url":"https:\/\/realmedservices.com\/fr\/wp-content\/uploads\/2020\/06\/AdobeStock_300795834-scaled.jpeg","contentUrl":"https:\/\/realmedservices.com\/fr\/wp-content\/uploads\/2020\/06\/AdobeStock_300795834-scaled.jpeg","width":2560,"height":1707,"caption":"Stethoscope with Pen, Charts and Graphs, Finance, Account, Statistics, Investment, Analytic Research Data Economy Spreadsheet and Business Company Concept"},{"@type":"BreadcrumbList","@id":"https:\/\/realmedservices.com\/fr\/product\/pilotage-strategie-financiere-globale\/#breadcrumb","itemListElement":[{"@type":"ListItem","position":1,"name":"Accueil","item":"https:\/\/realmedservices.com\/fr\/"},{"@type":"ListItem","position":2,"name":"Shop","item":"https:\/\/realmedservices.com\/fr\/shop\/"},{"@type":"ListItem","position":3,"name":"Pilotage strat\u00e9gie financi\u00e8re globale"}]},{"@type":"WebSite","@id":"https:\/\/realmedservices.com\/fr\/#website","url":"https:\/\/realmedservices.com\/fr\/","name":"Real Med Services","description":"La libert\u00e9 et le confort des m\u00e9decins","publisher":{"@id":"https:\/\/realmedservices.com\/fr\/#organization"},"potentialAction":[{"@type":"SearchAction","target":{"@type":"EntryPoint","urlTemplate":"https:\/\/realmedservices.com\/fr\/?s={search_term_string}"},"query-input":{"@type":"PropertyValueSpecification","valueRequired":true,"valueName":"search_term_string"}}],"inLanguage":"fr-FR"},{"@type":"Organization","@id":"https:\/\/realmedservices.com\/fr\/#organization","name":"Real Med Services","url":"https:\/\/realmedservices.com\/fr\/","logo":{"@type":"ImageObject","inLanguage":"fr-FR","@id":"https:\/\/realmedservices.com\/fr\/#\/schema\/logo\/image\/","url":"https:\/\/realmedservices.com\/fr\/wp-content\/uploads\/2020\/06\/Real-med-services-Logo-1-e1592769264302.png","contentUrl":"https:\/\/realmedservices.com\/fr\/wp-content\/uploads\/2020\/06\/Real-med-services-Logo-1-e1592769264302.png","width":89,"height":50,"caption":"Real Med Services"},"image":{"@id":"https:\/\/realmedservices.com\/fr\/#\/schema\/logo\/image\/"},"sameAs":["https:\/\/www.facebook.com\/rmsfrance","https:\/\/x.com\/Realmedservices","https:\/\/www.instagram.com\/realmedservices\/","https:\/\/fr.linkedin.com\/company\/realmedservices"]}]}},"_links":{"self":[{"href":"https:\/\/realmedservices.com\/fr\/wp-json\/wp\/v2\/product\/7566"}],"collection":[{"href":"https:\/\/realmedservices.com\/fr\/wp-json\/wp\/v2\/product"}],"about":[{"href":"https:\/\/realmedservices.com\/fr\/wp-json\/wp\/v2\/types\/product"}],"replies":[{"embeddable":true,"href":"https:\/\/realmedservices.com\/fr\/wp-json\/wp\/v2\/comments?post=7566"}],"version-history":[{"count":1,"href":"https:\/\/realmedservices.com\/fr\/wp-json\/wp\/v2\/product\/7566\/revisions"}],"predecessor-version":[{"id":11704,"href":"https:\/\/realmedservices.com\/fr\/wp-json\/wp\/v2\/product\/7566\/revisions\/11704"}],"wp:featuredmedia":[{"embeddable":true,"href":"https:\/\/realmedservices.com\/fr\/wp-json\/wp\/v2\/media\/11446"}],"wp:attachment":[{"href":"https:\/\/realmedservices.com\/fr\/wp-json\/wp\/v2\/media?parent=7566"}],"wp:term":[{"taxonomy":"product_cat","embeddable":true,"href":"https:\/\/realmedservices.com\/fr\/wp-json\/wp\/v2\/product_cat?post=7566"},{"taxonomy":"product_tag","embeddable":true,"href":"https:\/\/realmedservices.com\/fr\/wp-json\/wp\/v2\/product_tag?post=7566"}],"curies":[{"name":"wp","href":"https:\/\/api.w.org\/{rel}","templated":true}]}}