{"id":7569,"date":"2020-06-21T08:33:28","date_gmt":"2020-06-21T08:33:28","guid":{"rendered":"http:\/\/realmedservices.com\/fr\/product\/dialogue-avec-votre-expert-comptable\/"},"modified":"2026-04-13T05:45:23","modified_gmt":"2026-04-13T05:45:23","slug":"dialogue-avec-votre-expert-comptable","status":"publish","type":"product","link":"https:\/\/realmedservices.com\/fr\/product\/dialogue-avec-votre-expert-comptable\/","title":{"rendered":"Dialogue avec votre expert comptable"},"content":{"rendered":"<p>Les relations entre les m\u00e9decins et l&rsquo;expert comptable sont souvent parcellaires et teint\u00e9s d&rsquo;incompr\u00e9hension. Avec Real Med Services, celle-ci est continue et la pr\u00e9paration de la comptabilit\u00e9 est aliment\u00e9e de mani\u00e8re structur\u00e9e. Nous proc\u00e9dons \u00e0 la relecture des documents comptables avec vous mais aussi aux r\u00e9ponses dont votre expert comptable aurait besoin. Votre charge de travail est minimis\u00e9e et votre temps libre n&rsquo;est plus occup\u00e9 par vos obligations comptables.<\/p>\n","protected":false},"excerpt":{"rendered":"<p>Les relations entre les m\u00e9decins et l&rsquo;expert comptable sont souvent parcellaires et teint\u00e9s d&rsquo;incompr\u00e9hension. Avec Real Med Services, celle-ci est continue et la pr\u00e9paration de la comptabilit\u00e9 est aliment\u00e9e de mani\u00e8re structur\u00e9e. Nous proc\u00e9dons \u00e0 la relecture des documents comptables avec vous mais aussi aux r\u00e9ponses dont votre expert comptable aurait besoin. Votre charge de [&hellip;]<\/p>\n","protected":false},"featured_media":11432,"comment_status":"open","ping_status":"closed","template":"","meta":[],"product_cat":[535],"product_tag":[],"class_list":{"0":"post-7569","1":"product","2":"type-product","3":"status-publish","4":"has-post-thumbnail","6":"product_cat-votre-aide-a-la-gestion","8":"first","9":"instock","10":"featured","11":"virtual","12":"taxable","13":"purchasable","14":"product-type-simple"},"yoast_head":"<!-- This site is optimized with the Yoast SEO plugin v23.4 - https:\/\/yoast.com\/wordpress\/plugins\/seo\/ -->\n<title>Dialogue avec votre expert comptable - Real Med Services<\/title>\n<meta name=\"robots\" content=\"index, follow, max-snippet:-1, max-image-preview:large, max-video-preview:-1\" \/>\n<link rel=\"canonical\" href=\"https:\/\/realmedservices.com\/fr\/product\/dialogue-avec-votre-expert-comptable\/\" \/>\n<meta property=\"og:locale\" content=\"fr_FR\" \/>\n<meta property=\"og:type\" content=\"article\" \/>\n<meta property=\"og:title\" content=\"Dialogue avec votre expert comptable - Real Med Services\" \/>\n<meta property=\"og:description\" content=\"Les relations entre les m\u00e9decins et l&rsquo;expert comptable sont souvent parcellaires et teint\u00e9s d&rsquo;incompr\u00e9hension. Avec Real Med Services, celle-ci est continue et la pr\u00e9paration de la comptabilit\u00e9 est aliment\u00e9e de mani\u00e8re structur\u00e9e. Nous proc\u00e9dons \u00e0 la relecture des documents comptables avec vous mais aussi aux r\u00e9ponses dont votre expert comptable aurait besoin. Votre charge de [&hellip;]\" \/>\n<meta property=\"og:url\" content=\"https:\/\/realmedservices.com\/fr\/product\/dialogue-avec-votre-expert-comptable\/\" \/>\n<meta property=\"og:site_name\" content=\"Real Med Services\" \/>\n<meta property=\"article:publisher\" content=\"https:\/\/www.facebook.com\/rmsfrance\" \/>\n<meta property=\"article:modified_time\" content=\"2026-04-13T05:45:23+00:00\" \/>\n<meta property=\"og:image\" content=\"https:\/\/realmedservices.com\/fr\/wp-content\/uploads\/2020\/06\/AdobeStock_212318007.jpg\" \/>\n\t<meta property=\"og:image:width\" content=\"1280\" \/>\n\t<meta property=\"og:image:height\" content=\"854\" \/>\n\t<meta property=\"og:image:type\" content=\"image\/jpeg\" \/>\n<meta name=\"twitter:card\" content=\"summary_large_image\" \/>\n<meta name=\"twitter:site\" content=\"@Realmedservices\" \/>\n<script type=\"application\/ld+json\" class=\"yoast-schema-graph\">{\"@context\":\"https:\/\/schema.org\",\"@graph\":[{\"@type\":\"WebPage\",\"@id\":\"https:\/\/realmedservices.com\/fr\/product\/dialogue-avec-votre-expert-comptable\/\",\"url\":\"https:\/\/realmedservices.com\/fr\/product\/dialogue-avec-votre-expert-comptable\/\",\"name\":\"Dialogue avec votre expert comptable - Real Med Services\",\"isPartOf\":{\"@id\":\"https:\/\/realmedservices.com\/fr\/#website\"},\"primaryImageOfPage\":{\"@id\":\"https:\/\/realmedservices.com\/fr\/product\/dialogue-avec-votre-expert-comptable\/#primaryimage\"},\"image\":{\"@id\":\"https:\/\/realmedservices.com\/fr\/product\/dialogue-avec-votre-expert-comptable\/#primaryimage\"},\"thumbnailUrl\":\"https:\/\/realmedservices.com\/fr\/wp-content\/uploads\/2020\/06\/AdobeStock_212318007.jpg\",\"datePublished\":\"2020-06-21T08:33:28+00:00\",\"dateModified\":\"2026-04-13T05:45:23+00:00\",\"breadcrumb\":{\"@id\":\"https:\/\/realmedservices.com\/fr\/product\/dialogue-avec-votre-expert-comptable\/#breadcrumb\"},\"inLanguage\":\"fr-FR\",\"potentialAction\":[{\"@type\":\"ReadAction\",\"target\":[\"https:\/\/realmedservices.com\/fr\/product\/dialogue-avec-votre-expert-comptable\/\"]}]},{\"@type\":\"ImageObject\",\"inLanguage\":\"fr-FR\",\"@id\":\"https:\/\/realmedservices.com\/fr\/product\/dialogue-avec-votre-expert-comptable\/#primaryimage\",\"url\":\"https:\/\/realmedservices.com\/fr\/wp-content\/uploads\/2020\/06\/AdobeStock_212318007.jpg\",\"contentUrl\":\"https:\/\/realmedservices.com\/fr\/wp-content\/uploads\/2020\/06\/AdobeStock_212318007.jpg\",\"width\":1280,\"height\":854,\"caption\":\"discussion financi\u00e8re\"},{\"@type\":\"BreadcrumbList\",\"@id\":\"https:\/\/realmedservices.com\/fr\/product\/dialogue-avec-votre-expert-comptable\/#breadcrumb\",\"itemListElement\":[{\"@type\":\"ListItem\",\"position\":1,\"name\":\"Accueil\",\"item\":\"https:\/\/realmedservices.com\/fr\/\"},{\"@type\":\"ListItem\",\"position\":2,\"name\":\"Shop\",\"item\":\"https:\/\/realmedservices.com\/fr\/shop\/\"},{\"@type\":\"ListItem\",\"position\":3,\"name\":\"Dialogue avec votre expert comptable\"}]},{\"@type\":\"WebSite\",\"@id\":\"https:\/\/realmedservices.com\/fr\/#website\",\"url\":\"https:\/\/realmedservices.com\/fr\/\",\"name\":\"Real Med Services\",\"description\":\"La libert\u00e9 et le confort des m\u00e9decins\",\"publisher\":{\"@id\":\"https:\/\/realmedservices.com\/fr\/#organization\"},\"potentialAction\":[{\"@type\":\"SearchAction\",\"target\":{\"@type\":\"EntryPoint\",\"urlTemplate\":\"https:\/\/realmedservices.com\/fr\/?s={search_term_string}\"},\"query-input\":{\"@type\":\"PropertyValueSpecification\",\"valueRequired\":true,\"valueName\":\"search_term_string\"}}],\"inLanguage\":\"fr-FR\"},{\"@type\":\"Organization\",\"@id\":\"https:\/\/realmedservices.com\/fr\/#organization\",\"name\":\"Real Med Services\",\"url\":\"https:\/\/realmedservices.com\/fr\/\",\"logo\":{\"@type\":\"ImageObject\",\"inLanguage\":\"fr-FR\",\"@id\":\"https:\/\/realmedservices.com\/fr\/#\/schema\/logo\/image\/\",\"url\":\"https:\/\/realmedservices.com\/fr\/wp-content\/uploads\/2020\/06\/Real-med-services-Logo-1-e1592769264302.png\",\"contentUrl\":\"https:\/\/realmedservices.com\/fr\/wp-content\/uploads\/2020\/06\/Real-med-services-Logo-1-e1592769264302.png\",\"width\":89,\"height\":50,\"caption\":\"Real Med Services\"},\"image\":{\"@id\":\"https:\/\/realmedservices.com\/fr\/#\/schema\/logo\/image\/\"},\"sameAs\":[\"https:\/\/www.facebook.com\/rmsfrance\",\"https:\/\/x.com\/Realmedservices\",\"https:\/\/www.instagram.com\/realmedservices\/\",\"https:\/\/fr.linkedin.com\/company\/realmedservices\"]}]}<\/script>\n<!-- \/ Yoast SEO plugin. -->","yoast_head_json":{"title":"Dialogue avec votre expert comptable - Real Med Services","robots":{"index":"index","follow":"follow","max-snippet":"max-snippet:-1","max-image-preview":"max-image-preview:large","max-video-preview":"max-video-preview:-1"},"canonical":"https:\/\/realmedservices.com\/fr\/product\/dialogue-avec-votre-expert-comptable\/","og_locale":"fr_FR","og_type":"article","og_title":"Dialogue avec votre expert comptable - Real Med Services","og_description":"Les relations entre les m\u00e9decins et l&rsquo;expert comptable sont souvent parcellaires et teint\u00e9s d&rsquo;incompr\u00e9hension. Avec Real Med Services, celle-ci est continue et la pr\u00e9paration de la comptabilit\u00e9 est aliment\u00e9e de mani\u00e8re structur\u00e9e. Nous proc\u00e9dons \u00e0 la relecture des documents comptables avec vous mais aussi aux r\u00e9ponses dont votre expert comptable aurait besoin. Votre charge de [&hellip;]","og_url":"https:\/\/realmedservices.com\/fr\/product\/dialogue-avec-votre-expert-comptable\/","og_site_name":"Real Med Services","article_publisher":"https:\/\/www.facebook.com\/rmsfrance","article_modified_time":"2026-04-13T05:45:23+00:00","og_image":[{"width":1280,"height":854,"url":"https:\/\/realmedservices.com\/fr\/wp-content\/uploads\/2020\/06\/AdobeStock_212318007.jpg","type":"image\/jpeg"}],"twitter_card":"summary_large_image","twitter_site":"@Realmedservices","schema":{"@context":"https:\/\/schema.org","@graph":[{"@type":"WebPage","@id":"https:\/\/realmedservices.com\/fr\/product\/dialogue-avec-votre-expert-comptable\/","url":"https:\/\/realmedservices.com\/fr\/product\/dialogue-avec-votre-expert-comptable\/","name":"Dialogue avec votre expert comptable - Real Med Services","isPartOf":{"@id":"https:\/\/realmedservices.com\/fr\/#website"},"primaryImageOfPage":{"@id":"https:\/\/realmedservices.com\/fr\/product\/dialogue-avec-votre-expert-comptable\/#primaryimage"},"image":{"@id":"https:\/\/realmedservices.com\/fr\/product\/dialogue-avec-votre-expert-comptable\/#primaryimage"},"thumbnailUrl":"https:\/\/realmedservices.com\/fr\/wp-content\/uploads\/2020\/06\/AdobeStock_212318007.jpg","datePublished":"2020-06-21T08:33:28+00:00","dateModified":"2026-04-13T05:45:23+00:00","breadcrumb":{"@id":"https:\/\/realmedservices.com\/fr\/product\/dialogue-avec-votre-expert-comptable\/#breadcrumb"},"inLanguage":"fr-FR","potentialAction":[{"@type":"ReadAction","target":["https:\/\/realmedservices.com\/fr\/product\/dialogue-avec-votre-expert-comptable\/"]}]},{"@type":"ImageObject","inLanguage":"fr-FR","@id":"https:\/\/realmedservices.com\/fr\/product\/dialogue-avec-votre-expert-comptable\/#primaryimage","url":"https:\/\/realmedservices.com\/fr\/wp-content\/uploads\/2020\/06\/AdobeStock_212318007.jpg","contentUrl":"https:\/\/realmedservices.com\/fr\/wp-content\/uploads\/2020\/06\/AdobeStock_212318007.jpg","width":1280,"height":854,"caption":"discussion financi\u00e8re"},{"@type":"BreadcrumbList","@id":"https:\/\/realmedservices.com\/fr\/product\/dialogue-avec-votre-expert-comptable\/#breadcrumb","itemListElement":[{"@type":"ListItem","position":1,"name":"Accueil","item":"https:\/\/realmedservices.com\/fr\/"},{"@type":"ListItem","position":2,"name":"Shop","item":"https:\/\/realmedservices.com\/fr\/shop\/"},{"@type":"ListItem","position":3,"name":"Dialogue avec votre expert comptable"}]},{"@type":"WebSite","@id":"https:\/\/realmedservices.com\/fr\/#website","url":"https:\/\/realmedservices.com\/fr\/","name":"Real Med Services","description":"La libert\u00e9 et le confort des m\u00e9decins","publisher":{"@id":"https:\/\/realmedservices.com\/fr\/#organization"},"potentialAction":[{"@type":"SearchAction","target":{"@type":"EntryPoint","urlTemplate":"https:\/\/realmedservices.com\/fr\/?s={search_term_string}"},"query-input":{"@type":"PropertyValueSpecification","valueRequired":true,"valueName":"search_term_string"}}],"inLanguage":"fr-FR"},{"@type":"Organization","@id":"https:\/\/realmedservices.com\/fr\/#organization","name":"Real Med Services","url":"https:\/\/realmedservices.com\/fr\/","logo":{"@type":"ImageObject","inLanguage":"fr-FR","@id":"https:\/\/realmedservices.com\/fr\/#\/schema\/logo\/image\/","url":"https:\/\/realmedservices.com\/fr\/wp-content\/uploads\/2020\/06\/Real-med-services-Logo-1-e1592769264302.png","contentUrl":"https:\/\/realmedservices.com\/fr\/wp-content\/uploads\/2020\/06\/Real-med-services-Logo-1-e1592769264302.png","width":89,"height":50,"caption":"Real Med Services"},"image":{"@id":"https:\/\/realmedservices.com\/fr\/#\/schema\/logo\/image\/"},"sameAs":["https:\/\/www.facebook.com\/rmsfrance","https:\/\/x.com\/Realmedservices","https:\/\/www.instagram.com\/realmedservices\/","https:\/\/fr.linkedin.com\/company\/realmedservices"]}]}},"_links":{"self":[{"href":"https:\/\/realmedservices.com\/fr\/wp-json\/wp\/v2\/product\/7569"}],"collection":[{"href":"https:\/\/realmedservices.com\/fr\/wp-json\/wp\/v2\/product"}],"about":[{"href":"https:\/\/realmedservices.com\/fr\/wp-json\/wp\/v2\/types\/product"}],"replies":[{"embeddable":true,"href":"https:\/\/realmedservices.com\/fr\/wp-json\/wp\/v2\/comments?post=7569"}],"version-history":[{"count":1,"href":"https:\/\/realmedservices.com\/fr\/wp-json\/wp\/v2\/product\/7569\/revisions"}],"predecessor-version":[{"id":11702,"href":"https:\/\/realmedservices.com\/fr\/wp-json\/wp\/v2\/product\/7569\/revisions\/11702"}],"wp:featuredmedia":[{"embeddable":true,"href":"https:\/\/realmedservices.com\/fr\/wp-json\/wp\/v2\/media\/11432"}],"wp:attachment":[{"href":"https:\/\/realmedservices.com\/fr\/wp-json\/wp\/v2\/media?parent=7569"}],"wp:term":[{"taxonomy":"product_cat","embeddable":true,"href":"https:\/\/realmedservices.com\/fr\/wp-json\/wp\/v2\/product_cat?post=7569"},{"taxonomy":"product_tag","embeddable":true,"href":"https:\/\/realmedservices.com\/fr\/wp-json\/wp\/v2\/product_tag?post=7569"}],"curies":[{"name":"wp","href":"https:\/\/api.w.org\/{rel}","templated":true}]}}