{"id":7570,"date":"2020-06-21T08:33:28","date_gmt":"2020-06-21T08:33:28","guid":{"rendered":"http:\/\/realmedservices.com\/fr\/product\/amelioration-de-laccueil-patient\/"},"modified":"2022-12-13T21:37:41","modified_gmt":"2022-12-13T21:37:41","slug":"amelioration-de-laccueil-patient","status":"publish","type":"product","link":"https:\/\/realmedservices.com\/fr\/product\/amelioration-de-laccueil-patient\/","title":{"rendered":"Am\u00e9lioration de l&rsquo;accueil patient"},"content":{"rendered":"<p>L&rsquo;exp\u00e9rience patient est de plus en plus importante et des am\u00e9nagements mineurs peuvent am\u00e9liorer le ressenti de votre patient\u00e8le mais aussi les relations quotidiennes avec celle-ci. L&rsquo;am\u00e9lioration de l&rsquo;accueil patient est donc fondamentale. Nous vous proposons et g\u00e9rons de petits am\u00e9nagements qui font toute la diff\u00e9rence et mettent en ad\u00e9quation votre savoir exceptionnel avec le contexte de la consultation<\/p>\n","protected":false},"excerpt":{"rendered":"<p>L&rsquo;exp\u00e9rience patient est de plus en plus importante et des am\u00e9nagements mineurs peuvent am\u00e9liorer le ressenti de votre patient\u00e8le mais aussi les relations quotidiennes avec celle-ci. L&rsquo;am\u00e9lioration de l&rsquo;accueil patient est donc fondamentale. Nous vous proposons et g\u00e9rons de petits am\u00e9nagements qui font toute la diff\u00e9rence et mettent en ad\u00e9quation votre savoir exceptionnel avec le [&hellip;]<\/p>\n","protected":false},"featured_media":11571,"comment_status":"open","ping_status":"closed","template":"","meta":[],"product_cat":[537],"product_tag":[],"class_list":{"0":"post-7570","1":"product","2":"type-product","3":"status-publish","4":"has-post-thumbnail","6":"product_cat-materiel","8":"first","9":"instock","10":"virtual","11":"taxable","12":"purchasable","13":"product-type-simple"},"yoast_head":"<!-- This site is optimized with the Yoast SEO plugin v23.4 - https:\/\/yoast.com\/wordpress\/plugins\/seo\/ -->\n<title>Am\u00e9lioration de l&#039;accueil patient - Real Med Services<\/title>\n<meta name=\"description\" content=\"L&#039;am\u00e9lioration de l&#039;accueil patient est devenue essentiel pour le patient vis \u00e0 vis de son praticien. Real Med Services vous aide \u00e0 le mettre en oeuvre.\" \/>\n<meta name=\"robots\" content=\"index, follow, max-snippet:-1, max-image-preview:large, max-video-preview:-1\" \/>\n<link rel=\"canonical\" href=\"https:\/\/realmedservices.com\/fr\/product\/amelioration-de-laccueil-patient\/\" \/>\n<meta property=\"og:locale\" content=\"fr_FR\" \/>\n<meta property=\"og:type\" content=\"article\" \/>\n<meta property=\"og:title\" content=\"Am\u00e9lioration de l&#039;accueil patient - Real Med Services\" \/>\n<meta property=\"og:description\" content=\"L&#039;am\u00e9lioration de l&#039;accueil patient est devenue essentiel pour le patient vis \u00e0 vis de son praticien. Real Med Services vous aide \u00e0 le mettre en oeuvre.\" \/>\n<meta property=\"og:url\" content=\"https:\/\/realmedservices.com\/fr\/product\/amelioration-de-laccueil-patient\/\" \/>\n<meta property=\"og:site_name\" content=\"Real Med Services\" \/>\n<meta property=\"article:publisher\" content=\"https:\/\/www.facebook.com\/rmsfrance\" \/>\n<meta property=\"article:modified_time\" content=\"2022-12-13T21:37:41+00:00\" \/>\n<meta property=\"og:image\" content=\"https:\/\/realmedservices.com\/fr\/wp-content\/uploads\/2020\/06\/accueil-patient.jpg\" \/>\n\t<meta property=\"og:image:width\" content=\"2300\" \/>\n\t<meta property=\"og:image:height\" content=\"1000\" \/>\n\t<meta property=\"og:image:type\" content=\"image\/jpeg\" \/>\n<meta name=\"twitter:card\" content=\"summary_large_image\" \/>\n<meta name=\"twitter:site\" content=\"@Realmedservices\" \/>\n<script type=\"application\/ld+json\" class=\"yoast-schema-graph\">{\"@context\":\"https:\/\/schema.org\",\"@graph\":[{\"@type\":\"WebPage\",\"@id\":\"https:\/\/realmedservices.com\/fr\/product\/amelioration-de-laccueil-patient\/\",\"url\":\"https:\/\/realmedservices.com\/fr\/product\/amelioration-de-laccueil-patient\/\",\"name\":\"Am\u00e9lioration de l'accueil patient - Real Med Services\",\"isPartOf\":{\"@id\":\"https:\/\/realmedservices.com\/fr\/#website\"},\"primaryImageOfPage\":{\"@id\":\"https:\/\/realmedservices.com\/fr\/product\/amelioration-de-laccueil-patient\/#primaryimage\"},\"image\":{\"@id\":\"https:\/\/realmedservices.com\/fr\/product\/amelioration-de-laccueil-patient\/#primaryimage\"},\"thumbnailUrl\":\"https:\/\/realmedservices.com\/fr\/wp-content\/uploads\/2020\/06\/accueil-patient.jpg\",\"datePublished\":\"2020-06-21T08:33:28+00:00\",\"dateModified\":\"2022-12-13T21:37:41+00:00\",\"description\":\"L'am\u00e9lioration de l'accueil patient est devenue essentiel pour le patient vis \u00e0 vis de son praticien. Real Med Services vous aide \u00e0 le mettre en oeuvre.\",\"breadcrumb\":{\"@id\":\"https:\/\/realmedservices.com\/fr\/product\/amelioration-de-laccueil-patient\/#breadcrumb\"},\"inLanguage\":\"fr-FR\",\"potentialAction\":[{\"@type\":\"ReadAction\",\"target\":[\"https:\/\/realmedservices.com\/fr\/product\/amelioration-de-laccueil-patient\/\"]}]},{\"@type\":\"ImageObject\",\"inLanguage\":\"fr-FR\",\"@id\":\"https:\/\/realmedservices.com\/fr\/product\/amelioration-de-laccueil-patient\/#primaryimage\",\"url\":\"https:\/\/realmedservices.com\/fr\/wp-content\/uploads\/2020\/06\/accueil-patient.jpg\",\"contentUrl\":\"https:\/\/realmedservices.com\/fr\/wp-content\/uploads\/2020\/06\/accueil-patient.jpg\",\"width\":2300,\"height\":1000,\"caption\":\"Accueil d'un cabinet m\u00e9dical\"},{\"@type\":\"BreadcrumbList\",\"@id\":\"https:\/\/realmedservices.com\/fr\/product\/amelioration-de-laccueil-patient\/#breadcrumb\",\"itemListElement\":[{\"@type\":\"ListItem\",\"position\":1,\"name\":\"Accueil\",\"item\":\"https:\/\/realmedservices.com\/fr\/\"},{\"@type\":\"ListItem\",\"position\":2,\"name\":\"Shop\",\"item\":\"https:\/\/realmedservices.com\/fr\/shop\/\"},{\"@type\":\"ListItem\",\"position\":3,\"name\":\"Am\u00e9lioration de l&rsquo;accueil patient\"}]},{\"@type\":\"WebSite\",\"@id\":\"https:\/\/realmedservices.com\/fr\/#website\",\"url\":\"https:\/\/realmedservices.com\/fr\/\",\"name\":\"Real Med Services\",\"description\":\"La libert\u00e9 et le confort des m\u00e9decins\",\"publisher\":{\"@id\":\"https:\/\/realmedservices.com\/fr\/#organization\"},\"potentialAction\":[{\"@type\":\"SearchAction\",\"target\":{\"@type\":\"EntryPoint\",\"urlTemplate\":\"https:\/\/realmedservices.com\/fr\/?s={search_term_string}\"},\"query-input\":{\"@type\":\"PropertyValueSpecification\",\"valueRequired\":true,\"valueName\":\"search_term_string\"}}],\"inLanguage\":\"fr-FR\"},{\"@type\":\"Organization\",\"@id\":\"https:\/\/realmedservices.com\/fr\/#organization\",\"name\":\"Real Med Services\",\"url\":\"https:\/\/realmedservices.com\/fr\/\",\"logo\":{\"@type\":\"ImageObject\",\"inLanguage\":\"fr-FR\",\"@id\":\"https:\/\/realmedservices.com\/fr\/#\/schema\/logo\/image\/\",\"url\":\"https:\/\/realmedservices.com\/fr\/wp-content\/uploads\/2020\/06\/Real-med-services-Logo-1-e1592769264302.png\",\"contentUrl\":\"https:\/\/realmedservices.com\/fr\/wp-content\/uploads\/2020\/06\/Real-med-services-Logo-1-e1592769264302.png\",\"width\":89,\"height\":50,\"caption\":\"Real Med Services\"},\"image\":{\"@id\":\"https:\/\/realmedservices.com\/fr\/#\/schema\/logo\/image\/\"},\"sameAs\":[\"https:\/\/www.facebook.com\/rmsfrance\",\"https:\/\/x.com\/Realmedservices\",\"https:\/\/www.instagram.com\/realmedservices\/\",\"https:\/\/fr.linkedin.com\/company\/realmedservices\"]}]}<\/script>\n<!-- \/ Yoast SEO plugin. -->","yoast_head_json":{"title":"Am\u00e9lioration de l'accueil patient - Real Med Services","description":"L'am\u00e9lioration de l'accueil patient est devenue essentiel pour le patient vis \u00e0 vis de son praticien. Real Med Services vous aide \u00e0 le mettre en oeuvre.","robots":{"index":"index","follow":"follow","max-snippet":"max-snippet:-1","max-image-preview":"max-image-preview:large","max-video-preview":"max-video-preview:-1"},"canonical":"https:\/\/realmedservices.com\/fr\/product\/amelioration-de-laccueil-patient\/","og_locale":"fr_FR","og_type":"article","og_title":"Am\u00e9lioration de l'accueil patient - Real Med Services","og_description":"L'am\u00e9lioration de l'accueil patient est devenue essentiel pour le patient vis \u00e0 vis de son praticien. Real Med Services vous aide \u00e0 le mettre en oeuvre.","og_url":"https:\/\/realmedservices.com\/fr\/product\/amelioration-de-laccueil-patient\/","og_site_name":"Real Med Services","article_publisher":"https:\/\/www.facebook.com\/rmsfrance","article_modified_time":"2022-12-13T21:37:41+00:00","og_image":[{"width":2300,"height":1000,"url":"https:\/\/realmedservices.com\/fr\/wp-content\/uploads\/2020\/06\/accueil-patient.jpg","type":"image\/jpeg"}],"twitter_card":"summary_large_image","twitter_site":"@Realmedservices","schema":{"@context":"https:\/\/schema.org","@graph":[{"@type":"WebPage","@id":"https:\/\/realmedservices.com\/fr\/product\/amelioration-de-laccueil-patient\/","url":"https:\/\/realmedservices.com\/fr\/product\/amelioration-de-laccueil-patient\/","name":"Am\u00e9lioration de l'accueil patient - Real Med Services","isPartOf":{"@id":"https:\/\/realmedservices.com\/fr\/#website"},"primaryImageOfPage":{"@id":"https:\/\/realmedservices.com\/fr\/product\/amelioration-de-laccueil-patient\/#primaryimage"},"image":{"@id":"https:\/\/realmedservices.com\/fr\/product\/amelioration-de-laccueil-patient\/#primaryimage"},"thumbnailUrl":"https:\/\/realmedservices.com\/fr\/wp-content\/uploads\/2020\/06\/accueil-patient.jpg","datePublished":"2020-06-21T08:33:28+00:00","dateModified":"2022-12-13T21:37:41+00:00","description":"L'am\u00e9lioration de l'accueil patient est devenue essentiel pour le patient vis \u00e0 vis de son praticien. Real Med Services vous aide \u00e0 le mettre en oeuvre.","breadcrumb":{"@id":"https:\/\/realmedservices.com\/fr\/product\/amelioration-de-laccueil-patient\/#breadcrumb"},"inLanguage":"fr-FR","potentialAction":[{"@type":"ReadAction","target":["https:\/\/realmedservices.com\/fr\/product\/amelioration-de-laccueil-patient\/"]}]},{"@type":"ImageObject","inLanguage":"fr-FR","@id":"https:\/\/realmedservices.com\/fr\/product\/amelioration-de-laccueil-patient\/#primaryimage","url":"https:\/\/realmedservices.com\/fr\/wp-content\/uploads\/2020\/06\/accueil-patient.jpg","contentUrl":"https:\/\/realmedservices.com\/fr\/wp-content\/uploads\/2020\/06\/accueil-patient.jpg","width":2300,"height":1000,"caption":"Accueil d'un cabinet m\u00e9dical"},{"@type":"BreadcrumbList","@id":"https:\/\/realmedservices.com\/fr\/product\/amelioration-de-laccueil-patient\/#breadcrumb","itemListElement":[{"@type":"ListItem","position":1,"name":"Accueil","item":"https:\/\/realmedservices.com\/fr\/"},{"@type":"ListItem","position":2,"name":"Shop","item":"https:\/\/realmedservices.com\/fr\/shop\/"},{"@type":"ListItem","position":3,"name":"Am\u00e9lioration de l&rsquo;accueil patient"}]},{"@type":"WebSite","@id":"https:\/\/realmedservices.com\/fr\/#website","url":"https:\/\/realmedservices.com\/fr\/","name":"Real Med Services","description":"La libert\u00e9 et le confort des m\u00e9decins","publisher":{"@id":"https:\/\/realmedservices.com\/fr\/#organization"},"potentialAction":[{"@type":"SearchAction","target":{"@type":"EntryPoint","urlTemplate":"https:\/\/realmedservices.com\/fr\/?s={search_term_string}"},"query-input":{"@type":"PropertyValueSpecification","valueRequired":true,"valueName":"search_term_string"}}],"inLanguage":"fr-FR"},{"@type":"Organization","@id":"https:\/\/realmedservices.com\/fr\/#organization","name":"Real Med Services","url":"https:\/\/realmedservices.com\/fr\/","logo":{"@type":"ImageObject","inLanguage":"fr-FR","@id":"https:\/\/realmedservices.com\/fr\/#\/schema\/logo\/image\/","url":"https:\/\/realmedservices.com\/fr\/wp-content\/uploads\/2020\/06\/Real-med-services-Logo-1-e1592769264302.png","contentUrl":"https:\/\/realmedservices.com\/fr\/wp-content\/uploads\/2020\/06\/Real-med-services-Logo-1-e1592769264302.png","width":89,"height":50,"caption":"Real Med Services"},"image":{"@id":"https:\/\/realmedservices.com\/fr\/#\/schema\/logo\/image\/"},"sameAs":["https:\/\/www.facebook.com\/rmsfrance","https:\/\/x.com\/Realmedservices","https:\/\/www.instagram.com\/realmedservices\/","https:\/\/fr.linkedin.com\/company\/realmedservices"]}]}},"_links":{"self":[{"href":"https:\/\/realmedservices.com\/fr\/wp-json\/wp\/v2\/product\/7570"}],"collection":[{"href":"https:\/\/realmedservices.com\/fr\/wp-json\/wp\/v2\/product"}],"about":[{"href":"https:\/\/realmedservices.com\/fr\/wp-json\/wp\/v2\/types\/product"}],"replies":[{"embeddable":true,"href":"https:\/\/realmedservices.com\/fr\/wp-json\/wp\/v2\/comments?post=7570"}],"version-history":[{"count":3,"href":"https:\/\/realmedservices.com\/fr\/wp-json\/wp\/v2\/product\/7570\/revisions"}],"predecessor-version":[{"id":11746,"href":"https:\/\/realmedservices.com\/fr\/wp-json\/wp\/v2\/product\/7570\/revisions\/11746"}],"wp:featuredmedia":[{"embeddable":true,"href":"https:\/\/realmedservices.com\/fr\/wp-json\/wp\/v2\/media\/11571"}],"wp:attachment":[{"href":"https:\/\/realmedservices.com\/fr\/wp-json\/wp\/v2\/media?parent=7570"}],"wp:term":[{"taxonomy":"product_cat","embeddable":true,"href":"https:\/\/realmedservices.com\/fr\/wp-json\/wp\/v2\/product_cat?post=7570"},{"taxonomy":"product_tag","embeddable":true,"href":"https:\/\/realmedservices.com\/fr\/wp-json\/wp\/v2\/product_tag?post=7570"}],"curies":[{"name":"wp","href":"https:\/\/api.w.org\/{rel}","templated":true}]}}