{"id":7572,"date":"2020-06-21T08:33:28","date_gmt":"2020-06-21T08:33:28","guid":{"rendered":"http:\/\/realmedservices.com\/fr\/product\/mise-en-place-cabinet-electronique-teletravail\/"},"modified":"2020-07-06T11:17:41","modified_gmt":"2020-07-06T11:17:41","slug":"mise-en-place-cabinet-electronique-teletravail","status":"publish","type":"product","link":"https:\/\/realmedservices.com\/fr\/product\/mise-en-place-cabinet-electronique-teletravail\/","title":{"rendered":"Mise en place Cabinet \u00e9lectronique &#038; t\u00e9l\u00e9travail"},"content":{"rendered":"<p>Dossier \u00e9lectronique, t\u00e9l\u00e9transmission, t\u00e9l\u00e9consultation, paiement en ligne, bureau virtuel&#8230; la digitalisation et le t\u00e9l\u00e9travail sont partout et les m\u00e9decins ne sont pas en reste. Nous vous accompagnons et formons pour que cette virtualisation soit un confort et une source d&rsquo;opportunit\u00e9 et non une contrainte suppl\u00e9mentaire.<\/p>\n<p>&nbsp;<\/p>\n<p>Fonctions additionnelles sur demande<\/p>\n","protected":false},"excerpt":{"rendered":"<p>Dossier \u00e9lectronique, t\u00e9l\u00e9transmission, t\u00e9l\u00e9consultation, paiement en ligne, bureau virtuel&#8230; la digitalisation et le t\u00e9l\u00e9travail sont partout et les m\u00e9decins ne sont pas en reste. Nous vous accompagnons et formons pour que cette virtualisation soit un confort et une source d&rsquo;opportunit\u00e9 et non une contrainte suppl\u00e9mentaire. &nbsp; Fonctions additionnelles sur demande<\/p>\n","protected":false},"featured_media":11562,"comment_status":"open","ping_status":"closed","template":"","meta":[],"product_cat":[536],"product_tag":[],"class_list":{"0":"post-7572","1":"product","2":"type-product","3":"status-publish","4":"has-post-thumbnail","6":"product_cat-informatique","8":"first","9":"instock","10":"virtual","11":"taxable","12":"purchasable","13":"product-type-simple"},"yoast_head":"<!-- This site is optimized with the Yoast SEO plugin v23.4 - https:\/\/yoast.com\/wordpress\/plugins\/seo\/ -->\n<title>Mise en place Cabinet \u00e9lectronique &amp; t\u00e9l\u00e9travail - Real Med Services<\/title>\n<meta name=\"robots\" content=\"index, follow, max-snippet:-1, max-image-preview:large, max-video-preview:-1\" \/>\n<link rel=\"canonical\" href=\"https:\/\/realmedservices.com\/fr\/product\/mise-en-place-cabinet-electronique-teletravail\/\" \/>\n<meta property=\"og:locale\" content=\"fr_FR\" \/>\n<meta property=\"og:type\" content=\"article\" \/>\n<meta property=\"og:title\" content=\"Mise en place Cabinet \u00e9lectronique &amp; t\u00e9l\u00e9travail - Real Med Services\" \/>\n<meta property=\"og:description\" content=\"Dossier \u00e9lectronique, t\u00e9l\u00e9transmission, t\u00e9l\u00e9consultation, paiement en ligne, bureau virtuel&#8230; la digitalisation et le t\u00e9l\u00e9travail sont partout et les m\u00e9decins ne sont pas en reste. Nous vous accompagnons et formons pour que cette virtualisation soit un confort et une source d&rsquo;opportunit\u00e9 et non une contrainte suppl\u00e9mentaire. &nbsp; Fonctions additionnelles sur demande\" \/>\n<meta property=\"og:url\" content=\"https:\/\/realmedservices.com\/fr\/product\/mise-en-place-cabinet-electronique-teletravail\/\" \/>\n<meta property=\"og:site_name\" content=\"Real Med Services\" \/>\n<meta property=\"article:publisher\" content=\"https:\/\/www.facebook.com\/rmsfrance\" \/>\n<meta property=\"article:modified_time\" content=\"2020-07-06T11:17:41+00:00\" \/>\n<meta property=\"og:image\" content=\"https:\/\/realmedservices.com\/fr\/wp-content\/uploads\/2020\/06\/AdobeStock_116472569-scaled.jpeg\" \/>\n\t<meta property=\"og:image:width\" content=\"2560\" \/>\n\t<meta property=\"og:image:height\" content=\"1682\" \/>\n\t<meta property=\"og:image:type\" content=\"image\/jpeg\" \/>\n<meta name=\"twitter:card\" content=\"summary_large_image\" \/>\n<meta name=\"twitter:site\" content=\"@Realmedservices\" \/>\n<script type=\"application\/ld+json\" class=\"yoast-schema-graph\">{\"@context\":\"https:\/\/schema.org\",\"@graph\":[{\"@type\":\"WebPage\",\"@id\":\"https:\/\/realmedservices.com\/fr\/product\/mise-en-place-cabinet-electronique-teletravail\/\",\"url\":\"https:\/\/realmedservices.com\/fr\/product\/mise-en-place-cabinet-electronique-teletravail\/\",\"name\":\"Mise en place Cabinet \u00e9lectronique & t\u00e9l\u00e9travail - Real Med Services\",\"isPartOf\":{\"@id\":\"https:\/\/realmedservices.com\/fr\/#website\"},\"primaryImageOfPage\":{\"@id\":\"https:\/\/realmedservices.com\/fr\/product\/mise-en-place-cabinet-electronique-teletravail\/#primaryimage\"},\"image\":{\"@id\":\"https:\/\/realmedservices.com\/fr\/product\/mise-en-place-cabinet-electronique-teletravail\/#primaryimage\"},\"thumbnailUrl\":\"https:\/\/realmedservices.com\/fr\/wp-content\/uploads\/2020\/06\/AdobeStock_116472569-scaled.jpeg\",\"datePublished\":\"2020-06-21T08:33:28+00:00\",\"dateModified\":\"2020-07-06T11:17:41+00:00\",\"breadcrumb\":{\"@id\":\"https:\/\/realmedservices.com\/fr\/product\/mise-en-place-cabinet-electronique-teletravail\/#breadcrumb\"},\"inLanguage\":\"fr-FR\",\"potentialAction\":[{\"@type\":\"ReadAction\",\"target\":[\"https:\/\/realmedservices.com\/fr\/product\/mise-en-place-cabinet-electronique-teletravail\/\"]}]},{\"@type\":\"ImageObject\",\"inLanguage\":\"fr-FR\",\"@id\":\"https:\/\/realmedservices.com\/fr\/product\/mise-en-place-cabinet-electronique-teletravail\/#primaryimage\",\"url\":\"https:\/\/realmedservices.com\/fr\/wp-content\/uploads\/2020\/06\/AdobeStock_116472569-scaled.jpeg\",\"contentUrl\":\"https:\/\/realmedservices.com\/fr\/wp-content\/uploads\/2020\/06\/AdobeStock_116472569-scaled.jpeg\",\"width\":2560,\"height\":1682,\"caption\":\"Businesswoman connected tech devices and icons applications to a digital planet earth\"},{\"@type\":\"BreadcrumbList\",\"@id\":\"https:\/\/realmedservices.com\/fr\/product\/mise-en-place-cabinet-electronique-teletravail\/#breadcrumb\",\"itemListElement\":[{\"@type\":\"ListItem\",\"position\":1,\"name\":\"Accueil\",\"item\":\"https:\/\/realmedservices.com\/fr\/\"},{\"@type\":\"ListItem\",\"position\":2,\"name\":\"Shop\",\"item\":\"https:\/\/realmedservices.com\/fr\/shop\/\"},{\"@type\":\"ListItem\",\"position\":3,\"name\":\"Mise en place Cabinet \u00e9lectronique &#038; t\u00e9l\u00e9travail\"}]},{\"@type\":\"WebSite\",\"@id\":\"https:\/\/realmedservices.com\/fr\/#website\",\"url\":\"https:\/\/realmedservices.com\/fr\/\",\"name\":\"Real Med Services\",\"description\":\"La libert\u00e9 et le confort des m\u00e9decins\",\"publisher\":{\"@id\":\"https:\/\/realmedservices.com\/fr\/#organization\"},\"potentialAction\":[{\"@type\":\"SearchAction\",\"target\":{\"@type\":\"EntryPoint\",\"urlTemplate\":\"https:\/\/realmedservices.com\/fr\/?s={search_term_string}\"},\"query-input\":{\"@type\":\"PropertyValueSpecification\",\"valueRequired\":true,\"valueName\":\"search_term_string\"}}],\"inLanguage\":\"fr-FR\"},{\"@type\":\"Organization\",\"@id\":\"https:\/\/realmedservices.com\/fr\/#organization\",\"name\":\"Real Med Services\",\"url\":\"https:\/\/realmedservices.com\/fr\/\",\"logo\":{\"@type\":\"ImageObject\",\"inLanguage\":\"fr-FR\",\"@id\":\"https:\/\/realmedservices.com\/fr\/#\/schema\/logo\/image\/\",\"url\":\"https:\/\/realmedservices.com\/fr\/wp-content\/uploads\/2020\/06\/Real-med-services-Logo-1-e1592769264302.png\",\"contentUrl\":\"https:\/\/realmedservices.com\/fr\/wp-content\/uploads\/2020\/06\/Real-med-services-Logo-1-e1592769264302.png\",\"width\":89,\"height\":50,\"caption\":\"Real Med Services\"},\"image\":{\"@id\":\"https:\/\/realmedservices.com\/fr\/#\/schema\/logo\/image\/\"},\"sameAs\":[\"https:\/\/www.facebook.com\/rmsfrance\",\"https:\/\/x.com\/Realmedservices\",\"https:\/\/www.instagram.com\/realmedservices\/\",\"https:\/\/fr.linkedin.com\/company\/realmedservices\"]}]}<\/script>\n<!-- \/ Yoast SEO plugin. -->","yoast_head_json":{"title":"Mise en place Cabinet \u00e9lectronique & t\u00e9l\u00e9travail - Real Med Services","robots":{"index":"index","follow":"follow","max-snippet":"max-snippet:-1","max-image-preview":"max-image-preview:large","max-video-preview":"max-video-preview:-1"},"canonical":"https:\/\/realmedservices.com\/fr\/product\/mise-en-place-cabinet-electronique-teletravail\/","og_locale":"fr_FR","og_type":"article","og_title":"Mise en place Cabinet \u00e9lectronique & t\u00e9l\u00e9travail - Real Med Services","og_description":"Dossier \u00e9lectronique, t\u00e9l\u00e9transmission, t\u00e9l\u00e9consultation, paiement en ligne, bureau virtuel&#8230; la digitalisation et le t\u00e9l\u00e9travail sont partout et les m\u00e9decins ne sont pas en reste. Nous vous accompagnons et formons pour que cette virtualisation soit un confort et une source d&rsquo;opportunit\u00e9 et non une contrainte suppl\u00e9mentaire. &nbsp; Fonctions additionnelles sur demande","og_url":"https:\/\/realmedservices.com\/fr\/product\/mise-en-place-cabinet-electronique-teletravail\/","og_site_name":"Real Med Services","article_publisher":"https:\/\/www.facebook.com\/rmsfrance","article_modified_time":"2020-07-06T11:17:41+00:00","og_image":[{"width":2560,"height":1682,"url":"https:\/\/realmedservices.com\/fr\/wp-content\/uploads\/2020\/06\/AdobeStock_116472569-scaled.jpeg","type":"image\/jpeg"}],"twitter_card":"summary_large_image","twitter_site":"@Realmedservices","schema":{"@context":"https:\/\/schema.org","@graph":[{"@type":"WebPage","@id":"https:\/\/realmedservices.com\/fr\/product\/mise-en-place-cabinet-electronique-teletravail\/","url":"https:\/\/realmedservices.com\/fr\/product\/mise-en-place-cabinet-electronique-teletravail\/","name":"Mise en place Cabinet \u00e9lectronique & t\u00e9l\u00e9travail - Real Med Services","isPartOf":{"@id":"https:\/\/realmedservices.com\/fr\/#website"},"primaryImageOfPage":{"@id":"https:\/\/realmedservices.com\/fr\/product\/mise-en-place-cabinet-electronique-teletravail\/#primaryimage"},"image":{"@id":"https:\/\/realmedservices.com\/fr\/product\/mise-en-place-cabinet-electronique-teletravail\/#primaryimage"},"thumbnailUrl":"https:\/\/realmedservices.com\/fr\/wp-content\/uploads\/2020\/06\/AdobeStock_116472569-scaled.jpeg","datePublished":"2020-06-21T08:33:28+00:00","dateModified":"2020-07-06T11:17:41+00:00","breadcrumb":{"@id":"https:\/\/realmedservices.com\/fr\/product\/mise-en-place-cabinet-electronique-teletravail\/#breadcrumb"},"inLanguage":"fr-FR","potentialAction":[{"@type":"ReadAction","target":["https:\/\/realmedservices.com\/fr\/product\/mise-en-place-cabinet-electronique-teletravail\/"]}]},{"@type":"ImageObject","inLanguage":"fr-FR","@id":"https:\/\/realmedservices.com\/fr\/product\/mise-en-place-cabinet-electronique-teletravail\/#primaryimage","url":"https:\/\/realmedservices.com\/fr\/wp-content\/uploads\/2020\/06\/AdobeStock_116472569-scaled.jpeg","contentUrl":"https:\/\/realmedservices.com\/fr\/wp-content\/uploads\/2020\/06\/AdobeStock_116472569-scaled.jpeg","width":2560,"height":1682,"caption":"Businesswoman connected tech devices and icons applications to a digital planet earth"},{"@type":"BreadcrumbList","@id":"https:\/\/realmedservices.com\/fr\/product\/mise-en-place-cabinet-electronique-teletravail\/#breadcrumb","itemListElement":[{"@type":"ListItem","position":1,"name":"Accueil","item":"https:\/\/realmedservices.com\/fr\/"},{"@type":"ListItem","position":2,"name":"Shop","item":"https:\/\/realmedservices.com\/fr\/shop\/"},{"@type":"ListItem","position":3,"name":"Mise en place Cabinet \u00e9lectronique &#038; t\u00e9l\u00e9travail"}]},{"@type":"WebSite","@id":"https:\/\/realmedservices.com\/fr\/#website","url":"https:\/\/realmedservices.com\/fr\/","name":"Real Med Services","description":"La libert\u00e9 et le confort des m\u00e9decins","publisher":{"@id":"https:\/\/realmedservices.com\/fr\/#organization"},"potentialAction":[{"@type":"SearchAction","target":{"@type":"EntryPoint","urlTemplate":"https:\/\/realmedservices.com\/fr\/?s={search_term_string}"},"query-input":{"@type":"PropertyValueSpecification","valueRequired":true,"valueName":"search_term_string"}}],"inLanguage":"fr-FR"},{"@type":"Organization","@id":"https:\/\/realmedservices.com\/fr\/#organization","name":"Real Med Services","url":"https:\/\/realmedservices.com\/fr\/","logo":{"@type":"ImageObject","inLanguage":"fr-FR","@id":"https:\/\/realmedservices.com\/fr\/#\/schema\/logo\/image\/","url":"https:\/\/realmedservices.com\/fr\/wp-content\/uploads\/2020\/06\/Real-med-services-Logo-1-e1592769264302.png","contentUrl":"https:\/\/realmedservices.com\/fr\/wp-content\/uploads\/2020\/06\/Real-med-services-Logo-1-e1592769264302.png","width":89,"height":50,"caption":"Real Med Services"},"image":{"@id":"https:\/\/realmedservices.com\/fr\/#\/schema\/logo\/image\/"},"sameAs":["https:\/\/www.facebook.com\/rmsfrance","https:\/\/x.com\/Realmedservices","https:\/\/www.instagram.com\/realmedservices\/","https:\/\/fr.linkedin.com\/company\/realmedservices"]}]}},"_links":{"self":[{"href":"https:\/\/realmedservices.com\/fr\/wp-json\/wp\/v2\/product\/7572"}],"collection":[{"href":"https:\/\/realmedservices.com\/fr\/wp-json\/wp\/v2\/product"}],"about":[{"href":"https:\/\/realmedservices.com\/fr\/wp-json\/wp\/v2\/types\/product"}],"replies":[{"embeddable":true,"href":"https:\/\/realmedservices.com\/fr\/wp-json\/wp\/v2\/comments?post=7572"}],"version-history":[{"count":2,"href":"https:\/\/realmedservices.com\/fr\/wp-json\/wp\/v2\/product\/7572\/revisions"}],"predecessor-version":[{"id":11682,"href":"https:\/\/realmedservices.com\/fr\/wp-json\/wp\/v2\/product\/7572\/revisions\/11682"}],"wp:featuredmedia":[{"embeddable":true,"href":"https:\/\/realmedservices.com\/fr\/wp-json\/wp\/v2\/media\/11562"}],"wp:attachment":[{"href":"https:\/\/realmedservices.com\/fr\/wp-json\/wp\/v2\/media?parent=7572"}],"wp:term":[{"taxonomy":"product_cat","embeddable":true,"href":"https:\/\/realmedservices.com\/fr\/wp-json\/wp\/v2\/product_cat?post=7572"},{"taxonomy":"product_tag","embeddable":true,"href":"https:\/\/realmedservices.com\/fr\/wp-json\/wp\/v2\/product_tag?post=7572"}],"curies":[{"name":"wp","href":"https:\/\/api.w.org\/{rel}","templated":true}]}}