{"id":7573,"date":"2020-06-21T08:33:28","date_gmt":"2020-06-21T08:33:28","guid":{"rendered":"http:\/\/realmedservices.com\/fr\/product\/audit-informatique\/"},"modified":"2022-12-08T03:02:57","modified_gmt":"2022-12-08T03:02:57","slug":"audit-informatique","status":"publish","type":"product","link":"https:\/\/realmedservices.com\/fr\/product\/audit-informatique\/","title":{"rendered":"Audit informatique"},"content":{"rendered":"<p>Vous disposez d&rsquo;un certains nombre d&rsquo;outils informatiques mais aussi de besoins conscients ou non que des solutions existantes, gratuites ou peu on\u00e9reuses seraient en mesure de fournir. Avec nos \u00e9quipes, nous effectuons un audit qui vous permettra de gagner en efficacit\u00e9 et en confort \u00e0 l&rsquo;image de structures de plus grande taille.<\/p>\n","protected":false},"excerpt":{"rendered":"<p>Vous disposez d&rsquo;un certains nombre d&rsquo;outils informatiques mais aussi de besoins conscients ou non que des solutions existantes, gratuites ou peu on\u00e9reuses seraient en mesure de fournir. Avec nos \u00e9quipes, nous effectuons un audit qui vous permettra de gagner en efficacit\u00e9 et en confort \u00e0 l&rsquo;image de structures de plus grande taille.<\/p>\n","protected":false},"featured_media":11458,"comment_status":"open","ping_status":"closed","template":"","meta":[],"product_cat":[536],"product_tag":[],"class_list":{"0":"post-7573","1":"product","2":"type-product","3":"status-publish","4":"has-post-thumbnail","6":"product_cat-informatique","8":"first","9":"instock","10":"virtual","11":"taxable","12":"purchasable","13":"product-type-simple"},"yoast_head":"<!-- This site is optimized with the Yoast SEO plugin v23.4 - https:\/\/yoast.com\/wordpress\/plugins\/seo\/ -->\n<title>Audit informatique - Real Med Services<\/title>\n<meta name=\"robots\" content=\"index, follow, max-snippet:-1, max-image-preview:large, max-video-preview:-1\" \/>\n<link rel=\"canonical\" href=\"https:\/\/realmedservices.com\/fr\/product\/audit-informatique\/\" \/>\n<meta property=\"og:locale\" content=\"fr_FR\" \/>\n<meta property=\"og:type\" content=\"article\" \/>\n<meta property=\"og:title\" content=\"Audit informatique - Real Med Services\" \/>\n<meta property=\"og:description\" content=\"Vous disposez d&rsquo;un certains nombre d&rsquo;outils informatiques mais aussi de besoins conscients ou non que des solutions existantes, gratuites ou peu on\u00e9reuses seraient en mesure de fournir. Avec nos \u00e9quipes, nous effectuons un audit qui vous permettra de gagner en efficacit\u00e9 et en confort \u00e0 l&rsquo;image de structures de plus grande taille.\" \/>\n<meta property=\"og:url\" content=\"https:\/\/realmedservices.com\/fr\/product\/audit-informatique\/\" \/>\n<meta property=\"og:site_name\" content=\"Real Med Services\" \/>\n<meta property=\"article:publisher\" content=\"https:\/\/www.facebook.com\/rmsfrance\" \/>\n<meta property=\"article:modified_time\" content=\"2022-12-08T03:02:57+00:00\" \/>\n<meta property=\"og:image\" content=\"https:\/\/realmedservices.com\/fr\/wp-content\/uploads\/2020\/06\/AdobeStock_272436487.jpg\" \/>\n\t<meta property=\"og:image:width\" content=\"1280\" \/>\n\t<meta property=\"og:image:height\" content=\"615\" \/>\n\t<meta property=\"og:image:type\" content=\"image\/jpeg\" \/>\n<meta name=\"twitter:card\" content=\"summary_large_image\" \/>\n<meta name=\"twitter:site\" content=\"@Realmedservices\" \/>\n<script type=\"application\/ld+json\" class=\"yoast-schema-graph\">{\"@context\":\"https:\/\/schema.org\",\"@graph\":[{\"@type\":\"WebPage\",\"@id\":\"https:\/\/realmedservices.com\/fr\/product\/audit-informatique\/\",\"url\":\"https:\/\/realmedservices.com\/fr\/product\/audit-informatique\/\",\"name\":\"Audit informatique - Real Med Services\",\"isPartOf\":{\"@id\":\"https:\/\/realmedservices.com\/fr\/#website\"},\"primaryImageOfPage\":{\"@id\":\"https:\/\/realmedservices.com\/fr\/product\/audit-informatique\/#primaryimage\"},\"image\":{\"@id\":\"https:\/\/realmedservices.com\/fr\/product\/audit-informatique\/#primaryimage\"},\"thumbnailUrl\":\"https:\/\/realmedservices.com\/fr\/wp-content\/uploads\/2020\/06\/AdobeStock_272436487.jpg\",\"datePublished\":\"2020-06-21T08:33:28+00:00\",\"dateModified\":\"2022-12-08T03:02:57+00:00\",\"breadcrumb\":{\"@id\":\"https:\/\/realmedservices.com\/fr\/product\/audit-informatique\/#breadcrumb\"},\"inLanguage\":\"fr-FR\",\"potentialAction\":[{\"@type\":\"ReadAction\",\"target\":[\"https:\/\/realmedservices.com\/fr\/product\/audit-informatique\/\"]}]},{\"@type\":\"ImageObject\",\"inLanguage\":\"fr-FR\",\"@id\":\"https:\/\/realmedservices.com\/fr\/product\/audit-informatique\/#primaryimage\",\"url\":\"https:\/\/realmedservices.com\/fr\/wp-content\/uploads\/2020\/06\/AdobeStock_272436487.jpg\",\"contentUrl\":\"https:\/\/realmedservices.com\/fr\/wp-content\/uploads\/2020\/06\/AdobeStock_272436487.jpg\",\"width\":1280,\"height\":615},{\"@type\":\"BreadcrumbList\",\"@id\":\"https:\/\/realmedservices.com\/fr\/product\/audit-informatique\/#breadcrumb\",\"itemListElement\":[{\"@type\":\"ListItem\",\"position\":1,\"name\":\"Accueil\",\"item\":\"https:\/\/realmedservices.com\/fr\/\"},{\"@type\":\"ListItem\",\"position\":2,\"name\":\"Shop\",\"item\":\"https:\/\/realmedservices.com\/fr\/shop\/\"},{\"@type\":\"ListItem\",\"position\":3,\"name\":\"Audit informatique\"}]},{\"@type\":\"WebSite\",\"@id\":\"https:\/\/realmedservices.com\/fr\/#website\",\"url\":\"https:\/\/realmedservices.com\/fr\/\",\"name\":\"Real Med Services\",\"description\":\"La libert\u00e9 et le confort des m\u00e9decins\",\"publisher\":{\"@id\":\"https:\/\/realmedservices.com\/fr\/#organization\"},\"potentialAction\":[{\"@type\":\"SearchAction\",\"target\":{\"@type\":\"EntryPoint\",\"urlTemplate\":\"https:\/\/realmedservices.com\/fr\/?s={search_term_string}\"},\"query-input\":{\"@type\":\"PropertyValueSpecification\",\"valueRequired\":true,\"valueName\":\"search_term_string\"}}],\"inLanguage\":\"fr-FR\"},{\"@type\":\"Organization\",\"@id\":\"https:\/\/realmedservices.com\/fr\/#organization\",\"name\":\"Real Med Services\",\"url\":\"https:\/\/realmedservices.com\/fr\/\",\"logo\":{\"@type\":\"ImageObject\",\"inLanguage\":\"fr-FR\",\"@id\":\"https:\/\/realmedservices.com\/fr\/#\/schema\/logo\/image\/\",\"url\":\"https:\/\/realmedservices.com\/fr\/wp-content\/uploads\/2020\/06\/Real-med-services-Logo-1-e1592769264302.png\",\"contentUrl\":\"https:\/\/realmedservices.com\/fr\/wp-content\/uploads\/2020\/06\/Real-med-services-Logo-1-e1592769264302.png\",\"width\":89,\"height\":50,\"caption\":\"Real Med Services\"},\"image\":{\"@id\":\"https:\/\/realmedservices.com\/fr\/#\/schema\/logo\/image\/\"},\"sameAs\":[\"https:\/\/www.facebook.com\/rmsfrance\",\"https:\/\/x.com\/Realmedservices\",\"https:\/\/www.instagram.com\/realmedservices\/\",\"https:\/\/fr.linkedin.com\/company\/realmedservices\"]}]}<\/script>\n<!-- \/ Yoast SEO plugin. -->","yoast_head_json":{"title":"Audit informatique - Real Med Services","robots":{"index":"index","follow":"follow","max-snippet":"max-snippet:-1","max-image-preview":"max-image-preview:large","max-video-preview":"max-video-preview:-1"},"canonical":"https:\/\/realmedservices.com\/fr\/product\/audit-informatique\/","og_locale":"fr_FR","og_type":"article","og_title":"Audit informatique - Real Med Services","og_description":"Vous disposez d&rsquo;un certains nombre d&rsquo;outils informatiques mais aussi de besoins conscients ou non que des solutions existantes, gratuites ou peu on\u00e9reuses seraient en mesure de fournir. Avec nos \u00e9quipes, nous effectuons un audit qui vous permettra de gagner en efficacit\u00e9 et en confort \u00e0 l&rsquo;image de structures de plus grande taille.","og_url":"https:\/\/realmedservices.com\/fr\/product\/audit-informatique\/","og_site_name":"Real Med Services","article_publisher":"https:\/\/www.facebook.com\/rmsfrance","article_modified_time":"2022-12-08T03:02:57+00:00","og_image":[{"width":1280,"height":615,"url":"https:\/\/realmedservices.com\/fr\/wp-content\/uploads\/2020\/06\/AdobeStock_272436487.jpg","type":"image\/jpeg"}],"twitter_card":"summary_large_image","twitter_site":"@Realmedservices","schema":{"@context":"https:\/\/schema.org","@graph":[{"@type":"WebPage","@id":"https:\/\/realmedservices.com\/fr\/product\/audit-informatique\/","url":"https:\/\/realmedservices.com\/fr\/product\/audit-informatique\/","name":"Audit informatique - Real Med Services","isPartOf":{"@id":"https:\/\/realmedservices.com\/fr\/#website"},"primaryImageOfPage":{"@id":"https:\/\/realmedservices.com\/fr\/product\/audit-informatique\/#primaryimage"},"image":{"@id":"https:\/\/realmedservices.com\/fr\/product\/audit-informatique\/#primaryimage"},"thumbnailUrl":"https:\/\/realmedservices.com\/fr\/wp-content\/uploads\/2020\/06\/AdobeStock_272436487.jpg","datePublished":"2020-06-21T08:33:28+00:00","dateModified":"2022-12-08T03:02:57+00:00","breadcrumb":{"@id":"https:\/\/realmedservices.com\/fr\/product\/audit-informatique\/#breadcrumb"},"inLanguage":"fr-FR","potentialAction":[{"@type":"ReadAction","target":["https:\/\/realmedservices.com\/fr\/product\/audit-informatique\/"]}]},{"@type":"ImageObject","inLanguage":"fr-FR","@id":"https:\/\/realmedservices.com\/fr\/product\/audit-informatique\/#primaryimage","url":"https:\/\/realmedservices.com\/fr\/wp-content\/uploads\/2020\/06\/AdobeStock_272436487.jpg","contentUrl":"https:\/\/realmedservices.com\/fr\/wp-content\/uploads\/2020\/06\/AdobeStock_272436487.jpg","width":1280,"height":615},{"@type":"BreadcrumbList","@id":"https:\/\/realmedservices.com\/fr\/product\/audit-informatique\/#breadcrumb","itemListElement":[{"@type":"ListItem","position":1,"name":"Accueil","item":"https:\/\/realmedservices.com\/fr\/"},{"@type":"ListItem","position":2,"name":"Shop","item":"https:\/\/realmedservices.com\/fr\/shop\/"},{"@type":"ListItem","position":3,"name":"Audit informatique"}]},{"@type":"WebSite","@id":"https:\/\/realmedservices.com\/fr\/#website","url":"https:\/\/realmedservices.com\/fr\/","name":"Real Med Services","description":"La libert\u00e9 et le confort des m\u00e9decins","publisher":{"@id":"https:\/\/realmedservices.com\/fr\/#organization"},"potentialAction":[{"@type":"SearchAction","target":{"@type":"EntryPoint","urlTemplate":"https:\/\/realmedservices.com\/fr\/?s={search_term_string}"},"query-input":{"@type":"PropertyValueSpecification","valueRequired":true,"valueName":"search_term_string"}}],"inLanguage":"fr-FR"},{"@type":"Organization","@id":"https:\/\/realmedservices.com\/fr\/#organization","name":"Real Med Services","url":"https:\/\/realmedservices.com\/fr\/","logo":{"@type":"ImageObject","inLanguage":"fr-FR","@id":"https:\/\/realmedservices.com\/fr\/#\/schema\/logo\/image\/","url":"https:\/\/realmedservices.com\/fr\/wp-content\/uploads\/2020\/06\/Real-med-services-Logo-1-e1592769264302.png","contentUrl":"https:\/\/realmedservices.com\/fr\/wp-content\/uploads\/2020\/06\/Real-med-services-Logo-1-e1592769264302.png","width":89,"height":50,"caption":"Real Med Services"},"image":{"@id":"https:\/\/realmedservices.com\/fr\/#\/schema\/logo\/image\/"},"sameAs":["https:\/\/www.facebook.com\/rmsfrance","https:\/\/x.com\/Realmedservices","https:\/\/www.instagram.com\/realmedservices\/","https:\/\/fr.linkedin.com\/company\/realmedservices"]}]}},"_links":{"self":[{"href":"https:\/\/realmedservices.com\/fr\/wp-json\/wp\/v2\/product\/7573"}],"collection":[{"href":"https:\/\/realmedservices.com\/fr\/wp-json\/wp\/v2\/product"}],"about":[{"href":"https:\/\/realmedservices.com\/fr\/wp-json\/wp\/v2\/types\/product"}],"replies":[{"embeddable":true,"href":"https:\/\/realmedservices.com\/fr\/wp-json\/wp\/v2\/comments?post=7573"}],"version-history":[{"count":1,"href":"https:\/\/realmedservices.com\/fr\/wp-json\/wp\/v2\/product\/7573\/revisions"}],"predecessor-version":[{"id":11686,"href":"https:\/\/realmedservices.com\/fr\/wp-json\/wp\/v2\/product\/7573\/revisions\/11686"}],"wp:featuredmedia":[{"embeddable":true,"href":"https:\/\/realmedservices.com\/fr\/wp-json\/wp\/v2\/media\/11458"}],"wp:attachment":[{"href":"https:\/\/realmedservices.com\/fr\/wp-json\/wp\/v2\/media?parent=7573"}],"wp:term":[{"taxonomy":"product_cat","embeddable":true,"href":"https:\/\/realmedservices.com\/fr\/wp-json\/wp\/v2\/product_cat?post=7573"},{"taxonomy":"product_tag","embeddable":true,"href":"https:\/\/realmedservices.com\/fr\/wp-json\/wp\/v2\/product_tag?post=7573"}],"curies":[{"name":"wp","href":"https:\/\/api.w.org\/{rel}","templated":true}]}}