{"id":7574,"date":"2020-06-21T08:33:28","date_gmt":"2020-06-21T08:33:28","guid":{"rendered":"http:\/\/realmedservices.com\/fr\/product\/maintenance-reguliere-des-installations\/"},"modified":"2024-08-07T00:05:16","modified_gmt":"2024-08-07T00:05:16","slug":"maintenance-reguliere-des-installations","status":"publish","type":"product","link":"https:\/\/realmedservices.com\/fr\/product\/maintenance-reguliere-des-installations\/","title":{"rendered":"Maintenance r\u00e9guli\u00e8re des installations"},"content":{"rendered":"<p>L&rsquo;informatique exige un nombre cons\u00e9quent de mises \u00e0 jour et de maintenance des syst\u00e8mes pour conserver un niveau de performance en phase avec vos attentes. Nos \u00e9quipes contr\u00f4lent r\u00e9guli\u00e8rement vos configurations et les entretiennent tout en pr\u00e9servant la confidentialit\u00e9 des informations (RGPD et secret m\u00e9dical). Vous minimisez ainsi le risque d&rsquo;un probl\u00e8me majeur susceptible d&rsquo;interrompre votre activit\u00e9.<\/p>\n","protected":false},"excerpt":{"rendered":"<p>L&rsquo;informatique exige un nombre cons\u00e9quent de mises \u00e0 jour et de maintenance des syst\u00e8mes pour conserver un niveau de performance en phase avec vos attentes. Nos \u00e9quipes contr\u00f4lent r\u00e9guli\u00e8rement vos configurations et les entretiennent tout en pr\u00e9servant la confidentialit\u00e9 des informations (RGPD et secret m\u00e9dical). Vous minimisez ainsi le risque d&rsquo;un probl\u00e8me majeur susceptible d&rsquo;interrompre [&hellip;]<\/p>\n","protected":false},"featured_media":11425,"comment_status":"open","ping_status":"closed","template":"","meta":[],"product_cat":[536],"product_tag":[],"class_list":{"0":"post-7574","1":"product","2":"type-product","3":"status-publish","4":"has-post-thumbnail","6":"product_cat-informatique","8":"first","9":"instock","10":"featured","11":"virtual","12":"taxable","13":"purchasable","14":"product-type-simple"},"yoast_head":"<!-- This site is optimized with the Yoast SEO plugin v23.4 - https:\/\/yoast.com\/wordpress\/plugins\/seo\/ -->\n<title>Maintenance r\u00e9guli\u00e8re des installations - Real Med Services<\/title>\n<meta name=\"robots\" content=\"index, follow, max-snippet:-1, max-image-preview:large, max-video-preview:-1\" \/>\n<link rel=\"canonical\" href=\"https:\/\/realmedservices.com\/fr\/product\/maintenance-reguliere-des-installations\/\" \/>\n<meta property=\"og:locale\" content=\"fr_FR\" \/>\n<meta property=\"og:type\" content=\"article\" \/>\n<meta property=\"og:title\" content=\"Maintenance r\u00e9guli\u00e8re des installations - Real Med Services\" \/>\n<meta property=\"og:description\" content=\"L&rsquo;informatique exige un nombre cons\u00e9quent de mises \u00e0 jour et de maintenance des syst\u00e8mes pour conserver un niveau de performance en phase avec vos attentes. Nos \u00e9quipes contr\u00f4lent r\u00e9guli\u00e8rement vos configurations et les entretiennent tout en pr\u00e9servant la confidentialit\u00e9 des informations (RGPD et secret m\u00e9dical). Vous minimisez ainsi le risque d&rsquo;un probl\u00e8me majeur susceptible d&rsquo;interrompre [&hellip;]\" \/>\n<meta property=\"og:url\" content=\"https:\/\/realmedservices.com\/fr\/product\/maintenance-reguliere-des-installations\/\" \/>\n<meta property=\"og:site_name\" content=\"Real Med Services\" \/>\n<meta property=\"article:publisher\" content=\"https:\/\/www.facebook.com\/rmsfrance\" \/>\n<meta property=\"article:modified_time\" content=\"2024-08-07T00:05:16+00:00\" \/>\n<meta property=\"og:image\" content=\"https:\/\/realmedservices.com\/fr\/wp-content\/uploads\/2020\/06\/AdobeStock_209743399-scaled.jpeg\" \/>\n\t<meta property=\"og:image:width\" content=\"2560\" \/>\n\t<meta property=\"og:image:height\" content=\"1097\" \/>\n\t<meta property=\"og:image:type\" content=\"image\/jpeg\" \/>\n<meta name=\"twitter:card\" content=\"summary_large_image\" \/>\n<meta name=\"twitter:site\" content=\"@Realmedservices\" \/>\n<script type=\"application\/ld+json\" class=\"yoast-schema-graph\">{\"@context\":\"https:\/\/schema.org\",\"@graph\":[{\"@type\":\"WebPage\",\"@id\":\"https:\/\/realmedservices.com\/fr\/product\/maintenance-reguliere-des-installations\/\",\"url\":\"https:\/\/realmedservices.com\/fr\/product\/maintenance-reguliere-des-installations\/\",\"name\":\"Maintenance r\u00e9guli\u00e8re des installations - Real Med Services\",\"isPartOf\":{\"@id\":\"https:\/\/realmedservices.com\/fr\/#website\"},\"primaryImageOfPage\":{\"@id\":\"https:\/\/realmedservices.com\/fr\/product\/maintenance-reguliere-des-installations\/#primaryimage\"},\"image\":{\"@id\":\"https:\/\/realmedservices.com\/fr\/product\/maintenance-reguliere-des-installations\/#primaryimage\"},\"thumbnailUrl\":\"https:\/\/realmedservices.com\/fr\/wp-content\/uploads\/2020\/06\/AdobeStock_209743399-scaled.jpeg\",\"datePublished\":\"2020-06-21T08:33:28+00:00\",\"dateModified\":\"2024-08-07T00:05:16+00:00\",\"breadcrumb\":{\"@id\":\"https:\/\/realmedservices.com\/fr\/product\/maintenance-reguliere-des-installations\/#breadcrumb\"},\"inLanguage\":\"fr-FR\",\"potentialAction\":[{\"@type\":\"ReadAction\",\"target\":[\"https:\/\/realmedservices.com\/fr\/product\/maintenance-reguliere-des-installations\/\"]}]},{\"@type\":\"ImageObject\",\"inLanguage\":\"fr-FR\",\"@id\":\"https:\/\/realmedservices.com\/fr\/product\/maintenance-reguliere-des-installations\/#primaryimage\",\"url\":\"https:\/\/realmedservices.com\/fr\/wp-content\/uploads\/2020\/06\/AdobeStock_209743399-scaled.jpeg\",\"contentUrl\":\"https:\/\/realmedservices.com\/fr\/wp-content\/uploads\/2020\/06\/AdobeStock_209743399-scaled.jpeg\",\"width\":2560,\"height\":1097,\"caption\":\"Technical Support Customer Service Business Technology Internet Concept.\"},{\"@type\":\"BreadcrumbList\",\"@id\":\"https:\/\/realmedservices.com\/fr\/product\/maintenance-reguliere-des-installations\/#breadcrumb\",\"itemListElement\":[{\"@type\":\"ListItem\",\"position\":1,\"name\":\"Accueil\",\"item\":\"https:\/\/realmedservices.com\/fr\/\"},{\"@type\":\"ListItem\",\"position\":2,\"name\":\"Shop\",\"item\":\"https:\/\/realmedservices.com\/fr\/shop\/\"},{\"@type\":\"ListItem\",\"position\":3,\"name\":\"Maintenance r\u00e9guli\u00e8re des installations\"}]},{\"@type\":\"WebSite\",\"@id\":\"https:\/\/realmedservices.com\/fr\/#website\",\"url\":\"https:\/\/realmedservices.com\/fr\/\",\"name\":\"Real Med Services\",\"description\":\"La libert\u00e9 et le confort des m\u00e9decins\",\"publisher\":{\"@id\":\"https:\/\/realmedservices.com\/fr\/#organization\"},\"potentialAction\":[{\"@type\":\"SearchAction\",\"target\":{\"@type\":\"EntryPoint\",\"urlTemplate\":\"https:\/\/realmedservices.com\/fr\/?s={search_term_string}\"},\"query-input\":{\"@type\":\"PropertyValueSpecification\",\"valueRequired\":true,\"valueName\":\"search_term_string\"}}],\"inLanguage\":\"fr-FR\"},{\"@type\":\"Organization\",\"@id\":\"https:\/\/realmedservices.com\/fr\/#organization\",\"name\":\"Real Med Services\",\"url\":\"https:\/\/realmedservices.com\/fr\/\",\"logo\":{\"@type\":\"ImageObject\",\"inLanguage\":\"fr-FR\",\"@id\":\"https:\/\/realmedservices.com\/fr\/#\/schema\/logo\/image\/\",\"url\":\"https:\/\/realmedservices.com\/fr\/wp-content\/uploads\/2020\/06\/Real-med-services-Logo-1-e1592769264302.png\",\"contentUrl\":\"https:\/\/realmedservices.com\/fr\/wp-content\/uploads\/2020\/06\/Real-med-services-Logo-1-e1592769264302.png\",\"width\":89,\"height\":50,\"caption\":\"Real Med Services\"},\"image\":{\"@id\":\"https:\/\/realmedservices.com\/fr\/#\/schema\/logo\/image\/\"},\"sameAs\":[\"https:\/\/www.facebook.com\/rmsfrance\",\"https:\/\/x.com\/Realmedservices\",\"https:\/\/www.instagram.com\/realmedservices\/\",\"https:\/\/fr.linkedin.com\/company\/realmedservices\"]}]}<\/script>\n<!-- \/ Yoast SEO plugin. -->","yoast_head_json":{"title":"Maintenance r\u00e9guli\u00e8re des installations - Real Med Services","robots":{"index":"index","follow":"follow","max-snippet":"max-snippet:-1","max-image-preview":"max-image-preview:large","max-video-preview":"max-video-preview:-1"},"canonical":"https:\/\/realmedservices.com\/fr\/product\/maintenance-reguliere-des-installations\/","og_locale":"fr_FR","og_type":"article","og_title":"Maintenance r\u00e9guli\u00e8re des installations - Real Med Services","og_description":"L&rsquo;informatique exige un nombre cons\u00e9quent de mises \u00e0 jour et de maintenance des syst\u00e8mes pour conserver un niveau de performance en phase avec vos attentes. Nos \u00e9quipes contr\u00f4lent r\u00e9guli\u00e8rement vos configurations et les entretiennent tout en pr\u00e9servant la confidentialit\u00e9 des informations (RGPD et secret m\u00e9dical). Vous minimisez ainsi le risque d&rsquo;un probl\u00e8me majeur susceptible d&rsquo;interrompre [&hellip;]","og_url":"https:\/\/realmedservices.com\/fr\/product\/maintenance-reguliere-des-installations\/","og_site_name":"Real Med Services","article_publisher":"https:\/\/www.facebook.com\/rmsfrance","article_modified_time":"2024-08-07T00:05:16+00:00","og_image":[{"width":2560,"height":1097,"url":"https:\/\/realmedservices.com\/fr\/wp-content\/uploads\/2020\/06\/AdobeStock_209743399-scaled.jpeg","type":"image\/jpeg"}],"twitter_card":"summary_large_image","twitter_site":"@Realmedservices","schema":{"@context":"https:\/\/schema.org","@graph":[{"@type":"WebPage","@id":"https:\/\/realmedservices.com\/fr\/product\/maintenance-reguliere-des-installations\/","url":"https:\/\/realmedservices.com\/fr\/product\/maintenance-reguliere-des-installations\/","name":"Maintenance r\u00e9guli\u00e8re des installations - Real Med Services","isPartOf":{"@id":"https:\/\/realmedservices.com\/fr\/#website"},"primaryImageOfPage":{"@id":"https:\/\/realmedservices.com\/fr\/product\/maintenance-reguliere-des-installations\/#primaryimage"},"image":{"@id":"https:\/\/realmedservices.com\/fr\/product\/maintenance-reguliere-des-installations\/#primaryimage"},"thumbnailUrl":"https:\/\/realmedservices.com\/fr\/wp-content\/uploads\/2020\/06\/AdobeStock_209743399-scaled.jpeg","datePublished":"2020-06-21T08:33:28+00:00","dateModified":"2024-08-07T00:05:16+00:00","breadcrumb":{"@id":"https:\/\/realmedservices.com\/fr\/product\/maintenance-reguliere-des-installations\/#breadcrumb"},"inLanguage":"fr-FR","potentialAction":[{"@type":"ReadAction","target":["https:\/\/realmedservices.com\/fr\/product\/maintenance-reguliere-des-installations\/"]}]},{"@type":"ImageObject","inLanguage":"fr-FR","@id":"https:\/\/realmedservices.com\/fr\/product\/maintenance-reguliere-des-installations\/#primaryimage","url":"https:\/\/realmedservices.com\/fr\/wp-content\/uploads\/2020\/06\/AdobeStock_209743399-scaled.jpeg","contentUrl":"https:\/\/realmedservices.com\/fr\/wp-content\/uploads\/2020\/06\/AdobeStock_209743399-scaled.jpeg","width":2560,"height":1097,"caption":"Technical Support Customer Service Business Technology Internet Concept."},{"@type":"BreadcrumbList","@id":"https:\/\/realmedservices.com\/fr\/product\/maintenance-reguliere-des-installations\/#breadcrumb","itemListElement":[{"@type":"ListItem","position":1,"name":"Accueil","item":"https:\/\/realmedservices.com\/fr\/"},{"@type":"ListItem","position":2,"name":"Shop","item":"https:\/\/realmedservices.com\/fr\/shop\/"},{"@type":"ListItem","position":3,"name":"Maintenance r\u00e9guli\u00e8re des installations"}]},{"@type":"WebSite","@id":"https:\/\/realmedservices.com\/fr\/#website","url":"https:\/\/realmedservices.com\/fr\/","name":"Real Med Services","description":"La libert\u00e9 et le confort des m\u00e9decins","publisher":{"@id":"https:\/\/realmedservices.com\/fr\/#organization"},"potentialAction":[{"@type":"SearchAction","target":{"@type":"EntryPoint","urlTemplate":"https:\/\/realmedservices.com\/fr\/?s={search_term_string}"},"query-input":{"@type":"PropertyValueSpecification","valueRequired":true,"valueName":"search_term_string"}}],"inLanguage":"fr-FR"},{"@type":"Organization","@id":"https:\/\/realmedservices.com\/fr\/#organization","name":"Real Med Services","url":"https:\/\/realmedservices.com\/fr\/","logo":{"@type":"ImageObject","inLanguage":"fr-FR","@id":"https:\/\/realmedservices.com\/fr\/#\/schema\/logo\/image\/","url":"https:\/\/realmedservices.com\/fr\/wp-content\/uploads\/2020\/06\/Real-med-services-Logo-1-e1592769264302.png","contentUrl":"https:\/\/realmedservices.com\/fr\/wp-content\/uploads\/2020\/06\/Real-med-services-Logo-1-e1592769264302.png","width":89,"height":50,"caption":"Real Med Services"},"image":{"@id":"https:\/\/realmedservices.com\/fr\/#\/schema\/logo\/image\/"},"sameAs":["https:\/\/www.facebook.com\/rmsfrance","https:\/\/x.com\/Realmedservices","https:\/\/www.instagram.com\/realmedservices\/","https:\/\/fr.linkedin.com\/company\/realmedservices"]}]}},"_links":{"self":[{"href":"https:\/\/realmedservices.com\/fr\/wp-json\/wp\/v2\/product\/7574"}],"collection":[{"href":"https:\/\/realmedservices.com\/fr\/wp-json\/wp\/v2\/product"}],"about":[{"href":"https:\/\/realmedservices.com\/fr\/wp-json\/wp\/v2\/types\/product"}],"replies":[{"embeddable":true,"href":"https:\/\/realmedservices.com\/fr\/wp-json\/wp\/v2\/comments?post=7574"}],"version-history":[{"count":1,"href":"https:\/\/realmedservices.com\/fr\/wp-json\/wp\/v2\/product\/7574\/revisions"}],"predecessor-version":[{"id":11685,"href":"https:\/\/realmedservices.com\/fr\/wp-json\/wp\/v2\/product\/7574\/revisions\/11685"}],"wp:featuredmedia":[{"embeddable":true,"href":"https:\/\/realmedservices.com\/fr\/wp-json\/wp\/v2\/media\/11425"}],"wp:attachment":[{"href":"https:\/\/realmedservices.com\/fr\/wp-json\/wp\/v2\/media?parent=7574"}],"wp:term":[{"taxonomy":"product_cat","embeddable":true,"href":"https:\/\/realmedservices.com\/fr\/wp-json\/wp\/v2\/product_cat?post=7574"},{"taxonomy":"product_tag","embeddable":true,"href":"https:\/\/realmedservices.com\/fr\/wp-json\/wp\/v2\/product_tag?post=7574"}],"curies":[{"name":"wp","href":"https:\/\/api.w.org\/{rel}","templated":true}]}}