{"id":7576,"date":"2020-06-21T08:33:28","date_gmt":"2020-06-21T08:33:28","guid":{"rendered":"http:\/\/realmedservices.com\/fr\/product\/solutions-de-productivite-informatique\/"},"modified":"2024-04-06T22:48:25","modified_gmt":"2024-04-06T22:48:25","slug":"solutions-de-productivite-informatique","status":"publish","type":"product","link":"https:\/\/realmedservices.com\/fr\/product\/solutions-de-productivite-informatique\/","title":{"rendered":"Solutions de productivit\u00e9 informatique"},"content":{"rendered":"<p>Vous effectuez certaines t\u00e2ches informatiques depuis longtemps mais elles sont fastidieuses ? Nos solutions de productivit\u00e9 informatique sont la pour vous. Il y a s\u00fbrement un moyen de mieux faire! Avec vous , nous recherchons le moyen de gagner du temps. Dites nous ce qui vous prend du temps et nous vous soulageons!<\/p>\n<p>Avec nos solutions de productivit\u00e9 informatique, vous tirez avantage de la technologie au lieu de la subir. Les outils technologiques regorgent de fonctionnalit\u00e9s pour vous rendre votre temps. Laissez nous vous accompagner technologiquement !<\/p>\n<p>Nous vous assistons pour mieux maitriser votre logiciel m\u00e9dical, les solutions Excel, Word mais aussi des sites web capables de vous faciliter la vie.<\/p>\n<p>&nbsp;<\/p>\n<p>&nbsp;<\/p>\n","protected":false},"excerpt":{"rendered":"<p>Vous effectuez certaines t\u00e2ches informatiques depuis longtemps mais elles sont fastidieuses ? Nos solutions de productivit\u00e9 informatique sont la pour vous. Il y a s\u00fbrement un moyen de mieux faire! Avec vous , nous recherchons le moyen de gagner du temps. Dites nous ce qui vous prend du temps et nous vous soulageons! Avec nos [&hellip;]<\/p>\n","protected":false},"featured_media":11567,"comment_status":"open","ping_status":"closed","template":"","meta":[],"product_cat":[536],"product_tag":[],"class_list":{"0":"post-7576","1":"product","2":"type-product","3":"status-publish","4":"has-post-thumbnail","6":"product_cat-informatique","8":"first","9":"instock","10":"featured","11":"virtual","12":"taxable","13":"purchasable","14":"product-type-simple"},"yoast_head":"<!-- This site is optimized with the Yoast SEO plugin v23.4 - https:\/\/yoast.com\/wordpress\/plugins\/seo\/ -->\n<title>Solutions de productivit\u00e9 informatique - Real Med Services<\/title>\n<meta name=\"description\" content=\"Nos solutions de productivit\u00e9 informatique vous permettent de gagner du temps dans des t\u00e2ches fastidieuses et de gagner en confort!\" \/>\n<meta name=\"robots\" content=\"index, follow, max-snippet:-1, max-image-preview:large, max-video-preview:-1\" \/>\n<link rel=\"canonical\" href=\"https:\/\/realmedservices.com\/fr\/product\/solutions-de-productivite-informatique\/\" \/>\n<meta property=\"og:locale\" content=\"fr_FR\" \/>\n<meta property=\"og:type\" content=\"article\" \/>\n<meta property=\"og:title\" content=\"Solutions de productivit\u00e9 informatique - Real Med Services\" \/>\n<meta property=\"og:description\" content=\"Nos solutions de productivit\u00e9 informatique vous permettent de gagner du temps dans des t\u00e2ches fastidieuses et de gagner en confort!\" \/>\n<meta property=\"og:url\" content=\"https:\/\/realmedservices.com\/fr\/product\/solutions-de-productivite-informatique\/\" \/>\n<meta property=\"og:site_name\" content=\"Real Med Services\" \/>\n<meta property=\"article:publisher\" content=\"https:\/\/www.facebook.com\/rmsfrance\" \/>\n<meta property=\"article:modified_time\" content=\"2024-04-06T22:48:25+00:00\" \/>\n<meta property=\"og:image\" content=\"https:\/\/realmedservices.com\/fr\/wp-content\/uploads\/2020\/06\/AdobeStock_276930609-scaled.jpeg\" \/>\n\t<meta property=\"og:image:width\" content=\"2560\" \/>\n\t<meta property=\"og:image:height\" content=\"1285\" \/>\n\t<meta property=\"og:image:type\" content=\"image\/jpeg\" \/>\n<meta name=\"twitter:card\" content=\"summary_large_image\" \/>\n<meta name=\"twitter:site\" content=\"@Realmedservices\" \/>\n<meta name=\"twitter:label1\" content=\"Dur\u00e9e de lecture estim\u00e9e\" \/>\n\t<meta name=\"twitter:data1\" content=\"1 minute\" \/>\n<script type=\"application\/ld+json\" class=\"yoast-schema-graph\">{\"@context\":\"https:\/\/schema.org\",\"@graph\":[{\"@type\":\"WebPage\",\"@id\":\"https:\/\/realmedservices.com\/fr\/product\/solutions-de-productivite-informatique\/\",\"url\":\"https:\/\/realmedservices.com\/fr\/product\/solutions-de-productivite-informatique\/\",\"name\":\"Solutions de productivit\u00e9 informatique - Real Med Services\",\"isPartOf\":{\"@id\":\"https:\/\/realmedservices.com\/fr\/#website\"},\"primaryImageOfPage\":{\"@id\":\"https:\/\/realmedservices.com\/fr\/product\/solutions-de-productivite-informatique\/#primaryimage\"},\"image\":{\"@id\":\"https:\/\/realmedservices.com\/fr\/product\/solutions-de-productivite-informatique\/#primaryimage\"},\"thumbnailUrl\":\"https:\/\/realmedservices.com\/fr\/wp-content\/uploads\/2020\/06\/AdobeStock_276930609-scaled.jpeg\",\"datePublished\":\"2020-06-21T08:33:28+00:00\",\"dateModified\":\"2024-04-06T22:48:25+00:00\",\"description\":\"Nos solutions de productivit\u00e9 informatique vous permettent de gagner du temps dans des t\u00e2ches fastidieuses et de gagner en confort!\",\"breadcrumb\":{\"@id\":\"https:\/\/realmedservices.com\/fr\/product\/solutions-de-productivite-informatique\/#breadcrumb\"},\"inLanguage\":\"fr-FR\",\"potentialAction\":[{\"@type\":\"ReadAction\",\"target\":[\"https:\/\/realmedservices.com\/fr\/product\/solutions-de-productivite-informatique\/\"]}]},{\"@type\":\"ImageObject\",\"inLanguage\":\"fr-FR\",\"@id\":\"https:\/\/realmedservices.com\/fr\/product\/solutions-de-productivite-informatique\/#primaryimage\",\"url\":\"https:\/\/realmedservices.com\/fr\/wp-content\/uploads\/2020\/06\/AdobeStock_276930609-scaled.jpeg\",\"contentUrl\":\"https:\/\/realmedservices.com\/fr\/wp-content\/uploads\/2020\/06\/AdobeStock_276930609-scaled.jpeg\",\"width\":2560,\"height\":1285,\"caption\":\"graphique tactile\"},{\"@type\":\"BreadcrumbList\",\"@id\":\"https:\/\/realmedservices.com\/fr\/product\/solutions-de-productivite-informatique\/#breadcrumb\",\"itemListElement\":[{\"@type\":\"ListItem\",\"position\":1,\"name\":\"Accueil\",\"item\":\"https:\/\/realmedservices.com\/fr\/\"},{\"@type\":\"ListItem\",\"position\":2,\"name\":\"Shop\",\"item\":\"https:\/\/realmedservices.com\/fr\/shop\/\"},{\"@type\":\"ListItem\",\"position\":3,\"name\":\"Solutions de productivit\u00e9 informatique\"}]},{\"@type\":\"WebSite\",\"@id\":\"https:\/\/realmedservices.com\/fr\/#website\",\"url\":\"https:\/\/realmedservices.com\/fr\/\",\"name\":\"Real Med Services\",\"description\":\"La libert\u00e9 et le confort des m\u00e9decins\",\"publisher\":{\"@id\":\"https:\/\/realmedservices.com\/fr\/#organization\"},\"potentialAction\":[{\"@type\":\"SearchAction\",\"target\":{\"@type\":\"EntryPoint\",\"urlTemplate\":\"https:\/\/realmedservices.com\/fr\/?s={search_term_string}\"},\"query-input\":{\"@type\":\"PropertyValueSpecification\",\"valueRequired\":true,\"valueName\":\"search_term_string\"}}],\"inLanguage\":\"fr-FR\"},{\"@type\":\"Organization\",\"@id\":\"https:\/\/realmedservices.com\/fr\/#organization\",\"name\":\"Real Med Services\",\"url\":\"https:\/\/realmedservices.com\/fr\/\",\"logo\":{\"@type\":\"ImageObject\",\"inLanguage\":\"fr-FR\",\"@id\":\"https:\/\/realmedservices.com\/fr\/#\/schema\/logo\/image\/\",\"url\":\"https:\/\/realmedservices.com\/fr\/wp-content\/uploads\/2020\/06\/Real-med-services-Logo-1-e1592769264302.png\",\"contentUrl\":\"https:\/\/realmedservices.com\/fr\/wp-content\/uploads\/2020\/06\/Real-med-services-Logo-1-e1592769264302.png\",\"width\":89,\"height\":50,\"caption\":\"Real Med Services\"},\"image\":{\"@id\":\"https:\/\/realmedservices.com\/fr\/#\/schema\/logo\/image\/\"},\"sameAs\":[\"https:\/\/www.facebook.com\/rmsfrance\",\"https:\/\/x.com\/Realmedservices\",\"https:\/\/www.instagram.com\/realmedservices\/\",\"https:\/\/fr.linkedin.com\/company\/realmedservices\"]}]}<\/script>\n<!-- \/ Yoast SEO plugin. -->","yoast_head_json":{"title":"Solutions de productivit\u00e9 informatique - Real Med Services","description":"Nos solutions de productivit\u00e9 informatique vous permettent de gagner du temps dans des t\u00e2ches fastidieuses et de gagner en confort!","robots":{"index":"index","follow":"follow","max-snippet":"max-snippet:-1","max-image-preview":"max-image-preview:large","max-video-preview":"max-video-preview:-1"},"canonical":"https:\/\/realmedservices.com\/fr\/product\/solutions-de-productivite-informatique\/","og_locale":"fr_FR","og_type":"article","og_title":"Solutions de productivit\u00e9 informatique - Real Med Services","og_description":"Nos solutions de productivit\u00e9 informatique vous permettent de gagner du temps dans des t\u00e2ches fastidieuses et de gagner en confort!","og_url":"https:\/\/realmedservices.com\/fr\/product\/solutions-de-productivite-informatique\/","og_site_name":"Real Med Services","article_publisher":"https:\/\/www.facebook.com\/rmsfrance","article_modified_time":"2024-04-06T22:48:25+00:00","og_image":[{"width":2560,"height":1285,"url":"https:\/\/realmedservices.com\/fr\/wp-content\/uploads\/2020\/06\/AdobeStock_276930609-scaled.jpeg","type":"image\/jpeg"}],"twitter_card":"summary_large_image","twitter_site":"@Realmedservices","twitter_misc":{"Dur\u00e9e de lecture estim\u00e9e":"1 minute"},"schema":{"@context":"https:\/\/schema.org","@graph":[{"@type":"WebPage","@id":"https:\/\/realmedservices.com\/fr\/product\/solutions-de-productivite-informatique\/","url":"https:\/\/realmedservices.com\/fr\/product\/solutions-de-productivite-informatique\/","name":"Solutions de productivit\u00e9 informatique - Real Med Services","isPartOf":{"@id":"https:\/\/realmedservices.com\/fr\/#website"},"primaryImageOfPage":{"@id":"https:\/\/realmedservices.com\/fr\/product\/solutions-de-productivite-informatique\/#primaryimage"},"image":{"@id":"https:\/\/realmedservices.com\/fr\/product\/solutions-de-productivite-informatique\/#primaryimage"},"thumbnailUrl":"https:\/\/realmedservices.com\/fr\/wp-content\/uploads\/2020\/06\/AdobeStock_276930609-scaled.jpeg","datePublished":"2020-06-21T08:33:28+00:00","dateModified":"2024-04-06T22:48:25+00:00","description":"Nos solutions de productivit\u00e9 informatique vous permettent de gagner du temps dans des t\u00e2ches fastidieuses et de gagner en confort!","breadcrumb":{"@id":"https:\/\/realmedservices.com\/fr\/product\/solutions-de-productivite-informatique\/#breadcrumb"},"inLanguage":"fr-FR","potentialAction":[{"@type":"ReadAction","target":["https:\/\/realmedservices.com\/fr\/product\/solutions-de-productivite-informatique\/"]}]},{"@type":"ImageObject","inLanguage":"fr-FR","@id":"https:\/\/realmedservices.com\/fr\/product\/solutions-de-productivite-informatique\/#primaryimage","url":"https:\/\/realmedservices.com\/fr\/wp-content\/uploads\/2020\/06\/AdobeStock_276930609-scaled.jpeg","contentUrl":"https:\/\/realmedservices.com\/fr\/wp-content\/uploads\/2020\/06\/AdobeStock_276930609-scaled.jpeg","width":2560,"height":1285,"caption":"graphique tactile"},{"@type":"BreadcrumbList","@id":"https:\/\/realmedservices.com\/fr\/product\/solutions-de-productivite-informatique\/#breadcrumb","itemListElement":[{"@type":"ListItem","position":1,"name":"Accueil","item":"https:\/\/realmedservices.com\/fr\/"},{"@type":"ListItem","position":2,"name":"Shop","item":"https:\/\/realmedservices.com\/fr\/shop\/"},{"@type":"ListItem","position":3,"name":"Solutions de productivit\u00e9 informatique"}]},{"@type":"WebSite","@id":"https:\/\/realmedservices.com\/fr\/#website","url":"https:\/\/realmedservices.com\/fr\/","name":"Real Med Services","description":"La libert\u00e9 et le confort des m\u00e9decins","publisher":{"@id":"https:\/\/realmedservices.com\/fr\/#organization"},"potentialAction":[{"@type":"SearchAction","target":{"@type":"EntryPoint","urlTemplate":"https:\/\/realmedservices.com\/fr\/?s={search_term_string}"},"query-input":{"@type":"PropertyValueSpecification","valueRequired":true,"valueName":"search_term_string"}}],"inLanguage":"fr-FR"},{"@type":"Organization","@id":"https:\/\/realmedservices.com\/fr\/#organization","name":"Real Med Services","url":"https:\/\/realmedservices.com\/fr\/","logo":{"@type":"ImageObject","inLanguage":"fr-FR","@id":"https:\/\/realmedservices.com\/fr\/#\/schema\/logo\/image\/","url":"https:\/\/realmedservices.com\/fr\/wp-content\/uploads\/2020\/06\/Real-med-services-Logo-1-e1592769264302.png","contentUrl":"https:\/\/realmedservices.com\/fr\/wp-content\/uploads\/2020\/06\/Real-med-services-Logo-1-e1592769264302.png","width":89,"height":50,"caption":"Real Med Services"},"image":{"@id":"https:\/\/realmedservices.com\/fr\/#\/schema\/logo\/image\/"},"sameAs":["https:\/\/www.facebook.com\/rmsfrance","https:\/\/x.com\/Realmedservices","https:\/\/www.instagram.com\/realmedservices\/","https:\/\/fr.linkedin.com\/company\/realmedservices"]}]}},"_links":{"self":[{"href":"https:\/\/realmedservices.com\/fr\/wp-json\/wp\/v2\/product\/7576"}],"collection":[{"href":"https:\/\/realmedservices.com\/fr\/wp-json\/wp\/v2\/product"}],"about":[{"href":"https:\/\/realmedservices.com\/fr\/wp-json\/wp\/v2\/types\/product"}],"replies":[{"embeddable":true,"href":"https:\/\/realmedservices.com\/fr\/wp-json\/wp\/v2\/comments?post=7576"}],"version-history":[{"count":6,"href":"https:\/\/realmedservices.com\/fr\/wp-json\/wp\/v2\/product\/7576\/revisions"}],"predecessor-version":[{"id":11744,"href":"https:\/\/realmedservices.com\/fr\/wp-json\/wp\/v2\/product\/7576\/revisions\/11744"}],"wp:featuredmedia":[{"embeddable":true,"href":"https:\/\/realmedservices.com\/fr\/wp-json\/wp\/v2\/media\/11567"}],"wp:attachment":[{"href":"https:\/\/realmedservices.com\/fr\/wp-json\/wp\/v2\/media?parent=7576"}],"wp:term":[{"taxonomy":"product_cat","embeddable":true,"href":"https:\/\/realmedservices.com\/fr\/wp-json\/wp\/v2\/product_cat?post=7576"},{"taxonomy":"product_tag","embeddable":true,"href":"https:\/\/realmedservices.com\/fr\/wp-json\/wp\/v2\/product_tag?post=7576"}],"curies":[{"name":"wp","href":"https:\/\/api.w.org\/{rel}","templated":true}]}}