{"id":7578,"date":"2020-06-21T08:33:28","date_gmt":"2020-06-21T08:33:28","guid":{"rendered":"http:\/\/realmedservices.com\/fr\/product\/recherche-de-consommables-pieces-detachees\/"},"modified":"2024-02-23T20:37:40","modified_gmt":"2024-02-23T20:37:40","slug":"recherche-de-consommables-pieces-detachees","status":"publish","type":"product","link":"https:\/\/realmedservices.com\/fr\/product\/recherche-de-consommables-pieces-detachees\/","title":{"rendered":"Recherche de consommables\/Pi\u00e8ces d\u00e9tach\u00e9es"},"content":{"rendered":"<p>Les consommables m\u00e9dicaux et\/ou techniques sont parfois rares ou inadapt\u00e9s. Nous faisons le tour des fournisseurs pour vous et nous passons commande au meilleur prix pendant que vous consultez! Les pi\u00e8ces d\u00e9tach\u00e9es et petits \u00e9quipements sont souvent factur\u00e9s aux m\u00e9decins \u00e0 des tarifs prohibitifs. Gr\u00e2ce \u00e0 nos sp\u00e9cialistes, nous vous permettons de vous approvisionner dans les meilleurs d\u00e9lais et m\u00eame de vous constituer un stock de pi\u00e8ces de rechange gr\u00e2ce \u00e0 l&rsquo;\u00e9conomie r\u00e9alis\u00e9e sur les prix unitaires.<\/p>\n","protected":false},"excerpt":{"rendered":"<p>Les consommables m\u00e9dicaux et\/ou techniques sont parfois rares ou inadapt\u00e9s. Nous faisons le tour des fournisseurs pour vous et nous passons commande au meilleur prix pendant que vous consultez! Les pi\u00e8ces d\u00e9tach\u00e9es et petits \u00e9quipements sont souvent factur\u00e9s aux m\u00e9decins \u00e0 des tarifs prohibitifs. Gr\u00e2ce \u00e0 nos sp\u00e9cialistes, nous vous permettons de vous approvisionner dans [&hellip;]<\/p>\n","protected":false},"featured_media":11442,"comment_status":"open","ping_status":"closed","template":"","meta":[],"product_cat":[537],"product_tag":[],"class_list":{"0":"post-7578","1":"product","2":"type-product","3":"status-publish","4":"has-post-thumbnail","6":"product_cat-materiel","8":"first","9":"instock","10":"featured","11":"virtual","12":"taxable","13":"purchasable","14":"product-type-simple"},"yoast_head":"<!-- This site is optimized with the Yoast SEO plugin v23.4 - https:\/\/yoast.com\/wordpress\/plugins\/seo\/ -->\n<title>Recherche de consommables\/Pi\u00e8ces d\u00e9tach\u00e9es - Real Med Services<\/title>\n<meta name=\"robots\" content=\"index, follow, max-snippet:-1, max-image-preview:large, max-video-preview:-1\" \/>\n<link rel=\"canonical\" href=\"https:\/\/realmedservices.com\/fr\/product\/recherche-de-consommables-pieces-detachees\/\" \/>\n<meta property=\"og:locale\" content=\"fr_FR\" \/>\n<meta property=\"og:type\" content=\"article\" \/>\n<meta property=\"og:title\" content=\"Recherche de consommables\/Pi\u00e8ces d\u00e9tach\u00e9es - Real Med Services\" \/>\n<meta property=\"og:description\" content=\"Les consommables m\u00e9dicaux et\/ou techniques sont parfois rares ou inadapt\u00e9s. Nous faisons le tour des fournisseurs pour vous et nous passons commande au meilleur prix pendant que vous consultez! Les pi\u00e8ces d\u00e9tach\u00e9es et petits \u00e9quipements sont souvent factur\u00e9s aux m\u00e9decins \u00e0 des tarifs prohibitifs. Gr\u00e2ce \u00e0 nos sp\u00e9cialistes, nous vous permettons de vous approvisionner dans [&hellip;]\" \/>\n<meta property=\"og:url\" content=\"https:\/\/realmedservices.com\/fr\/product\/recherche-de-consommables-pieces-detachees\/\" \/>\n<meta property=\"og:site_name\" content=\"Real Med Services\" \/>\n<meta property=\"article:publisher\" content=\"https:\/\/www.facebook.com\/rmsfrance\" \/>\n<meta property=\"article:modified_time\" content=\"2024-02-23T20:37:40+00:00\" \/>\n<meta property=\"og:image\" content=\"https:\/\/realmedservices.com\/fr\/wp-content\/uploads\/2020\/06\/AdobeStock_60051934-scaled.jpeg\" \/>\n\t<meta property=\"og:image:width\" content=\"2560\" \/>\n\t<meta property=\"og:image:height\" content=\"1707\" \/>\n\t<meta property=\"og:image:type\" content=\"image\/jpeg\" \/>\n<meta name=\"twitter:card\" content=\"summary_large_image\" \/>\n<meta name=\"twitter:site\" content=\"@Realmedservices\" \/>\n<script type=\"application\/ld+json\" class=\"yoast-schema-graph\">{\"@context\":\"https:\/\/schema.org\",\"@graph\":[{\"@type\":\"WebPage\",\"@id\":\"https:\/\/realmedservices.com\/fr\/product\/recherche-de-consommables-pieces-detachees\/\",\"url\":\"https:\/\/realmedservices.com\/fr\/product\/recherche-de-consommables-pieces-detachees\/\",\"name\":\"Recherche de consommables\/Pi\u00e8ces d\u00e9tach\u00e9es - Real Med Services\",\"isPartOf\":{\"@id\":\"https:\/\/realmedservices.com\/fr\/#website\"},\"primaryImageOfPage\":{\"@id\":\"https:\/\/realmedservices.com\/fr\/product\/recherche-de-consommables-pieces-detachees\/#primaryimage\"},\"image\":{\"@id\":\"https:\/\/realmedservices.com\/fr\/product\/recherche-de-consommables-pieces-detachees\/#primaryimage\"},\"thumbnailUrl\":\"https:\/\/realmedservices.com\/fr\/wp-content\/uploads\/2020\/06\/AdobeStock_60051934-scaled.jpeg\",\"datePublished\":\"2020-06-21T08:33:28+00:00\",\"dateModified\":\"2024-02-23T20:37:40+00:00\",\"breadcrumb\":{\"@id\":\"https:\/\/realmedservices.com\/fr\/product\/recherche-de-consommables-pieces-detachees\/#breadcrumb\"},\"inLanguage\":\"fr-FR\",\"potentialAction\":[{\"@type\":\"ReadAction\",\"target\":[\"https:\/\/realmedservices.com\/fr\/product\/recherche-de-consommables-pieces-detachees\/\"]}]},{\"@type\":\"ImageObject\",\"inLanguage\":\"fr-FR\",\"@id\":\"https:\/\/realmedservices.com\/fr\/product\/recherche-de-consommables-pieces-detachees\/#primaryimage\",\"url\":\"https:\/\/realmedservices.com\/fr\/wp-content\/uploads\/2020\/06\/AdobeStock_60051934-scaled.jpeg\",\"contentUrl\":\"https:\/\/realmedservices.com\/fr\/wp-content\/uploads\/2020\/06\/AdobeStock_60051934-scaled.jpeg\",\"width\":2560,\"height\":1707,\"caption\":\"Side view of female nurse working in storage room of cancer hospital\"},{\"@type\":\"BreadcrumbList\",\"@id\":\"https:\/\/realmedservices.com\/fr\/product\/recherche-de-consommables-pieces-detachees\/#breadcrumb\",\"itemListElement\":[{\"@type\":\"ListItem\",\"position\":1,\"name\":\"Accueil\",\"item\":\"https:\/\/realmedservices.com\/fr\/\"},{\"@type\":\"ListItem\",\"position\":2,\"name\":\"Shop\",\"item\":\"https:\/\/realmedservices.com\/fr\/shop\/\"},{\"@type\":\"ListItem\",\"position\":3,\"name\":\"Recherche de consommables\/Pi\u00e8ces d\u00e9tach\u00e9es\"}]},{\"@type\":\"WebSite\",\"@id\":\"https:\/\/realmedservices.com\/fr\/#website\",\"url\":\"https:\/\/realmedservices.com\/fr\/\",\"name\":\"Real Med Services\",\"description\":\"La libert\u00e9 et le confort des m\u00e9decins\",\"publisher\":{\"@id\":\"https:\/\/realmedservices.com\/fr\/#organization\"},\"potentialAction\":[{\"@type\":\"SearchAction\",\"target\":{\"@type\":\"EntryPoint\",\"urlTemplate\":\"https:\/\/realmedservices.com\/fr\/?s={search_term_string}\"},\"query-input\":{\"@type\":\"PropertyValueSpecification\",\"valueRequired\":true,\"valueName\":\"search_term_string\"}}],\"inLanguage\":\"fr-FR\"},{\"@type\":\"Organization\",\"@id\":\"https:\/\/realmedservices.com\/fr\/#organization\",\"name\":\"Real Med Services\",\"url\":\"https:\/\/realmedservices.com\/fr\/\",\"logo\":{\"@type\":\"ImageObject\",\"inLanguage\":\"fr-FR\",\"@id\":\"https:\/\/realmedservices.com\/fr\/#\/schema\/logo\/image\/\",\"url\":\"https:\/\/realmedservices.com\/fr\/wp-content\/uploads\/2020\/06\/Real-med-services-Logo-1-e1592769264302.png\",\"contentUrl\":\"https:\/\/realmedservices.com\/fr\/wp-content\/uploads\/2020\/06\/Real-med-services-Logo-1-e1592769264302.png\",\"width\":89,\"height\":50,\"caption\":\"Real Med Services\"},\"image\":{\"@id\":\"https:\/\/realmedservices.com\/fr\/#\/schema\/logo\/image\/\"},\"sameAs\":[\"https:\/\/www.facebook.com\/rmsfrance\",\"https:\/\/x.com\/Realmedservices\",\"https:\/\/www.instagram.com\/realmedservices\/\",\"https:\/\/fr.linkedin.com\/company\/realmedservices\"]}]}<\/script>\n<!-- \/ Yoast SEO plugin. -->","yoast_head_json":{"title":"Recherche de consommables\/Pi\u00e8ces d\u00e9tach\u00e9es - Real Med Services","robots":{"index":"index","follow":"follow","max-snippet":"max-snippet:-1","max-image-preview":"max-image-preview:large","max-video-preview":"max-video-preview:-1"},"canonical":"https:\/\/realmedservices.com\/fr\/product\/recherche-de-consommables-pieces-detachees\/","og_locale":"fr_FR","og_type":"article","og_title":"Recherche de consommables\/Pi\u00e8ces d\u00e9tach\u00e9es - Real Med Services","og_description":"Les consommables m\u00e9dicaux et\/ou techniques sont parfois rares ou inadapt\u00e9s. Nous faisons le tour des fournisseurs pour vous et nous passons commande au meilleur prix pendant que vous consultez! Les pi\u00e8ces d\u00e9tach\u00e9es et petits \u00e9quipements sont souvent factur\u00e9s aux m\u00e9decins \u00e0 des tarifs prohibitifs. Gr\u00e2ce \u00e0 nos sp\u00e9cialistes, nous vous permettons de vous approvisionner dans [&hellip;]","og_url":"https:\/\/realmedservices.com\/fr\/product\/recherche-de-consommables-pieces-detachees\/","og_site_name":"Real Med Services","article_publisher":"https:\/\/www.facebook.com\/rmsfrance","article_modified_time":"2024-02-23T20:37:40+00:00","og_image":[{"width":2560,"height":1707,"url":"https:\/\/realmedservices.com\/fr\/wp-content\/uploads\/2020\/06\/AdobeStock_60051934-scaled.jpeg","type":"image\/jpeg"}],"twitter_card":"summary_large_image","twitter_site":"@Realmedservices","schema":{"@context":"https:\/\/schema.org","@graph":[{"@type":"WebPage","@id":"https:\/\/realmedservices.com\/fr\/product\/recherche-de-consommables-pieces-detachees\/","url":"https:\/\/realmedservices.com\/fr\/product\/recherche-de-consommables-pieces-detachees\/","name":"Recherche de consommables\/Pi\u00e8ces d\u00e9tach\u00e9es - Real Med Services","isPartOf":{"@id":"https:\/\/realmedservices.com\/fr\/#website"},"primaryImageOfPage":{"@id":"https:\/\/realmedservices.com\/fr\/product\/recherche-de-consommables-pieces-detachees\/#primaryimage"},"image":{"@id":"https:\/\/realmedservices.com\/fr\/product\/recherche-de-consommables-pieces-detachees\/#primaryimage"},"thumbnailUrl":"https:\/\/realmedservices.com\/fr\/wp-content\/uploads\/2020\/06\/AdobeStock_60051934-scaled.jpeg","datePublished":"2020-06-21T08:33:28+00:00","dateModified":"2024-02-23T20:37:40+00:00","breadcrumb":{"@id":"https:\/\/realmedservices.com\/fr\/product\/recherche-de-consommables-pieces-detachees\/#breadcrumb"},"inLanguage":"fr-FR","potentialAction":[{"@type":"ReadAction","target":["https:\/\/realmedservices.com\/fr\/product\/recherche-de-consommables-pieces-detachees\/"]}]},{"@type":"ImageObject","inLanguage":"fr-FR","@id":"https:\/\/realmedservices.com\/fr\/product\/recherche-de-consommables-pieces-detachees\/#primaryimage","url":"https:\/\/realmedservices.com\/fr\/wp-content\/uploads\/2020\/06\/AdobeStock_60051934-scaled.jpeg","contentUrl":"https:\/\/realmedservices.com\/fr\/wp-content\/uploads\/2020\/06\/AdobeStock_60051934-scaled.jpeg","width":2560,"height":1707,"caption":"Side view of female nurse working in storage room of cancer hospital"},{"@type":"BreadcrumbList","@id":"https:\/\/realmedservices.com\/fr\/product\/recherche-de-consommables-pieces-detachees\/#breadcrumb","itemListElement":[{"@type":"ListItem","position":1,"name":"Accueil","item":"https:\/\/realmedservices.com\/fr\/"},{"@type":"ListItem","position":2,"name":"Shop","item":"https:\/\/realmedservices.com\/fr\/shop\/"},{"@type":"ListItem","position":3,"name":"Recherche de consommables\/Pi\u00e8ces d\u00e9tach\u00e9es"}]},{"@type":"WebSite","@id":"https:\/\/realmedservices.com\/fr\/#website","url":"https:\/\/realmedservices.com\/fr\/","name":"Real Med Services","description":"La libert\u00e9 et le confort des m\u00e9decins","publisher":{"@id":"https:\/\/realmedservices.com\/fr\/#organization"},"potentialAction":[{"@type":"SearchAction","target":{"@type":"EntryPoint","urlTemplate":"https:\/\/realmedservices.com\/fr\/?s={search_term_string}"},"query-input":{"@type":"PropertyValueSpecification","valueRequired":true,"valueName":"search_term_string"}}],"inLanguage":"fr-FR"},{"@type":"Organization","@id":"https:\/\/realmedservices.com\/fr\/#organization","name":"Real Med Services","url":"https:\/\/realmedservices.com\/fr\/","logo":{"@type":"ImageObject","inLanguage":"fr-FR","@id":"https:\/\/realmedservices.com\/fr\/#\/schema\/logo\/image\/","url":"https:\/\/realmedservices.com\/fr\/wp-content\/uploads\/2020\/06\/Real-med-services-Logo-1-e1592769264302.png","contentUrl":"https:\/\/realmedservices.com\/fr\/wp-content\/uploads\/2020\/06\/Real-med-services-Logo-1-e1592769264302.png","width":89,"height":50,"caption":"Real Med Services"},"image":{"@id":"https:\/\/realmedservices.com\/fr\/#\/schema\/logo\/image\/"},"sameAs":["https:\/\/www.facebook.com\/rmsfrance","https:\/\/x.com\/Realmedservices","https:\/\/www.instagram.com\/realmedservices\/","https:\/\/fr.linkedin.com\/company\/realmedservices"]}]}},"_links":{"self":[{"href":"https:\/\/realmedservices.com\/fr\/wp-json\/wp\/v2\/product\/7578"}],"collection":[{"href":"https:\/\/realmedservices.com\/fr\/wp-json\/wp\/v2\/product"}],"about":[{"href":"https:\/\/realmedservices.com\/fr\/wp-json\/wp\/v2\/types\/product"}],"replies":[{"embeddable":true,"href":"https:\/\/realmedservices.com\/fr\/wp-json\/wp\/v2\/comments?post=7578"}],"version-history":[{"count":3,"href":"https:\/\/realmedservices.com\/fr\/wp-json\/wp\/v2\/product\/7578\/revisions"}],"predecessor-version":[{"id":11715,"href":"https:\/\/realmedservices.com\/fr\/wp-json\/wp\/v2\/product\/7578\/revisions\/11715"}],"wp:featuredmedia":[{"embeddable":true,"href":"https:\/\/realmedservices.com\/fr\/wp-json\/wp\/v2\/media\/11442"}],"wp:attachment":[{"href":"https:\/\/realmedservices.com\/fr\/wp-json\/wp\/v2\/media?parent=7578"}],"wp:term":[{"taxonomy":"product_cat","embeddable":true,"href":"https:\/\/realmedservices.com\/fr\/wp-json\/wp\/v2\/product_cat?post=7578"},{"taxonomy":"product_tag","embeddable":true,"href":"https:\/\/realmedservices.com\/fr\/wp-json\/wp\/v2\/product_tag?post=7578"}],"curies":[{"name":"wp","href":"https:\/\/api.w.org\/{rel}","templated":true}]}}