{"id":7581,"date":"2020-06-21T08:33:29","date_gmt":"2020-06-21T08:33:29","guid":{"rendered":"http:\/\/realmedservices.com\/fr\/product\/depannage-travaux\/"},"modified":"2024-07-11T03:18:39","modified_gmt":"2024-07-11T03:18:39","slug":"depannage-travaux","status":"publish","type":"product","link":"https:\/\/realmedservices.com\/fr\/product\/depannage-travaux\/","title":{"rendered":"D\u00e9pannage\/ travaux"},"content":{"rendered":"<p>Le d\u00e9pannage est une situation d&rsquo;urgence o\u00f9 les probl\u00e9matiques de disponibilit\u00e9 des fournisseurs ne fait pas forc\u00e9ment bon m\u00e9nage avec une s\u00e9lection du meilleur prestataire au meilleur prix. Nous effectuons ces op\u00e9rations pour vous et pilotons les op\u00e9rations. Pour les \u00e9ventuels travaux d&rsquo;am\u00e9nagement ou de r\u00e9novation, nous pouvons \u00e9galement intervenir. Nous vous faisons \u00e9conomiser sur le budget global et sur votre temps en ma\u00eetrisant les al\u00e9as des op\u00e9rations.<\/p>\n","protected":false},"excerpt":{"rendered":"<p>Le d\u00e9pannage est une situation d&rsquo;urgence o\u00f9 les probl\u00e9matiques de disponibilit\u00e9 des fournisseurs ne fait pas forc\u00e9ment bon m\u00e9nage avec une s\u00e9lection du meilleur prestataire au meilleur prix. Nous effectuons ces op\u00e9rations pour vous et pilotons les op\u00e9rations. Pour les \u00e9ventuels travaux d&rsquo;am\u00e9nagement ou de r\u00e9novation, nous pouvons \u00e9galement intervenir. Nous vous faisons \u00e9conomiser sur [&hellip;]<\/p>\n","protected":false},"featured_media":11444,"comment_status":"open","ping_status":"closed","template":"","meta":[],"product_cat":[537],"product_tag":[],"class_list":{"0":"post-7581","1":"product","2":"type-product","3":"status-publish","4":"has-post-thumbnail","6":"product_cat-materiel","8":"first","9":"instock","10":"virtual","11":"taxable","12":"purchasable","13":"product-type-simple"},"yoast_head":"<!-- This site is optimized with the Yoast SEO plugin v23.4 - https:\/\/yoast.com\/wordpress\/plugins\/seo\/ -->\n<title>D\u00e9pannage\/ travaux - Real Med Services<\/title>\n<meta name=\"robots\" content=\"index, follow, max-snippet:-1, max-image-preview:large, max-video-preview:-1\" \/>\n<link rel=\"canonical\" href=\"https:\/\/realmedservices.com\/fr\/product\/depannage-travaux\/\" \/>\n<meta property=\"og:locale\" content=\"fr_FR\" \/>\n<meta property=\"og:type\" content=\"article\" \/>\n<meta property=\"og:title\" content=\"D\u00e9pannage\/ travaux - Real Med Services\" \/>\n<meta property=\"og:description\" content=\"Le d\u00e9pannage est une situation d&rsquo;urgence o\u00f9 les probl\u00e9matiques de disponibilit\u00e9 des fournisseurs ne fait pas forc\u00e9ment bon m\u00e9nage avec une s\u00e9lection du meilleur prestataire au meilleur prix. Nous effectuons ces op\u00e9rations pour vous et pilotons les op\u00e9rations. Pour les \u00e9ventuels travaux d&rsquo;am\u00e9nagement ou de r\u00e9novation, nous pouvons \u00e9galement intervenir. Nous vous faisons \u00e9conomiser sur [&hellip;]\" \/>\n<meta property=\"og:url\" content=\"https:\/\/realmedservices.com\/fr\/product\/depannage-travaux\/\" \/>\n<meta property=\"og:site_name\" content=\"Real Med Services\" \/>\n<meta property=\"article:publisher\" content=\"https:\/\/www.facebook.com\/rmsfrance\" \/>\n<meta property=\"article:modified_time\" content=\"2024-07-11T03:18:39+00:00\" \/>\n<meta property=\"og:image\" content=\"https:\/\/realmedservices.com\/fr\/wp-content\/uploads\/2020\/06\/AdobeStock_276397869-scaled.jpeg\" \/>\n\t<meta property=\"og:image:width\" content=\"2560\" \/>\n\t<meta property=\"og:image:height\" content=\"1536\" \/>\n\t<meta property=\"og:image:type\" content=\"image\/jpeg\" \/>\n<meta name=\"twitter:card\" content=\"summary_large_image\" \/>\n<meta name=\"twitter:site\" content=\"@Realmedservices\" \/>\n<script type=\"application\/ld+json\" class=\"yoast-schema-graph\">{\"@context\":\"https:\/\/schema.org\",\"@graph\":[{\"@type\":\"WebPage\",\"@id\":\"https:\/\/realmedservices.com\/fr\/product\/depannage-travaux\/\",\"url\":\"https:\/\/realmedservices.com\/fr\/product\/depannage-travaux\/\",\"name\":\"D\u00e9pannage\/ travaux - Real Med Services\",\"isPartOf\":{\"@id\":\"https:\/\/realmedservices.com\/fr\/#website\"},\"primaryImageOfPage\":{\"@id\":\"https:\/\/realmedservices.com\/fr\/product\/depannage-travaux\/#primaryimage\"},\"image\":{\"@id\":\"https:\/\/realmedservices.com\/fr\/product\/depannage-travaux\/#primaryimage\"},\"thumbnailUrl\":\"https:\/\/realmedservices.com\/fr\/wp-content\/uploads\/2020\/06\/AdobeStock_276397869-scaled.jpeg\",\"datePublished\":\"2020-06-21T08:33:29+00:00\",\"dateModified\":\"2024-07-11T03:18:39+00:00\",\"breadcrumb\":{\"@id\":\"https:\/\/realmedservices.com\/fr\/product\/depannage-travaux\/#breadcrumb\"},\"inLanguage\":\"fr-FR\",\"potentialAction\":[{\"@type\":\"ReadAction\",\"target\":[\"https:\/\/realmedservices.com\/fr\/product\/depannage-travaux\/\"]}]},{\"@type\":\"ImageObject\",\"inLanguage\":\"fr-FR\",\"@id\":\"https:\/\/realmedservices.com\/fr\/product\/depannage-travaux\/#primaryimage\",\"url\":\"https:\/\/realmedservices.com\/fr\/wp-content\/uploads\/2020\/06\/AdobeStock_276397869-scaled.jpeg\",\"contentUrl\":\"https:\/\/realmedservices.com\/fr\/wp-content\/uploads\/2020\/06\/AdobeStock_276397869-scaled.jpeg\",\"width\":2560,\"height\":1536,\"caption\":\"Blueprints construction and a yellow hardhat with a compass\"},{\"@type\":\"BreadcrumbList\",\"@id\":\"https:\/\/realmedservices.com\/fr\/product\/depannage-travaux\/#breadcrumb\",\"itemListElement\":[{\"@type\":\"ListItem\",\"position\":1,\"name\":\"Accueil\",\"item\":\"https:\/\/realmedservices.com\/fr\/\"},{\"@type\":\"ListItem\",\"position\":2,\"name\":\"Shop\",\"item\":\"https:\/\/realmedservices.com\/fr\/shop\/\"},{\"@type\":\"ListItem\",\"position\":3,\"name\":\"D\u00e9pannage\/ travaux\"}]},{\"@type\":\"WebSite\",\"@id\":\"https:\/\/realmedservices.com\/fr\/#website\",\"url\":\"https:\/\/realmedservices.com\/fr\/\",\"name\":\"Real Med Services\",\"description\":\"La libert\u00e9 et le confort des m\u00e9decins\",\"publisher\":{\"@id\":\"https:\/\/realmedservices.com\/fr\/#organization\"},\"potentialAction\":[{\"@type\":\"SearchAction\",\"target\":{\"@type\":\"EntryPoint\",\"urlTemplate\":\"https:\/\/realmedservices.com\/fr\/?s={search_term_string}\"},\"query-input\":{\"@type\":\"PropertyValueSpecification\",\"valueRequired\":true,\"valueName\":\"search_term_string\"}}],\"inLanguage\":\"fr-FR\"},{\"@type\":\"Organization\",\"@id\":\"https:\/\/realmedservices.com\/fr\/#organization\",\"name\":\"Real Med Services\",\"url\":\"https:\/\/realmedservices.com\/fr\/\",\"logo\":{\"@type\":\"ImageObject\",\"inLanguage\":\"fr-FR\",\"@id\":\"https:\/\/realmedservices.com\/fr\/#\/schema\/logo\/image\/\",\"url\":\"https:\/\/realmedservices.com\/fr\/wp-content\/uploads\/2020\/06\/Real-med-services-Logo-1-e1592769264302.png\",\"contentUrl\":\"https:\/\/realmedservices.com\/fr\/wp-content\/uploads\/2020\/06\/Real-med-services-Logo-1-e1592769264302.png\",\"width\":89,\"height\":50,\"caption\":\"Real Med Services\"},\"image\":{\"@id\":\"https:\/\/realmedservices.com\/fr\/#\/schema\/logo\/image\/\"},\"sameAs\":[\"https:\/\/www.facebook.com\/rmsfrance\",\"https:\/\/x.com\/Realmedservices\",\"https:\/\/www.instagram.com\/realmedservices\/\",\"https:\/\/fr.linkedin.com\/company\/realmedservices\"]}]}<\/script>\n<!-- \/ Yoast SEO plugin. -->","yoast_head_json":{"title":"D\u00e9pannage\/ travaux - Real Med Services","robots":{"index":"index","follow":"follow","max-snippet":"max-snippet:-1","max-image-preview":"max-image-preview:large","max-video-preview":"max-video-preview:-1"},"canonical":"https:\/\/realmedservices.com\/fr\/product\/depannage-travaux\/","og_locale":"fr_FR","og_type":"article","og_title":"D\u00e9pannage\/ travaux - Real Med Services","og_description":"Le d\u00e9pannage est une situation d&rsquo;urgence o\u00f9 les probl\u00e9matiques de disponibilit\u00e9 des fournisseurs ne fait pas forc\u00e9ment bon m\u00e9nage avec une s\u00e9lection du meilleur prestataire au meilleur prix. Nous effectuons ces op\u00e9rations pour vous et pilotons les op\u00e9rations. Pour les \u00e9ventuels travaux d&rsquo;am\u00e9nagement ou de r\u00e9novation, nous pouvons \u00e9galement intervenir. Nous vous faisons \u00e9conomiser sur [&hellip;]","og_url":"https:\/\/realmedservices.com\/fr\/product\/depannage-travaux\/","og_site_name":"Real Med Services","article_publisher":"https:\/\/www.facebook.com\/rmsfrance","article_modified_time":"2024-07-11T03:18:39+00:00","og_image":[{"width":2560,"height":1536,"url":"https:\/\/realmedservices.com\/fr\/wp-content\/uploads\/2020\/06\/AdobeStock_276397869-scaled.jpeg","type":"image\/jpeg"}],"twitter_card":"summary_large_image","twitter_site":"@Realmedservices","schema":{"@context":"https:\/\/schema.org","@graph":[{"@type":"WebPage","@id":"https:\/\/realmedservices.com\/fr\/product\/depannage-travaux\/","url":"https:\/\/realmedservices.com\/fr\/product\/depannage-travaux\/","name":"D\u00e9pannage\/ travaux - Real Med Services","isPartOf":{"@id":"https:\/\/realmedservices.com\/fr\/#website"},"primaryImageOfPage":{"@id":"https:\/\/realmedservices.com\/fr\/product\/depannage-travaux\/#primaryimage"},"image":{"@id":"https:\/\/realmedservices.com\/fr\/product\/depannage-travaux\/#primaryimage"},"thumbnailUrl":"https:\/\/realmedservices.com\/fr\/wp-content\/uploads\/2020\/06\/AdobeStock_276397869-scaled.jpeg","datePublished":"2020-06-21T08:33:29+00:00","dateModified":"2024-07-11T03:18:39+00:00","breadcrumb":{"@id":"https:\/\/realmedservices.com\/fr\/product\/depannage-travaux\/#breadcrumb"},"inLanguage":"fr-FR","potentialAction":[{"@type":"ReadAction","target":["https:\/\/realmedservices.com\/fr\/product\/depannage-travaux\/"]}]},{"@type":"ImageObject","inLanguage":"fr-FR","@id":"https:\/\/realmedservices.com\/fr\/product\/depannage-travaux\/#primaryimage","url":"https:\/\/realmedservices.com\/fr\/wp-content\/uploads\/2020\/06\/AdobeStock_276397869-scaled.jpeg","contentUrl":"https:\/\/realmedservices.com\/fr\/wp-content\/uploads\/2020\/06\/AdobeStock_276397869-scaled.jpeg","width":2560,"height":1536,"caption":"Blueprints construction and a yellow hardhat with a compass"},{"@type":"BreadcrumbList","@id":"https:\/\/realmedservices.com\/fr\/product\/depannage-travaux\/#breadcrumb","itemListElement":[{"@type":"ListItem","position":1,"name":"Accueil","item":"https:\/\/realmedservices.com\/fr\/"},{"@type":"ListItem","position":2,"name":"Shop","item":"https:\/\/realmedservices.com\/fr\/shop\/"},{"@type":"ListItem","position":3,"name":"D\u00e9pannage\/ travaux"}]},{"@type":"WebSite","@id":"https:\/\/realmedservices.com\/fr\/#website","url":"https:\/\/realmedservices.com\/fr\/","name":"Real Med Services","description":"La libert\u00e9 et le confort des m\u00e9decins","publisher":{"@id":"https:\/\/realmedservices.com\/fr\/#organization"},"potentialAction":[{"@type":"SearchAction","target":{"@type":"EntryPoint","urlTemplate":"https:\/\/realmedservices.com\/fr\/?s={search_term_string}"},"query-input":{"@type":"PropertyValueSpecification","valueRequired":true,"valueName":"search_term_string"}}],"inLanguage":"fr-FR"},{"@type":"Organization","@id":"https:\/\/realmedservices.com\/fr\/#organization","name":"Real Med Services","url":"https:\/\/realmedservices.com\/fr\/","logo":{"@type":"ImageObject","inLanguage":"fr-FR","@id":"https:\/\/realmedservices.com\/fr\/#\/schema\/logo\/image\/","url":"https:\/\/realmedservices.com\/fr\/wp-content\/uploads\/2020\/06\/Real-med-services-Logo-1-e1592769264302.png","contentUrl":"https:\/\/realmedservices.com\/fr\/wp-content\/uploads\/2020\/06\/Real-med-services-Logo-1-e1592769264302.png","width":89,"height":50,"caption":"Real Med Services"},"image":{"@id":"https:\/\/realmedservices.com\/fr\/#\/schema\/logo\/image\/"},"sameAs":["https:\/\/www.facebook.com\/rmsfrance","https:\/\/x.com\/Realmedservices","https:\/\/www.instagram.com\/realmedservices\/","https:\/\/fr.linkedin.com\/company\/realmedservices"]}]}},"_links":{"self":[{"href":"https:\/\/realmedservices.com\/fr\/wp-json\/wp\/v2\/product\/7581"}],"collection":[{"href":"https:\/\/realmedservices.com\/fr\/wp-json\/wp\/v2\/product"}],"about":[{"href":"https:\/\/realmedservices.com\/fr\/wp-json\/wp\/v2\/types\/product"}],"replies":[{"embeddable":true,"href":"https:\/\/realmedservices.com\/fr\/wp-json\/wp\/v2\/comments?post=7581"}],"version-history":[{"count":1,"href":"https:\/\/realmedservices.com\/fr\/wp-json\/wp\/v2\/product\/7581\/revisions"}],"predecessor-version":[{"id":11672,"href":"https:\/\/realmedservices.com\/fr\/wp-json\/wp\/v2\/product\/7581\/revisions\/11672"}],"wp:featuredmedia":[{"embeddable":true,"href":"https:\/\/realmedservices.com\/fr\/wp-json\/wp\/v2\/media\/11444"}],"wp:attachment":[{"href":"https:\/\/realmedservices.com\/fr\/wp-json\/wp\/v2\/media?parent=7581"}],"wp:term":[{"taxonomy":"product_cat","embeddable":true,"href":"https:\/\/realmedservices.com\/fr\/wp-json\/wp\/v2\/product_cat?post=7581"},{"taxonomy":"product_tag","embeddable":true,"href":"https:\/\/realmedservices.com\/fr\/wp-json\/wp\/v2\/product_tag?post=7581"}],"curies":[{"name":"wp","href":"https:\/\/api.w.org\/{rel}","templated":true}]}}