{"id":7582,"date":"2020-06-21T08:33:29","date_gmt":"2020-06-21T08:33:29","guid":{"rendered":"http:\/\/realmedservices.com\/fr\/product\/optimisation-de-votre-bureau-cout-de-bureau\/"},"modified":"2022-10-24T06:20:16","modified_gmt":"2022-10-24T06:20:16","slug":"optimisation-de-votre-bureau-cout-de-bureau","status":"publish","type":"product","link":"https:\/\/realmedservices.com\/fr\/product\/optimisation-de-votre-bureau-cout-de-bureau\/","title":{"rendered":"Optimisation de votre bureau\/ co\u00fbt de bureau"},"content":{"rendered":"<p>A l&rsquo;heure o\u00f9 les entreprises se dotent d&rsquo;un Office Manager, les m\u00e9decins sont parfois isol\u00e9s face aux n\u00e9cessit\u00e9s et opporunit\u00e9s de la gestion de leur bureau. Les divers abonnements, les commandes de fournitures, les contr\u00f4les de conformit\u00e9, ou encore la ma\u00eetrise des co\u00fbts est souvent peu optimale. Les m\u00e9decins et leur personnel ne travaillent ainsi ni dans les meilleures conditions, ni au meilleur co\u00fbt. Real Med Services vous permet de profiter d&rsquo;une expertise dans cette gestion et d&rsquo;am\u00e9liorer le rapport qualit\u00e9\/prix de la vie de votre cabinet \u00e0 un prix tr\u00e8s abordable.<\/p>\n","protected":false},"excerpt":{"rendered":"<p>A l&rsquo;heure o\u00f9 les entreprises se dotent d&rsquo;un Office Manager, les m\u00e9decins sont parfois isol\u00e9s face aux n\u00e9cessit\u00e9s et opporunit\u00e9s de la gestion de leur bureau. Les divers abonnements, les commandes de fournitures, les contr\u00f4les de conformit\u00e9, ou encore la ma\u00eetrise des co\u00fbts est souvent peu optimale. Les m\u00e9decins et leur personnel ne travaillent ainsi [&hellip;]<\/p>\n","protected":false},"featured_media":11568,"comment_status":"open","ping_status":"closed","template":"","meta":[],"product_cat":[537],"product_tag":[],"class_list":{"0":"post-7582","1":"product","2":"type-product","3":"status-publish","4":"has-post-thumbnail","6":"product_cat-materiel","8":"first","9":"instock","10":"featured","11":"virtual","12":"taxable","13":"purchasable","14":"product-type-simple"},"yoast_head":"<!-- This site is optimized with the Yoast SEO plugin v23.4 - https:\/\/yoast.com\/wordpress\/plugins\/seo\/ -->\n<title>Optimisation de votre bureau\/ co\u00fbt de bureau - Real Med Services<\/title>\n<meta name=\"robots\" content=\"index, follow, max-snippet:-1, max-image-preview:large, max-video-preview:-1\" \/>\n<link rel=\"canonical\" href=\"https:\/\/realmedservices.com\/fr\/product\/optimisation-de-votre-bureau-cout-de-bureau\/\" \/>\n<meta property=\"og:locale\" content=\"fr_FR\" \/>\n<meta property=\"og:type\" content=\"article\" \/>\n<meta property=\"og:title\" content=\"Optimisation de votre bureau\/ co\u00fbt de bureau - Real Med Services\" \/>\n<meta property=\"og:description\" content=\"A l&rsquo;heure o\u00f9 les entreprises se dotent d&rsquo;un Office Manager, les m\u00e9decins sont parfois isol\u00e9s face aux n\u00e9cessit\u00e9s et opporunit\u00e9s de la gestion de leur bureau. Les divers abonnements, les commandes de fournitures, les contr\u00f4les de conformit\u00e9, ou encore la ma\u00eetrise des co\u00fbts est souvent peu optimale. Les m\u00e9decins et leur personnel ne travaillent ainsi [&hellip;]\" \/>\n<meta property=\"og:url\" content=\"https:\/\/realmedservices.com\/fr\/product\/optimisation-de-votre-bureau-cout-de-bureau\/\" \/>\n<meta property=\"og:site_name\" content=\"Real Med Services\" \/>\n<meta property=\"article:publisher\" content=\"https:\/\/www.facebook.com\/rmsfrance\" \/>\n<meta property=\"article:modified_time\" content=\"2022-10-24T06:20:16+00:00\" \/>\n<meta property=\"og:image\" content=\"https:\/\/realmedservices.com\/fr\/wp-content\/uploads\/2020\/06\/AdobeStock_219101171-scaled.jpeg\" \/>\n\t<meta property=\"og:image:width\" content=\"2560\" \/>\n\t<meta property=\"og:image:height\" content=\"1115\" \/>\n\t<meta property=\"og:image:type\" content=\"image\/jpeg\" \/>\n<meta name=\"twitter:card\" content=\"summary_large_image\" \/>\n<meta name=\"twitter:site\" content=\"@Realmedservices\" \/>\n<meta name=\"twitter:label1\" content=\"Dur\u00e9e de lecture estim\u00e9e\" \/>\n\t<meta name=\"twitter:data1\" content=\"1 minute\" \/>\n<script type=\"application\/ld+json\" class=\"yoast-schema-graph\">{\"@context\":\"https:\/\/schema.org\",\"@graph\":[{\"@type\":\"WebPage\",\"@id\":\"https:\/\/realmedservices.com\/fr\/product\/optimisation-de-votre-bureau-cout-de-bureau\/\",\"url\":\"https:\/\/realmedservices.com\/fr\/product\/optimisation-de-votre-bureau-cout-de-bureau\/\",\"name\":\"Optimisation de votre bureau\/ co\u00fbt de bureau - Real Med Services\",\"isPartOf\":{\"@id\":\"https:\/\/realmedservices.com\/fr\/#website\"},\"primaryImageOfPage\":{\"@id\":\"https:\/\/realmedservices.com\/fr\/product\/optimisation-de-votre-bureau-cout-de-bureau\/#primaryimage\"},\"image\":{\"@id\":\"https:\/\/realmedservices.com\/fr\/product\/optimisation-de-votre-bureau-cout-de-bureau\/#primaryimage\"},\"thumbnailUrl\":\"https:\/\/realmedservices.com\/fr\/wp-content\/uploads\/2020\/06\/AdobeStock_219101171-scaled.jpeg\",\"datePublished\":\"2020-06-21T08:33:29+00:00\",\"dateModified\":\"2022-10-24T06:20:16+00:00\",\"breadcrumb\":{\"@id\":\"https:\/\/realmedservices.com\/fr\/product\/optimisation-de-votre-bureau-cout-de-bureau\/#breadcrumb\"},\"inLanguage\":\"fr-FR\",\"potentialAction\":[{\"@type\":\"ReadAction\",\"target\":[\"https:\/\/realmedservices.com\/fr\/product\/optimisation-de-votre-bureau-cout-de-bureau\/\"]}]},{\"@type\":\"ImageObject\",\"inLanguage\":\"fr-FR\",\"@id\":\"https:\/\/realmedservices.com\/fr\/product\/optimisation-de-votre-bureau-cout-de-bureau\/#primaryimage\",\"url\":\"https:\/\/realmedservices.com\/fr\/wp-content\/uploads\/2020\/06\/AdobeStock_219101171-scaled.jpeg\",\"contentUrl\":\"https:\/\/realmedservices.com\/fr\/wp-content\/uploads\/2020\/06\/AdobeStock_219101171-scaled.jpeg\",\"width\":2560,\"height\":1115,\"caption\":\"Businessman using tablet analyzing sales data and economic growth graph chart. Business strategy. Abstract icon. Digital marketing.\"},{\"@type\":\"BreadcrumbList\",\"@id\":\"https:\/\/realmedservices.com\/fr\/product\/optimisation-de-votre-bureau-cout-de-bureau\/#breadcrumb\",\"itemListElement\":[{\"@type\":\"ListItem\",\"position\":1,\"name\":\"Accueil\",\"item\":\"https:\/\/realmedservices.com\/fr\/\"},{\"@type\":\"ListItem\",\"position\":2,\"name\":\"Shop\",\"item\":\"https:\/\/realmedservices.com\/fr\/shop\/\"},{\"@type\":\"ListItem\",\"position\":3,\"name\":\"Optimisation de votre bureau\/ co\u00fbt de bureau\"}]},{\"@type\":\"WebSite\",\"@id\":\"https:\/\/realmedservices.com\/fr\/#website\",\"url\":\"https:\/\/realmedservices.com\/fr\/\",\"name\":\"Real Med Services\",\"description\":\"La libert\u00e9 et le confort des m\u00e9decins\",\"publisher\":{\"@id\":\"https:\/\/realmedservices.com\/fr\/#organization\"},\"potentialAction\":[{\"@type\":\"SearchAction\",\"target\":{\"@type\":\"EntryPoint\",\"urlTemplate\":\"https:\/\/realmedservices.com\/fr\/?s={search_term_string}\"},\"query-input\":{\"@type\":\"PropertyValueSpecification\",\"valueRequired\":true,\"valueName\":\"search_term_string\"}}],\"inLanguage\":\"fr-FR\"},{\"@type\":\"Organization\",\"@id\":\"https:\/\/realmedservices.com\/fr\/#organization\",\"name\":\"Real Med Services\",\"url\":\"https:\/\/realmedservices.com\/fr\/\",\"logo\":{\"@type\":\"ImageObject\",\"inLanguage\":\"fr-FR\",\"@id\":\"https:\/\/realmedservices.com\/fr\/#\/schema\/logo\/image\/\",\"url\":\"https:\/\/realmedservices.com\/fr\/wp-content\/uploads\/2020\/06\/Real-med-services-Logo-1-e1592769264302.png\",\"contentUrl\":\"https:\/\/realmedservices.com\/fr\/wp-content\/uploads\/2020\/06\/Real-med-services-Logo-1-e1592769264302.png\",\"width\":89,\"height\":50,\"caption\":\"Real Med Services\"},\"image\":{\"@id\":\"https:\/\/realmedservices.com\/fr\/#\/schema\/logo\/image\/\"},\"sameAs\":[\"https:\/\/www.facebook.com\/rmsfrance\",\"https:\/\/x.com\/Realmedservices\",\"https:\/\/www.instagram.com\/realmedservices\/\",\"https:\/\/fr.linkedin.com\/company\/realmedservices\"]}]}<\/script>\n<!-- \/ Yoast SEO plugin. -->","yoast_head_json":{"title":"Optimisation de votre bureau\/ co\u00fbt de bureau - Real Med Services","robots":{"index":"index","follow":"follow","max-snippet":"max-snippet:-1","max-image-preview":"max-image-preview:large","max-video-preview":"max-video-preview:-1"},"canonical":"https:\/\/realmedservices.com\/fr\/product\/optimisation-de-votre-bureau-cout-de-bureau\/","og_locale":"fr_FR","og_type":"article","og_title":"Optimisation de votre bureau\/ co\u00fbt de bureau - Real Med Services","og_description":"A l&rsquo;heure o\u00f9 les entreprises se dotent d&rsquo;un Office Manager, les m\u00e9decins sont parfois isol\u00e9s face aux n\u00e9cessit\u00e9s et opporunit\u00e9s de la gestion de leur bureau. Les divers abonnements, les commandes de fournitures, les contr\u00f4les de conformit\u00e9, ou encore la ma\u00eetrise des co\u00fbts est souvent peu optimale. Les m\u00e9decins et leur personnel ne travaillent ainsi [&hellip;]","og_url":"https:\/\/realmedservices.com\/fr\/product\/optimisation-de-votre-bureau-cout-de-bureau\/","og_site_name":"Real Med Services","article_publisher":"https:\/\/www.facebook.com\/rmsfrance","article_modified_time":"2022-10-24T06:20:16+00:00","og_image":[{"width":2560,"height":1115,"url":"https:\/\/realmedservices.com\/fr\/wp-content\/uploads\/2020\/06\/AdobeStock_219101171-scaled.jpeg","type":"image\/jpeg"}],"twitter_card":"summary_large_image","twitter_site":"@Realmedservices","twitter_misc":{"Dur\u00e9e de lecture estim\u00e9e":"1 minute"},"schema":{"@context":"https:\/\/schema.org","@graph":[{"@type":"WebPage","@id":"https:\/\/realmedservices.com\/fr\/product\/optimisation-de-votre-bureau-cout-de-bureau\/","url":"https:\/\/realmedservices.com\/fr\/product\/optimisation-de-votre-bureau-cout-de-bureau\/","name":"Optimisation de votre bureau\/ co\u00fbt de bureau - Real Med Services","isPartOf":{"@id":"https:\/\/realmedservices.com\/fr\/#website"},"primaryImageOfPage":{"@id":"https:\/\/realmedservices.com\/fr\/product\/optimisation-de-votre-bureau-cout-de-bureau\/#primaryimage"},"image":{"@id":"https:\/\/realmedservices.com\/fr\/product\/optimisation-de-votre-bureau-cout-de-bureau\/#primaryimage"},"thumbnailUrl":"https:\/\/realmedservices.com\/fr\/wp-content\/uploads\/2020\/06\/AdobeStock_219101171-scaled.jpeg","datePublished":"2020-06-21T08:33:29+00:00","dateModified":"2022-10-24T06:20:16+00:00","breadcrumb":{"@id":"https:\/\/realmedservices.com\/fr\/product\/optimisation-de-votre-bureau-cout-de-bureau\/#breadcrumb"},"inLanguage":"fr-FR","potentialAction":[{"@type":"ReadAction","target":["https:\/\/realmedservices.com\/fr\/product\/optimisation-de-votre-bureau-cout-de-bureau\/"]}]},{"@type":"ImageObject","inLanguage":"fr-FR","@id":"https:\/\/realmedservices.com\/fr\/product\/optimisation-de-votre-bureau-cout-de-bureau\/#primaryimage","url":"https:\/\/realmedservices.com\/fr\/wp-content\/uploads\/2020\/06\/AdobeStock_219101171-scaled.jpeg","contentUrl":"https:\/\/realmedservices.com\/fr\/wp-content\/uploads\/2020\/06\/AdobeStock_219101171-scaled.jpeg","width":2560,"height":1115,"caption":"Businessman using tablet analyzing sales data and economic growth graph chart. Business strategy. Abstract icon. Digital marketing."},{"@type":"BreadcrumbList","@id":"https:\/\/realmedservices.com\/fr\/product\/optimisation-de-votre-bureau-cout-de-bureau\/#breadcrumb","itemListElement":[{"@type":"ListItem","position":1,"name":"Accueil","item":"https:\/\/realmedservices.com\/fr\/"},{"@type":"ListItem","position":2,"name":"Shop","item":"https:\/\/realmedservices.com\/fr\/shop\/"},{"@type":"ListItem","position":3,"name":"Optimisation de votre bureau\/ co\u00fbt de bureau"}]},{"@type":"WebSite","@id":"https:\/\/realmedservices.com\/fr\/#website","url":"https:\/\/realmedservices.com\/fr\/","name":"Real Med Services","description":"La libert\u00e9 et le confort des m\u00e9decins","publisher":{"@id":"https:\/\/realmedservices.com\/fr\/#organization"},"potentialAction":[{"@type":"SearchAction","target":{"@type":"EntryPoint","urlTemplate":"https:\/\/realmedservices.com\/fr\/?s={search_term_string}"},"query-input":{"@type":"PropertyValueSpecification","valueRequired":true,"valueName":"search_term_string"}}],"inLanguage":"fr-FR"},{"@type":"Organization","@id":"https:\/\/realmedservices.com\/fr\/#organization","name":"Real Med Services","url":"https:\/\/realmedservices.com\/fr\/","logo":{"@type":"ImageObject","inLanguage":"fr-FR","@id":"https:\/\/realmedservices.com\/fr\/#\/schema\/logo\/image\/","url":"https:\/\/realmedservices.com\/fr\/wp-content\/uploads\/2020\/06\/Real-med-services-Logo-1-e1592769264302.png","contentUrl":"https:\/\/realmedservices.com\/fr\/wp-content\/uploads\/2020\/06\/Real-med-services-Logo-1-e1592769264302.png","width":89,"height":50,"caption":"Real Med Services"},"image":{"@id":"https:\/\/realmedservices.com\/fr\/#\/schema\/logo\/image\/"},"sameAs":["https:\/\/www.facebook.com\/rmsfrance","https:\/\/x.com\/Realmedservices","https:\/\/www.instagram.com\/realmedservices\/","https:\/\/fr.linkedin.com\/company\/realmedservices"]}]}},"_links":{"self":[{"href":"https:\/\/realmedservices.com\/fr\/wp-json\/wp\/v2\/product\/7582"}],"collection":[{"href":"https:\/\/realmedservices.com\/fr\/wp-json\/wp\/v2\/product"}],"about":[{"href":"https:\/\/realmedservices.com\/fr\/wp-json\/wp\/v2\/types\/product"}],"replies":[{"embeddable":true,"href":"https:\/\/realmedservices.com\/fr\/wp-json\/wp\/v2\/comments?post=7582"}],"version-history":[{"count":1,"href":"https:\/\/realmedservices.com\/fr\/wp-json\/wp\/v2\/product\/7582\/revisions"}],"predecessor-version":[{"id":11712,"href":"https:\/\/realmedservices.com\/fr\/wp-json\/wp\/v2\/product\/7582\/revisions\/11712"}],"wp:featuredmedia":[{"embeddable":true,"href":"https:\/\/realmedservices.com\/fr\/wp-json\/wp\/v2\/media\/11568"}],"wp:attachment":[{"href":"https:\/\/realmedservices.com\/fr\/wp-json\/wp\/v2\/media?parent=7582"}],"wp:term":[{"taxonomy":"product_cat","embeddable":true,"href":"https:\/\/realmedservices.com\/fr\/wp-json\/wp\/v2\/product_cat?post=7582"},{"taxonomy":"product_tag","embeddable":true,"href":"https:\/\/realmedservices.com\/fr\/wp-json\/wp\/v2\/product_tag?post=7582"}],"curies":[{"name":"wp","href":"https:\/\/api.w.org\/{rel}","templated":true}]}}