{"id":7583,"date":"2020-06-21T08:33:29","date_gmt":"2020-06-21T08:33:29","guid":{"rendered":"http:\/\/realmedservices.com\/fr\/product\/preparation-comptable\/"},"modified":"2022-03-30T20:50:39","modified_gmt":"2022-03-30T20:50:39","slug":"preparation-comptable","status":"publish","type":"product","link":"https:\/\/realmedservices.com\/fr\/product\/preparation-comptable\/","title":{"rendered":"Pr\u00e9paration comptable"},"content":{"rendered":"<p>La pr\u00e9paration des documents comptables est souvent fastidieuse. Avec Real Med Services, vous b\u00e9n\u00e9ficiez d&rsquo;un service haut de gamme mettant en place une organisation digitais\u00e9e facilitant la conservation des pi\u00e8ces. En outre, nous recherchons les documents comptables pour vous et sollicitons les duplicata et compl\u00e9ments qui vous manqueraient. Avec Real Med Services vous n&rsquo;\u00eates plus submerg\u00e9s par l&rsquo;administratif.<strong> Pour un tarif mensuel, nous vous pr\u00e9parons les documents.<\/strong><\/p>\n","protected":false},"excerpt":{"rendered":"<p>La pr\u00e9paration des documents comptables est souvent fastidieuse. Avec Real Med Services, vous b\u00e9n\u00e9ficiez d&rsquo;un service haut de gamme mettant en place une organisation digitais\u00e9e facilitant la conservation des pi\u00e8ces. En outre, nous recherchons les documents comptables pour vous et sollicitons les duplicata et compl\u00e9ments qui vous manqueraient. Avec Real Med Services vous n&rsquo;\u00eates plus submerg\u00e9s par l&rsquo;administratif.\u00a0<strong> Le tarif donn\u00e9 est mensuel<\/strong><\/p>\n","protected":false},"featured_media":11446,"comment_status":"open","ping_status":"closed","template":"","meta":[],"product_cat":[535],"product_tag":[],"class_list":{"0":"post-7583","1":"product","2":"type-product","3":"status-publish","4":"has-post-thumbnail","6":"product_cat-votre-aide-a-la-gestion","8":"first","9":"instock","10":"featured","11":"virtual","12":"taxable","13":"purchasable","14":"product-type-simple"},"yoast_head":"<!-- This site is optimized with the Yoast SEO plugin v23.4 - https:\/\/yoast.com\/wordpress\/plugins\/seo\/ -->\n<title>Pr\u00e9paration comptable - Real Med Services<\/title>\n<meta name=\"robots\" content=\"index, follow, max-snippet:-1, max-image-preview:large, max-video-preview:-1\" \/>\n<link rel=\"canonical\" href=\"https:\/\/realmedservices.com\/fr\/product\/preparation-comptable\/\" \/>\n<meta property=\"og:locale\" content=\"fr_FR\" \/>\n<meta property=\"og:type\" content=\"article\" \/>\n<meta property=\"og:title\" content=\"Pr\u00e9paration comptable - Real Med Services\" \/>\n<meta property=\"og:description\" content=\"La pr\u00e9paration des documents comptables est souvent fastidieuse. Avec Real Med Services, vous b\u00e9n\u00e9ficiez d&#039;un service haut de gamme mettant en place une organisation digitais\u00e9e facilitant la conservation des pi\u00e8ces. En outre, nous recherchons les documents comptables pour vous et sollicitons les duplicata et compl\u00e9ments qui vous manqueraient. Avec Real Med Services vous n&#039;\u00eates plus submerg\u00e9s par l&#039;administratif.\u00a0 Le tarif donn\u00e9 est mensuel\" \/>\n<meta property=\"og:url\" content=\"https:\/\/realmedservices.com\/fr\/product\/preparation-comptable\/\" \/>\n<meta property=\"og:site_name\" content=\"Real Med Services\" \/>\n<meta property=\"article:publisher\" content=\"https:\/\/www.facebook.com\/rmsfrance\" \/>\n<meta property=\"article:modified_time\" content=\"2022-03-30T20:50:39+00:00\" \/>\n<meta property=\"og:image\" content=\"https:\/\/realmedservices.com\/fr\/wp-content\/uploads\/2020\/06\/AdobeStock_300795834-scaled.jpeg\" \/>\n\t<meta property=\"og:image:width\" content=\"2560\" \/>\n\t<meta property=\"og:image:height\" content=\"1707\" \/>\n\t<meta property=\"og:image:type\" content=\"image\/jpeg\" \/>\n<meta name=\"twitter:card\" content=\"summary_large_image\" \/>\n<meta name=\"twitter:site\" content=\"@Realmedservices\" \/>\n<script type=\"application\/ld+json\" class=\"yoast-schema-graph\">{\"@context\":\"https:\/\/schema.org\",\"@graph\":[{\"@type\":\"WebPage\",\"@id\":\"https:\/\/realmedservices.com\/fr\/product\/preparation-comptable\/\",\"url\":\"https:\/\/realmedservices.com\/fr\/product\/preparation-comptable\/\",\"name\":\"Pr\u00e9paration comptable - Real Med Services\",\"isPartOf\":{\"@id\":\"https:\/\/realmedservices.com\/fr\/#website\"},\"primaryImageOfPage\":{\"@id\":\"https:\/\/realmedservices.com\/fr\/product\/preparation-comptable\/#primaryimage\"},\"image\":{\"@id\":\"https:\/\/realmedservices.com\/fr\/product\/preparation-comptable\/#primaryimage\"},\"thumbnailUrl\":\"https:\/\/realmedservices.com\/fr\/wp-content\/uploads\/2020\/06\/AdobeStock_300795834-scaled.jpeg\",\"datePublished\":\"2020-06-21T08:33:29+00:00\",\"dateModified\":\"2022-03-30T20:50:39+00:00\",\"breadcrumb\":{\"@id\":\"https:\/\/realmedservices.com\/fr\/product\/preparation-comptable\/#breadcrumb\"},\"inLanguage\":\"fr-FR\",\"potentialAction\":[{\"@type\":\"ReadAction\",\"target\":[\"https:\/\/realmedservices.com\/fr\/product\/preparation-comptable\/\"]}]},{\"@type\":\"ImageObject\",\"inLanguage\":\"fr-FR\",\"@id\":\"https:\/\/realmedservices.com\/fr\/product\/preparation-comptable\/#primaryimage\",\"url\":\"https:\/\/realmedservices.com\/fr\/wp-content\/uploads\/2020\/06\/AdobeStock_300795834-scaled.jpeg\",\"contentUrl\":\"https:\/\/realmedservices.com\/fr\/wp-content\/uploads\/2020\/06\/AdobeStock_300795834-scaled.jpeg\",\"width\":2560,\"height\":1707,\"caption\":\"Stethoscope with Pen, Charts and Graphs, Finance, Account, Statistics, Investment, Analytic Research Data Economy Spreadsheet and Business Company Concept\"},{\"@type\":\"BreadcrumbList\",\"@id\":\"https:\/\/realmedservices.com\/fr\/product\/preparation-comptable\/#breadcrumb\",\"itemListElement\":[{\"@type\":\"ListItem\",\"position\":1,\"name\":\"Accueil\",\"item\":\"https:\/\/realmedservices.com\/fr\/\"},{\"@type\":\"ListItem\",\"position\":2,\"name\":\"Shop\",\"item\":\"https:\/\/realmedservices.com\/fr\/shop\/\"},{\"@type\":\"ListItem\",\"position\":3,\"name\":\"Pr\u00e9paration comptable\"}]},{\"@type\":\"WebSite\",\"@id\":\"https:\/\/realmedservices.com\/fr\/#website\",\"url\":\"https:\/\/realmedservices.com\/fr\/\",\"name\":\"Real Med Services\",\"description\":\"La libert\u00e9 et le confort des m\u00e9decins\",\"publisher\":{\"@id\":\"https:\/\/realmedservices.com\/fr\/#organization\"},\"potentialAction\":[{\"@type\":\"SearchAction\",\"target\":{\"@type\":\"EntryPoint\",\"urlTemplate\":\"https:\/\/realmedservices.com\/fr\/?s={search_term_string}\"},\"query-input\":{\"@type\":\"PropertyValueSpecification\",\"valueRequired\":true,\"valueName\":\"search_term_string\"}}],\"inLanguage\":\"fr-FR\"},{\"@type\":\"Organization\",\"@id\":\"https:\/\/realmedservices.com\/fr\/#organization\",\"name\":\"Real Med Services\",\"url\":\"https:\/\/realmedservices.com\/fr\/\",\"logo\":{\"@type\":\"ImageObject\",\"inLanguage\":\"fr-FR\",\"@id\":\"https:\/\/realmedservices.com\/fr\/#\/schema\/logo\/image\/\",\"url\":\"https:\/\/realmedservices.com\/fr\/wp-content\/uploads\/2020\/06\/Real-med-services-Logo-1-e1592769264302.png\",\"contentUrl\":\"https:\/\/realmedservices.com\/fr\/wp-content\/uploads\/2020\/06\/Real-med-services-Logo-1-e1592769264302.png\",\"width\":89,\"height\":50,\"caption\":\"Real Med Services\"},\"image\":{\"@id\":\"https:\/\/realmedservices.com\/fr\/#\/schema\/logo\/image\/\"},\"sameAs\":[\"https:\/\/www.facebook.com\/rmsfrance\",\"https:\/\/x.com\/Realmedservices\",\"https:\/\/www.instagram.com\/realmedservices\/\",\"https:\/\/fr.linkedin.com\/company\/realmedservices\"]}]}<\/script>\n<!-- \/ Yoast SEO plugin. -->","yoast_head_json":{"title":"Pr\u00e9paration comptable - Real Med Services","robots":{"index":"index","follow":"follow","max-snippet":"max-snippet:-1","max-image-preview":"max-image-preview:large","max-video-preview":"max-video-preview:-1"},"canonical":"https:\/\/realmedservices.com\/fr\/product\/preparation-comptable\/","og_locale":"fr_FR","og_type":"article","og_title":"Pr\u00e9paration comptable - Real Med Services","og_description":"La pr\u00e9paration des documents comptables est souvent fastidieuse. Avec Real Med Services, vous b\u00e9n\u00e9ficiez d'un service haut de gamme mettant en place une organisation digitais\u00e9e facilitant la conservation des pi\u00e8ces. En outre, nous recherchons les documents comptables pour vous et sollicitons les duplicata et compl\u00e9ments qui vous manqueraient. Avec Real Med Services vous n'\u00eates plus submerg\u00e9s par l'administratif.\u00a0 Le tarif donn\u00e9 est mensuel","og_url":"https:\/\/realmedservices.com\/fr\/product\/preparation-comptable\/","og_site_name":"Real Med Services","article_publisher":"https:\/\/www.facebook.com\/rmsfrance","article_modified_time":"2022-03-30T20:50:39+00:00","og_image":[{"width":2560,"height":1707,"url":"https:\/\/realmedservices.com\/fr\/wp-content\/uploads\/2020\/06\/AdobeStock_300795834-scaled.jpeg","type":"image\/jpeg"}],"twitter_card":"summary_large_image","twitter_site":"@Realmedservices","schema":{"@context":"https:\/\/schema.org","@graph":[{"@type":"WebPage","@id":"https:\/\/realmedservices.com\/fr\/product\/preparation-comptable\/","url":"https:\/\/realmedservices.com\/fr\/product\/preparation-comptable\/","name":"Pr\u00e9paration comptable - Real Med Services","isPartOf":{"@id":"https:\/\/realmedservices.com\/fr\/#website"},"primaryImageOfPage":{"@id":"https:\/\/realmedservices.com\/fr\/product\/preparation-comptable\/#primaryimage"},"image":{"@id":"https:\/\/realmedservices.com\/fr\/product\/preparation-comptable\/#primaryimage"},"thumbnailUrl":"https:\/\/realmedservices.com\/fr\/wp-content\/uploads\/2020\/06\/AdobeStock_300795834-scaled.jpeg","datePublished":"2020-06-21T08:33:29+00:00","dateModified":"2022-03-30T20:50:39+00:00","breadcrumb":{"@id":"https:\/\/realmedservices.com\/fr\/product\/preparation-comptable\/#breadcrumb"},"inLanguage":"fr-FR","potentialAction":[{"@type":"ReadAction","target":["https:\/\/realmedservices.com\/fr\/product\/preparation-comptable\/"]}]},{"@type":"ImageObject","inLanguage":"fr-FR","@id":"https:\/\/realmedservices.com\/fr\/product\/preparation-comptable\/#primaryimage","url":"https:\/\/realmedservices.com\/fr\/wp-content\/uploads\/2020\/06\/AdobeStock_300795834-scaled.jpeg","contentUrl":"https:\/\/realmedservices.com\/fr\/wp-content\/uploads\/2020\/06\/AdobeStock_300795834-scaled.jpeg","width":2560,"height":1707,"caption":"Stethoscope with Pen, Charts and Graphs, Finance, Account, Statistics, Investment, Analytic Research Data Economy Spreadsheet and Business Company Concept"},{"@type":"BreadcrumbList","@id":"https:\/\/realmedservices.com\/fr\/product\/preparation-comptable\/#breadcrumb","itemListElement":[{"@type":"ListItem","position":1,"name":"Accueil","item":"https:\/\/realmedservices.com\/fr\/"},{"@type":"ListItem","position":2,"name":"Shop","item":"https:\/\/realmedservices.com\/fr\/shop\/"},{"@type":"ListItem","position":3,"name":"Pr\u00e9paration comptable"}]},{"@type":"WebSite","@id":"https:\/\/realmedservices.com\/fr\/#website","url":"https:\/\/realmedservices.com\/fr\/","name":"Real Med Services","description":"La libert\u00e9 et le confort des m\u00e9decins","publisher":{"@id":"https:\/\/realmedservices.com\/fr\/#organization"},"potentialAction":[{"@type":"SearchAction","target":{"@type":"EntryPoint","urlTemplate":"https:\/\/realmedservices.com\/fr\/?s={search_term_string}"},"query-input":{"@type":"PropertyValueSpecification","valueRequired":true,"valueName":"search_term_string"}}],"inLanguage":"fr-FR"},{"@type":"Organization","@id":"https:\/\/realmedservices.com\/fr\/#organization","name":"Real Med Services","url":"https:\/\/realmedservices.com\/fr\/","logo":{"@type":"ImageObject","inLanguage":"fr-FR","@id":"https:\/\/realmedservices.com\/fr\/#\/schema\/logo\/image\/","url":"https:\/\/realmedservices.com\/fr\/wp-content\/uploads\/2020\/06\/Real-med-services-Logo-1-e1592769264302.png","contentUrl":"https:\/\/realmedservices.com\/fr\/wp-content\/uploads\/2020\/06\/Real-med-services-Logo-1-e1592769264302.png","width":89,"height":50,"caption":"Real Med Services"},"image":{"@id":"https:\/\/realmedservices.com\/fr\/#\/schema\/logo\/image\/"},"sameAs":["https:\/\/www.facebook.com\/rmsfrance","https:\/\/x.com\/Realmedservices","https:\/\/www.instagram.com\/realmedservices\/","https:\/\/fr.linkedin.com\/company\/realmedservices"]}]}},"_links":{"self":[{"href":"https:\/\/realmedservices.com\/fr\/wp-json\/wp\/v2\/product\/7583"}],"collection":[{"href":"https:\/\/realmedservices.com\/fr\/wp-json\/wp\/v2\/product"}],"about":[{"href":"https:\/\/realmedservices.com\/fr\/wp-json\/wp\/v2\/types\/product"}],"replies":[{"embeddable":true,"href":"https:\/\/realmedservices.com\/fr\/wp-json\/wp\/v2\/comments?post=7583"}],"version-history":[{"count":2,"href":"https:\/\/realmedservices.com\/fr\/wp-json\/wp\/v2\/product\/7583\/revisions"}],"predecessor-version":[{"id":11670,"href":"https:\/\/realmedservices.com\/fr\/wp-json\/wp\/v2\/product\/7583\/revisions\/11670"}],"wp:featuredmedia":[{"embeddable":true,"href":"https:\/\/realmedservices.com\/fr\/wp-json\/wp\/v2\/media\/11446"}],"wp:attachment":[{"href":"https:\/\/realmedservices.com\/fr\/wp-json\/wp\/v2\/media?parent=7583"}],"wp:term":[{"taxonomy":"product_cat","embeddable":true,"href":"https:\/\/realmedservices.com\/fr\/wp-json\/wp\/v2\/product_cat?post=7583"},{"taxonomy":"product_tag","embeddable":true,"href":"https:\/\/realmedservices.com\/fr\/wp-json\/wp\/v2\/product_tag?post=7583"}],"curies":[{"name":"wp","href":"https:\/\/api.w.org\/{rel}","templated":true}]}}